{"id":6557,"date":"2026-01-16T17:37:16","date_gmt":"2026-01-16T17:37:16","guid":{"rendered":"https:\/\/analysensiebe.de\/shop\/?post_type=product&#038;p=6557"},"modified":"2026-01-22T15:52:13","modified_gmt":"2026-01-22T15:52:13","slug":"auffanggefaess-400mm-nass-siebung","status":"publish","type":"product","link":"https:\/\/analysensiebe.de\/shop\/produkt\/auffanggefaess-400mm-nass-siebung\/","title":{"rendered":"Analysensiebe Zubeh\u00f6r"},"content":{"rendered":"<p><a href=\"https:\/\/analysensiebe.de\/shop\/wp-content\/uploads\/sites\/13\/2026\/01\/IMG_9164-scaled.jpg\"><img loading=\"lazy\" decoding=\"async\" class=\"alignright wp-image-6545 \" src=\"https:\/\/analysensiebe.de\/shop\/wp-content\/uploads\/sites\/13\/2026\/01\/IMG_9164-1024x860.jpg\" alt=\"\" width=\"379\" height=\"318\" srcset=\"https:\/\/analysensiebe.de\/shop\/wp-content\/uploads\/sites\/13\/2026\/01\/IMG_9164-1024x860.jpg 1024w, https:\/\/analysensiebe.de\/shop\/wp-content\/uploads\/sites\/13\/2026\/01\/IMG_9164-300x252.jpg 300w, https:\/\/analysensiebe.de\/shop\/wp-content\/uploads\/sites\/13\/2026\/01\/IMG_9164-768x645.jpg 768w, https:\/\/analysensiebe.de\/shop\/wp-content\/uploads\/sites\/13\/2026\/01\/IMG_9164-1536x1291.jpg 1536w, https:\/\/analysensiebe.de\/shop\/wp-content\/uploads\/sites\/13\/2026\/01\/IMG_9164-2048x1721.jpg 2048w, https:\/\/analysensiebe.de\/shop\/wp-content\/uploads\/sites\/13\/2026\/01\/IMG_9164-600x504.jpg 600w\" sizes=\"auto, (max-width: 379px) 100vw, 379px\" \/><\/a>Das Verfahren der Nass-Siebung ist eine spezielle Siebmethode, welche bei bestimmten Eigenschaften des zu siebenden Materials notwendig ist. Die Nass-Siebung kommt zum Einsatz, wenn das Siebgut bereits in Suspension vorliegt und nicht getrocknet werden darf oder wenn ein sehr feines Siebgut vorliegt oder auch agglomeriertes Pulver mit sehr kleinen Partikeln. Blau-Metall Analysensiebe sind sowohl f\u00fcr die Trocken- als auch f\u00fcr die Nass-Siebung geeignet, allerdings ist f\u00fcr die Nass-Siebung spezielles Zubeh\u00f6r notwendig.<\/p>\n<p>F\u00fcr die Nass-Siebung wird ein spezieller Siebdeckel mit Brause- \/ Spr\u00fch-Vorrischtung verwendet, sodass w\u00e4hrend der Siebung stetig Wasser durch den Siebturm gespr\u00fcht werden kann. Am unteren Ende des Siebturmes befindet sich ein Auffanggef\u00e4\u00df mit Auslaufrohr, durch welches das Wasser nach passieren aller Siebe abflie\u00dfen kann. Je nach Siebanwendung wird das ablie\u00dfende Wasser nochmals durch einen Feinfilter geleitet um die letzte Siebraktion zu erhalten oder direkt ins Abwasser geleitet, wenn die Feinfraktion nicht von Bedutung ist.<\/p>\n<p>&nbsp;<\/p>\n<table style=\"border-top: 2px solid black; border-bottom: 2px solid black; width: 64.8833%; height: 384px;\">\n<tbody>\n<tr style=\"height: 24px;\">\n<td style=\"height: 24px; width: 34.5213%;\"><span style=\"color: #000000;\"><strong>Artikel-Nr.:<\/strong><\/span><\/td>\n<td style=\"height: 24px; width: 31.8174%;\"><span style=\"color: #000000;\">1583<\/span><\/td>\n<\/tr>\n<tr style=\"height: 24px;\">\n<td style=\"height: 24px; width: 34.5213%;\"><span style=\"color: #000000;\"><strong>Artikelbezeichnung:<\/strong><\/span><\/td>\n<td style=\"height: 24px; width: 31.8174%;\"><span style=\"color: #000000;\">400 mm Auffanggef\u00e4\u00df f\u00fcr Nass-Siebung mit Abfluss<\/span><\/td>\n<\/tr>\n<tr style=\"height: 24px;\">\n<td style=\"height: 24px; width: 34.5213%;\"><span style=\"color: #000000;\"><strong>Durchmesser:<\/strong><\/span><\/td>\n<td style=\"height: 24px; width: 31.8174%;\"><span style=\"color: #000000;\">400 mm<\/span><\/td>\n<\/tr>\n<tr style=\"height: 24px;\">\n<td style=\"height: 24px; width: 34.5213%;\"><span style=\"color: #000000;\"><strong>H\u00f6he:<\/strong><\/span><\/td>\n<td style=\"height: 24px; width: 31.8174%;\"><span style=\"color: #000000;\">70 mm\u00a0<\/span><\/td>\n<\/tr>\n<tr>\n<td style=\"width: 34.5213%;\"><span style=\"color: #000000;\"><strong>Material Gef\u00e4\u00df:<\/strong><\/span><\/td>\n<td style=\"width: 31.8174%;\"><span style=\"color: #000000;\">Edelstahl 1.4301<\/span><\/td>\n<\/tr>\n<tr>\n<td style=\"width: 34.5213%;\"><span style=\"color: #000000;\"><strong>Material Auslaufrohr:<\/strong><\/span><\/td>\n<td style=\"width: 31.8174%;\"><span style=\"color: #000000;\">Edelstahl 1.4301<\/span><\/td>\n<\/tr>\n<tr>\n<td style=\"width: 34.5213%;\"><span style=\"color: #000000;\"><strong>Abdichtung Auslauf:<\/strong><\/span><\/td>\n<td style=\"width: 31.8174%;\"><span style=\"color: #000000;\">Zinn-Lot, verschliffen<\/span><\/td>\n<\/tr>\n<tr>\n<td style=\"width: 34.5213%;\"><span style=\"color: #000000;\"><strong>Anschlus:<\/strong><\/span><\/td>\n<td style=\"width: 31.8174%;\"><span style=\"color: #000000;\">ohne Anschluss, verf\u00fcgbar auf Anfrage<\/span><\/td>\n<\/tr>\n<tr>\n<td style=\"width: 34.5213%;\"><span style=\"color: #000000;\"><strong>Temperaturbereich:<\/strong><\/span><\/td>\n<td style=\"width: 31.8174%;\"><span style=\"color: #000000;\">0-150 \u00b0C<\/span><\/td>\n<\/tr>\n<tr style=\"height: 24px;\">\n<td style=\"height: 24px; width: 34.5213%;\"><span style=\"color: #000000;\"><strong>Abfluss:<\/strong><\/span><\/td>\n<td style=\"height: 24px; width: 31.8174%;\"><span style=\"color: #000000;\">Edelstahl Rohr, Durchmesser kann von der Abbildung abweichen<\/span><\/td>\n<\/tr>\n<\/tbody>\n<\/table>\n<p>&nbsp;<\/p>\n<h6><span style=\"font-family: helvetica, arial, sans-serif;\"><strong>Alle Vorteile von Blau-Metall Analysensieben<\/strong><\/span><\/h6>\n<p style=\"padding-left: 30px;\"><span style=\"font-family: helvetica, arial, sans-serif;\"><br \/>\n\u2699 Stabile Edelstahl Konstruktion f\u00fcr lange Lebensdauer (Rahmen, Spannring &amp; Siebboden aus 1.4301 \/ 1.4401)<br \/>\n\u2699 Pr\u00e4zise Einhaltung der Nennlochweiten &amp; normkonforme Pr\u00fcfung<br \/>\n\u2699 Glatte Rahmenoberfl\u00e4che zur Vermeidung von Kontamination<br \/>\n\u2699 Kompatibilit\u00e4t mit vergleichbaren Analysensieben anderer Hersteller<br \/>\n\u2699 Laser-Gravur mit Seriennummer f\u00fcr vollst\u00e4ndige R\u00fcckverfolgbarkeit<\/span><\/p>\n<h6>Weiterf\u00fchrende Links:<\/h6>\n<div class=\"wvlinks\">\n<p style=\"padding-left: 40px;\">\u27a1 <a href=\"https:\/\/analysensiebe.de\/bml\/zubehor\/\">Blau-Metall Siebzubeh\u00f6r<\/a><\/p>\n<p style=\"padding-left: 40px;\">\u27a1<a href=\"https:\/\/analysensiebe.de\/bml\/siebanalyse-in-nationalen-internationalen-standards\/\"> Siebanalyse in nationalen &amp; internationalen Normen<\/a><\/p>\n<p style=\"padding-left: 40px;\">\u27a1 <a href=\"https:\/\/analysensiebe.de\/bml\/zertifizierung\/\">Details zu Normkonformit\u00e4t &amp; Zertifizierung<\/a><\/p>\n<\/div>\n<p style=\"text-align: center;\"><a href=\"https:\/\/analysensiebe.de\/shop\/wp-content\/uploads\/sites\/13\/2024\/02\/accessories_bottom_banner.jpg\"><img loading=\"lazy\" decoding=\"async\" class=\"wp-image-6586 size-large aligncenter\" src=\"https:\/\/analysensiebe.de\/shop\/wp-content\/uploads\/sites\/13\/2024\/02\/accessories_bottom_banner-1024x461.jpg\" alt=\"\" width=\"780\" height=\"351\" srcset=\"https:\/\/analysensiebe.de\/shop\/wp-content\/uploads\/sites\/13\/2024\/02\/accessories_bottom_banner-1024x461.jpg 1024w, https:\/\/analysensiebe.de\/shop\/wp-content\/uploads\/sites\/13\/2024\/02\/accessories_bottom_banner-300x135.jpg 300w, https:\/\/analysensiebe.de\/shop\/wp-content\/uploads\/sites\/13\/2024\/02\/accessories_bottom_banner-768x346.jpg 768w, https:\/\/analysensiebe.de\/shop\/wp-content\/uploads\/sites\/13\/2024\/02\/accessories_bottom_banner-1536x691.jpg 1536w, https:\/\/analysensiebe.de\/shop\/wp-content\/uploads\/sites\/13\/2024\/02\/accessories_bottom_banner-600x270.jpg 600w, https:\/\/analysensiebe.de\/shop\/wp-content\/uploads\/sites\/13\/2024\/02\/accessories_bottom_banner.jpg 1920w\" sizes=\"auto, (max-width: 780px) 100vw, 780px\" \/><\/a><\/p>\n","protected":false},"excerpt":{"rendered":"<p>Auffanggef\u00e4\u00df 400 mm mit Auslaufrohr f\u00fcr die Nass-Siebung<\/p>\n","protected":false},"featured_media":6558,"template":"","meta":{"_monsterinsights_skip_tracking":false,"_monsterinsights_sitenote_active":false,"_monsterinsights_sitenote_note":"","_monsterinsights_sitenote_category":0},"product_brand":[],"product_cat":[593,597,478,477,54,53],"product_tag":[739],"class_list":{"0":"post-6557","1":"product","2":"type-product","3":"status-publish","4":"has-post-thumbnail","6":"product_cat-400-mm-zubehoer","7":"product_cat-400-mm-typ","8":"product_cat-400-mm","9":"product_cat-65-mm","10":"product_cat-edelstahl-rahmen","11":"product_cat-rahmenmaterial","12":"product_tag-400-mm-zubehoer","13":"post-thumbnail-displayed","15":"first","16":"instock","17":"taxable","18":"shipping-taxable","19":"purchasable","20":"product-type-simple"},"aioseo_notices":[],"wcpa_form_fields":null,"_links":{"self":[{"href":"https:\/\/analysensiebe.de\/shop\/wp-json\/wp\/v2\/product\/6557","targetHints":{"allow":["GET"]}}],"collection":[{"href":"https:\/\/analysensiebe.de\/shop\/wp-json\/wp\/v2\/product"}],"about":[{"href":"https:\/\/analysensiebe.de\/shop\/wp-json\/wp\/v2\/types\/product"}],"wp:featuredmedia":[{"embeddable":true,"href":"https:\/\/analysensiebe.de\/shop\/wp-json\/wp\/v2\/media\/6558"}],"wp:attachment":[{"href":"https:\/\/analysensiebe.de\/shop\/wp-json\/wp\/v2\/media?parent=6557"}],"wp:term":[{"taxonomy":"product_brand","embeddable":true,"href":"https:\/\/analysensiebe.de\/shop\/wp-json\/wp\/v2\/product_brand?post=6557"},{"taxonomy":"product_cat","embeddable":true,"href":"https:\/\/analysensiebe.de\/shop\/wp-json\/wp\/v2\/product_cat?post=6557"},{"taxonomy":"product_tag","embeddable":true,"href":"https:\/\/analysensiebe.de\/shop\/wp-json\/wp\/v2\/product_tag?post=6557"}],"curies":[{"name":"wp","href":"https:\/\/api.w.org\/{rel}","templated":true}]}}