{"id":6530,"date":"2026-01-15T16:48:00","date_gmt":"2026-01-15T16:48:00","guid":{"rendered":"https:\/\/analysensiebe.de\/shop\/?post_type=product&#038;p=6530"},"modified":"2026-01-22T15:51:46","modified_gmt":"2026-01-22T15:51:46","slug":"siebdeckel-300mm-nass-siebung","status":"publish","type":"product","link":"https:\/\/analysensiebe.de\/shop\/produkt\/siebdeckel-300mm-nass-siebung\/","title":{"rendered":"Analysensiebe Zubeh\u00f6r"},"content":{"rendered":"<p><a href=\"https:\/\/analysensiebe.de\/shop\/wp-content\/uploads\/sites\/13\/2025\/10\/IMG_8782-scaled.jpg\"><img loading=\"lazy\" decoding=\"async\" class=\"alignright wp-image-6482 \" src=\"https:\/\/analysensiebe.de\/shop\/wp-content\/uploads\/sites\/13\/2025\/10\/IMG_8782-1024x754.jpg\" alt=\"\" width=\"461\" height=\"339\" srcset=\"https:\/\/analysensiebe.de\/shop\/wp-content\/uploads\/sites\/13\/2025\/10\/IMG_8782-1024x754.jpg 1024w, https:\/\/analysensiebe.de\/shop\/wp-content\/uploads\/sites\/13\/2025\/10\/IMG_8782-300x221.jpg 300w, https:\/\/analysensiebe.de\/shop\/wp-content\/uploads\/sites\/13\/2025\/10\/IMG_8782-768x566.jpg 768w, https:\/\/analysensiebe.de\/shop\/wp-content\/uploads\/sites\/13\/2025\/10\/IMG_8782-1536x1132.jpg 1536w, https:\/\/analysensiebe.de\/shop\/wp-content\/uploads\/sites\/13\/2025\/10\/IMG_8782-2048x1509.jpg 2048w, https:\/\/analysensiebe.de\/shop\/wp-content\/uploads\/sites\/13\/2025\/10\/IMG_8782-600x442.jpg 600w\" sizes=\"auto, (max-width: 461px) 100vw, 461px\" \/><\/a>Das Verfahren der Nass-Siebung ist eine spezielle Siebmethode, welche bei bestimmten Eigenschaften des zu siebenden Materials notwendig ist. Die Nass-Siebung kommt zum Einsatz, wenn das Siebgut bereits in Suspension vorliegt und nicht getrocknet werden darf oder wenn ein sehr feines Siebgut vorliegt oder auch agglomeriertes Pulver mit sehr kleinen Partikeln. Blau-Metall Analysensiebe sind sowohl f\u00fcr die Trocken- als auch f\u00fcr die Nass-Siebung geeignet, allerdings ist f\u00fcr die Nass-Siebung spezielles Zubeh\u00f6r notwendig.<\/p>\n<p>F\u00fcr die Nass-Siebung wird ein spezieller Siebdeckel mit Brause- \/ Spr\u00fch-Vorrischtung verwendet, sodass w\u00e4hrend der Siebung stetig Wasser durch den Siebturm gespr\u00fcht werden kann. Blau-Metall bietet diesen Siebdeckel mit zwei verschiedenen Schlauchanschl\u00fcssen &#8211; eine konventionelle 3\/4-Zoll Schlauchverschraubung mit 14 mm T\u00fclle and die der Schlauch mittels Schlauchschelle befestigt wird, oder einen 3\/4-Zoll Schnellanschluss der mit den meisten Gartenschlauch-Anschl\u00fcssen kompatibel ist.<\/p>\n<table style=\"border-top: 2px solid black; border-bottom: 2px solid black; width: 64.8833%; height: 240px;\">\n<tbody>\n<tr style=\"height: 24px;\">\n<td style=\"height: 24px; width: 34.5213%;\"><span style=\"color: #000000;\"><strong>Artikel-Nr.:<\/strong><\/span><\/td>\n<td style=\"height: 24px; width: 31.8174%;\"><span style=\"color: #000000;\">1578<\/span><\/td>\n<td style=\"width: 32.4418%; height: 24px;\"><span style=\"color: #000000;\">1579<\/span><\/td>\n<\/tr>\n<tr style=\"height: 24px;\">\n<td style=\"height: 24px; width: 34.5213%;\"><span style=\"color: #000000;\"><strong>Artikelbezeichnung:<\/strong><\/span><\/td>\n<td style=\"height: 24px; width: 31.8174%;\"><span style=\"color: #000000;\">300 mm Siebdeckel mit Schlaucht\u00fclle<\/span><\/td>\n<td style=\"width: 32.4418%; height: 24px;\"><span style=\"color: #000000;\">300 mm Siebdeckel mit Schnellanschluss<\/span><\/td>\n<\/tr>\n<tr style=\"height: 24px;\">\n<td style=\"height: 24px; width: 34.5213%;\"><span style=\"color: #000000;\"><strong>Durchmesser:<\/strong><\/span><\/td>\n<td style=\"height: 24px; width: 31.8174%;\"><span style=\"color: #000000;\">300 mm<\/span><\/td>\n<td style=\"width: 32.4418%; height: 24px;\"><span style=\"color: #000000;\">300 mm<\/span><\/td>\n<\/tr>\n<tr style=\"height: 24px;\">\n<td style=\"height: 24px; width: 34.5213%;\"><span style=\"color: #000000;\"><strong>H\u00f6he:<\/strong><\/span><\/td>\n<td style=\"height: 24px; width: 31.8174%;\"><span style=\"color: #000000;\">ca. 100 mm<\/span><\/td>\n<td style=\"width: 32.4418%; height: 24px;\"><span style=\"color: #000000;\">ca. 92 mm<\/span><\/td>\n<\/tr>\n<tr style=\"height: 24px;\">\n<td style=\"width: 34.5213%; height: 24px;\"><span style=\"color: #000000;\"><strong>Material Deckel:<\/strong><\/span><\/td>\n<td style=\"width: 31.8174%; height: 24px;\"><span style=\"color: #000000;\">Edelstahl 1.4301<\/span><\/td>\n<td style=\"width: 32.4418%; height: 24px;\"><span style=\"color: #000000;\">Edelstahl 1.4301<\/span><\/td>\n<\/tr>\n<tr style=\"height: 24px;\">\n<td style=\"width: 34.5213%; height: 24px;\"><span style=\"color: #000000;\"><strong>Material Anschluss:<\/strong><\/span><\/td>\n<td style=\"width: 31.8174%; height: 24px;\"><span style=\"color: #000000;\">Messing, verchromt<\/span><\/td>\n<td style=\"width: 32.4418%; height: 24px;\"><span style=\"color: #000000;\">Messing, vernickelt<\/span><\/td>\n<\/tr>\n<tr style=\"height: 24px;\">\n<td style=\"width: 34.5213%; height: 24px;\"><span style=\"color: #000000;\"><strong>Material Dichtungsring:<\/strong><\/span><\/td>\n<td style=\"width: 31.8174%; height: 24px;\"><span style=\"color: #000000;\">EPDM<\/span><\/td>\n<td style=\"width: 32.4418%; height: 24px;\"><span style=\"color: #000000;\">EPDM<\/span><\/td>\n<\/tr>\n<tr style=\"height: 24px;\">\n<td style=\"width: 34.5213%; height: 24px;\"><span style=\"color: #000000;\"><strong>Spr\u00fchvorrichtung:<\/strong><\/span><\/td>\n<td style=\"width: 31.8174%; height: 24px;\"><span style=\"color: #000000;\">Edelstahl, Zinn-Lot<\/span><\/td>\n<td style=\"width: 32.4418%; height: 24px;\"><span style=\"color: #000000;\">Edelstahl, Zinn-Lot<\/span><\/td>\n<\/tr>\n<tr style=\"height: 24px;\">\n<td style=\"width: 34.5213%; height: 24px;\"><span style=\"color: #000000;\"><strong>Temperaturbereich:<\/strong><\/span><\/td>\n<td style=\"width: 31.8174%; height: 24px;\"><span style=\"color: #000000;\">0-100 \u00b0C<\/span><\/td>\n<td style=\"width: 32.4418%; height: 24px;\"><span style=\"color: #000000;\">0-100 \u00b0C<\/span><\/td>\n<\/tr>\n<tr style=\"height: 24px;\">\n<td style=\"height: 24px; width: 34.5213%;\"><span style=\"color: #000000;\"><strong>Anschluss:<\/strong><\/span><\/td>\n<td style=\"height: 24px; width: 31.8174%;\"><span style=\"color: #000000;\">3\/4 Zoll Schlauchverschraubung mit T\u00fclle \u00d8 14 mm<\/span><\/td>\n<td style=\"width: 32.4418%; height: 24px;\"><span style=\"color: #000000;\">3\/4 Zoll Schnellanschluss, Wasserhahn-Adapter, Gartenschlauch-Anschluss (z.B. Gardena)<\/span><\/td>\n<\/tr>\n<\/tbody>\n<\/table>\n<p>&nbsp;<\/p>\n<h6><span style=\"font-family: helvetica, arial, sans-serif;\"><strong>Alle Vorteile von Blau-Metall Analysensieben<\/strong><\/span><\/h6>\n<p style=\"padding-left: 30px;\"><span style=\"font-family: helvetica, arial, sans-serif;\"><br \/>\n\u2699 Stabile Edelstahl Konstruktion f\u00fcr lange Lebensdauer (Rahmen, Spannring &amp; Siebboden aus 1.4301 \/ 1.4401)<br \/>\n\u2699 Pr\u00e4zise Einhaltung der Nennlochweiten &amp; normkonforme Pr\u00fcfung<br \/>\n\u2699 Glatte Rahmenoberfl\u00e4che zur Vermeidung von Kontamination<br \/>\n\u2699 Kompatibilit\u00e4t mit vergleichbaren Analysensieben anderer Hersteller<br \/>\n\u2699 Laser-Gravur mit Seriennummer f\u00fcr vollst\u00e4ndige R\u00fcckverfolgbarkeit<\/span><\/p>\n<h6>Weiterf\u00fchrende Links:<\/h6>\n<div class=\"wvlinks\">\n<p style=\"padding-left: 40px;\">\u27a1 <a href=\"https:\/\/analysensiebe.de\/bml\/zubehor\/\">Blau-Metall Siebzubeh\u00f6r<\/a><\/p>\n<p style=\"padding-left: 40px;\">\u27a1<a href=\"https:\/\/analysensiebe.de\/bml\/siebanalyse-in-nationalen-internationalen-standards\/\"> Siebanalyse in nationalen &amp; internationalen Normen<\/a><\/p>\n<p style=\"padding-left: 40px;\">\u27a1 <a href=\"https:\/\/analysensiebe.de\/bml\/zertifizierung\/\">Details zu Normkonformit\u00e4t &amp; Zertifizierung<\/a><\/p>\n<\/div>\n<p style=\"text-align: center;\"><a href=\"https:\/\/analysensiebe.de\/shop\/wp-content\/uploads\/sites\/13\/2024\/02\/accessories_bottom_banner.jpg\"><img loading=\"lazy\" decoding=\"async\" class=\"wp-image-6586 size-large aligncenter\" src=\"https:\/\/analysensiebe.de\/shop\/wp-content\/uploads\/sites\/13\/2024\/02\/accessories_bottom_banner-1024x461.jpg\" alt=\"\" width=\"780\" height=\"351\" srcset=\"https:\/\/analysensiebe.de\/shop\/wp-content\/uploads\/sites\/13\/2024\/02\/accessories_bottom_banner-1024x461.jpg 1024w, https:\/\/analysensiebe.de\/shop\/wp-content\/uploads\/sites\/13\/2024\/02\/accessories_bottom_banner-300x135.jpg 300w, https:\/\/analysensiebe.de\/shop\/wp-content\/uploads\/sites\/13\/2024\/02\/accessories_bottom_banner-768x346.jpg 768w, https:\/\/analysensiebe.de\/shop\/wp-content\/uploads\/sites\/13\/2024\/02\/accessories_bottom_banner-1536x691.jpg 1536w, https:\/\/analysensiebe.de\/shop\/wp-content\/uploads\/sites\/13\/2024\/02\/accessories_bottom_banner-600x270.jpg 600w, https:\/\/analysensiebe.de\/shop\/wp-content\/uploads\/sites\/13\/2024\/02\/accessories_bottom_banner.jpg 1920w\" sizes=\"auto, (max-width: 780px) 100vw, 780px\" \/><\/a><\/p>\n","protected":false},"excerpt":{"rendered":"<p>Siebdeckel 300 mm mit Brausevorrichtung f\u00fcr die Nass-Siebung<\/p>\n","protected":false},"featured_media":6533,"template":"","meta":{"_monsterinsights_skip_tracking":false,"_monsterinsights_sitenote_active":false,"_monsterinsights_sitenote_note":"","_monsterinsights_sitenote_category":0},"product_brand":[],"product_cat":[592,583,54,53,49],"product_tag":[734],"class_list":{"0":"post-6530","1":"product","2":"type-product","3":"status-publish","4":"has-post-thumbnail","6":"product_cat-300-mm-zubehoer","7":"product_cat-300-mm","8":"product_cat-edelstahl-rahmen","9":"product_cat-rahmenmaterial","10":"product_cat-durchmesser","11":"product_tag-300-mm-zubehoer","12":"post-thumbnail-displayed","14":"first","15":"instock","16":"taxable","17":"shipping-taxable","18":"purchasable","19":"product-type-variable"},"aioseo_notices":[],"wcpa_form_fields":null,"_links":{"self":[{"href":"https:\/\/analysensiebe.de\/shop\/wp-json\/wp\/v2\/product\/6530","targetHints":{"allow":["GET"]}}],"collection":[{"href":"https:\/\/analysensiebe.de\/shop\/wp-json\/wp\/v2\/product"}],"about":[{"href":"https:\/\/analysensiebe.de\/shop\/wp-json\/wp\/v2\/types\/product"}],"wp:featuredmedia":[{"embeddable":true,"href":"https:\/\/analysensiebe.de\/shop\/wp-json\/wp\/v2\/media\/6533"}],"wp:attachment":[{"href":"https:\/\/analysensiebe.de\/shop\/wp-json\/wp\/v2\/media?parent=6530"}],"wp:term":[{"taxonomy":"product_brand","embeddable":true,"href":"https:\/\/analysensiebe.de\/shop\/wp-json\/wp\/v2\/product_brand?post=6530"},{"taxonomy":"product_cat","embeddable":true,"href":"https:\/\/analysensiebe.de\/shop\/wp-json\/wp\/v2\/product_cat?post=6530"},{"taxonomy":"product_tag","embeddable":true,"href":"https:\/\/analysensiebe.de\/shop\/wp-json\/wp\/v2\/product_tag?post=6530"}],"curies":[{"name":"wp","href":"https:\/\/api.w.org\/{rel}","templated":true}]}}