{"id":628,"date":"2019-10-13T18:40:13","date_gmt":"2019-10-13T18:40:13","guid":{"rendered":"https:\/\/analysensiebe.de\/shop\/?post_type=product&#038;p=628"},"modified":"2025-01-21T19:54:10","modified_gmt":"2025-01-21T19:54:10","slug":"analysensieb-200-15x200-langloch","status":"publish","type":"product","link":"https:\/\/analysensiebe.de\/shop\/produkt\/analysensieb-200-15x200-langloch\/","title":{"rendered":"Analysensieb Langloch"},"content":{"rendered":"<p><a href=\"https:\/\/analysensiebe.de\/shop\/wp-content\/uploads\/sites\/13\/2021\/06\/Accessories-Highlight-scaled.jpg\"><img loading=\"lazy\" decoding=\"async\" class=\"alignright wp-image-4982 \" src=\"https:\/\/analysensiebe.de\/shop\/wp-content\/uploads\/sites\/13\/2021\/06\/Accessories-Highlight-1024x1024.jpg\" alt=\"\" width=\"469\" height=\"469\" srcset=\"https:\/\/analysensiebe.de\/shop\/wp-content\/uploads\/sites\/13\/2021\/06\/Accessories-Highlight-1024x1024.jpg 1024w, https:\/\/analysensiebe.de\/shop\/wp-content\/uploads\/sites\/13\/2021\/06\/Accessories-Highlight-300x300.jpg 300w, https:\/\/analysensiebe.de\/shop\/wp-content\/uploads\/sites\/13\/2021\/06\/Accessories-Highlight-150x150.jpg 150w, https:\/\/analysensiebe.de\/shop\/wp-content\/uploads\/sites\/13\/2021\/06\/Accessories-Highlight-768x768.jpg 768w, https:\/\/analysensiebe.de\/shop\/wp-content\/uploads\/sites\/13\/2021\/06\/Accessories-Highlight-1536x1536.jpg 1536w, https:\/\/analysensiebe.de\/shop\/wp-content\/uploads\/sites\/13\/2021\/06\/Accessories-Highlight-2048x2048.jpg 2048w, https:\/\/analysensiebe.de\/shop\/wp-content\/uploads\/sites\/13\/2021\/06\/Accessories-Highlight-600x600.jpg 600w, https:\/\/analysensiebe.de\/shop\/wp-content\/uploads\/sites\/13\/2021\/06\/Accessories-Highlight-100x100.jpg 100w\" sizes=\"auto, (max-width: 469px) 100vw, 469px\" \/><\/a>Blau-Metall fertigt Siebe nach Ma\u00df in (fast) allen Ausf\u00fchrung, auch solche, die nicht in g\u00e4ngigen nationalen und internationalen Normstandards enthalten sind um auch f\u00fcr ausgefallenere Siebaufgaben eine L\u00f6sung anbieten zu k\u00f6nnen.<\/p>\n<p>In unserem Shop bieten wir eine kleine Auswahl solcher Siebe aus unserem Lagerprogramm an. Sollte hier keine passende L\u00f6sung f\u00fcr Ihre spezielle Siebaufgabe zu finden sein bietet unser <a href=\"https:\/\/analysensiebe.de\/bml\/sonderanfertigungen\/\">Made-to-Spec Service<\/a> g\u00fcnstige Kleinserien- oder Einzelproduktionen von Analysensieben nach Kundenvorgaben.<\/p>\n<p>Analysensiebe mit Lang- bzw. Schlitzlochblechen werden vornehmlich zur Bestimmung der G\u00fcteklassen von Getreidesorten eingesetzt. Blau-Metall fertigt alle g\u00e4ngigen Schlitzlochsiebe enthalten in der DIN EN ISO 5223 \u2013 verbindlich f\u00fcr die G\u00fctebestimmung von Getreide \u2013 sowie Sonderma\u00dfe f\u00fcr weitere Einsatzgebiete \u00fcber die Siebung von Getreidesorten hinaus. Unsere Siebe werden in stabiler Edelstahl Ausf\u00fchrung gefertigt und verlassen unser Haus nach l\u00fcckenloser optischer \u00dcberpr\u00fcfung um die Einhaltung der jeweiligen Normvorgaben zu garantieren und f\u00fcr eine zuverl\u00e4ssig, konstante Siebleistung zu sorgen.<\/p>\n<p>Alle Blau-Metall Getreidesiebe bestehen aus Siebrahmen und Lochblech in rostfreier Edelstahlausf\u00fchrung mit hoher Formstabilit\u00e4t und Lebensdauer f\u00fcr lange Zuverl\u00e4ssigkeit beim Sieben. Die Siebe lassen sich mit vergleichbaren Qualit\u00e4tssieben anderer Hersteller ohne weiteres kombinieren und sind problemlos zu reinigen.<\/p>\n<p>L\u00fcckenlose optische Pr\u00fcfung aller Siebe garantiert eine hervorragende Produktqualit\u00e4t und Einhaltung der in der Norm vorgeschriebenen Ma\u00dfhaltigkeit mittels detaillierter Inspektion \u00fcber moderne digitale Messtechnik. Die individuelle Lasergravur jedes Blau-Metall Siebs garantiert eine eindeutige R\u00fcckverfolgbarkeit und alle Siebe verlassen unser Haus mit einer Werksbescheinigung nach DIN EN 10204 oder auf Wunsch mit einen Abnahmepr\u00fcfzeugnis oder Kalibrierzertifikat f\u00fcr erh\u00f6hte statistische Sicherheit.<\/p>\n<h6><span style=\"font-family: helvetica, arial, sans-serif;\"><strong>Alle Vorteile von Blau-Metall Analysensieben<\/strong><\/span><\/h6>\n<p style=\"padding-left: 30px;\"><span style=\"font-family: helvetica, arial, sans-serif;\"><br \/>\n\u2699 Stabile Edelstahl Konstruktion f\u00fcr lange Lebensdauer (Rahmen, Spannring &amp; Siebboden aus 1.4301 \/ 1.4401)<br \/>\n\u2699 Pr\u00e4zise Einhaltung der Nennlochweiten &amp; normkonforme Pr\u00fcfung<br \/>\n\u2699 Glatte Rahmenoberfl\u00e4che zur Vermeidung von Kontamination<br \/>\n\u2699 Kompatibilit\u00e4t mit vergleichbaren Analysensieben anderer Hersteller<br \/>\n\u2699 Laser-Gravur mit Seriennummer f\u00fcr vollst\u00e4ndige R\u00fcckverfolgbarkeit<\/span><\/p>\n<h6>Weiterf\u00fchrende Links:<\/h6>\n<div class=\"wvlinks\">\n<p style=\"padding-left: 40px;\">\u27a1<a href=\"https:\/\/analysensiebe.de\/bml\/getreidesiebe\/\"> Blau-Metall Analysensiebe gem\u00e4\u00df DIN EN ISO 5223<\/a><\/p>\n<p style=\"padding-left: 40px;\">\u27a1<a href=\"https:\/\/analysensiebe.de\/bml\/siebanalyse-in-nationalen-internationalen-standards\/\"> Siebanalyse in nationalen &amp; internationalen Normen<\/a><\/p>\n<p style=\"padding-left: 40px;\">\u27a1 <a href=\"https:\/\/analysensiebe.de\/bml\/zertifizierung\/\">Details zu Normkonformit\u00e4t &amp; Zertifizierung<\/a><\/p>\n<\/div>\n<p><a href=\"https:\/\/analysensiebe.de\/shop\/wp-content\/uploads\/sites\/13\/2021\/06\/IMG_4738-1-scaled.jpg\"><img loading=\"lazy\" decoding=\"async\" class=\"aligncenter wp-image-4983\" src=\"https:\/\/analysensiebe.de\/shop\/wp-content\/uploads\/sites\/13\/2021\/06\/IMG_4738-1-scaled.jpg\" alt=\"\" width=\"1600\" height=\"371\" srcset=\"https:\/\/analysensiebe.de\/shop\/wp-content\/uploads\/sites\/13\/2021\/06\/IMG_4738-1-scaled.jpg 2560w, https:\/\/analysensiebe.de\/shop\/wp-content\/uploads\/sites\/13\/2021\/06\/IMG_4738-1-300x70.jpg 300w, https:\/\/analysensiebe.de\/shop\/wp-content\/uploads\/sites\/13\/2021\/06\/IMG_4738-1-1024x237.jpg 1024w, https:\/\/analysensiebe.de\/shop\/wp-content\/uploads\/sites\/13\/2021\/06\/IMG_4738-1-768x178.jpg 768w, https:\/\/analysensiebe.de\/shop\/wp-content\/uploads\/sites\/13\/2021\/06\/IMG_4738-1-1536x356.jpg 1536w, https:\/\/analysensiebe.de\/shop\/wp-content\/uploads\/sites\/13\/2021\/06\/IMG_4738-1-2048x474.jpg 2048w, https:\/\/analysensiebe.de\/shop\/wp-content\/uploads\/sites\/13\/2021\/06\/IMG_4738-1-600x139.jpg 600w\" sizes=\"auto, (max-width: 1600px) 100vw, 1600px\" \/><\/a><\/p>\n","protected":false},"excerpt":{"rendered":"<table style=\"border-top: 2px solid black; border-bottom: 2px solid black;\">\n<tbody>\n<tr>\n<td>Artikel Nr.:<\/td>\n<td>742028<\/td>\n<\/tr>\n<tr>\n<td><strong>Lochma\u00dfe w<sub>1<\/sub> x w<sub>2<\/sub><br \/>\n<\/strong><\/td>\n<td><strong>1,50 x 20,0 mm (\u00b1 0,04 x 0,2)<br \/>\n<\/strong><\/td>\n<\/tr>\n<tr>\n<td>Lochteilung p<sub>1<\/sub> x p<sub>2<\/sub> (mm)<\/td>\n<td>3,50 x 25,0 mm (\u00b1 0,24 x 0,5)<\/td>\n<\/tr>\n<tr>\n<td>Siebdurchmesser mm<\/td>\n<td>200<\/td>\n<\/tr>\n<tr>\n<td>Nutzh\u00f6he H<sub>1<\/sub> \/ mm<\/td>\n<td>32 oder 50<\/td>\n<\/tr>\n<tr>\n<td>Rahmenmaterial<\/td>\n<td>Edelstahl<\/td>\n<\/tr>\n<tr>\n<td>Siebmedium<\/td>\n<td>Lochblech aus Edelstahl<\/td>\n<\/tr>\n<tr>\n<td>Normen<\/td>\n<td>Toleranzen<\/td>\n<\/tr>\n<tr>\n<td>G\u00fcteklasse<\/td>\n<td>Standard<\/td>\n<\/tr>\n<\/tbody>\n<\/table>\n","protected":false},"featured_media":6221,"template":"","meta":{"_monsterinsights_skip_tracking":false,"_monsterinsights_sitenote_active":false,"_monsterinsights_sitenote_note":"","_monsterinsights_sitenote_category":0},"product_brand":[],"product_cat":[395,548,556,575,576,50,15,40,41,45,46,47,48,49,51,53,54],"product_tag":[],"class_list":{"0":"post-628","1":"product","2":"type-product","3":"status-publish","4":"has-post-thumbnail","6":"product_cat-featured","7":"product_cat-200-mm-norm","8":"product_cat-200-mm-norm-toleranzen","9":"product_cat-200-mm-typ","10":"product_cat-200-mm-typ-langloch","11":"product_cat-200mm","12":"product_cat-norm","13":"product_cat-toleranzen","14":"product_cat-siebtyp","15":"product_cat-langloch","16":"product_cat-nutzhoehe","17":"product_cat-32mm","18":"product_cat-50mm","19":"product_cat-durchmesser","20":"product_cat-sondermass","21":"product_cat-rahmenmaterial","22":"product_cat-edelstahl-rahmen","23":"post-thumbnail-displayed","24":"wcpa_has_options","26":"first","27":"instock","28":"taxable","29":"shipping-taxable","30":"purchasable","31":"product-type-simple"},"aioseo_notices":[],"wcpa_form_fields":{"wcpaData":{"product":{"product_price":161.84,"price_html":"ab <span class=\"woocommerce-Price-amount amount\"><bdi><span class=\"woocommerce-Price-currencySymbol\">&euro;<\/span>&nbsp;161,84<\/bdi><\/span>","original_product_price":161.84,"price_including_tax":161.84,"price_excluding_tax":136,"product_id":{"parent":628,"variation":false},"is_variable":false,"stock_status":"instock","stock_quantity":1,"parent_sku":"742028","product_attributes":{"pa_brand":{"is_variation":false,"values":["blau-metall"]},"pa_lochmasse":{"is_variation":false,"values":["150-x-200-mm-%c2%b1-004-x-02"]},"pa_lochteilung-langloch":{"is_variation":false,"values":["350-x-250-mm-%c2%b1-024-x-05"]},"pa_blechdicke":{"is_variation":false,"values":["08-mm"]},"pa_normen":{"is_variation":false,"values":["toleranzen"]},"pa_siebdurchmesser":{"is_variation":false,"values":["200-mm"]},"pa_nutzhoehe-siebtiefe-h1":{"is_variation":false,"values":["32-mm","50-mm"]},"pa_rahmenmaterial":{"is_variation":false,"values":["edelstahl"]},"pa_siebmedium":{"is_variation":false,"values":["lochblech-aus-edelstahl-1-4301-1-4401"]},"pa_gueteklasse":{"is_variation":false,"values":["standard"]},"pa_herkunftsland":{"is_variation":false,"values":["deutschland"]},"pa_weite-in-mm":{"is_variation":false,"values":["150"]},"pa_art-bez":{"is_variation":false,"values":["150-x-200-mm-langloch"]},"pa_w-in-mm":{"is_variation":false,"values":["1500"]}},"custom_fields":[],"is_taxable":true,"product_name":"Analysensieb Langloch","hasImage":false},"fields":{"sec_969d7a0e2f2e9b":{"extra":{"key":"sec_969d7a0e2f2e9b","section_id":"sec_969d7a0e2f2e9b","name":"Default","status":1,"cl_rule":"show","enableCl":false,"relations":[],"toggle":true,"title_tag":"h3","show_title":false,"showPrice":"default","form_id":632,"form_rules":{"exclude_from_discount":false,"fee_label":"Geb\u00fchr","disp_hide_options_price":false,"disp_show_section_price":false,"disp_show_field_price":true,"layout_option":"standard","pric_use_as_fee":false,"process_fee_as":"woo_fee"},"layout_option":"standard"},"fields":[[{"type":"checkbox-group","required":true,"elementId":"wcpa-checkbox-group-5da3721f8c4bc","label":"Nutzh\u00f6he \/ Siebtiefe H1","description":"","desc_type":true,"inline":true,"enablePrice":true,"priceOptions":"different_for_all","pricingType":"fixed","name":"checkbox-group-5da3721f8c51c","min_options":"1","max_options":"1","cl_rule":"show","col":"3","values":[{"label":"32 mm","value":"32mm","price":"0,00","gt_translate_keys":["label"]},{"label":"50 mm","value":"50mm","price":"2,00","gt_translate_keys":["label"]}],"relations":false,"active":true,"tooltip":"Nutzh\u00f6he \/ Tiefe H1 des Analysensiebs, wie definiert in DIN ISO 2395","layOut":"inline","gt_translate_keys":["label","description","tooltip"],"price_dependency":false,"cl_dependency":false,"value":""},{"type":"checkbox-group","required":true,"elementId":"wcpa-checkbox-group-5da3721f8c574","label":"Norm","description":"","desc_type":true,"inline":true,"priceOptions":"different_for_all","pricingType":"fixed","name":"checkbox-group-5da3721f8c5ca","min_options":"1","max_options":"1","cl_rule":"show","col":"3","values":[{"label":"Toleranzen angelehnt an DIN EN ISO 5223","value":"toleranzen-iso-5223","price":"","selected":true,"gt_translate_keys":["label"]}],"relations":[{"operator":false,"rules":[]}],"active":true,"tooltip":"Welcher Norm soll dieses Analysensieb entsprechen?","layOut":"inline","gt_translate_keys":["label","description","tooltip"],"price_dependency":false,"cl_dependency":false,"value":""}],[{"type":"content","subtype":"p","label":"","elementId":"wcpa-paragraph-1736019900832","pricingType":"fixed","cl_rule":"show","col":6,"relations":false,"active":true,"tooltip":"","value":"<span style=\"font-family: montserrat;font-weight: 500;color: black\"><span style=\"font-size: 14pt\">Technische Daten:<\/span><\/span>\n<a href=\"https:\/\/analysensiebe.de\/public_docs\/Technische%20Daten%20-%20Blau-Metall%20Lochblech%20Analysensiebe,%20200%20x%2032%20mm.pdf\"><span style=\"text-decoration: underline\"><span style=\"color: #039bd5;text-decoration: underline\"><span style=\"font-size: 11pt\">Blau-Metall Lochblech-Analysensiebe, <b>200 x 32 mm <\/b>(PDF-Datenblatt)<\/span><\/span><\/span><\/a>\n<a href=\"https:\/\/analysensiebe.de\/public_docs\/Technische%20Daten%20-%20Blau-Metall%20Lochblech%20Analysensiebe,%20200%20x%2050%20mm.pdf\"><span style=\"text-decoration: underline\"><span style=\"color: #039bd5;text-decoration: underline\"><span style=\"font-size: 11pt\">Blau-Metall Lochblech-Analysensiebe, <b>200 x 50 mm<\/b> (PDF-Datenblatt)<\/span><\/span><\/span><\/a>","name":"wcpa-paragraph-1736019900832","contentType":"plain","gt_translate_keys":["label","value","tooltip"],"price_dependency":false,"cl_dependency":false}],[{"type":"radio-group","required":true,"elementId":"wcpa-radio-group-5da3721f8c61f","label":"Lochung des Randes","desc_type":true,"inline":true,"priceOptions":"different_for_all","pricingType":"fixed","name":"radio-group-5da3721f8c674","min_options":"1","max_options":"2","cl_rule":"show","cl_val":"toleranzen-iso-5223","col":6,"values":[{"label":"Ungelochter Rand, Lochfeld 185 mm","value":"ungelochter-rand","price":"0,00","selected":true,"gt_translate_keys":["label"]}],"relations":[{"operator":false,"rules":[{"operator":false,"rules":{"cl_field":"wcpa-checkbox-group-5da3721f8c574","cl_relation":"is","cl_val":"toleranzen-iso-5223"}}]}],"active":true,"tooltip":"","description":"","layOut":"inline","gt_translate_keys":["label","description","tooltip"],"price_dependency":false,"cl_dependency":false,"value":""}],[{"type":"radio-group","required":true,"elementId":"wcpa-radio-group-5da3721f8c6c8","label":"Zertifizierung, Kalibrierung & Dokumentation","description":"","desc_type":true,"inline":true,"enablePrice":true,"priceOptions":"different_for_all","pricingType":"fixed","name":"radio-group-5da3721f8c71b","min_options":"1","max_options":"2","cl_rule":"show","col":6,"values":[{"label":"Werksbescheinigung 2.1 gem\u00e4\u00df EN 10204 + Analysensieb Stammkarte","value":"werksbescheinigung-stammkarte","price":"0,00","gt_translate_keys":["label"]},{"label":"Zertifizierung & Abnahmepr\u00fcfzeugnis 3.1 (gem\u00e4\u00df EN 10 204)","value":"zertifizierung-abnahmepr\u00fcfzeugnis-3-1","price":"22,50","gt_translate_keys":["label"]},{"label":"Kalibrierung & Abnahmepr\u00fcfzeugnis 3.1 (gem\u00e4\u00df EN 10 204)","value":"kalibrierung-abnahmepr\u00fcfzeugnis-3-1","price":"40","gt_translate_keys":["label"]},{"label":"Keine Pr\u00fcfdokumente (\u20ac 8,00 Rabatt)","value":"ohne","price":"-8,00","gt_translate_keys":["label"]}],"relations":false,"active":true,"tooltip":"Bestellen Sie die Zertifizierung oder Kalibrierung f\u00fcr dieses Analysensieb direkt mit:","layOut":"inline","gt_translate_keys":["label","description","tooltip"],"price_dependency":false,"cl_dependency":["wcpa-checkbox-group-5da3721f8c824"],"value":""}],[{"type":"checkbox-group","elementId":"wcpa-checkbox-group-5da3721f8c772","label":"Zus\u00e4tzliche Optionen","inline":true,"enablePrice":true,"priceOptions":"different_for_all","pricingType":"fixed","name":"checkbox-group-5da3721f8c7cd","max_options":"1","cl_rule":"show","col":6,"values":[{"label":"Lebensmittelechtheit (Verwendung von Weichlot gem\u00e4\u00df DIN EN 29453)","value":"lebensmittelechtheit","price":"4,5","gt_translate_keys":["label"]},{"label":"Lebensmittelechtheit + Temperaturbest\u00e4ndigkeit bis 200\u00b0C","value":"temperaturbestaendigkeit","price":"12","gt_translate_keys":["label"]}],"relations":false,"active":true,"tooltip":"","layOut":"inline","gt_translate_keys":["label","tooltip"],"price_dependency":false,"cl_dependency":false,"value":""}],[{"type":"checkbox-group","required":true,"elementId":"wcpa-checkbox-group-5da3721f8c824","label":"Sprache der Lasergravur & Pr\u00fcfdokumentation","inline":true,"priceOptions":"different_for_all","pricingType":"fixed","name":"checkbox-group-5da3721f8c879","min_options":"1","max_options":"1","enableCl":true,"cl_rule":"hide","cl_val":"ohne","col":6,"values":[{"label":"Deutsch","value":"deutsch","price":"2,00","gt_translate_keys":["label"]},{"label":"Englisch (Lieferzeit bis zu 14 Tage)","value":"englisch","price":"7,50","gt_translate_keys":["label"]}],"relations":[{"operator":false,"rules":[{"operator":false,"rules":{"cl_field":"wcpa-radio-group-5da3721f8c6c8","cl_relation":"is","cl_val":"ohne"}}]}],"active":true,"tooltip":"","layOut":"inline","gt_translate_keys":["label","tooltip"],"price_dependency":false,"cl_dependency":false,"value":""}]]}},"config":{"price_override":"","enable_recaptcha":false,"bind_quantity":false,"quantity_bind_formula":false,"disp_summ_show_option_price":true,"disp_summ_show_product_price":true,"disp_summ_show_total_price":true,"disp_summ_show_fee":false,"disp_summ_show_discount":false,"summary_title":"","options_total_label":"Preisoptionen","total_label":"Gesamtpreis","options_product_label":"Produktpreis ohne Optionen","fee_label":"Geb\u00fchr","discount_label":"Discount","has_price":true,"has_quantity_formula":false},"mc_unit":1,"tax_rate":1.19,"tax_rate_real":0.19,"discount":{"percentage":0,"fixed":0},"design":{"conf":{"LabelPosition":"above","DescPosition":"above","UploadField":"custom_1","QuantityFieldStyle":"default"},"css":{"LeftLabelWidth":"120px"}},"formulas":[],"lookuptables":[],"clones":false,"cartKey":false}},"_links":{"self":[{"href":"https:\/\/analysensiebe.de\/shop\/wp-json\/wp\/v2\/product\/628","targetHints":{"allow":["GET"]}}],"collection":[{"href":"https:\/\/analysensiebe.de\/shop\/wp-json\/wp\/v2\/product"}],"about":[{"href":"https:\/\/analysensiebe.de\/shop\/wp-json\/wp\/v2\/types\/product"}],"wp:featuredmedia":[{"embeddable":true,"href":"https:\/\/analysensiebe.de\/shop\/wp-json\/wp\/v2\/media\/6221"}],"wp:attachment":[{"href":"https:\/\/analysensiebe.de\/shop\/wp-json\/wp\/v2\/media?parent=628"}],"wp:term":[{"taxonomy":"product_brand","embeddable":true,"href":"https:\/\/analysensiebe.de\/shop\/wp-json\/wp\/v2\/product_brand?post=628"},{"taxonomy":"product_cat","embeddable":true,"href":"https:\/\/analysensiebe.de\/shop\/wp-json\/wp\/v2\/product_cat?post=628"},{"taxonomy":"product_tag","embeddable":true,"href":"https:\/\/analysensiebe.de\/shop\/wp-json\/wp\/v2\/product_tag?post=628"}],"curies":[{"name":"wp","href":"https:\/\/api.w.org\/{rel}","templated":true}]}}