{"id":5900,"date":"2024-12-25T14:18:22","date_gmt":"2024-12-25T14:18:22","guid":{"rendered":"https:\/\/analysensiebe.de\/shop\/?post_type=product&#038;p=5900"},"modified":"2025-01-21T18:44:50","modified_gmt":"2025-01-21T18:44:50","slug":"tabaksieb-coresta-200","status":"publish","type":"product","link":"https:\/\/analysensiebe.de\/shop\/produkt\/tabaksieb-coresta-200\/","title":{"rendered":"Tabaksieb CORESTA"},"content":{"rendered":"<p><a href=\"https:\/\/analysensiebe.de\/shop\/wp-content\/uploads\/sites\/13\/2019\/10\/IMG_4848-scaled.jpg\"><img loading=\"lazy\" decoding=\"async\" class=\"alignright wp-image-5677 \" src=\"https:\/\/analysensiebe.de\/shop\/wp-content\/uploads\/sites\/13\/2019\/10\/IMG_4848-1024x1003.jpg\" alt=\"\" width=\"450\" height=\"441\" srcset=\"https:\/\/analysensiebe.de\/shop\/wp-content\/uploads\/sites\/13\/2019\/10\/IMG_4848-1024x1003.jpg 1024w, https:\/\/analysensiebe.de\/shop\/wp-content\/uploads\/sites\/13\/2019\/10\/IMG_4848-300x294.jpg 300w, https:\/\/analysensiebe.de\/shop\/wp-content\/uploads\/sites\/13\/2019\/10\/IMG_4848-768x752.jpg 768w, https:\/\/analysensiebe.de\/shop\/wp-content\/uploads\/sites\/13\/2019\/10\/IMG_4848-1536x1504.jpg 1536w, https:\/\/analysensiebe.de\/shop\/wp-content\/uploads\/sites\/13\/2019\/10\/IMG_4848-2048x2005.jpg 2048w, https:\/\/analysensiebe.de\/shop\/wp-content\/uploads\/sites\/13\/2019\/10\/IMG_4848-600x587.jpg 600w\" sizes=\"auto, (max-width: 450px) 100vw, 450px\" \/><\/a>Ein wichtiges Qualit\u00e4tsmerkmal f\u00fcr die Tabakproduktion ist der Anteil von Pflanzen- und Blattstielen, Blattadern und weiteren Pflanzenteilen. F\u00fcr einige Tabaksorten wird im Ernteprozess die gesamte Tabakpflanze, einschlie\u00dflich des Stiels oder der St\u00e4ngel, geerntet und anschlie\u00dfend getrocknet. Diese Art der Trocknung erlaubt den Bl\u00e4ttern, weiterhin N\u00e4hrstoffe aus den anderen Pflanzenteilen aufzunehmen, was dem Tabak erlaubt, seinen nat\u00fcrlichen Zuckergehalt und andere Aromastoffe zu bewahren. Bei der Weiterverarbeitung der getrockneten Pflanzen k\u00f6nnen Pflanzen- und Blattstiele nicht vollst\u00e4ndig entfernt werden. F\u00fcr traditionelle Tabaksorten werden die Bl\u00e4tter bei der Ernte einzeln abgenommen, wobei auch hier Stiele mit in die Erntemasse \u00fcbergehen k\u00f6nnen.<\/p>\n<p>Um Tabak in Qualit\u00e4tskategorien einstufen zu k\u00f6nnen, sind die Bestimmung der Blattst\u00fcckgr\u00f6\u00dfe und die Quantifizierung des Anteils an Stielen und Blattadern von besonderer Bedeutung. Diese Analysen werden standardisiert \u00fcber Richtlinien ausgegeben von CORESTA (Cooperation Centre for Scientific Research Relative to Tobacco), sowie diversen internationalen Standards, z.B. ISO 12194 (Blatt-Tabak &#8211; Bestimmung der Blattst\u00fcckgr\u00f6\u00dfe).<\/p>\n<p>F\u00fcr die Bestimmung des Anteils und der Art von Stielen und Blattadern greift zumeist die Methode, die in CORESTA Recommended Method (CRM) No. 17 beschrieben wird. Daf\u00fcr wird eine Tabakpartie zun\u00e4chst mittels eines geeigneten Testapparates vorbereitet (z.B. Caldwell Stem Tester). Dieser f\u00fchrt Tabak-Blattstreifen einer eingewogenen Probe \u00fcber ein F\u00f6rderband zu einem Drescher. Nach dem Dreschen wird die Probe in einem Windsichter bei definierter Str\u00f6mungsgeschwindigkeit getrennt, wobei die leichten, aderfreien Blattst\u00fccke abgetrennt werden und die schwereren Teile erneut in den Drescher gelangen. Nach Abschluss des Prozesses wird der verbleibende Anteil and Stielen, Adern und anderen Fremdbestandteilen entnommen, ausgewogen und weiter analysiert.<\/p>\n<figure id=\"attachment_5678\" aria-describedby=\"caption-attachment-5678\" style=\"width: 450px\" class=\"wp-caption alignright\"><a href=\"https:\/\/analysensiebe.de\/shop\/wp-content\/uploads\/sites\/13\/2019\/10\/CRM17.jpg\"><img loading=\"lazy\" decoding=\"async\" class=\" wp-image-5678\" src=\"https:\/\/analysensiebe.de\/shop\/wp-content\/uploads\/sites\/13\/2019\/10\/CRM17-1024x773.jpg\" alt=\"\" width=\"450\" height=\"340\" srcset=\"https:\/\/analysensiebe.de\/shop\/wp-content\/uploads\/sites\/13\/2019\/10\/CRM17-1024x773.jpg 1024w, https:\/\/analysensiebe.de\/shop\/wp-content\/uploads\/sites\/13\/2019\/10\/CRM17-300x226.jpg 300w, https:\/\/analysensiebe.de\/shop\/wp-content\/uploads\/sites\/13\/2019\/10\/CRM17-768x579.jpg 768w, https:\/\/analysensiebe.de\/shop\/wp-content\/uploads\/sites\/13\/2019\/10\/CRM17-600x453.jpg 600w, https:\/\/analysensiebe.de\/shop\/wp-content\/uploads\/sites\/13\/2019\/10\/CRM17.jpg 1157w\" sizes=\"auto, (max-width: 450px) 100vw, 450px\" \/><\/a><figcaption id=\"caption-attachment-5678\" class=\"wp-caption-text\">Spezifikation f\u00fcr Schlitzlochsieb gem\u00e4\u00df CRM No. 17 (Quelle: CORESTA)<\/figcaption><\/figure>\n<p>Die weitere Analyse erfolgt mit einem bestimmten Analysensiebsatz und einer Klopf-Siebmaschine, welche die Probe in eine kreisf\u00f6rmige Bewegung versetzt und in einem bestimmten Intervall mit einem Hammer auf den Siebturm klopft, um den Siebdurchgang zu erleichtern und eine reproduzierbare Siebung zu gew\u00e4hrleisten. Der Siebsatz besteht aus einem speziellen Tabaksieb mit Schlitzlochung \u2013 3\/32\u201c Slotted Plate, zwei Drahtgewebesieben mit Maschenweiten von 2,8 und 2,0 mm und einer Siebpfanne. Das auf dem Schlitzlochsieb verbleibende Material wird als Stiel-Anteil klassifiziert, die Fraktionen auf den Drahtgewebesieben als faserlose Stiele, und das Material in der Siebpfanne als Stielfasern. Die Schlitzweite des oberen Siebes kann je nach Vorgabe variieren.<\/p>\n<p>Blau-Metall bietet Spezialsiebe f\u00fcr Tabak gem\u00e4\u00df CORESTA Vorgaben in den Ausf\u00fchrungen 200 und 203 mm (8 Zoll) in stabiler Edelstahl-Konstruktion, welche eine lange Lebensdauer, Formstabilit\u00e4t und eine pr\u00e4zise Einhaltung der Toleranzen der \u00d6ffnungsweiten gew\u00e4hrleistet. Wie alle unsere Produkte durchlaufen die Tabaksiebe einen strengen Pr\u00fcfprozess, der die Einhaltung aller Toleranzen best\u00e4tigt, und werden anschlie\u00dfend mit entsprechender Pr\u00fcfdokumentation versehen. Da oft international im Einsatz, k\u00f6nnen unsere Tabaksiebe mit einer 3D Lasergravur in englischer Sprache ausgestattet werden.<\/p>\n<h6><span style=\"font-family: helvetica, arial, sans-serif;\"><strong>Alle Vorteile von Blau-Metall Analysensieben<\/strong><\/span><\/h6>\n<p style=\"padding-left: 30px;\"><span style=\"font-family: helvetica, arial, sans-serif;\"><br \/>\n\u2699 Stabile Edelstahl Konstruktion f\u00fcr lange Lebensdauer (Rahmen, Spannring &amp; Siebboden aus 1.4301 \/ 1.4401)<br \/>\n\u2699 Pr\u00e4zise Einhaltung der Nennlochweiten &amp; normkonforme Pr\u00fcfung<br \/>\n\u2699 Glatte Rahmenoberfl\u00e4che zur Vermeidung von Kontamination<br \/>\n\u2699 Kompatibilit\u00e4t mit vergleichbaren Analysensieben anderer Hersteller<br \/>\n\u2699 Laser-Gravur mit Seriennummer f\u00fcr vollst\u00e4ndige R\u00fcckverfolgbarkeit<\/span><\/p>\n<h6>Weiterf\u00fchrende Links:<\/h6>\n<div class=\"wvlinks\">\n<p style=\"padding-left: 40px;\">\u27a1 <a href=\"https:\/\/analysensiebe.de\/bml\/tabaksiebe\/\">Blau-Metall Tabaksiebe CORESTA<\/a><\/p>\n<p style=\"padding-left: 40px;\">\u27a1<a href=\"https:\/\/analysensiebe.de\/bml\/siebanalyse-in-nationalen-internationalen-standards\/\"> Siebanalyse in nationalen &amp; internationalen Normen<\/a><\/p>\n<p style=\"padding-left: 40px;\">\u27a1 <a href=\"https:\/\/analysensiebe.de\/bml\/zertifizierung\/\">Details zu Normkonformit\u00e4t &amp; Zertifizierung<\/a><\/p>\n<\/div>\n<p><a href=\"https:\/\/analysensiebe.de\/shop\/wp-content\/uploads\/sites\/13\/2019\/10\/TS_Horizontal.png\"><img loading=\"lazy\" decoding=\"async\" class=\"alignright wp-image-5679 size-full\" src=\"https:\/\/analysensiebe.de\/shop\/wp-content\/uploads\/sites\/13\/2019\/10\/TS_Horizontal.png\" alt=\"\" width=\"1241\" height=\"285\" srcset=\"https:\/\/analysensiebe.de\/shop\/wp-content\/uploads\/sites\/13\/2019\/10\/TS_Horizontal.png 1241w, https:\/\/analysensiebe.de\/shop\/wp-content\/uploads\/sites\/13\/2019\/10\/TS_Horizontal-300x69.png 300w, https:\/\/analysensiebe.de\/shop\/wp-content\/uploads\/sites\/13\/2019\/10\/TS_Horizontal-1024x235.png 1024w, https:\/\/analysensiebe.de\/shop\/wp-content\/uploads\/sites\/13\/2019\/10\/TS_Horizontal-768x176.png 768w, https:\/\/analysensiebe.de\/shop\/wp-content\/uploads\/sites\/13\/2019\/10\/TS_Horizontal-600x138.png 600w\" sizes=\"auto, (max-width: 1241px) 100vw, 1241px\" \/><\/a><\/p>\n","protected":false},"excerpt":{"rendered":"<table style=\"width: 100%; border-top: 2px solid black; border-bottom: 2px solid black;\">\n<tbody>\n<tr>\n<td style=\"width: 38.806%;\">Artikel Nr.<\/td>\n<td style=\"width: 60.0746%;\">732302 (200 mm) \/ 732402 (203 mm)<\/td>\n<\/tr>\n<tr>\n<td style=\"width: 38.806%;\">Lochmuster<\/td>\n<td style=\"width: 60.0746%;\">Schlitz\/Rechtecklochung in versetzten Reihen<\/td>\n<\/tr>\n<tr>\n<td style=\"width: 38.806%;\">U.S. Bezeichnung<\/td>\n<td style=\"width: 60.0746%;\">7 Slotted Plate<\/td>\n<\/tr>\n<tr>\n<td style=\"width: 38.806%;\"><strong>Lochma\u00dfe w<sub>1<\/sub> x w<sub>2 <\/sub>(mm)<br \/>\n<\/strong><\/td>\n<td style=\"width: 60.0746%;\"><strong>2,00 x 50,00 (\u00b10,08 x \u00b10,50)<br \/>\n<\/strong><\/td>\n<\/tr>\n<tr>\n<td style=\"width: 38.806%;\">Lochteilung p<sub>1<\/sub> x p<sub>2<\/sub> (mm)<\/td>\n<td style=\"width: 60.0746%;\">4,00 x 54,00<\/td>\n<\/tr>\n<tr>\n<td style=\"width: 38.806%;\">Verf\u00fcgbare Siebgr\u00f6\u00dfen<\/td>\n<td style=\"width: 60.0746%;\">200 x 32 mm<br \/>\n200 x 50 mm<br \/>\n203 x 50 mm \/ 8&#8243; x 2&#8243;<\/td>\n<\/tr>\n<tr>\n<td style=\"width: 38.806%;\">Rahmenmaterial<\/td>\n<td style=\"width: 60.0746%;\">Edelstahl<\/td>\n<\/tr>\n<tr>\n<td style=\"width: 38.806%;\">Siebmedium<\/td>\n<td style=\"width: 60.0746%;\">Lochblech aus Edelstahl<\/td>\n<\/tr>\n<tr>\n<td style=\"width: 38.806%;\">Normen<\/td>\n<td style=\"width: 60.0746%;\">CORESTA<\/td>\n<\/tr>\n<tr>\n<td style=\"width: 38.806%;\">G\u00fcteklasse<\/td>\n<td style=\"width: 60.0746%;\">Standard<\/td>\n<\/tr>\n<tr>\n<td style=\"width: 38.806%;\">Kompatibilit\u00e4t<\/td>\n<td style=\"width: 60.0746%;\">Kompatibel mit Ro-Tap RX-29 Siebmaschine<\/td>\n<\/tr>\n<\/tbody>\n<\/table>\n","protected":false},"featured_media":5901,"template":"","meta":{"_monsterinsights_skip_tracking":false,"_monsterinsights_sitenote_active":false,"_monsterinsights_sitenote_note":"","_monsterinsights_sitenote_category":0},"product_brand":[],"product_cat":[1224,395,575,576,605,183,1225,1226,1227,1228,1229,1230,41,45,46,48,49,50,51,53,54],"product_tag":[],"class_list":{"0":"post-5900","1":"product","2":"type-product","3":"status-publish","4":"has-post-thumbnail","6":"product_cat-203-mm","7":"product_cat-featured","8":"product_cat-200-mm-typ","9":"product_cat-200-mm-typ-langloch","10":"product_cat-coresta-200-mm-norm","11":"product_cat-coresta","12":"product_cat-norm-203-mm","13":"product_cat-coresta-norm-203-mm","14":"product_cat-typ","15":"product_cat-schlitzloch","16":"product_cat-abg-langloch","17":"product_cat-schlitzloch-typ","18":"product_cat-siebtyp","19":"product_cat-langloch","20":"product_cat-nutzhoehe","21":"product_cat-50mm","22":"product_cat-durchmesser","23":"product_cat-200mm","24":"product_cat-sondermass","25":"product_cat-rahmenmaterial","26":"product_cat-edelstahl-rahmen","27":"post-thumbnail-displayed","28":"wcpa_has_options","30":"first","31":"instock","32":"taxable","33":"shipping-taxable","34":"purchasable","35":"product-type-simple"},"aioseo_notices":[],"wcpa_form_fields":{"wcpaData":{"product":{"product_price":378.42,"price_html":"ab <span class=\"woocommerce-Price-amount amount\"><bdi><span class=\"woocommerce-Price-currencySymbol\">&euro;<\/span>&nbsp;378,42<\/bdi><\/span>","original_product_price":378.42,"price_including_tax":378.42,"price_excluding_tax":318,"product_id":{"parent":5900,"variation":false},"is_variable":false,"stock_status":"instock","stock_quantity":2,"parent_sku":"732302","product_attributes":{"pa_brand":{"is_variation":false,"values":["blau-metall"]},"pa_lochmasse":{"is_variation":false,"values":["200-x-500-mm"]},"pa_lochteilung-langloch":{"is_variation":false,"values":["400-x-520-mm"]},"pa_blechdicke":{"is_variation":false,"values":["15-mm"]},"pa_normen":{"is_variation":false,"values":["toleranzen-nach-coresta"]},"pa_siebdurchmesser":{"is_variation":false,"values":["200-mm","203-mm"]},"pa_nutzhoehe-siebtiefe-h1":{"is_variation":false,"values":["32-mm","50-mm"]},"pa_rahmenmaterial":{"is_variation":false,"values":["edelstahl"]},"pa_siebmedium":{"is_variation":false,"values":["lochblech-aus-edelstahl-1-4301-1-4401"]},"pa_gueteklasse":{"is_variation":false,"values":["standard"]},"pa_herkunftsland":{"is_variation":false,"values":["deutschland"]},"pa_weite-in-mm":{"is_variation":false,"values":["200"]},"pa_art-bez":{"is_variation":false,"values":["tabaksieb-200-x-500-mm"]},"pa_w-in-mm":{"is_variation":false,"values":["2000"]}},"custom_fields":[],"is_taxable":true,"product_name":"Tabaksieb CORESTA","hasImage":false},"fields":{"sec_1069ead571f422d":{"extra":{"key":"sec_1069ead571f422d","section_id":"sec_1069ead571f422d","name":"Default","status":1,"cl_rule":"show","enableCl":false,"relations":[],"toggle":true,"title_tag":"h3","show_title":false,"showPrice":"default","form_id":5691,"form_rules":{"exclude_from_discount":false,"fee_label":"Geb\u00fchr","disp_hide_options_price":false,"disp_show_section_price":false,"disp_show_field_price":true,"layout_option":"standard","pric_use_as_fee":false,"process_fee_as":"woo_fee"},"layout_option":"standard"},"fields":[[{"type":"checkbox-group","required":true,"elementId":"wcpa-checkbox-group-66b63cdc944df","label":"Siebma\u00dfe (Durchmesser x Nutzh\u00f6he)","description":"","desc_type":true,"inline":true,"enablePrice":true,"priceOptions":"different_for_all","pricingType":"fixed","name":"checkbox-group-66b63cdc944f0","min_options":"1","max_options":"1","cl_rule":"show","col":6,"values":[{"label":"200 x 32 mm","value":"200x32","price":"0,00","gt_translate_keys":["label"]},{"label":"200 x 50 mm","value":"200x50","price":"2.00","gt_translate_keys":["label"]},{"label":"203 x 50 mm (8\" x 2\")","value":"203x50","price":"2.00","gt_translate_keys":["label"]}],"relations":false,"active":true,"tooltip":"Nutzh\u00f6he \/ Tiefe H1 des Analysensiebs, wie definiert in DIN ISO 2395","layOut":"inline","gt_translate_keys":["label","description","tooltip"],"price_dependency":false,"cl_dependency":false,"value":""}],[{"type":"content","subtype":"p","label":"","elementId":"wcpa-paragraph-1736020495584","pricingType":"fixed","cl_rule":"show","col":6,"relations":false,"active":true,"tooltip":"","value":"<span style=\"font-family: montserrat;font-weight: 500;color: black\"><span style=\"font-size: 14pt\">Technische Daten:<\/span><\/span>\n<a href=\"https:\/\/analysensiebe.de\/public_docs\/Technische%20Daten%20-%20Blau-Metall%20Tabaksiebe.pdf\"><span style=\"text-decoration: underline\"><span style=\"color: #039bd5;text-decoration: underline\"><span style=\"font-size: 11pt\">Blau-Metall Tabaksiebe (PDF-Datenblatt)<\/span><\/span><\/span><\/a>","name":"wcpa-paragraph-1736020495584","contentType":"plain","gt_translate_keys":["label","value","tooltip"],"price_dependency":false,"cl_dependency":false}],[{"type":"checkbox-group","required":true,"elementId":"wcpa-checkbox-group-66b63cdc944fd","label":"Norm","description":"","desc_type":true,"inline":true,"priceOptions":"different_for_all","pricingType":"fixed","name":"checkbox-group-66b63cdc94508","min_options":"1","max_options":"1","cl_rule":"show","col":6,"values":[{"label":"Toleranzen nach CORESTA","value":"coresta","price":"","selected":true,"gt_translate_keys":["label"]}],"relations":[{"operator":false,"rules":[]}],"active":true,"tooltip":"Welcher Norm soll dieses Analysensieb entsprechen?","layOut":"inline","gt_translate_keys":["label","description","tooltip"],"price_dependency":false,"cl_dependency":false,"value":""}],[{"type":"radio-group","required":true,"elementId":"wcpa-radio-group-66b63cdc94513","label":"Zertifizierung, Kalibrierung & Dokumentation","description":"","desc_type":true,"inline":true,"enablePrice":true,"priceOptions":"different_for_all","pricingType":"fixed","name":"radio-group-66b63cdc9451d","min_options":"1","max_options":"2","cl_rule":"show","col":6,"values":[{"label":"Werksbescheinigung 2.1 gem\u00e4\u00df EN 10204 + Analysensieb Stammkarte","value":"werksbescheinigung-stammkarte","price":"0,00","gt_translate_keys":["label"]},{"label":"Zertifizierung & Abnahmepr\u00fcfzeugnis 3.1 (gem\u00e4\u00df EN 10 204)","value":"zertifizierung-abnahmepr\u00fcfzeugnis-3-1","price":"25","gt_translate_keys":["label"]},{"label":"Kalibrierung & Abnahmepr\u00fcfzeugnis 3.1 (gem\u00e4\u00df EN 10 204)","value":"kalibrierung-abnahmepr\u00fcfzeugnis-3-1","price":"50","gt_translate_keys":["label"]},{"label":"Keine Pr\u00fcfdokumente (\u20ac 8,00 Rabatt)","value":"ohne","price":"-8,00","gt_translate_keys":["label"]}],"relations":false,"active":true,"tooltip":"Bestellen Sie die Zertifizierung oder Kalibrierung f\u00fcr dieses Analysensieb direkt mit:","layOut":"inline","gt_translate_keys":["label","description","tooltip"],"price_dependency":false,"cl_dependency":["wcpa-checkbox-group-66b63cdc94555"],"value":""}],[{"type":"checkbox-group","elementId":"wcpa-checkbox-group-66b63cdc94529","label":"Zus\u00e4tzliche Optionen","inline":true,"enablePrice":true,"priceOptions":"different_for_all","pricingType":"fixed","name":"checkbox-group-66b63cdc94534","min_options":"1","max_options":"1","cl_rule":"hide","cl_val":"ohne","col":6,"values":[{"label":"Lebensmittelechtheit (Verwendung von Weichlot gem\u00e4\u00df DIN EN 29453)","value":"lebensmittelechtheit","price":"0","selected":true,"gt_translate_keys":["label"]},{"label":"Lebensmittelechtheit + Temperaturbest\u00e4ndigkeit bis 200\u00b0C","value":"temperaturbestaendigkeit","price":"7,50","gt_translate_keys":["label"]}],"relations":[{"operator":false,"rules":[{"operator":false,"rules":{"cl_field":"wcpa-radio-group-66b63cdc94513","cl_relation":"is","cl_val":"ohne"}}]}],"active":true,"tooltip":"","layOut":"inline","gt_translate_keys":["label","tooltip"],"price_dependency":false,"cl_dependency":false,"value":""}],[{"type":"checkbox-group","required":true,"elementId":"wcpa-checkbox-group-66b63cdc9453f","label":"Sprache der Lasergravur","inline":true,"priceOptions":"different_for_all","pricingType":"fixed","name":"checkbox-group-66b63cdc9454a","min_options":"1","max_options":"1","cl_rule":"hide","cl_val":"ohne","col":6,"values":[{"label":"Englisch","value":"englisch","price":"7,50","gt_translate_keys":["label"]},{"label":"Deutsch (Lieferzeit bis zu 14 Tage)","value":"deutsch","price":"2,00","gt_translate_keys":["label"]}],"relations":[{"operator":false,"rules":[{"operator":false,"rules":{"cl_field":"wcpa-radio-group-66b63cdc94513","cl_relation":"is","cl_val":"ohne"}}]}],"active":true,"tooltip":"","layOut":"inline","gt_translate_keys":["label","tooltip"],"price_dependency":false,"cl_dependency":false,"value":""}],[{"type":"checkbox-group","required":true,"elementId":"wcpa-checkbox-group-66b63cdc94555","label":"Sprache der Pr\u00fcfdokumentation","inline":true,"priceOptions":"different_for_all","pricingType":"fixed","name":"checkbox-group-66b63cdc94561","min_options":"1","max_options":"1","enableCl":true,"cl_rule":"hide","cl_val":"ohne","col":6,"values":[{"label":"Englisch","value":"englisch","price":"7,50","gt_translate_keys":["label"]},{"label":"Deutsch","value":"deutsch","price":"2,00","gt_translate_keys":["label"]}],"relations":[{"operator":false,"rules":[{"operator":false,"rules":{"cl_field":"wcpa-radio-group-66b63cdc94513","cl_relation":"is","cl_val":"ohne"}}]}],"active":true,"tooltip":"","layOut":"inline","gt_translate_keys":["label","tooltip"],"price_dependency":false,"cl_dependency":false,"value":""}]]}},"config":{"price_override":"","enable_recaptcha":false,"bind_quantity":false,"quantity_bind_formula":false,"disp_summ_show_option_price":true,"disp_summ_show_product_price":true,"disp_summ_show_total_price":true,"disp_summ_show_fee":false,"disp_summ_show_discount":false,"summary_title":"","options_total_label":"Preisoptionen","total_label":"Gesamtpreis","options_product_label":"Produktpreis ohne Optionen","fee_label":"Geb\u00fchr","discount_label":"Discount","has_price":true,"has_quantity_formula":false},"mc_unit":1,"tax_rate":1.19,"tax_rate_real":0.19,"discount":{"percentage":0,"fixed":0},"design":{"conf":{"LabelPosition":"above","DescPosition":"above","UploadField":"custom_1","QuantityFieldStyle":"default"},"css":{"LeftLabelWidth":"120px"}},"formulas":[],"lookuptables":[],"clones":false,"cartKey":false}},"_links":{"self":[{"href":"https:\/\/analysensiebe.de\/shop\/wp-json\/wp\/v2\/product\/5900","targetHints":{"allow":["GET"]}}],"collection":[{"href":"https:\/\/analysensiebe.de\/shop\/wp-json\/wp\/v2\/product"}],"about":[{"href":"https:\/\/analysensiebe.de\/shop\/wp-json\/wp\/v2\/types\/product"}],"wp:featuredmedia":[{"embeddable":true,"href":"https:\/\/analysensiebe.de\/shop\/wp-json\/wp\/v2\/media\/5901"}],"wp:attachment":[{"href":"https:\/\/analysensiebe.de\/shop\/wp-json\/wp\/v2\/media?parent=5900"}],"wp:term":[{"taxonomy":"product_brand","embeddable":true,"href":"https:\/\/analysensiebe.de\/shop\/wp-json\/wp\/v2\/product_brand?post=5900"},{"taxonomy":"product_cat","embeddable":true,"href":"https:\/\/analysensiebe.de\/shop\/wp-json\/wp\/v2\/product_cat?post=5900"},{"taxonomy":"product_tag","embeddable":true,"href":"https:\/\/analysensiebe.de\/shop\/wp-json\/wp\/v2\/product_tag?post=5900"}],"curies":[{"name":"wp","href":"https:\/\/api.w.org\/{rel}","templated":true}]}}