{"id":5567,"date":"2024-02-24T12:53:53","date_gmt":"2024-02-24T12:53:53","guid":{"rendered":"https:\/\/analysensiebe.de\/shop\/?post_type=product&#038;p=5567"},"modified":"2026-03-12T07:14:21","modified_gmt":"2026-03-12T07:14:21","slug":"analysensiebe-zubehoer-siebdeckel-300-mm","status":"publish","type":"product","link":"https:\/\/analysensiebe.de\/shop\/produkt\/analysensiebe-zubehoer-siebdeckel-300-mm\/","title":{"rendered":"Analysensiebe Zubeh\u00f6r"},"content":{"rendered":"<p><a href=\"https:\/\/analysensiebe.de\/shop\/wp-content\/uploads\/sites\/13\/2026\/01\/Zubehoer-Header.png\"><img loading=\"lazy\" decoding=\"async\" class=\"alignright wp-image-6562 \" src=\"https:\/\/analysensiebe.de\/shop\/wp-content\/uploads\/sites\/13\/2026\/01\/Zubehoer-Header-1024x486.png\" alt=\"\" width=\"451\" height=\"214\" srcset=\"https:\/\/analysensiebe.de\/shop\/wp-content\/uploads\/sites\/13\/2026\/01\/Zubehoer-Header-1024x486.png 1024w, https:\/\/analysensiebe.de\/shop\/wp-content\/uploads\/sites\/13\/2026\/01\/Zubehoer-Header-300x143.png 300w, https:\/\/analysensiebe.de\/shop\/wp-content\/uploads\/sites\/13\/2026\/01\/Zubehoer-Header-768x365.png 768w, https:\/\/analysensiebe.de\/shop\/wp-content\/uploads\/sites\/13\/2026\/01\/Zubehoer-Header-600x285.png 600w, https:\/\/analysensiebe.de\/shop\/wp-content\/uploads\/sites\/13\/2026\/01\/Zubehoer-Header.png 1280w\" sizes=\"auto, (max-width: 451px) 100vw, 451px\" \/><\/a>Siebdeckel, wie alle Blau-Metall Analysensiebe, liefern wir in robuster Edelstahlausf\u00fchrung f\u00fcr hohe Stabilit\u00e4t und Lebensdauer. Der Siebdeckel dient dem Schutz des Analysensiebes bzw. Siebsatzes vor Staub und Kontamination w\u00e4hrend der Lagerung und erlaubt es au\u00dferdem klassifiziertes Material im einzelnen Sieb oder im gesamten Siebturm zu lagern.<\/p>\n<table style=\"border-top: 2px solid black; border-bottom: 2px solid black; width: 28.837%; height: 122px;\">\n<tbody>\n<tr style=\"height: 24px;\">\n<td style=\"height: 24px;\"><span style=\"color: #000000;\">Artikel Nr.:<\/span><\/td>\n<td style=\"height: 24px;\"><span style=\"color: #000000;\">1531<\/span><\/td>\n<\/tr>\n<tr style=\"height: 24px;\">\n<td style=\"height: 24px;\"><span style=\"color: #000000;\">Durchmesser:<\/span><\/td>\n<td style=\"height: 24px;\"><span style=\"color: #000000;\">300 mm<\/span><\/td>\n<\/tr>\n<tr style=\"height: 24px;\">\n<td style=\"height: 24px;\"><span style=\"color: #000000;\">Nutzh\u00f6he:<\/span><\/td>\n<td style=\"height: 24px;\"><span style=\"color: #000000;\">ca. 45 mm (ohne Griff)<\/span><\/td>\n<\/tr>\n<tr style=\"height: 24px;\">\n<td style=\"height: 24px;\"><span style=\"color: #000000;\">Material:<\/span><\/td>\n<td style=\"height: 24px;\"><span style=\"color: #000000;\">Edelstahl 1.4301<\/span><\/td>\n<\/tr>\n<tr style=\"height: 24px;\">\n<td style=\"height: 24px;\"><span style=\"color: #000000;\">Handgriff:<\/span><\/td>\n<td style=\"height: 24px;\"><span style=\"color: #000000;\">Kunststoff<\/span><\/td>\n<\/tr>\n<tr style=\"height: 24px;\">\n<td style=\"height: 24px;\"><span style=\"color: #000000;\">Gewicht:<\/span><\/td>\n<td style=\"height: 24px;\"><span style=\"color: #000000;\">ca. 0,87 kg<\/span><\/td>\n<\/tr>\n<\/tbody>\n<\/table>\n<p>&nbsp;<\/p>\n<h6><span style=\"font-family: helvetica, arial, sans-serif;\"><strong>Alle Vorteile von Blau-Metall Analysensieben<\/strong><\/span><\/h6>\n<p style=\"padding-left: 30px;\"><span style=\"font-family: helvetica, arial, sans-serif;\"><br \/>\n\u2699 Stabile Edelstahl Konstruktion f\u00fcr lange Lebensdauer (Rahmen, Spannring &amp; Siebboden aus 1.4301 \/ 1.4401)<br \/>\n\u2699 Pr\u00e4zise Einhaltung der Nennlochweiten &amp; normkonforme Pr\u00fcfung<br \/>\n\u2699 Glatte Rahmenoberfl\u00e4che zur Vermeidung von Kontamination<br \/>\n\u2699 Kompatibilit\u00e4t mit vergleichbaren Analysensieben anderer Hersteller<br \/>\n\u2699 Laser-Gravur mit Seriennummer f\u00fcr vollst\u00e4ndige R\u00fcckverfolgbarkeit<\/span><\/p>\n<h6>Weiterf\u00fchrende Links:<\/h6>\n<div class=\"wvlinks\">\n<p style=\"padding-left: 40px;\">\u27a1 <a href=\"https:\/\/analysensiebe.de\/bml\/zubehor\/\">Blau-Metall Siebzubeh\u00f6r<\/a><\/p>\n<p style=\"padding-left: 40px;\">\u27a1<a href=\"https:\/\/analysensiebe.de\/bml\/siebanalyse-in-nationalen-internationalen-standards\/\"> Siebanalyse in nationalen &amp; internationalen Normen<\/a><\/p>\n<p style=\"padding-left: 40px;\">\u27a1 <a href=\"https:\/\/analysensiebe.de\/bml\/zertifizierung\/\">Details zu Normkonformit\u00e4t &amp; Zertifizierung<\/a><\/p>\n<\/div>\n<p style=\"text-align: center;\"><a href=\"https:\/\/analysensiebe.de\/shop\/wp-content\/uploads\/sites\/13\/2024\/02\/accessories_bottom_banner.jpg\"><img loading=\"lazy\" decoding=\"async\" class=\"wp-image-6586 size-large aligncenter\" src=\"https:\/\/analysensiebe.de\/shop\/wp-content\/uploads\/sites\/13\/2024\/02\/accessories_bottom_banner-1024x461.jpg\" alt=\"\" width=\"780\" height=\"351\" srcset=\"https:\/\/analysensiebe.de\/shop\/wp-content\/uploads\/sites\/13\/2024\/02\/accessories_bottom_banner-1024x461.jpg 1024w, https:\/\/analysensiebe.de\/shop\/wp-content\/uploads\/sites\/13\/2024\/02\/accessories_bottom_banner-300x135.jpg 300w, https:\/\/analysensiebe.de\/shop\/wp-content\/uploads\/sites\/13\/2024\/02\/accessories_bottom_banner-768x346.jpg 768w, https:\/\/analysensiebe.de\/shop\/wp-content\/uploads\/sites\/13\/2024\/02\/accessories_bottom_banner-1536x691.jpg 1536w, https:\/\/analysensiebe.de\/shop\/wp-content\/uploads\/sites\/13\/2024\/02\/accessories_bottom_banner-600x270.jpg 600w, https:\/\/analysensiebe.de\/shop\/wp-content\/uploads\/sites\/13\/2024\/02\/accessories_bottom_banner.jpg 1920w\" sizes=\"auto, (max-width: 780px) 100vw, 780px\" \/><\/a><\/p>\n","protected":false},"excerpt":{"rendered":"<p>Siebdeckel, wie alle Blau-Metall Analysensiebe, liefern wir in robuster Edelstahlausf\u00fchrung f\u00fcr hohe Stabilit\u00e4t und Lebensdauer. Der Siebdeckel dient dem Schutz [&hellip;]<\/p>\n","protected":false},"featured_media":5568,"template":"","meta":{"_monsterinsights_skip_tracking":false,"_monsterinsights_sitenote_active":false,"_monsterinsights_sitenote_note":"","_monsterinsights_sitenote_category":0},"product_brand":[],"product_cat":[49,583,592],"product_tag":[734],"class_list":{"0":"post-5567","1":"product","2":"type-product","3":"status-publish","4":"has-post-thumbnail","6":"product_cat-durchmesser","7":"product_cat-300-mm","8":"product_cat-300-mm-zubehoer","9":"product_tag-300-mm-zubehoer","10":"post-thumbnail-displayed","12":"first","13":"outofstock","14":"taxable","15":"shipping-taxable","16":"purchasable","17":"product-type-simple"},"aioseo_notices":[],"wcpa_form_fields":null,"_links":{"self":[{"href":"https:\/\/analysensiebe.de\/shop\/wp-json\/wp\/v2\/product\/5567","targetHints":{"allow":["GET"]}}],"collection":[{"href":"https:\/\/analysensiebe.de\/shop\/wp-json\/wp\/v2\/product"}],"about":[{"href":"https:\/\/analysensiebe.de\/shop\/wp-json\/wp\/v2\/types\/product"}],"wp:featuredmedia":[{"embeddable":true,"href":"https:\/\/analysensiebe.de\/shop\/wp-json\/wp\/v2\/media\/5568"}],"wp:attachment":[{"href":"https:\/\/analysensiebe.de\/shop\/wp-json\/wp\/v2\/media?parent=5567"}],"wp:term":[{"taxonomy":"product_brand","embeddable":true,"href":"https:\/\/analysensiebe.de\/shop\/wp-json\/wp\/v2\/product_brand?post=5567"},{"taxonomy":"product_cat","embeddable":true,"href":"https:\/\/analysensiebe.de\/shop\/wp-json\/wp\/v2\/product_cat?post=5567"},{"taxonomy":"product_tag","embeddable":true,"href":"https:\/\/analysensiebe.de\/shop\/wp-json\/wp\/v2\/product_tag?post=5567"}],"curies":[{"name":"wp","href":"https:\/\/api.w.org\/{rel}","templated":true}]}}