{"id":5386,"date":"2023-09-05T19:01:19","date_gmt":"2023-09-05T19:01:19","guid":{"rendered":"https:\/\/analysensiebe.de\/shop\/?post_type=product&#038;p=5386"},"modified":"2024-08-07T19:08:16","modified_gmt":"2024-08-07T19:08:16","slug":"analysensieb-200-quadratloch-190","status":"publish","type":"product","link":"https:\/\/analysensiebe.de\/shop\/produkt\/analysensieb-200-quadratloch-190\/","title":{"rendered":"Analysensieb Quadratloch"},"content":{"rendered":"<p><a href=\"https:\/\/analysensiebe.de\/shop\/wp-content\/uploads\/sites\/13\/2019\/10\/IMG_1373-scaled.jpg\"><img loading=\"lazy\" decoding=\"async\" class=\"alignright wp-image-4960 \" src=\"https:\/\/analysensiebe.de\/shop\/wp-content\/uploads\/sites\/13\/2019\/10\/IMG_1373-1024x829.jpg\" alt=\"\" width=\"450\" height=\"364\" srcset=\"https:\/\/analysensiebe.de\/shop\/wp-content\/uploads\/sites\/13\/2019\/10\/IMG_1373-1024x829.jpg 1024w, https:\/\/analysensiebe.de\/shop\/wp-content\/uploads\/sites\/13\/2019\/10\/IMG_1373-300x243.jpg 300w, https:\/\/analysensiebe.de\/shop\/wp-content\/uploads\/sites\/13\/2019\/10\/IMG_1373-768x621.jpg 768w, https:\/\/analysensiebe.de\/shop\/wp-content\/uploads\/sites\/13\/2019\/10\/IMG_1373-1536x1243.jpg 1536w, https:\/\/analysensiebe.de\/shop\/wp-content\/uploads\/sites\/13\/2019\/10\/IMG_1373-2048x1657.jpg 2048w, https:\/\/analysensiebe.de\/shop\/wp-content\/uploads\/sites\/13\/2019\/10\/IMG_1373-600x486.jpg 600w\" sizes=\"auto, (max-width: 450px) 100vw, 450px\" \/><\/a>Auf Basis der DIN ISO 3310 bietet Blau-Metall ein breites Spektrum an ma\u00dfhaltigen Analysensieben f\u00fcr traditionelle Partikelanalyse in Industrie und Wissenschaft an.<\/p>\n<p>Mittels unserer Produktpalette von Rundloch-, Quadratloch- und Gewebesieben bieten wir f\u00fcr alle Siebaufgaben die passende L\u00f6sung: Handsiebung, konventionelle Siebanalyse von Sch\u00fcttg\u00fctern sowie Trocken- und Nasssiebung. Unter Einhaltung der internationalen Norm ISO 3310 und l\u00fcckenloser Qualit\u00e4tspr\u00fcfung bieten Blau-Metall Analysensiebe eine hohe Pr\u00e4zision und Zuverl\u00e4ssigkeit.<\/p>\n<p>Alle Blau-Metall Siebe nach DIN ISO 3310 bestehen aus einem stabilen Edelstahlrahmen und verwenden Lochblech aus Edelstahl um eine hohe Formstabilit\u00e4t und zuverl\u00e4ssige Siebung zu garantieren.<\/p>\n<p>Analysensiebe mit Quadratl\u00f6chern nach DIN ISO 3310-2 finden Anwendung in einer Vielzahl von Industriezweigen, vornehmlich im Bereich der Bestimmung von Gesteinsk\u00f6rnungen in Bodenanalysen, die Bestimmung von Lieferk\u00f6rnungen im Bauwesen (Stra\u00dfenbau, Beton, M\u00f6rtel) und Korngr\u00f6\u00dfenverteilungs-Analysen in diversen anderen Bereichen. Unsere Siebe werden in robuster Edelstahl Ausf\u00fchrung gefertigt und eine l\u00fcckenlose optische Inspektion garantiert die Einhaltung von nationalen und internationalen Standards.<\/p>\n<p><a href=\"https:\/\/analysensiebe.de\/shop\/wp-content\/uploads\/sites\/13\/2019\/10\/IMG_3575-scaled.jpg\"><img loading=\"lazy\" decoding=\"async\" class=\"alignright wp-image-4961\" src=\"https:\/\/analysensiebe.de\/shop\/wp-content\/uploads\/sites\/13\/2019\/10\/IMG_3575-1024x683.jpg\" alt=\"\" width=\"450\" height=\"300\" srcset=\"https:\/\/analysensiebe.de\/shop\/wp-content\/uploads\/sites\/13\/2019\/10\/IMG_3575-1024x683.jpg 1024w, https:\/\/analysensiebe.de\/shop\/wp-content\/uploads\/sites\/13\/2019\/10\/IMG_3575-300x200.jpg 300w, https:\/\/analysensiebe.de\/shop\/wp-content\/uploads\/sites\/13\/2019\/10\/IMG_3575-768x512.jpg 768w, https:\/\/analysensiebe.de\/shop\/wp-content\/uploads\/sites\/13\/2019\/10\/IMG_3575-1536x1024.jpg 1536w, https:\/\/analysensiebe.de\/shop\/wp-content\/uploads\/sites\/13\/2019\/10\/IMG_3575-2048x1365.jpg 2048w, https:\/\/analysensiebe.de\/shop\/wp-content\/uploads\/sites\/13\/2019\/10\/IMG_3575-600x400.jpg 600w, https:\/\/analysensiebe.de\/shop\/wp-content\/uploads\/sites\/13\/2019\/10\/IMG_3575-272x182.jpg 272w\" sizes=\"auto, (max-width: 450px) 100vw, 450px\" \/><\/a>Vor Verlassen unseres Hauses wird jedes Analysensieb nach den Vorgaben der jeweiligen Norm unter Verwendung moderner digitaler Messtechnik \u00fcberpr\u00fcft und mit einer Werksbescheinigung ausgestattet. Die individuelle Lasergravur jedes Blau-Metall Siebes l\u00e4sst eine eindeutige R\u00fcckverfolgung zu. Auf Kundenwunsch werden die Siebe mit einem speziellen Abnahmepr\u00fcfzeugnis oder Kalibrierzertifikat geliefert; Kalibriermessungen zur Ermittlung von Daten von hoher statistischer Sicherheit sind nach den Bed\u00fcrfnissen des Kunden ohne weiteres m\u00f6glich.<\/p>\n<h6><span style=\"font-family: helvetica, arial, sans-serif;\"><strong>Alle Vorteile von Blau-Metall Analysensieben<\/strong><\/span><\/h6>\n<p style=\"padding-left: 30px;\"><span style=\"font-family: helvetica, arial, sans-serif;\"><br \/>\n\u2699 Stabile Edelstahl Konstruktion f\u00fcr lange Lebensdauer (Rahmen, Spannring &amp; Siebboden aus 1.4301 \/ 1.4401)<br \/>\n\u2699 Pr\u00e4zise Einhaltung der Nennlochweiten &amp; normkonforme Pr\u00fcfung<br \/>\n\u2699 Glatte Rahmenoberfl\u00e4che zur Vermeidung von Kontamination<br \/>\n\u2699 Kompatibilit\u00e4t mit vergleichbaren Analysensieben anderer Hersteller<br \/>\n\u2699 Laser-Gravur mit Seriennummer f\u00fcr vollst\u00e4ndige R\u00fcckverfolgbarkeit<\/span><\/p>\n<h6>Weiterf\u00fchrende Links:<\/h6>\n<div class=\"wvlinks\">\n<p style=\"padding-left: 40px;\">\u27a1 <a href=\"https:\/\/analysensiebe.de\/bml\/analysensiebe-nach-din-iso-3310\/\">Blau-Metall Analysensiebe nach DIN ISO 3310-2<\/a><\/p>\n<p style=\"padding-left: 40px;\">\u27a1<a href=\"https:\/\/analysensiebe.de\/bml\/siebanalyse-in-nationalen-internationalen-standards\/\"> Siebanalyse in nationalen &amp; internationalen Normen<\/a><\/p>\n<p style=\"padding-left: 40px;\">\u27a1 <a href=\"https:\/\/analysensiebe.de\/bml\/zertifizierung\/\">Details zu Normkonformit\u00e4t &amp; Zertifizierung<\/a><\/p>\n<\/div>\n<p><a href=\"https:\/\/analysensiebe.de\/shop\/wp-content\/uploads\/sites\/13\/2019\/10\/IMG_3548-scaled.jpg\"><img loading=\"lazy\" decoding=\"async\" class=\"aligncenter wp-image-4962\" src=\"https:\/\/analysensiebe.de\/shop\/wp-content\/uploads\/sites\/13\/2019\/10\/IMG_3548-scaled.jpg\" alt=\"\" width=\"1600\" height=\"391\" srcset=\"https:\/\/analysensiebe.de\/shop\/wp-content\/uploads\/sites\/13\/2019\/10\/IMG_3548-scaled.jpg 2560w, https:\/\/analysensiebe.de\/shop\/wp-content\/uploads\/sites\/13\/2019\/10\/IMG_3548-300x73.jpg 300w, https:\/\/analysensiebe.de\/shop\/wp-content\/uploads\/sites\/13\/2019\/10\/IMG_3548-1024x250.jpg 1024w, https:\/\/analysensiebe.de\/shop\/wp-content\/uploads\/sites\/13\/2019\/10\/IMG_3548-768x188.jpg 768w, https:\/\/analysensiebe.de\/shop\/wp-content\/uploads\/sites\/13\/2019\/10\/IMG_3548-1536x376.jpg 1536w, https:\/\/analysensiebe.de\/shop\/wp-content\/uploads\/sites\/13\/2019\/10\/IMG_3548-2048x501.jpg 2048w, https:\/\/analysensiebe.de\/shop\/wp-content\/uploads\/sites\/13\/2019\/10\/IMG_3548-600x147.jpg 600w\" sizes=\"auto, (max-width: 1600px) 100vw, 1600px\" \/><\/a><\/p>\n","protected":false},"excerpt":{"rendered":"<table style=\"border-top: 2px solid black; border-bottom: 2px solid black;\">\n<tbody>\n<tr>\n<td>Artikel Nr.:<\/td>\n<td>513134<\/td>\n<\/tr>\n<tr>\n<td><strong>Nennlochweite w \/ mm<\/strong><\/td>\n<td><strong>19,0<\/strong><\/td>\n<\/tr>\n<tr>\n<td>Lochteilung p \/ mm<\/td>\n<td>24,0<\/td>\n<\/tr>\n<tr>\n<td>Siebdurchmesser mm<\/td>\n<td>200<\/td>\n<\/tr>\n<tr>\n<td>Nutzh\u00f6he H<sub>1<\/sub> \/ mm<\/td>\n<td>32 oder 50<\/td>\n<\/tr>\n<tr>\n<td>Rahmenmaterial<\/td>\n<td>Edelstahl<\/td>\n<\/tr>\n<tr>\n<td>Siebmedium<\/td>\n<td>Lochblech aus Edelstahl<\/td>\n<\/tr>\n<tr>\n<td>Normen<\/td>\n<td>DIN ISO 3310-2, ASTM E323<\/td>\n<\/tr>\n<tr>\n<td>G\u00fcteklasse<\/td>\n<td>Standard<\/td>\n<\/tr>\n<\/tbody>\n<\/table>\n","protected":false},"featured_media":623,"template":"","meta":{"_monsterinsights_skip_tracking":false,"_monsterinsights_sitenote_active":false,"_monsterinsights_sitenote_note":"","_monsterinsights_sitenote_category":0},"product_brand":[],"product_cat":[575,395,548,550,554,578,49,15,35,37,41,44,46,47,48,50,53,54],"product_tag":[],"class_list":{"0":"post-5386","1":"product","2":"type-product","3":"status-publish","4":"has-post-thumbnail","6":"product_cat-200-mm-typ","7":"product_cat-featured","8":"product_cat-200-mm-norm","9":"product_cat-200-mm-norm-astm-e323","10":"product_cat-200-mm-norm-din-iso-3310-2","11":"product_cat-200-mm-typ-quadratloch","12":"product_cat-durchmesser","13":"product_cat-norm","14":"product_cat-din-iso-3310-2","15":"product_cat-astm-e323","16":"product_cat-siebtyp","17":"product_cat-quadratloch","18":"product_cat-nutzhoehe","19":"product_cat-32mm","20":"product_cat-50mm","21":"product_cat-200mm","22":"product_cat-rahmenmaterial","23":"product_cat-edelstahl-rahmen","24":"wcpa_has_options","25":"post-thumbnail-displayed","27":"first","28":"instock","29":"taxable","30":"shipping-taxable","31":"purchasable","32":"product-type-simple"},"aioseo_notices":[],"wcpa_form_fields":{"rules":{"pric_overide_base_price":false,"pric_overide_base_price_if_gt_zero":false,"pric_cal_option_once":false,"pric_use_as_fee":false,"bind_quantity":false,"quantity_bind_formula":false},"fields":[{"type":"checkbox-group","required":true,"elementId":"wcpa-checkbox-group-5da207f18e95d","label":"Nutzh\u00f6he \/ Siebtiefe H1","description":"Nutzh\u00f6he \/ Tiefe H1 des Analysensiebs, wie definiert in DIN ISO 2395","desc_type":true,"inline":true,"enablePrice":true,"priceOptions":"different_for_all","pricingType":"fixed","name":"checkbox-group-5da207f18e9be","min_options":"1","max_options":"1","cl_rule":"show","col":"3","values":[{"label":"32 mm","value":"32mm","price":"0,00"},{"label":"50 mm","value":"50mm","price":"2,00"}],"relations":false,"form_id":480,"form_rules":{"pric_cal_option_once":false,"exclude_from_discount":false,"pric_use_as_fee":false,"fee_label":"Geb\u00fchr","render_after_acb":false,"disp_hide_options_price":false}},{"type":"checkbox-group","required":true,"elementId":"wcpa-checkbox-group-5da207f18ea17","label":"Norm","description":"Welcher Norm soll dieses Analysensieb entsprechen?","desc_type":true,"inline":true,"priceOptions":"different_for_all","pricingType":"fixed","name":"checkbox-group-5da207f18ea6d","min_options":"1","max_options":"1","cl_rule":"show","col":"3","values":[{"label":"DIN ISO 3310-2","value":"din-iso-3310-2","price":""},{"label":"ASTM E323","value":"astm-e323","price":""}],"relations":[{"operator":false,"rules":[]}],"form_id":480,"form_rules":{"pric_cal_option_once":false,"exclude_from_discount":false,"pric_use_as_fee":false,"fee_label":"Geb\u00fchr","render_after_acb":false,"disp_hide_options_price":false}},{"type":"paragraph","subtype":"p","label":"<span style=\"font-family: montserrat;font-weight: 500;color: black\"><span style=\"font-size: 14pt\">Technische Daten:<\/span><\/span>\n<a href=\"https:\/\/analysensiebe.de\/public_docs\/Technische%20Daten%20-%20Blau-Metall%20Lochblech%20Analysensiebe,%20200%20x%2032%20mm.pdf\"><span style=\"text-decoration: underline\"><span style=\"color: #039bd5;text-decoration: underline\"><span style=\"font-size: 11pt\">Blau-Metall Lochblech-Analysensiebe, <b>200 x 32 mm <\/b>(PDF-Datenblatt)<\/span><\/span><\/span><\/a>\n<a href=\"https:\/\/analysensiebe.de\/public_docs\/Technische%20Daten%20-%20Blau-Metall%20Lochblech%20Analysensiebe,%20200%20x%2050%20mm.pdf\"><span style=\"text-decoration: underline\"><span style=\"color: #039bd5;text-decoration: underline\"><span style=\"font-size: 11pt\">Blau-Metall Lochblech-Analysensiebe, <b>200 x 50 mm<\/b> (PDF-Datenblatt)<\/span><\/span><\/span><\/a>","elementId":"wcpa-paragraph-1736019979585","pricingType":"fixed","cl_rule":"show","col":6,"relations":false,"form_id":480,"form_rules":{"pric_cal_option_once":false,"exclude_from_discount":false,"pric_use_as_fee":false,"fee_label":"Geb\u00fchr","render_after_acb":false,"disp_hide_options_price":false}},{"type":"radio-group","required":true,"elementId":"wcpa-radio-group-5da207f18eac2","label":"Zertifizierung, Kalibrierung &amp; Dokumentation","description":"Bestellen Sie die Zertifizierung oder Kalibrierung nach DIN ISO 3310 f\u00fcr dieses Analysensieb direkt mit:","desc_type":true,"inline":true,"enablePrice":true,"priceOptions":"different_for_all","pricingType":"fixed","name":"radio-group-5da207f18eb16","min_options":"1","max_options":"2","cl_rule":"show","col":6,"values":[{"label":"Werksbescheinigung 2.1 gem\u00e4\u00df EN 10204 + Analysensieb Stammkarte","value":"werksbescheinigung-stammkarte","price":"0,00"},{"label":"Zertifizierung &amp; Abnahmepr\u00fcfzeugnis 3.1 (gem\u00e4\u00df EN 10 204)","value":"zertifizierung-abnahmepr\u00fcfzeugnis-3-1","price":"22,50"},{"label":"Kalibrierung &amp; Abnahmepr\u00fcfzeugnis 3.1 (gem\u00e4\u00df EN 10 204)","value":"kalibrierung-abnahmepr\u00fcfzeugnis-3-1","price":"40"}],"relations":false,"form_id":480,"form_rules":{"pric_cal_option_once":false,"exclude_from_discount":false,"pric_use_as_fee":false,"fee_label":"Geb\u00fchr","render_after_acb":false,"disp_hide_options_price":false}},{"type":"checkbox-group","elementId":"wcpa-checkbox-group-5da207f18ecd4","label":"Zus\u00e4tzliche Optionen","inline":true,"enablePrice":true,"priceOptions":"different_for_all","pricingType":"fixed","name":"checkbox-group-5da207f18ed2a","max_options":"1","cl_rule":"show","col":6,"values":[{"label":"Lebensmittelechtheit (Verwendung von Weichlot gem\u00e4\u00df DIN EN 29453)","value":"lebensmittelechtheit","price":"4,5"},{"label":"Lebensmittelechtheit + Temperaturbest\u00e4ndigkeit bis 200\u00b0C","value":"temperaturbestaendigkeit","price":"12"}],"relations":false,"form_id":480,"form_rules":{"pric_cal_option_once":false,"exclude_from_discount":false,"pric_use_as_fee":false,"fee_label":"Geb\u00fchr","render_after_acb":false,"disp_hide_options_price":false}},{"type":"checkbox-group","required":true,"elementId":"wcpa-checkbox-group-5da207f18ed7f","label":"Sprache der Lasergravur &amp; Pr\u00fcfdokumentation","inline":true,"priceOptions":"different_for_all","pricingType":"fixed","name":"checkbox-group-5da207f18edd4","min_options":"1","max_options":"1","cl_rule":"show","col":6,"values":[{"label":"Deutsch","value":"deutsch","price":"2,00"},{"label":"Englisch (Lieferzeit 8-12 Tage)","value":"englisch","price":"7,50"}],"relations":false,"form_id":480,"form_rules":{"pric_cal_option_once":false,"exclude_from_discount":false,"pric_use_as_fee":false,"fee_label":"Geb\u00fchr","render_after_acb":false,"disp_hide_options_price":false}}]},"_links":{"self":[{"href":"https:\/\/analysensiebe.de\/shop\/wp-json\/wp\/v2\/product\/5386","targetHints":{"allow":["GET"]}}],"collection":[{"href":"https:\/\/analysensiebe.de\/shop\/wp-json\/wp\/v2\/product"}],"about":[{"href":"https:\/\/analysensiebe.de\/shop\/wp-json\/wp\/v2\/types\/product"}],"wp:featuredmedia":[{"embeddable":true,"href":"https:\/\/analysensiebe.de\/shop\/wp-json\/wp\/v2\/media\/623"}],"wp:attachment":[{"href":"https:\/\/analysensiebe.de\/shop\/wp-json\/wp\/v2\/media?parent=5386"}],"wp:term":[{"taxonomy":"product_brand","embeddable":true,"href":"https:\/\/analysensiebe.de\/shop\/wp-json\/wp\/v2\/product_brand?post=5386"},{"taxonomy":"product_cat","embeddable":true,"href":"https:\/\/analysensiebe.de\/shop\/wp-json\/wp\/v2\/product_cat?post=5386"},{"taxonomy":"product_tag","embeddable":true,"href":"https:\/\/analysensiebe.de\/shop\/wp-json\/wp\/v2\/product_tag?post=5386"}],"curies":[{"name":"wp","href":"https:\/\/api.w.org\/{rel}","templated":true}]}}