{"id":532,"date":"2019-10-13T11:51:40","date_gmt":"2019-10-13T11:51:40","guid":{"rendered":"https:\/\/analysensiebe.de\/shop\/?post_type=product&#038;p=532"},"modified":"2024-08-09T18:53:53","modified_gmt":"2024-08-09T18:53:53","slug":"analysensieb-200-rundloch-16","status":"publish","type":"product","link":"https:\/\/analysensiebe.de\/shop\/produkt\/analysensieb-200-rundloch-16\/","title":{"rendered":"Analysensieb Rundloch"},"content":{"rendered":"<p><a href=\"https:\/\/analysensiebe.de\/shop\/wp-content\/uploads\/sites\/13\/2022\/10\/IMG_8346-scaled.jpg\"><img loading=\"lazy\" decoding=\"async\" class=\"alignright wp-image-4951 \" src=\"https:\/\/analysensiebe.de\/shop\/wp-content\/uploads\/sites\/13\/2022\/10\/IMG_8346-1024x851.jpg\" alt=\"\" width=\"445\" height=\"370\" srcset=\"https:\/\/analysensiebe.de\/shop\/wp-content\/uploads\/sites\/13\/2022\/10\/IMG_8346-1024x851.jpg 1024w, https:\/\/analysensiebe.de\/shop\/wp-content\/uploads\/sites\/13\/2022\/10\/IMG_8346-300x249.jpg 300w, https:\/\/analysensiebe.de\/shop\/wp-content\/uploads\/sites\/13\/2022\/10\/IMG_8346-768x639.jpg 768w, https:\/\/analysensiebe.de\/shop\/wp-content\/uploads\/sites\/13\/2022\/10\/IMG_8346-1536x1277.jpg 1536w, https:\/\/analysensiebe.de\/shop\/wp-content\/uploads\/sites\/13\/2022\/10\/IMG_8346-2048x1703.jpg 2048w, https:\/\/analysensiebe.de\/shop\/wp-content\/uploads\/sites\/13\/2022\/10\/IMG_8346-600x499.jpg 600w\" sizes=\"auto, (max-width: 445px) 100vw, 445px\" \/><\/a>Auf Basis der DIN ISO 3310 bietet Blau-Metall ein breites Spektrum an ma\u00dfhaltigen Analysensieben f\u00fcr traditionelle Partikelanalyse in Industrie und Wissenschaft an.<\/p>\n<p>Mittels unserer Produktpalette von Rundloch-, Quadratloch- und Gewebesieben bieten wir f\u00fcr alle Siebaufgaben die passende L\u00f6sung: Handsiebung, konventionelle Siebanalyse von Sch\u00fcttg\u00fctern sowie Trocken- und Nasssiebung. Unter Einhaltung der internationalen Norm ISO 3310 und l\u00fcckenloser Qualit\u00e4tspr\u00fcfung bieten Blau-Metall Analysensiebe eine hohe Pr\u00e4zision und Zuverl\u00e4ssigkeit.<\/p>\n<p>Alle Blau-Metall Siebe nach DIN ISO 3310 bestehen aus einem stabilen Edelstahlrahmen und verwenden Lochblech aus Edelstahl um eine hohe Formstabilit\u00e4t und zuverl\u00e4ssige Siebung zu garantieren.<\/p>\n<p>Analysensiebe mit Rundl\u00f6chern sind ein ma\u00dfgeblicher Bestandteil der Blau-Metall Produktpalette und unsere Antwort auf viele g\u00e4ngige Siebaufgaben in Labor und Industrie. Unsere Siebe werden in robuster Edelstahl Ausf\u00fchrung gefertigt und eine l\u00fcckenlose optische Inspektion garantiert die Einhaltung von nationalen und internationalen Standards.<\/p>\n<p><a href=\"https:\/\/analysensiebe.de\/shop\/wp-content\/uploads\/sites\/13\/2022\/10\/IMG_7981-scaled.jpg\"><img loading=\"lazy\" decoding=\"async\" class=\"alignright wp-image-4952\" src=\"https:\/\/analysensiebe.de\/shop\/wp-content\/uploads\/sites\/13\/2022\/10\/IMG_7981-1024x683.jpg\" alt=\"\" width=\"446\" height=\"297\" srcset=\"https:\/\/analysensiebe.de\/shop\/wp-content\/uploads\/sites\/13\/2022\/10\/IMG_7981-1024x683.jpg 1024w, https:\/\/analysensiebe.de\/shop\/wp-content\/uploads\/sites\/13\/2022\/10\/IMG_7981-300x200.jpg 300w, https:\/\/analysensiebe.de\/shop\/wp-content\/uploads\/sites\/13\/2022\/10\/IMG_7981-768x512.jpg 768w, https:\/\/analysensiebe.de\/shop\/wp-content\/uploads\/sites\/13\/2022\/10\/IMG_7981-1536x1024.jpg 1536w, https:\/\/analysensiebe.de\/shop\/wp-content\/uploads\/sites\/13\/2022\/10\/IMG_7981-2048x1365.jpg 2048w, https:\/\/analysensiebe.de\/shop\/wp-content\/uploads\/sites\/13\/2022\/10\/IMG_7981-600x400.jpg 600w, https:\/\/analysensiebe.de\/shop\/wp-content\/uploads\/sites\/13\/2022\/10\/IMG_7981-272x182.jpg 272w\" sizes=\"auto, (max-width: 446px) 100vw, 446px\" \/><\/a>Vor Verlassen unseres Hauses wird jedes Analysensieb nach den Vorgaben der jeweiligen Norm unter Verwendung moderner digitaler Messtechnik \u00fcberpr\u00fcft und mit einer Werksbescheinigung ausgestattet. Die individuelle Lasergravur jedes Blau-Metall Siebes l\u00e4sst eine eindeutige R\u00fcckverfolgung zu. Auf Kundenwunsch werden die Siebe mit einem speziellen Abnahmepr\u00fcfzeugnis oder Kalibrierzertifikat geliefert; Kalibriermessungen zur Ermittlung von Daten von hoher statistischer Sicherheit sind nach den Bed\u00fcrfnissen des Kunden ohne weiteres m\u00f6glich.<\/p>\n<h6><span style=\"font-family: helvetica, arial, sans-serif;\"><strong>Alle Vorteile von Blau-Metall Analysensieben<\/strong><\/span><\/h6>\n<p style=\"padding-left: 30px;\"><span style=\"font-family: helvetica, arial, sans-serif;\"><br \/>\n\u2699 Stabile Edelstahl Konstruktion f\u00fcr lange Lebensdauer (Rahmen, Spannring &amp; Siebboden aus 1.4301 \/ 1.4401)<br \/>\n\u2699 Pr\u00e4zise Einhaltung der Nennlochweiten &amp; normkonforme Pr\u00fcfung<br \/>\n\u2699 Glatte Rahmenoberfl\u00e4che zur Vermeidung von Kontamination<br \/>\n\u2699 Kompatibilit\u00e4t mit vergleichbaren Analysensieben anderer Hersteller<br \/>\n\u2699 Laser-Gravur mit Seriennummer f\u00fcr vollst\u00e4ndige R\u00fcckverfolgbarkeit<\/span><\/p>\n<h6>Weiterf\u00fchrende Links:<\/h6>\n<div class=\"wvlinks\">\n<p style=\"padding-left: 40px;\">\u27a1 <a href=\"https:\/\/analysensiebe.de\/bml\/analysensiebe-nach-din-iso-3310\/\">Blau-Metall Analysensiebe nach DIN ISO 3310-2<\/a><\/p>\n<p style=\"padding-left: 40px;\">\u27a1<a href=\"https:\/\/analysensiebe.de\/bml\/siebanalyse-in-nationalen-internationalen-standards\/\"> Siebanalyse in nationalen &amp; internationalen Normen<\/a><\/p>\n<p style=\"padding-left: 40px;\">\u27a1 <a href=\"https:\/\/analysensiebe.de\/bml\/zertifizierung\/\">Details zu Normkonformit\u00e4t &amp; Zertifizierung<\/a><\/p>\n<\/div>\n<p><a href=\"https:\/\/analysensiebe.de\/shop\/wp-content\/uploads\/sites\/13\/2022\/10\/IMG_8189-scaled.jpg\"><img loading=\"lazy\" decoding=\"async\" class=\"aligncenter wp-image-4953\" src=\"https:\/\/analysensiebe.de\/shop\/wp-content\/uploads\/sites\/13\/2022\/10\/IMG_8189-scaled.jpg\" alt=\"\" width=\"1600\" height=\"343\" srcset=\"https:\/\/analysensiebe.de\/shop\/wp-content\/uploads\/sites\/13\/2022\/10\/IMG_8189-scaled.jpg 2560w, https:\/\/analysensiebe.de\/shop\/wp-content\/uploads\/sites\/13\/2022\/10\/IMG_8189-300x64.jpg 300w, https:\/\/analysensiebe.de\/shop\/wp-content\/uploads\/sites\/13\/2022\/10\/IMG_8189-1024x219.jpg 1024w, https:\/\/analysensiebe.de\/shop\/wp-content\/uploads\/sites\/13\/2022\/10\/IMG_8189-768x164.jpg 768w, https:\/\/analysensiebe.de\/shop\/wp-content\/uploads\/sites\/13\/2022\/10\/IMG_8189-1536x329.jpg 1536w, https:\/\/analysensiebe.de\/shop\/wp-content\/uploads\/sites\/13\/2022\/10\/IMG_8189-2048x438.jpg 2048w, https:\/\/analysensiebe.de\/shop\/wp-content\/uploads\/sites\/13\/2022\/10\/IMG_8189-600x128.jpg 600w\" sizes=\"auto, (max-width: 1600px) 100vw, 1600px\" \/><\/a><\/p>\n","protected":false},"excerpt":{"rendered":"<table style=\"border-top: 2px solid black; border-bottom: 2px solid black;\">\n<tbody>\n<tr>\n<td>Artikel Nr.:<\/td>\n<td>512105<\/td>\n<\/tr>\n<tr>\n<td><strong>Nennlochweite w \/ mm<\/strong><\/td>\n<td><strong>1,60<\/strong><\/td>\n<\/tr>\n<tr>\n<td>Lochteilung p \/ mm<\/td>\n<td>2,75<\/td>\n<\/tr>\n<tr>\n<td>Siebdurchmesser mm<\/td>\n<td>200<\/td>\n<\/tr>\n<tr>\n<td>Nutzh\u00f6he H<sub>1<\/sub> \/ mm<\/td>\n<td>32 oder 50<\/td>\n<\/tr>\n<tr>\n<td>Rahmenmaterial<\/td>\n<td>Edelstahl<\/td>\n<\/tr>\n<tr>\n<td>Siebmedium<\/td>\n<td>Lochblech aus Edelstahl<\/td>\n<\/tr>\n<tr>\n<td>Normen<\/td>\n<td>DIN ISO 3310-2<\/td>\n<\/tr>\n<tr>\n<td>G\u00fcteklasse<\/td>\n<td>Standard<\/td>\n<\/tr>\n<\/tbody>\n<\/table>\n","protected":false},"featured_media":4717,"template":"","meta":{"_monsterinsights_skip_tracking":false,"_monsterinsights_sitenote_active":false,"_monsterinsights_sitenote_note":"","_monsterinsights_sitenote_category":0},"product_brand":[],"product_cat":[548,554,575,579,50,15,35,41,43,46,47,48,49,53,54],"product_tag":[],"class_list":{"0":"post-532","1":"product","2":"type-product","3":"status-publish","4":"has-post-thumbnail","6":"product_cat-200-mm-norm","7":"product_cat-200-mm-norm-din-iso-3310-2","8":"product_cat-200-mm-typ","9":"product_cat-200-mm-typ-rundloch","10":"product_cat-200mm","11":"product_cat-norm","12":"product_cat-din-iso-3310-2","13":"product_cat-siebtyp","14":"product_cat-rundloch","15":"product_cat-nutzhoehe","16":"product_cat-32mm","17":"product_cat-50mm","18":"product_cat-durchmesser","19":"product_cat-rahmenmaterial","20":"product_cat-edelstahl-rahmen","21":"wcpa_has_options","22":"post-thumbnail-displayed","24":"first","25":"instock","26":"taxable","27":"shipping-taxable","28":"purchasable","29":"product-type-simple"},"aioseo_notices":[],"wcpa_form_fields":{"rules":{"pric_overide_base_price":false,"pric_overide_base_price_if_gt_zero":false,"pric_cal_option_once":false,"pric_use_as_fee":false,"bind_quantity":false,"quantity_bind_formula":false},"fields":[{"type":"checkbox-group","required":true,"elementId":"wcpa-checkbox-group-5da30ffb09880","label":"Nutzh\u00f6he \/ Siebtiefe H1","description":"Nutzh\u00f6he \/ Tiefe H1 des Analysensiebs, wie definiert in DIN ISO 2395","desc_type":true,"inline":true,"enablePrice":true,"priceOptions":"different_for_all","pricingType":"fixed","name":"checkbox-group-5da30ffb098e1","min_options":"1","max_options":"1","cl_rule":"show","col":"3","values":[{"label":"32 mm","value":"32mm","price":"0,00"},{"label":"50 mm","value":"50mm","price":"2,00"}],"relations":false,"form_id":533,"form_rules":{"pric_cal_option_once":false,"exclude_from_discount":false,"pric_use_as_fee":false,"fee_label":"Geb\u00fchr","render_after_acb":false,"disp_hide_options_price":false}},{"type":"checkbox-group","required":true,"elementId":"wcpa-checkbox-group-5da30ffb0993b","label":"Norm","description":"Welcher Norm soll dieses Analysensieb entsprechen?","desc_type":true,"inline":true,"priceOptions":"different_for_all","pricingType":"fixed","name":"checkbox-group-5da30ffb09993","min_options":"1","max_options":"1","cl_rule":"show","col":"3","values":[{"label":"DIN ISO 3310-2","value":"din-iso-3310-2","price":"","selected":true}],"relations":[{"operator":false,"rules":[]}],"form_id":533,"form_rules":{"pric_cal_option_once":false,"exclude_from_discount":false,"pric_use_as_fee":false,"fee_label":"Geb\u00fchr","render_after_acb":false,"disp_hide_options_price":false}},{"type":"paragraph","subtype":"p","label":"<span style=\"font-family: montserrat;font-weight: 500;color: black\"><span style=\"font-size: 14pt\">Technische Daten:<\/span><\/span>\n<a href=\"https:\/\/analysensiebe.de\/public_docs\/Technische%20Daten%20-%20Blau-Metall%20Lochblech%20Analysensiebe,%20200%20x%2032%20mm.pdf\"><span style=\"text-decoration: underline\"><span style=\"color: #039bd5;text-decoration: underline\"><span style=\"font-size: 11pt\">Blau-Metall Lochblech-Analysensiebe, <b>200 x 32 mm <\/b>(PDF-Datenblatt)<\/span><\/span><\/span><\/a>\n<a href=\"https:\/\/analysensiebe.de\/public_docs\/Technische%20Daten%20-%20Blau-Metall%20Lochblech%20Analysensiebe,%20200%20x%2050%20mm.pdf\"><span style=\"text-decoration: underline\"><span style=\"color: #039bd5;text-decoration: underline\"><span style=\"font-size: 11pt\">Blau-Metall Lochblech-Analysensiebe, <b>200 x 50 mm<\/b> (PDF-Datenblatt)<\/span><\/span><\/span><\/a>","elementId":"wcpa-paragraph-1736019955017","pricingType":"fixed","cl_rule":"show","col":6,"relations":false,"form_id":533,"form_rules":{"pric_cal_option_once":false,"exclude_from_discount":false,"pric_use_as_fee":false,"fee_label":"Geb\u00fchr","render_after_acb":false,"disp_hide_options_price":false}},{"type":"radio-group","required":true,"elementId":"wcpa-radio-group-5da30ffb099f7","label":"Zertifizierung, Kalibrierung &amp; Dokumentation","description":"Bestellen Sie die Zertifizierung oder Kalibrierung nach DIN ISO 3310 f\u00fcr dieses Analysensieb direkt mit:","desc_type":true,"inline":true,"enablePrice":true,"priceOptions":"different_for_all","pricingType":"fixed","name":"radio-group-5da30ffb09a4e","min_options":"1","max_options":"2","cl_rule":"show","col":6,"values":[{"label":"Werksbescheinigung 2.1 gem\u00e4\u00df EN 10204 + Analysensieb Stammkarte","value":"werksbescheinigung-stammkarte","price":"0,00"},{"label":"Zertifizierung &amp; Abnahmepr\u00fcfzeugnis 3.1 (gem\u00e4\u00df EN 10 204)","value":"zertifizierung-abnahmepr\u00fcfzeugnis-3-1","price":"22,50"},{"label":"Kalibrierung &amp; Abnahmepr\u00fcfzeugnis 3.1 (gem\u00e4\u00df EN 10 204)","value":"kalibrierung-abnahmepr\u00fcfzeugnis-3-1","price":"40"}],"relations":false,"form_id":533,"form_rules":{"pric_cal_option_once":false,"exclude_from_discount":false,"pric_use_as_fee":false,"fee_label":"Geb\u00fchr","render_after_acb":false,"disp_hide_options_price":false}},{"type":"checkbox-group","elementId":"wcpa-checkbox-group-5da30ffb09aa4","label":"Zus\u00e4tzliche Optionen","inline":true,"enablePrice":true,"priceOptions":"different_for_all","pricingType":"fixed","name":"checkbox-group-5da30ffb09af9","max_options":"1","cl_rule":"show","col":6,"values":[{"label":"Lebensmittelechtheit (Verwendung von Weichlot gem\u00e4\u00df DIN EN 29453)","value":"lebensmittelechtheit","price":"4,5"},{"label":"Lebensmittelechtheit + Temperaturbest\u00e4ndigkeit bis 200\u00b0C","value":"temperaturbestaendigkeit","price":"12,00"}],"relations":false,"form_id":533,"form_rules":{"pric_cal_option_once":false,"exclude_from_discount":false,"pric_use_as_fee":false,"fee_label":"Geb\u00fchr","render_after_acb":false,"disp_hide_options_price":false}},{"type":"checkbox-group","required":true,"elementId":"wcpa-checkbox-group-5da30ffb09b4f","label":"Sprache der Lasergravur &amp; Pr\u00fcfdokumentation","inline":true,"priceOptions":"different_for_all","pricingType":"fixed","name":"checkbox-group-5da30ffb09ba4","min_options":"1","max_options":"1","cl_rule":"show","col":6,"values":[{"label":"Deutsch","value":"deutsch","price":"2,00"},{"label":"Englisch (Lieferzeit bis zu 14 Tage)","value":"englisch","price":"7,50"}],"relations":false,"form_id":533,"form_rules":{"pric_cal_option_once":false,"exclude_from_discount":false,"pric_use_as_fee":false,"fee_label":"Geb\u00fchr","render_after_acb":false,"disp_hide_options_price":false}}]},"_links":{"self":[{"href":"https:\/\/analysensiebe.de\/shop\/wp-json\/wp\/v2\/product\/532","targetHints":{"allow":["GET"]}}],"collection":[{"href":"https:\/\/analysensiebe.de\/shop\/wp-json\/wp\/v2\/product"}],"about":[{"href":"https:\/\/analysensiebe.de\/shop\/wp-json\/wp\/v2\/types\/product"}],"wp:featuredmedia":[{"embeddable":true,"href":"https:\/\/analysensiebe.de\/shop\/wp-json\/wp\/v2\/media\/4717"}],"wp:attachment":[{"href":"https:\/\/analysensiebe.de\/shop\/wp-json\/wp\/v2\/media?parent=532"}],"wp:term":[{"taxonomy":"product_brand","embeddable":true,"href":"https:\/\/analysensiebe.de\/shop\/wp-json\/wp\/v2\/product_brand?post=532"},{"taxonomy":"product_cat","embeddable":true,"href":"https:\/\/analysensiebe.de\/shop\/wp-json\/wp\/v2\/product_cat?post=532"},{"taxonomy":"product_tag","embeddable":true,"href":"https:\/\/analysensiebe.de\/shop\/wp-json\/wp\/v2\/product_tag?post=532"}],"curies":[{"name":"wp","href":"https:\/\/api.w.org\/{rel}","templated":true}]}}