{"id":4591,"date":"2021-12-17T16:34:14","date_gmt":"2021-12-17T16:34:14","guid":{"rendered":"https:\/\/analysensiebe.de\/shop\/?post_type=product&#038;p=4591"},"modified":"2025-01-21T18:30:46","modified_gmt":"2025-01-21T18:30:46","slug":"abverkauf-b034","status":"publish","type":"product","link":"https:\/\/analysensiebe.de\/shop\/produkt\/abverkauf-b034\/","title":{"rendered":"Angebote &#038; Abverkauf"},"content":{"rendered":"<p><span style=\"font-size: 18pt; color: #284b67;\"><strong>B-Ware: Blau-Metall Analysensieb &#8211; 300 x 65 mm, Rundloch 1,00 mm<br \/>\n<\/strong><\/span><\/p>\n<p><span style=\"color: #5dbcd2;\"><strong>Siebtyp:<\/strong><\/span> Rundloch<br \/>\n<span style=\"color: #5dbcd2;\"><strong>Siebdurchmesser:<\/strong><\/span> 300 mm<br \/>\n<span style=\"color: #5dbcd2;\"><strong>Nutzh\u00f6he (Siebtiefe H<sub>1<\/sub>):<\/strong><\/span> 65 mm<br \/>\n<strong><span style=\"color: #5dbcd2;\">Rahmen:<\/span>\u00a0<\/strong>Edelstahl<br \/>\n<span style=\"color: #5dbcd2;\"><strong>Siebboden:<\/strong><\/span>\u00a0Edelstahl<\/p>\n<p><span style=\"color: #5dbcd2;\"><strong>Nennmaschenweite (<em>w<\/em>): <\/strong><\/span>1,00 mm<br \/>\n<span style=\"color: #5dbcd2;\"><strong>Norm: <\/strong><\/span>DIN ISO 3310-2<br \/>\n<span style=\"color: #5dbcd2;\"><strong>Seriennummer: <\/strong><\/span>003216<\/p>\n<p><span style=\"color: #ff0000;\"><strong>Zustand:<\/strong> <\/span>B-Ware: Siebboden ringf\u00f6rmig leicht eingedr\u00fcckt &amp; teilweise kosmetische Sch\u00e4den am Siebrand. Das Sieb ist voll funktionsf\u00e4hig und entspricht in seinen Toleranzen der angegebenen Norm, inkl. Werksbescheinigung 2.1. Artikelbilder entsprechen dem angebotenen Sieb.<\/p>\n<h6>Weiterf\u00fchrende Links:<\/h6>\n<div class=\"wvlinks\">\n<p style=\"padding-left: 40px;\">\u27a1 <a href=\"https:\/\/analysensiebe.de\/bml\/analysensiebe-nach-din-iso-3310\/\">Blau-Metall Analysensiebe nach DIN ISO 3310<\/a><\/p>\n<p style=\"padding-left: 40px;\">\u27a1<a href=\"https:\/\/analysensiebe.de\/bml\/siebanalyse-in-nationalen-internationalen-standards\/\"> Siebanalyse in nationalen &amp; internationalen Normen<\/a><\/p>\n<p style=\"padding-left: 40px;\">\u27a1 <a href=\"https:\/\/analysensiebe.de\/bml\/zertifizierung\/\">Details zu Normkonformit\u00e4t &amp; Zertifizierung<\/a><\/p>\n<\/div>\n<p><img loading=\"lazy\" decoding=\"async\" class=\"aligncenter wp-image-6133\" src=\"https:\/\/analysensiebe.de\/shop\/wp-content\/uploads\/sites\/13\/2025\/01\/BlauMetall_Frontpage_2023_Reducebg_deflate-1024x530.jpg\" alt=\"\" width=\"850\" height=\"440\" srcset=\"https:\/\/analysensiebe.de\/shop\/wp-content\/uploads\/sites\/13\/2025\/01\/BlauMetall_Frontpage_2023_Reducebg_deflate-1024x530.jpg 1024w, https:\/\/analysensiebe.de\/shop\/wp-content\/uploads\/sites\/13\/2025\/01\/BlauMetall_Frontpage_2023_Reducebg_deflate-300x155.jpg 300w, https:\/\/analysensiebe.de\/shop\/wp-content\/uploads\/sites\/13\/2025\/01\/BlauMetall_Frontpage_2023_Reducebg_deflate-768x397.jpg 768w, https:\/\/analysensiebe.de\/shop\/wp-content\/uploads\/sites\/13\/2025\/01\/BlauMetall_Frontpage_2023_Reducebg_deflate-1536x794.jpg 1536w, https:\/\/analysensiebe.de\/shop\/wp-content\/uploads\/sites\/13\/2025\/01\/BlauMetall_Frontpage_2023_Reducebg_deflate-600x310.jpg 600w, https:\/\/analysensiebe.de\/shop\/wp-content\/uploads\/sites\/13\/2025\/01\/BlauMetall_Frontpage_2023_Reducebg_deflate.jpg 1920w\" sizes=\"auto, (max-width: 850px) 100vw, 850px\" \/><\/p>\n","protected":false},"excerpt":{"rendered":"<p><span style=\"color: #ff0000;\"><strong>Achtung:<\/strong> <\/span>In diesem Bereich des Shops werden teilweise B-Waren zu reduzierten Preisen angeboten. Bitte Artikelbeschreibung &amp; Artikelfotos beachten &#8211; Es erfolgt keine R\u00fccknahme wegen beschriebener M\u00e4ngel!<\/p>\n","protected":false},"featured_media":4592,"template":"","meta":{"_monsterinsights_skip_tracking":false,"_monsterinsights_sitenote_active":false,"_monsterinsights_sitenote_note":"","_monsterinsights_sitenote_category":0},"product_brand":[],"product_cat":[595,583,475,49],"product_tag":[],"class_list":{"0":"post-4591","1":"product","2":"type-product","3":"status-publish","4":"has-post-thumbnail","6":"product_cat-300-mm-abverkauf","7":"product_cat-300-mm","8":"product_cat-abverkauf","9":"product_cat-durchmesser","10":"pa_abverkauf-bez-b-ware-analysensieb-300-x-65-mm-rundloch-100-mm-iso-3310-2","11":"post-thumbnail-displayed","13":"first","14":"instock","15":"sale","16":"sold-individually","17":"taxable","18":"shipping-taxable","19":"purchasable","20":"product-type-simple"},"aioseo_notices":[],"wcpa_form_fields":null,"_links":{"self":[{"href":"https:\/\/analysensiebe.de\/shop\/wp-json\/wp\/v2\/product\/4591","targetHints":{"allow":["GET"]}}],"collection":[{"href":"https:\/\/analysensiebe.de\/shop\/wp-json\/wp\/v2\/product"}],"about":[{"href":"https:\/\/analysensiebe.de\/shop\/wp-json\/wp\/v2\/types\/product"}],"wp:featuredmedia":[{"embeddable":true,"href":"https:\/\/analysensiebe.de\/shop\/wp-json\/wp\/v2\/media\/4592"}],"wp:attachment":[{"href":"https:\/\/analysensiebe.de\/shop\/wp-json\/wp\/v2\/media?parent=4591"}],"wp:term":[{"taxonomy":"product_brand","embeddable":true,"href":"https:\/\/analysensiebe.de\/shop\/wp-json\/wp\/v2\/product_brand?post=4591"},{"taxonomy":"product_cat","embeddable":true,"href":"https:\/\/analysensiebe.de\/shop\/wp-json\/wp\/v2\/product_cat?post=4591"},{"taxonomy":"product_tag","embeddable":true,"href":"https:\/\/analysensiebe.de\/shop\/wp-json\/wp\/v2\/product_tag?post=4591"}],"curies":[{"name":"wp","href":"https:\/\/api.w.org\/{rel}","templated":true}]}}