{"id":4503,"date":"2021-09-02T18:35:21","date_gmt":"2021-09-02T18:35:21","guid":{"rendered":"https:\/\/analysensiebe.de\/shop\/?post_type=product&#038;p=4503"},"modified":"2025-01-21T18:29:01","modified_gmt":"2025-01-21T18:29:01","slug":"analysensieb-400-rundloch-075","status":"publish","type":"product","link":"https:\/\/analysensiebe.de\/shop\/produkt\/analysensieb-400-rundloch-075\/","title":{"rendered":"Analysensieb Rundloch"},"content":{"rendered":"<p><a href=\"https:\/\/analysensiebe.de\/shop\/wp-content\/uploads\/sites\/13\/2021\/09\/IMG_5756_1.jpg\"><img loading=\"lazy\" decoding=\"async\" class=\"alignright wp-image-4617 size-full\" src=\"https:\/\/analysensiebe.de\/shop\/wp-content\/uploads\/sites\/13\/2021\/09\/IMG_5756_1.jpg\" alt=\"\" width=\"430\" height=\"273\" srcset=\"https:\/\/analysensiebe.de\/shop\/wp-content\/uploads\/sites\/13\/2021\/09\/IMG_5756_1.jpg 430w, https:\/\/analysensiebe.de\/shop\/wp-content\/uploads\/sites\/13\/2021\/09\/IMG_5756_1-300x190.jpg 300w\" sizes=\"auto, (max-width: 430px) 100vw, 430px\" \/><\/a>Auf Basis der DIN ISO 3310 bietet Blau-Metall ein breites Spektrum an ma\u00dfhaltigen Analysensieben f\u00fcr traditionelle Partikelanalyse in Industrie und Wissenschaft an.<\/p>\n<p>Mittels unserer Produktpalette von Rundloch-, Quadratloch- und Gewebesieben bieten wir f\u00fcr alle Siebaufgaben die passende L\u00f6sung: Handsiebung, konventionelle Siebanalyse von Sch\u00fcttg\u00fctern sowie Trocken- und Nasssiebung. Unter Einhaltung der internationalen Norm ISO 3310 und l\u00fcckenloser Qualit\u00e4tspr\u00fcfung bieten Blau-Metall Analysensiebe eine hohe Pr\u00e4zision und Zuverl\u00e4ssigkeit.<\/p>\n<p>Alle Blau-Metall Siebe nach DIN ISO 3310 bestehen aus einem stabilen Edelstahlrahmen und verwenden Lochblech aus Edelstahl um eine hohe Formstabilit\u00e4t und zuverl\u00e4ssige Siebung zu garantieren.<\/p>\n<p>Analysensiebe mit Rundl\u00f6chern sind ein ma\u00dfgeblicher Bestandteil der Blau-Metall Produktpalette und unsere Antwort auf viele g\u00e4ngige Siebaufgaben in Labor und Industrie.<\/p>\n<p><a href=\"https:\/\/analysensiebe.de\/shop\/wp-content\/uploads\/sites\/13\/2021\/09\/IMG_5791_1.jpg\"><img loading=\"lazy\" decoding=\"async\" class=\"alignright wp-image-4618 size-full\" src=\"https:\/\/analysensiebe.de\/shop\/wp-content\/uploads\/sites\/13\/2021\/09\/IMG_5791_1.jpg\" alt=\"\" width=\"430\" height=\"287\" srcset=\"https:\/\/analysensiebe.de\/shop\/wp-content\/uploads\/sites\/13\/2021\/09\/IMG_5791_1.jpg 430w, https:\/\/analysensiebe.de\/shop\/wp-content\/uploads\/sites\/13\/2021\/09\/IMG_5791_1-300x200.jpg 300w, https:\/\/analysensiebe.de\/shop\/wp-content\/uploads\/sites\/13\/2021\/09\/IMG_5791_1-272x182.jpg 272w\" sizes=\"auto, (max-width: 430px) 100vw, 430px\" \/><\/a>Unsere Siebe werden in robuster Edelstahl Ausf\u00fchrung gefertigt und eine l\u00fcckenlose optische Inspektion garantiert die Einhaltung von nationalen und internationalen Standards.<\/p>\n<p>Vor Verlassen unseres Hauses wird jedes Analysensieb nach den Vorgaben der jeweiligen Norm unter Verwendung moderner digitaler Messtechnik \u00fcberpr\u00fcft und mit einer Werksbescheinigung ausgestattet. Die individuelle Lasergravur jedes Blau-Metall Siebes l\u00e4sst eine eindeutige R\u00fcckverfolgung zu. Auf Kundenwunsch werden die Siebe mit einem speziellen Abnahmepr\u00fcfzeugnis oder Kalibrierzertifikat geliefert; Kalibriermessungen zur Ermittlung von Daten von hoher statistischer Sicherheit sind nach den Bed\u00fcrfnissen des Kunden ohne weiteres m\u00f6glich.<\/p>\n<h6><span style=\"font-family: helvetica, arial, sans-serif;\"><strong>Alle Vorteile von Blau-Metall Analysensieben<\/strong><\/span><\/h6>\n<p style=\"padding-left: 30px;\"><span style=\"font-family: helvetica, arial, sans-serif;\"><br \/>\n\u2699 Stabile Edelstahl Konstruktion f\u00fcr lange Lebensdauer (Rahmen, Spannring & Siebboden aus 1.4301 \/ 1.4401)<br \/>\n\u2699 Pr\u00e4zise Einhaltung der Nennlochweiten & normkonforme Pr\u00fcfung<br \/>\n\u2699 Glatte Rahmenoberfl\u00e4che zur Vermeidung von Kontamination<br \/>\n\u2699 Kompatibilit\u00e4t mit vergleichbaren Analysensieben anderer Hersteller<br \/>\n\u2699 Laser-Gravur mit Seriennummer f\u00fcr vollst\u00e4ndige R\u00fcckverfolgbarkeit<\/span><\/p>\n<h6>Weiterf\u00fchrende Links:<\/h6>\n<div class=\"wvlinks\">\n<p style=\"padding-left: 40px;\">\u27a1 <a href=\"https:\/\/analysensiebe.de\/bml\/analysensiebe-nach-din-iso-3310\/\">Blau-Metall Analysensiebe nach DIN ISO 3310-2<\/a><\/p>\n<p style=\"padding-left: 40px;\">\u27a1<a href=\"https:\/\/analysensiebe.de\/bml\/siebanalyse-in-nationalen-internationalen-standards\/\"> Siebanalyse in nationalen & internationalen Normen<\/a><\/p>\n<p style=\"padding-left: 40px;\">\u27a1 <a href=\"https:\/\/analysensiebe.de\/bml\/zertifizierung\/\">Details zu Normkonformit\u00e4t & Zertifizierung<\/a><\/p>\n<\/div>\n<p><a href=\"https:\/\/analysensiebe.de\/shop\/wp-content\/uploads\/sites\/13\/2021\/04\/IMG_6230-scaled.jpg\"><img loading=\"lazy\" decoding=\"async\" class=\"aligncenter wp-image-4958\" src=\"https:\/\/analysensiebe.de\/shop\/wp-content\/uploads\/sites\/13\/2021\/04\/IMG_6230-scaled.jpg\" alt=\"\" width=\"1600\" height=\"377\" srcset=\"https:\/\/analysensiebe.de\/shop\/wp-content\/uploads\/sites\/13\/2021\/04\/IMG_6230-scaled.jpg 2560w, https:\/\/analysensiebe.de\/shop\/wp-content\/uploads\/sites\/13\/2021\/04\/IMG_6230-300x71.jpg 300w, https:\/\/analysensiebe.de\/shop\/wp-content\/uploads\/sites\/13\/2021\/04\/IMG_6230-1024x241.jpg 1024w, https:\/\/analysensiebe.de\/shop\/wp-content\/uploads\/sites\/13\/2021\/04\/IMG_6230-768x181.jpg 768w, https:\/\/analysensiebe.de\/shop\/wp-content\/uploads\/sites\/13\/2021\/04\/IMG_6230-1536x362.jpg 1536w, https:\/\/analysensiebe.de\/shop\/wp-content\/uploads\/sites\/13\/2021\/04\/IMG_6230-2048x482.jpg 2048w, https:\/\/analysensiebe.de\/shop\/wp-content\/uploads\/sites\/13\/2021\/04\/IMG_6230-600x141.jpg 600w\" sizes=\"auto, (max-width: 1600px) 100vw, 1600px\" \/><\/a><\/p>\n","protected":false},"excerpt":{"rendered":"<table style=\"border-top: 2px solid black; border-bottom: 2px solid black;\">\n<tbody>\n<tr>\n<td>Artikel Nr.:<\/td>\n<td>720052<\/td>\n<\/tr>\n<tr>\n<td><strong>Nennlochweite w \/ mm<\/strong><\/td>\n<td><strong>0,75 \u00b1 0,05<br \/>\n<\/strong><\/td>\n<\/tr>\n<tr>\n<td>Lochteilung p \/ mm<\/td>\n<td>1,50 \u00b1 0,25<\/td>\n<\/tr>\n<tr>\n<td>Siebdurchmesser mm<\/td>\n<td>400<\/td>\n<\/tr>\n<tr>\n<td>Nutzh\u00f6he H<sub>1<\/sub> \/ mm<\/td>\n<td>65<\/td>\n<\/tr>\n<tr>\n<td>Rahmenmaterial<\/td>\n<td>Edelstahl<\/td>\n<\/tr>\n<tr>\n<td>Siebmedium<\/td>\n<td>Lochblech aus Edelstahl<\/td>\n<\/tr>\n<tr>\n<td>Normen<\/td>\n<td>o.g. Toleranzen<\/td>\n<\/tr>\n<tr>\n<td>G\u00fcteklasse<\/td>\n<td>Standard<\/td>\n<\/tr>\n<\/tbody>\n<\/table>\n","protected":false},"featured_media":623,"template":"","meta":{"_monsterinsights_skip_tracking":false,"_monsterinsights_sitenote_active":false,"_monsterinsights_sitenote_note":"","_monsterinsights_sitenote_category":0},"product_brand":[],"product_cat":[565,597,601,561,46,49,53,54,477,478,558],"product_tag":[690,613,688,689],"class_list":{"0":"post-4503","1":"product","2":"type-product","3":"status-publish","4":"has-post-thumbnail","6":"product_cat-400-mm-norm-toleranzen","7":"product_cat-400-mm-typ","8":"product_cat-400-mm-rundloch","9":"product_cat-400-mm-norm-din-24041","10":"product_cat-nutzhoehe","11":"product_cat-durchmesser","12":"product_cat-rahmenmaterial","13":"product_cat-edelstahl-rahmen","14":"product_cat-65-mm","15":"product_cat-400-mm","16":"product_cat-400-mm-norm","17":"product_tag-400-mm-din-24041","18":"product_tag-400-mm-lochblech","19":"product_tag-400-mm-rundloch","20":"product_tag-400-mm-toleranzen","21":"post-thumbnail-displayed","22":"wcpa_has_options","24":"first","25":"instock","26":"taxable","27":"shipping-taxable","28":"purchasable","29":"product-type-simple"},"aioseo_notices":[],"wcpa_form_fields":{"wcpaData":{"product":{"product_price":446.25,"price_html":"ab <span class=\"woocommerce-Price-amount amount\"><bdi><span class=\"woocommerce-Price-currencySymbol\">&euro;<\/span>&nbsp;446,25<\/bdi><\/span>","original_product_price":446.25,"price_including_tax":446.25,"price_excluding_tax":375,"product_id":{"parent":4503,"variation":false},"is_variable":false,"stock_status":"instock","stock_quantity":1,"parent_sku":"720052","product_attributes":{"pa_brand":{"is_variation":false,"values":["blau-metall"]},"pa_lochung":{"is_variation":false,"values":["rundloch"]},"pa_nennlochweite":{"is_variation":false,"values":["075-%c2%b1005-mm"]},"pa_lochteilung":{"is_variation":false,"values":["150-%c2%b1025-mm"]},"pa_blechdicke":{"is_variation":false,"values":["06-mm"]},"pa_normen":{"is_variation":false,"values":["din-24041","toleranzen"]},"pa_siebdurchmesser":{"is_variation":false,"values":["400-mm"]},"pa_nutzhoehe-siebtiefe-h1":{"is_variation":false,"values":["65-mm"]},"pa_rahmenmaterial":{"is_variation":false,"values":["edelstahl"]},"pa_siebmedium":{"is_variation":false,"values":["lochblech-aus-edelstahl-1-4301-1-4401"]},"pa_gueteklasse":{"is_variation":false,"values":["standard"]},"pa_herkunftsland":{"is_variation":false,"values":["deutschland"]},"pa_weite-in-mm":{"is_variation":false,"values":["075"]},"pa_art-bez":{"is_variation":false,"values":["rundloch-075-mm"]},"pa_w-in-mm":{"is_variation":false,"values":["0750"]},"pa_w-rl":{"is_variation":false,"values":["075-mm"]}},"custom_fields":[],"is_taxable":true,"product_name":"Analysensieb Rundloch","hasImage":false},"fields":{"sec_769fa360496a83":{"extra":{"key":"sec_769fa360496a83","section_id":"sec_769fa360496a83","name":"Default","status":1,"cl_rule":"show","enableCl":false,"relations":[],"toggle":true,"title_tag":"h3","show_title":false,"showPrice":"default","form_id":4198,"form_rules":{"exclude_from_discount":false,"fee_label":"Geb\u00fchr","disp_hide_options_price":false,"disp_show_section_price":false,"disp_show_field_price":true,"layout_option":"standard","pric_use_as_fee":false,"process_fee_as":"woo_fee"},"layout_option":"standard"},"fields":[[{"type":"checkbox-group","required":true,"elementId":"wcpa-checkbox-group-606efc8c19304","label":"Nutzh\u00f6he \/ Siebtiefe H1","description":"","desc_type":true,"inline":true,"enablePrice":true,"priceOptions":"different_for_all","pricingType":"fixed","name":"checkbox-group-606efc8c19311","min_options":"1","max_options":"1","cl_rule":"show","col":"3","values":[{"label":"65 mm","value":"65mm","price":"0,00","gt_translate_keys":["label"]}],"relations":false,"active":true,"tooltip":"Nutzh\u00f6he \/ Tiefe H1 des Analysensiebs, wie definiert in DIN ISO 2395","layOut":"inline","gt_translate_keys":["label","description","tooltip"],"price_dependency":false,"cl_dependency":false,"value":""},{"type":"checkbox-group","required":true,"elementId":"wcpa-checkbox-group-606efc8c1931a","label":"Norm","description":"","desc_type":true,"inline":true,"priceOptions":"different_for_all","pricingType":"fixed","name":"checkbox-group-606efc8c19323","min_options":"1","max_options":"1","cl_rule":"show","col":"3","values":[{"label":"Toleranzen angelehnt an DIN ISO 3310-2","value":"toleranzen-iso-3310-2","price":"0","selected":true,"gt_translate_keys":["label"]}],"relations":[{"operator":false,"rules":[]}],"active":true,"tooltip":"Welcher Norm soll dieses Analysensieb entsprechen?","layOut":"inline","gt_translate_keys":["label","description","tooltip"],"price_dependency":false,"cl_dependency":false,"value":""}],[{"type":"content","subtype":"p","label":"","elementId":"wcpa-paragraph-1736019422320","pricingType":"fixed","cl_rule":"show","col":6,"relations":false,"active":true,"tooltip":"","value":"<span style=\"font-family: montserrat;font-weight: 500;color: black\"><span style=\"font-size: 14pt\">Technische Daten:<\/span><\/span>\n<a href=\"https:\/\/analysensiebe.de\/public_docs\/Technische%20Daten%20-%20Blau-Metall%20Lochblech%20Analysensiebe,%20400%20x%2065%20mm.pdf\"><span style=\"text-decoration: underline\"><span style=\"color: #039bd5;text-decoration: underline\"><span style=\"font-size: 12pt\">Blau-Metall Lochblech-Analysensiebe, 400 x 65 mm (PDF-Datenblatt)<\/span><\/span><\/span><\/a>","name":"wcpa-paragraph-1736019422320","contentType":"plain","gt_translate_keys":["label","value","tooltip"],"price_dependency":false,"cl_dependency":false}],[{"type":"radio-group","required":true,"elementId":"wcpa-radio-group-606efc8c1932a","label":"Lochung des Randes","description":"","desc_type":true,"inline":true,"enablePrice":true,"priceOptions":"different_for_all","pricingType":"fixed","name":"radio-group-606efc8c19332","min_options":"1","max_options":"2","cl_rule":"show","cl_val":"toleranzen-iso-3310-2","col":6,"values":[{"label":"Gelochter Rand, umlaufend Teil\u00f6ffnungen vorhanden","value":"gelochter-rand","price":"-20","selected":true,"gt_translate_keys":["label"]}],"relations":[{"operator":false,"rules":[{"operator":false,"rules":{"cl_field":"wcpa-checkbox-group-606efc8c1931a","cl_relation":"is","cl_val":"toleranzen-iso-3310-2"}}]}],"active":true,"tooltip":"Laut DIN ISO 3310-2 d\u00fcrfen Siebe bis zu einer Nennlochweite von 4 mm einen gelochten (perforierten) Rand besitzen, d.h. es d\u00fcrfen Teil\u00f6ffnungen umlaufend entlang des Siebrandes vorhanden sein. Blau-Metall bietet f\u00fcr dieses Sieb sowohl eine Variante mit gelochtem und ungelochtem Rand an.","layOut":"inline","gt_translate_keys":["label","description","tooltip"],"price_dependency":false,"cl_dependency":false,"value":""}],[{"type":"radio-group","required":true,"elementId":"wcpa-radio-group-606efc8c19356","label":"Zertifizierung, Kalibrierung & Dokumentation","description":"","desc_type":true,"inline":true,"enablePrice":true,"priceOptions":"different_for_all","pricingType":"fixed","name":"radio-group-606efc8c1935d","min_options":"1","max_options":"2","cl_rule":"show","cl_val":"toleranzen-iso-3310-2","col":6,"values":[{"label":"Werksbescheinigung 2.1 gem\u00e4\u00df EN 10204 + Analysensieb Stammkarte","value":"werksbescheinigung-stammkarte","price":"0,00","gt_translate_keys":["label"]},{"label":"Zertifizierung & Abnahmepr\u00fcfzeugnis 3.1 (gem\u00e4\u00df EN 10 204)","value":"zertifizierung-abnahmepr\u00fcfzeugnis-3-1","price":"45","gt_translate_keys":["label"]},{"label":"Kalibrierung & Abnahmepr\u00fcfzeugnis 3.1 (gem\u00e4\u00df EN 10 204)","value":"kalibrierung-abnahmepr\u00fcfzeugnis-3-1","price":"90","gt_translate_keys":["label"]},{"label":"Keine Pr\u00fcfdokumentation (\u20ac 8,00 Rabatt)","value":"ohne","price":"-8","gt_translate_keys":["label"]}],"relations":[{"operator":false,"rules":[{"operator":false,"rules":{"cl_field":"wcpa-checkbox-group-606efc8c1931a","cl_relation":"is","cl_val":"toleranzen-iso-3310-2"}}]}],"active":true,"tooltip":"Bestellen Sie die Zertifizierung oder Kalibrierung nach DIN ISO 3310 f\u00fcr dieses Analysensieb direkt mit:","layOut":"inline","gt_translate_keys":["label","description","tooltip"],"price_dependency":false,"cl_dependency":["wcpa-checkbox-group-606efc8c19374","wcpa-checkbox-group-1617887047104"],"value":""}],[{"type":"checkbox-group","elementId":"wcpa-checkbox-group-606efc8c19365","label":"Zus\u00e4tzliche Optionen (Achtung: Versandzeit 10-21 Tage)","inline":true,"enablePrice":true,"priceOptions":"different_for_all","pricingType":"fixed","name":"checkbox-group-606efc8c1936c","max_options":"1","cl_rule":"show","col":6,"values":[{"label":"Lebensmittelechtheit (Verwendung von Weichlot gem\u00e4\u00df DIN EN 29453)","value":"lebensmittelechtheit","price":"29","gt_translate_keys":["label"]},{"label":"Lebensmittelechtheit + Temperaturbest\u00e4ndigkeit bis 200\u00b0C","value":"temperaturbestaendigkeit","price":"39","gt_translate_keys":["label"]}],"relations":false,"active":true,"tooltip":"","layOut":"inline","gt_translate_keys":["label","tooltip"],"price_dependency":false,"cl_dependency":false,"value":""}],[{"type":"checkbox-group","required":true,"elementId":"wcpa-checkbox-group-606efc8c19374","label":"Sprache der Pr\u00fcf-Dokumentation","inline":true,"priceOptions":"different_for_all","pricingType":"fixed","name":"checkbox-group-606efc8c1937c","min_options":"1","max_options":"1","enableCl":true,"cl_rule":"hide","cl_val":"ohne","col":6,"values":[{"label":"Deutsch","value":"deutsch","price":"2,00","gt_translate_keys":["label"]},{"label":"Englisch","value":"englisch","price":"7,50","gt_translate_keys":["label"]}],"relations":[{"operator":false,"rules":[{"operator":false,"rules":{"cl_field":"wcpa-radio-group-606efc8c19356","cl_relation":"is","cl_val":"ohne"}}]}],"active":true,"tooltip":"","layOut":"inline","gt_translate_keys":["label","tooltip"],"price_dependency":false,"cl_dependency":false,"value":""}],[{"type":"checkbox-group","required":true,"elementId":"wcpa-checkbox-group-1617887047104","label":"Sprache der Lasergravur","inline":true,"enablePrice":true,"priceOptions":"different_for_all","pricingType":"fixed","name":"checkbox-group-1617887047100","min_options":"1","max_options":"1","enableCl":true,"cl_rule":"hide","cl_val":"ohne","col":6,"values":[{"label":"Deutsch","value":"deutsch","price":"0","gt_translate_keys":["label"]},{"label":"Englisch (Lieferzeit bis zu 14 Tage)","value":"englisch","price":"3,5","gt_translate_keys":["label"]}],"relations":[{"operator":false,"rules":[{"operator":false,"rules":{"cl_field":"wcpa-radio-group-606efc8c19356","cl_relation":"is","cl_val":"ohne"}}]}],"active":true,"tooltip":"","layOut":"inline","gt_translate_keys":["label","tooltip"],"price_dependency":false,"cl_dependency":false,"value":""}]]}},"config":{"price_override":"","enable_recaptcha":false,"bind_quantity":false,"quantity_bind_formula":false,"disp_summ_show_option_price":true,"disp_summ_show_product_price":true,"disp_summ_show_total_price":true,"disp_summ_show_fee":false,"disp_summ_show_discount":false,"summary_title":"","options_total_label":"Preisoptionen","total_label":"Gesamtpreis","options_product_label":"Produktpreis ohne Optionen","fee_label":"Geb\u00fchr","discount_label":"Discount","has_price":true,"has_quantity_formula":false},"mc_unit":1,"tax_rate":1.19,"tax_rate_real":0.19,"discount":{"percentage":0,"fixed":0},"design":{"conf":{"LabelPosition":"above","DescPosition":"above","UploadField":"custom_1","QuantityFieldStyle":"default"},"css":{"LeftLabelWidth":"120px"}},"formulas":[],"lookuptables":[],"clones":false,"cartKey":false}},"_links":{"self":[{"href":"https:\/\/analysensiebe.de\/shop\/wp-json\/wp\/v2\/product\/4503","targetHints":{"allow":["GET"]}}],"collection":[{"href":"https:\/\/analysensiebe.de\/shop\/wp-json\/wp\/v2\/product"}],"about":[{"href":"https:\/\/analysensiebe.de\/shop\/wp-json\/wp\/v2\/types\/product"}],"wp:featuredmedia":[{"embeddable":true,"href":"https:\/\/analysensiebe.de\/shop\/wp-json\/wp\/v2\/media\/623"}],"wp:attachment":[{"href":"https:\/\/analysensiebe.de\/shop\/wp-json\/wp\/v2\/media?parent=4503"}],"wp:term":[{"taxonomy":"product_brand","embeddable":true,"href":"https:\/\/analysensiebe.de\/shop\/wp-json\/wp\/v2\/product_brand?post=4503"},{"taxonomy":"product_cat","embeddable":true,"href":"https:\/\/analysensiebe.de\/shop\/wp-json\/wp\/v2\/product_cat?post=4503"},{"taxonomy":"product_tag","embeddable":true,"href":"https:\/\/analysensiebe.de\/shop\/wp-json\/wp\/v2\/product_tag?post=4503"}],"curies":[{"name":"wp","href":"https:\/\/api.w.org\/{rel}","templated":true}]}}