{"id":426,"date":"2019-10-12T15:06:56","date_gmt":"2019-10-12T15:06:56","guid":{"rendered":"https:\/\/analysensiebe.de\/shop\/?post_type=product&#038;p=426"},"modified":"2024-12-25T17:01:06","modified_gmt":"2024-12-25T17:01:06","slug":"analysensieb-200-maschenweite-212","status":"publish","type":"product","link":"https:\/\/analysensiebe.de\/shop\/produkt\/analysensieb-200-maschenweite-212\/","title":{"rendered":"Analysensieb Drahtgewebe"},"content":{"rendered":"<p><a href=\"https:\/\/analysensiebe.de\/shop\/wp-content\/uploads\/sites\/13\/2019\/09\/IMG_4229-scaled.jpg\"><img loading=\"lazy\" decoding=\"async\" class=\"alignright wp-image-4985 \" src=\"https:\/\/analysensiebe.de\/shop\/wp-content\/uploads\/sites\/13\/2019\/09\/IMG_4229-1024x944.jpg\" alt=\"\" width=\"450\" height=\"415\" srcset=\"https:\/\/analysensiebe.de\/shop\/wp-content\/uploads\/sites\/13\/2019\/09\/IMG_4229-1024x944.jpg 1024w, https:\/\/analysensiebe.de\/shop\/wp-content\/uploads\/sites\/13\/2019\/09\/IMG_4229-300x277.jpg 300w, https:\/\/analysensiebe.de\/shop\/wp-content\/uploads\/sites\/13\/2019\/09\/IMG_4229-768x708.jpg 768w, https:\/\/analysensiebe.de\/shop\/wp-content\/uploads\/sites\/13\/2019\/09\/IMG_4229-1536x1417.jpg 1536w, https:\/\/analysensiebe.de\/shop\/wp-content\/uploads\/sites\/13\/2019\/09\/IMG_4229-2048x1889.jpg 2048w, https:\/\/analysensiebe.de\/shop\/wp-content\/uploads\/sites\/13\/2019\/09\/IMG_4229-600x553.jpg 600w\" sizes=\"auto, (max-width: 450px) 100vw, 450px\" \/><\/a>Auf Basis der DIN ISO 3310 bietet Blau-Metall ein breites Spektrum an ma\u00dfhaltigen Analysensieben f\u00fcr traditionelle Partikelanalyse in Industrie und Wissenschaft an.<\/p>\n<p>Mittels unserer Produktpalette von Rundloch-, Quadratloch- und Gewebesieben bieten wir f\u00fcr alle Siebaufgaben die passende L\u00f6sung: Handsiebung, konventionelle Siebanalyse von Sch\u00fcttg\u00fctern sowie Trocken- und Nasssiebung. Unter Einhaltung der internationalen Norm ISO 3310 und l\u00fcckenloser Qualit\u00e4tspr\u00fcfung bieten Blau-Metall Analysensiebe eine hohe Pr\u00e4zision und Zuverl\u00e4ssigkeit.<\/p>\n<p>Alle Blau-Metall Siebe nach DIN ISO 3310 bestehen aus einem stabilen Edelstahlrahmen und verwenden rostfreies Edelstahl-Metalldrahtgewebe aus Edelstahl um eine hohe Formstabilit\u00e4t und zuverl\u00e4ssige Siebung zu garantieren. Speziell f\u00fcr Drahtgewebssiebe bietet das Blau-Metall-Verfahren eine hohe Gewebespannung und lange Lebensdauer. Die Siebe sind ohne Probleme mit anderen Analysensieben kombinierbar.<\/p>\n<p>Blau-Metall Analysensiebe mit Drahtgewebe sind auch nach den Richtlinien der Amerikanischen Norm ASTM E11 erh\u00e4ltlich (Standard Specification for Woven Wire Test Sieve Cloth and Test Sieves), welche f\u00fcr zahlreiche Anwendungen, vor allem im wissenschaftlichen Bereich, international als ma\u00dfgebend gilt. ASTM E11-konforme Siebe werden eingesetzt f\u00fcr Korngr\u00f6\u00dfenverteilungsanalysen in diversen wissenschaftlichen Disziplinen, z.B. Geologie und Meeresgeologie zur Bestimmung von Sedimenttypen.<\/p>\n<p><a href=\"https:\/\/analysensiebe.de\/shop\/wp-content\/uploads\/sites\/13\/2019\/09\/MW_28_Produktseite_2.jpg\"><img loading=\"lazy\" decoding=\"async\" class=\"wp-image-138 alignright\" src=\"https:\/\/analysensiebe.de\/shop\/wp-content\/uploads\/sites\/13\/2019\/09\/MW_28_Produktseite_2-1024x721.jpg\" alt=\"\" width=\"450\" height=\"317\" srcset=\"https:\/\/analysensiebe.de\/shop\/wp-content\/uploads\/sites\/13\/2019\/09\/MW_28_Produktseite_2-1024x721.jpg 1024w, https:\/\/analysensiebe.de\/shop\/wp-content\/uploads\/sites\/13\/2019\/09\/MW_28_Produktseite_2-300x211.jpg 300w, https:\/\/analysensiebe.de\/shop\/wp-content\/uploads\/sites\/13\/2019\/09\/MW_28_Produktseite_2-768x540.jpg 768w, https:\/\/analysensiebe.de\/shop\/wp-content\/uploads\/sites\/13\/2019\/09\/MW_28_Produktseite_2-600x422.jpg 600w\" sizes=\"auto, (max-width: 450px) 100vw, 450px\" \/><\/a>Vor Verlassen unseres Hauses wird jedes Analysensieb nach den Vorgaben der jeweiligen Norm unter Verwendung moderner digitaler Messtechnik \u00fcberpr\u00fcft und mit einer Werksbescheinigung ausgestattet. Die individuelle Lasergravur jedes Blau-Metall Siebes l\u00e4sst eine eindeutige R\u00fcckverfolgung zu. Auf Kundenwunsch werden die Siebe mit einem speziellen Abnahmepr\u00fcfzeugnis oder Kalibrierzertifikat geliefert; Kalibriermessungen zur Ermittlung von Daten von hoher statistischer Sicherheit sind nach den Bed\u00fcrfnissen des Kunden ohne weiteres m\u00f6glich.<\/p>\n<h6><span style=\"font-family: helvetica, arial, sans-serif;\"><strong>Alle Vorteile von Blau-Metall Analysensieben<\/strong><\/span><\/h6>\n<p style=\"padding-left: 30px;\"><span style=\"font-family: helvetica, arial, sans-serif;\">\u2699 Edelstahl Siebrahmen und Lochblech bzw. Drahtgewebe<\/span><br \/>\n<span style=\"font-family: helvetica, arial, sans-serif;\"> \u2699 Lange Lebensdauer und Zuverl\u00e4ssigkeit beim Sieben<\/span><br \/>\n<span style=\"font-family: helvetica, arial, sans-serif;\"> \u2699 Glatte Rahmenoberfl\u00e4che zur Vermeidung von Kontamination<\/span><br \/>\n<span style=\"font-family: helvetica, arial, sans-serif;\"> \u2699 Hohe Spannung des Siebgewebes auch nach langer Nutzungsdauer<\/span><br \/>\n<span style=\"font-family: helvetica, arial, sans-serif;\"> \u2699 Korrosionsbest\u00e4ndigkeit und leichte Reinigung<\/span><br \/>\n<span style=\"font-family: helvetica, arial, sans-serif;\"> \u2699 Kompatibilit\u00e4t mit vergleichbaren Analysensieben anderer Hersteller<\/span><br \/>\n<span style=\"font-family: helvetica, arial, sans-serif;\"> \u2699 L\u00fcckenlose optische Inspektion garantiert hervorragende Produktqualit\u00e4t<\/span><\/p>\n<h6>Weiterf\u00fchrende Links:<\/h6>\n<div class=\"wvlinks\">\n<p style=\"padding-left: 40px;\">\u27a1 <a href=\"https:\/\/analysensiebe.de\/bml\/analysensiebe-nach-din-iso-3310\/\">Blau-Metall Analysensiebe nach DIN ISO 3310-1<\/a><\/p>\n<p style=\"padding-left: 40px;\">\u27a1 <a href=\"https:\/\/analysensiebe.de\/bml\/analysensiebe-nach-astm-e-11\/\">Blau-Metall Analysensiebe nach ASTM E11<\/a><\/p>\n<p style=\"padding-left: 40px;\">\u27a1 <a href=\"https:\/\/analysensiebe.de\/#application\">Anwendungsgebiete f\u00fcr Drahtgewebe-Siebe<\/a><\/p>\n<p style=\"padding-left: 40px;\">\u27a1 <a href=\"https:\/\/analysensiebe.de\/bml\/zertifizierung\/\">Details zu Normkonformit\u00e4t &amp; Zertifizierung<\/a><\/p>\n<\/div>\n<p><a href=\"https:\/\/analysensiebe.de\/shop\/wp-content\/uploads\/sites\/13\/2019\/09\/ISO_3310_1_Closeup-scaled.jpg\"><img loading=\"lazy\" decoding=\"async\" class=\"alignright wp-image-4986\" src=\"https:\/\/analysensiebe.de\/shop\/wp-content\/uploads\/sites\/13\/2019\/09\/ISO_3310_1_Closeup-scaled.jpg\" alt=\"\" width=\"1600\" height=\"439\" srcset=\"https:\/\/analysensiebe.de\/shop\/wp-content\/uploads\/sites\/13\/2019\/09\/ISO_3310_1_Closeup-scaled.jpg 2560w, https:\/\/analysensiebe.de\/shop\/wp-content\/uploads\/sites\/13\/2019\/09\/ISO_3310_1_Closeup-300x82.jpg 300w, https:\/\/analysensiebe.de\/shop\/wp-content\/uploads\/sites\/13\/2019\/09\/ISO_3310_1_Closeup-1024x281.jpg 1024w, https:\/\/analysensiebe.de\/shop\/wp-content\/uploads\/sites\/13\/2019\/09\/ISO_3310_1_Closeup-768x211.jpg 768w, https:\/\/analysensiebe.de\/shop\/wp-content\/uploads\/sites\/13\/2019\/09\/ISO_3310_1_Closeup-1536x422.jpg 1536w, https:\/\/analysensiebe.de\/shop\/wp-content\/uploads\/sites\/13\/2019\/09\/ISO_3310_1_Closeup-2048x563.jpg 2048w, https:\/\/analysensiebe.de\/shop\/wp-content\/uploads\/sites\/13\/2019\/09\/ISO_3310_1_Closeup-600x165.jpg 600w\" sizes=\"auto, (max-width: 1600px) 100vw, 1600px\" \/><\/a><\/p>\n","protected":false},"excerpt":{"rendered":"<table style=\"border-top: 2px solid black; border-bottom: 2px solid black;\">\n<tbody>\n<tr>\n<td>Artikel Nr.:<\/td>\n<td>511056<\/td>\n<\/tr>\n<tr>\n<td><strong>Nennmaschenweite w \/ mm<\/strong><\/td>\n<td><strong>0,212 (212 \u00b5m)<br \/>\n<\/strong><\/td>\n<\/tr>\n<tr>\n<td>Drahtdurchmesser d \/ mm<\/td>\n<td>0,160 (160 \u00b5m)<\/td>\n<\/tr>\n<tr>\n<td>Siebdurchmesser mm<\/td>\n<td>200<\/td>\n<\/tr>\n<tr>\n<td>Nutzh\u00f6he H<sub>1<\/sub> \/ mm<\/td>\n<td>32 oder 50<\/td>\n<\/tr>\n<tr>\n<td>Rahmenmaterial<\/td>\n<td>Edelstahl<\/td>\n<\/tr>\n<tr>\n<td>Siebmedium<\/td>\n<td>Edelstahl Metalldrahtgewebe<\/td>\n<\/tr>\n<tr>\n<td>Normen<\/td>\n<td>DIN ISO 3310-1, ASTM E11<\/td>\n<\/tr>\n<tr>\n<td>G\u00fcteklasse<\/td>\n<td>Standard<\/td>\n<\/tr>\n<\/tbody>\n<\/table>\n","protected":false},"featured_media":5924,"template":"","meta":{"_monsterinsights_skip_tracking":false,"_monsterinsights_sitenote_active":false,"_monsterinsights_sitenote_note":"","_monsterinsights_sitenote_category":0},"product_brand":[],"product_cat":[548,549,553,575,577,54,53,50,49,48,47,46,42,41,36,34,15],"product_tag":[],"class_list":{"0":"post-426","1":"product","2":"type-product","3":"status-publish","4":"has-post-thumbnail","6":"product_cat-200-mm-norm","7":"product_cat-200-mm-norm-astm-e11","8":"product_cat-200-mm-norm-din-iso-3310-1","9":"product_cat-200-mm-typ","10":"product_cat-200-mm-typ-drahtgewebe","11":"product_cat-edelstahl-rahmen","12":"product_cat-rahmenmaterial","13":"product_cat-200mm","14":"product_cat-durchmesser","15":"product_cat-50mm","16":"product_cat-32mm","17":"product_cat-nutzhoehe","18":"product_cat-drahtgewebe","19":"product_cat-siebtyp","20":"product_cat-astm-e11","21":"product_cat-din-iso-3310-1","22":"product_cat-norm","23":"post-thumbnail-displayed","24":"wcpa_has_options","26":"first","27":"instock","28":"taxable","29":"shipping-taxable","30":"purchasable","31":"product-type-simple"},"aioseo_notices":[],"wcpa_form_fields":{"wcpaData":{"product":{"product_price":94.01,"price_html":"ab <span class=\"woocommerce-Price-amount amount\"><bdi><span class=\"woocommerce-Price-currencySymbol\">&euro;<\/span>&nbsp;94,01<\/bdi><\/span>","original_product_price":94.01,"price_including_tax":94.01,"price_excluding_tax":79,"product_id":{"parent":426,"variation":false},"is_variable":false,"stock_status":"instock","stock_quantity":2,"parent_sku":"5110556","product_attributes":{"pa_brand":{"is_variation":false,"values":["blau-metall"]},"pa_maschenweite":{"is_variation":false,"values":["212-%c2%b5m"]},"pa_nenndrahtdurchmesser-d":{"is_variation":false,"values":["160-%c2%b5m"]},"pa_normen":{"is_variation":false,"values":["astm-e11","din-iso-3310-1"]},"pa_siebdurchmesser":{"is_variation":false,"values":["200-mm"]},"pa_nutzhoehe-siebtiefe-h1":{"is_variation":false,"values":["32-mm","50-mm"]},"pa_rahmenmaterial":{"is_variation":false,"values":["edelstahl"]},"pa_siebmedium":{"is_variation":false,"values":["edelstahl-metalldrahtgewebe"]},"pa_gueteklasse":{"is_variation":false,"values":["standard"]},"pa_herkunftsland":{"is_variation":false,"values":["deutschland"]},"pa_w-in-mm":{"is_variation":false,"values":["0212"]},"pa_art-bez":{"is_variation":false,"values":["maschenweite-212-%c2%b5m"]}},"custom_fields":[],"is_taxable":true,"product_name":"Analysensieb Drahtgewebe","hasImage":false},"fields":{"sec_269e296c3b2004":{"extra":{"key":"sec_269e296c3b2004","section_id":"sec_269e296c3b2004","name":"Default","status":1,"cl_rule":"show","enableCl":false,"relations":[],"toggle":true,"title_tag":"h3","show_title":false,"showPrice":"default","form_id":318,"form_rules":{"exclude_from_discount":false,"fee_label":"Geb\u00fchr","disp_hide_options_price":false,"disp_show_section_price":false,"disp_show_field_price":true,"layout_option":"standard","pric_use_as_fee":false,"process_fee_as":"woo_fee"},"layout_option":"standard"},"fields":[[{"type":"checkbox-group","required":true,"elementId":"wcpa-checkbox-group-5d9cbfadf09f0","label":"Nutzh\u00f6he \/ Siebtiefe H1","description":"","desc_type":true,"inline":true,"enablePrice":true,"priceOptions":"different_for_all","pricingType":"fixed","name":"checkbox-group-5d9cbfadf0a50","min_options":"1","max_options":"1","cl_rule":"show","col":"3","values":[{"label":"32 mm","value":"32mm","price":"0,00","gt_translate_keys":["label"]},{"label":"50 mm","value":"50mm","price":"2,00","gt_translate_keys":["label"]}],"relations":false,"active":true,"tooltip":"Nutzh\u00f6he \/ Tiefe H1 des Analysensiebs, wie definiert in DIN ISO 2395","layOut":"inline","gt_translate_keys":["label","description","tooltip"],"price_dependency":false,"cl_dependency":false,"value":""},{"type":"checkbox-group","required":true,"elementId":"wcpa-checkbox-group-5d9cbfadf0aa9","label":"Norm","description":"","desc_type":true,"inline":true,"priceOptions":"different_for_all","pricingType":"fixed","name":"checkbox-group-5d9cbfadf0b00","min_options":"1","max_options":"1","cl_rule":"show","col":"3","values":[{"label":"DIN ISO 3310-1","value":"din-iso-3310-1","price":"","gt_translate_keys":["label"]},{"label":"ASTM E11","value":"astm-e11","price":"","gt_translate_keys":["label"]}],"relations":[{"operator":false,"rules":[]}],"active":true,"tooltip":"Welcher Norm soll dieses Analysensieb entsprechen?","layOut":"inline","gt_translate_keys":["label","description","tooltip"],"price_dependency":false,"cl_dependency":["wcpa-radio-group-5d9cbfadf0b55","wcpa-radio-group-5d9cbfadf0bfd","wcpa-checkbox-group-5d9cbfadf0ca5"],"value":""}],[{"type":"content","subtype":"p","label":"","elementId":"wcpa-paragraph-1736020118694","pricingType":"fixed","cl_rule":"show","col":6,"relations":false,"active":true,"tooltip":"","value":"<span style=\"font-family: montserrat;font-weight: 500;color: black\"><span style=\"font-size: 14pt\">Technische Daten:<\/span><\/span>\n<a href=\"https:\/\/analysensiebe.de\/public_docs\/Technische%20Daten%20-%20Blau-Metall%20Drahtgewebe%20Analysensiebe,%20200%20x%2032%20mm.pdf\"><span style=\"text-decoration: underline\"><span style=\"color: #039bd5;text-decoration: underline\"><span style=\"font-size: 11pt\">Blau-Metall Drahtgewebe-Analysensiebe, <b>200 x 32 mm <\/b>(PDF-Datenblatt)<\/span><\/span><\/span><\/a>\n<a href=\"https:\/\/analysensiebe.de\/public_docs\/Technische%20Daten%20-%20Blau-Metall%20Drahtgewebe%20Analysensiebe,%20200%20x%2050%20mm.pdf\"><span style=\"text-decoration: underline\"><span style=\"color: #039bd5;text-decoration: underline\"><span style=\"font-size: 11pt\">Blau-Metall Drahtgewebe-Analysensiebe, <b>200 x 50 mm<\/b> (PDF-Datenblatt)<\/span><\/span><\/span><\/a>","name":"wcpa-paragraph-1736020118694","contentType":"plain","gt_translate_keys":["label","value","tooltip"],"price_dependency":false,"cl_dependency":false}],[{"type":"radio-group","required":true,"elementId":"wcpa-radio-group-5d9cbfadf0b55","label":"Zertifizierung, Kalibrierung & Dokumentation","description":"","desc_type":true,"inline":true,"enablePrice":true,"priceOptions":"different_for_all","pricingType":"fixed","name":"radio-group-5d9cbfadf0baa","min_options":"1","max_options":"1","enableCl":true,"cl_rule":"show","cl_val":"din-iso-3310-1","col":6,"values":[{"label":"Werksbescheinigung 2.1 gem\u00e4\u00df EN 10204 + Analysensieb Stammkarte","value":"werksbescheinigung-stammkarte","price":"0,00","selected":true,"gt_translate_keys":["label"]},{"label":"Zertifizierung & Abnahmepr\u00fcfzeugnis 3.1 (gem\u00e4\u00df EN 10 204)","value":"zertifizierung-abnahmepr\u00fcfzeugnis-3-1","price":"22,50","gt_translate_keys":["label"]},{"label":"Kalibrierung & Abnahmepr\u00fcfzeugnis 3.1 (gem\u00e4\u00df EN 10 204)","value":"kalibrierung-abnahmepr\u00fcfzeugnis-3-1","price":"40","gt_translate_keys":["label"]}],"relations":[{"operator":false,"rules":[{"operator":false,"rules":{"cl_field":"wcpa-checkbox-group-5d9cbfadf0aa9","cl_relation":"is","cl_val":"din-iso-3310-1"}}]}],"active":true,"tooltip":"Bestellen Sie die Zertifizierung oder Kalibrierung nach DIN ISO 3310 f\u00fcr dieses Analysensieb direkt mit:","layOut":"inline","gt_translate_keys":["label","description","tooltip"],"price_dependency":false,"cl_dependency":false,"value":""}],[{"type":"radio-group","required":true,"elementId":"wcpa-radio-group-5d9cbfadf0bfd","label":"Kategorie nach ASTM E11","inline":true,"enablePrice":true,"priceOptions":"different_for_all","pricingType":"fixed","name":"radio-group-5d9cbfadf0c51","min_options":"1","max_options":"1","enableCl":true,"cl_rule":"show","cl_val":"astm-e11","col":6,"values":[{"label":"Compliance Sieve nach ASTM E11 3.1.11.1 [inkl. Werksbescheinigung 2.1 (nach EN 10204 & ASTM E11 7.2.1) & Analysensieb Stammkarte]","value":"compliance-sieve","price":"0,00","selected":true,"gt_translate_keys":["label"]},{"label":"Inspection Sieve nach ASTM E11 3.1.11.2 [inkl. Analysensieb Pr\u00fcfzeugnis nach ASTM E11 7.2.2 & Analysensieb Stammkarte]","value":"inspection-sieve","price":"10,00","gt_translate_keys":["label"]},{"label":"Calibration Sieve nach ASTM E11 3.1.11.3 [inkl. Analysensieb Pr\u00fcfzeugnis nach ASTM E11 7.2.3, Abnahmepr\u00fcfzeugnis 3.1 (EN 10204) & Analysensieb Stammkarte]","value":"calibration-sieve","price":"40,00","gt_translate_keys":["label"]}],"relations":[{"operator":false,"rules":[{"operator":false,"rules":{"cl_field":"wcpa-checkbox-group-5d9cbfadf0aa9","cl_relation":"is","cl_val":"astm-e11"}}]}],"active":true,"tooltip":"","layOut":"inline","gt_translate_keys":["label","tooltip"],"price_dependency":false,"cl_dependency":["wcpa-checkbox-group-5d9cbfadf0ca5"],"value":""}],[{"type":"checkbox-group","elementId":"wcpa-checkbox-group-5d9cbfadf0ca5","label":"Zus\u00e4tzliche Dokumentation","enablePrice":true,"priceOptions":"different_for_all","pricingType":"fixed","name":"checkbox-group-5d9cbfadf0cfa","enableCl":true,"cl_rule":"show","cl_val":"inspection-sieve","operator":"and","col":6,"values":[{"label":"Ausfertigung eines Abnahmepr\u00fczeugnisses 3.1 (EN 10204)","value":"compliance-mit-abnahmepr\u00fcfzeugnis-3-1","price":"12,50","gt_translate_keys":["label"]}],"relations":[{"operator":false,"rules":[{"operator":"and","rules":{"cl_field":"wcpa-checkbox-group-5d9cbfadf0aa9","cl_relation":"is","cl_val":"astm-e11"}},{"operator":false,"rules":{"cl_field":"wcpa-radio-group-5d9cbfadf0bfd","cl_relation":"is","cl_val":"inspection-sieve"}}]}],"active":true,"tooltip":"","layOut":"","gt_translate_keys":["label","tooltip"],"price_dependency":false,"cl_dependency":false,"value":""}],[{"type":"checkbox-group","elementId":"wcpa-checkbox-group-5d9cbfadf0d4f","label":"Zus\u00e4tzliche Optionen","inline":true,"enablePrice":true,"priceOptions":"different_for_all","pricingType":"fixed","name":"checkbox-group-5d9cbfadf0da4","max_options":"1","cl_rule":"show","col":6,"values":[{"label":"Lebensmittelechtheit (Verwendung von Weichlot gem\u00e4\u00df DIN EN 29453)","value":"lebensmittelechtheit","price":"4,5","gt_translate_keys":["label"]},{"label":"Lebensmittelechtheit + Temperaturbest\u00e4ndigkeit bis 200\u00b0C","value":"temperaturbestaendigkeit","price":"12","gt_translate_keys":["label"]}],"relations":false,"active":true,"tooltip":"","layOut":"inline","gt_translate_keys":["label","tooltip"],"price_dependency":false,"cl_dependency":false,"value":""}],[{"type":"checkbox-group","required":true,"elementId":"wcpa-checkbox-group-5d9cbfadf0df9","label":"Sprache der Lasergravur & Pr\u00fcfdokumentation","inline":true,"priceOptions":"different_for_all","pricingType":"fixed","name":"checkbox-group-5d9cbfadf0e4d","min_options":"1","max_options":"1","cl_rule":"show","col":6,"values":[{"label":"Deutsch","value":"deutsch","price":"2,00","gt_translate_keys":["label"]},{"label":"Englisch (Lieferzeit bis zu 14 Tage)","value":"englisch","price":"7,50","gt_translate_keys":["label"]}],"relations":false,"active":true,"tooltip":"","layOut":"inline","gt_translate_keys":["label","tooltip"],"price_dependency":false,"cl_dependency":false,"value":""}]]}},"config":{"price_override":"","enable_recaptcha":false,"bind_quantity":false,"quantity_bind_formula":false,"disp_summ_show_option_price":true,"disp_summ_show_product_price":true,"disp_summ_show_total_price":true,"disp_summ_show_fee":false,"disp_summ_show_discount":false,"summary_title":"","options_total_label":"Preisoptionen","total_label":"Gesamtpreis","options_product_label":"Produktpreis ohne Optionen","fee_label":"Geb\u00fchr","discount_label":"Discount","has_price":true,"has_quantity_formula":false},"mc_unit":1,"tax_rate":1.19,"tax_rate_real":0.19,"discount":{"percentage":0,"fixed":0},"design":{"conf":{"LabelPosition":"above","DescPosition":"above","UploadField":"custom_1","QuantityFieldStyle":"default"},"css":{"LeftLabelWidth":"120px"}},"formulas":[],"lookuptables":[],"clones":false,"cartKey":false}},"_links":{"self":[{"href":"https:\/\/analysensiebe.de\/shop\/wp-json\/wp\/v2\/product\/426","targetHints":{"allow":["GET"]}}],"collection":[{"href":"https:\/\/analysensiebe.de\/shop\/wp-json\/wp\/v2\/product"}],"about":[{"href":"https:\/\/analysensiebe.de\/shop\/wp-json\/wp\/v2\/types\/product"}],"wp:featuredmedia":[{"embeddable":true,"href":"https:\/\/analysensiebe.de\/shop\/wp-json\/wp\/v2\/media\/5924"}],"wp:attachment":[{"href":"https:\/\/analysensiebe.de\/shop\/wp-json\/wp\/v2\/media?parent=426"}],"wp:term":[{"taxonomy":"product_brand","embeddable":true,"href":"https:\/\/analysensiebe.de\/shop\/wp-json\/wp\/v2\/product_brand?post=426"},{"taxonomy":"product_cat","embeddable":true,"href":"https:\/\/analysensiebe.de\/shop\/wp-json\/wp\/v2\/product_cat?post=426"},{"taxonomy":"product_tag","embeddable":true,"href":"https:\/\/analysensiebe.de\/shop\/wp-json\/wp\/v2\/product_tag?post=426"}],"curies":[{"name":"wp","href":"https:\/\/api.w.org\/{rel}","templated":true}]}}