{"id":3660,"date":"2020-08-24T15:58:53","date_gmt":"2020-08-24T15:58:53","guid":{"rendered":"https:\/\/analysensiebe.de\/shop\/?post_type=product&#038;p=3660"},"modified":"2025-01-21T18:05:16","modified_gmt":"2025-01-21T18:05:16","slug":"abverkauf-b002","status":"publish","type":"product","link":"https:\/\/analysensiebe.de\/shop\/produkt\/abverkauf-b002\/","title":{"rendered":"Angebote &#038; Abverkauf"},"content":{"rendered":"<p><span style=\"font-size: 18pt; color: #284b67;\"><strong>Blau-Metall Analysensieb &#8211; 200 x 50 mm, Quadratloch 63,0 mm<br \/>\n<\/strong><\/span><\/p>\n<p><span style=\"color: #5dbcd2;\"><strong>Siebtyp:<\/strong><\/span> Quadratloch<br \/>\n<span style=\"color: #5dbcd2;\"><strong>Siebdurchmesser:<\/strong><\/span>\u00a0200 mm<br \/>\n<span style=\"color: #5dbcd2;\"><strong>Nutzh\u00f6he (Siebtiefe H<sub>1<\/sub>):<\/strong><\/span> 50 mm<br \/>\n<strong><span style=\"color: #5dbcd2;\">Rahmen:<\/span>\u00a0<\/strong>Edelstahl<br \/>\n<span style=\"color: #5dbcd2;\"><strong>Siebboden:<\/strong><\/span>\u00a0Edelstahl<\/p>\n<p><span style=\"color: #5dbcd2;\"><strong>Nennlochweite (<em>w<\/em>):<\/strong><\/span> 63,0 mm<br \/>\n<span style=\"color: #5dbcd2;\"><strong>Optische Vermessung der Lochweite (<em>w<\/em>):<\/strong><\/span> 62,986 x 63,035 mm<br \/>\n<span style=\"color: #5dbcd2;\"><strong>Norm: <\/strong><\/span>DIN ISO 3310-2<br \/>\n<span style=\"color: #5dbcd2;\"><strong>Seriennummer: <\/strong><\/span>Ohne Seriennummer, Ohne Pr\u00fcfdokumente<\/p>\n<p><span style=\"color: #ff0000;\"><strong>Zustand:<\/strong> <\/span>Altbestand &#8211; Sieb mit Blechschild, ohne Seriennummer, leichte optische Spuren aber voll funktionsf\u00e4hig. Ma\u00dfhaltigkeit gem\u00e4\u00df DIN ISO 3310 durch optische Vermessung best\u00e4tigt.<\/p>\n<h6>Weiterf\u00fchrende Links:<\/h6>\n<div class=\"wvlinks\">\n<p style=\"padding-left: 40px;\">\u27a1 <a href=\"https:\/\/analysensiebe.de\/bml\/analysensiebe-nach-din-iso-3310\/\">Blau-Metall Analysensiebe nach DIN ISO 3310<\/a><\/p>\n<p style=\"padding-left: 40px;\">\u27a1<a href=\"https:\/\/analysensiebe.de\/bml\/siebanalyse-in-nationalen-internationalen-standards\/\"> Siebanalyse in nationalen &amp; internationalen Normen<\/a><\/p>\n<p style=\"padding-left: 40px;\">\u27a1 <a href=\"https:\/\/analysensiebe.de\/bml\/zertifizierung\/\">Details zu Normkonformit\u00e4t &amp; Zertifizierung<\/a><\/p>\n<\/div>\n<p><img loading=\"lazy\" decoding=\"async\" class=\"aligncenter wp-image-6133\" src=\"https:\/\/analysensiebe.de\/shop\/wp-content\/uploads\/sites\/13\/2025\/01\/BlauMetall_Frontpage_2023_Reducebg_deflate-1024x530.jpg\" alt=\"\" width=\"850\" height=\"440\" srcset=\"https:\/\/analysensiebe.de\/shop\/wp-content\/uploads\/sites\/13\/2025\/01\/BlauMetall_Frontpage_2023_Reducebg_deflate-1024x530.jpg 1024w, https:\/\/analysensiebe.de\/shop\/wp-content\/uploads\/sites\/13\/2025\/01\/BlauMetall_Frontpage_2023_Reducebg_deflate-300x155.jpg 300w, https:\/\/analysensiebe.de\/shop\/wp-content\/uploads\/sites\/13\/2025\/01\/BlauMetall_Frontpage_2023_Reducebg_deflate-768x397.jpg 768w, https:\/\/analysensiebe.de\/shop\/wp-content\/uploads\/sites\/13\/2025\/01\/BlauMetall_Frontpage_2023_Reducebg_deflate-1536x794.jpg 1536w, https:\/\/analysensiebe.de\/shop\/wp-content\/uploads\/sites\/13\/2025\/01\/BlauMetall_Frontpage_2023_Reducebg_deflate-600x310.jpg 600w, https:\/\/analysensiebe.de\/shop\/wp-content\/uploads\/sites\/13\/2025\/01\/BlauMetall_Frontpage_2023_Reducebg_deflate.jpg 1920w\" sizes=\"auto, (max-width: 850px) 100vw, 850px\" \/><\/p>\n","protected":false},"excerpt":{"rendered":"<p><span style=\"color: #ff0000;\"><strong>Achtung:<\/strong> <\/span>In diesem Bereich des Shops werden teilweise B-Waren zu reduzierten Preisen angeboten. Bitte Artikelbeschreibung &amp; Artikelfotos beachten &#8211; Es erfolgt keine R\u00fccknahme wegen beschriebener M\u00e4ngel!<\/p>\n","protected":false},"featured_media":5618,"template":"","meta":{"_monsterinsights_skip_tracking":false,"_monsterinsights_sitenote_active":false,"_monsterinsights_sitenote_note":"","_monsterinsights_sitenote_category":0},"product_brand":[],"product_cat":[594,475,50,49],"product_tag":[],"class_list":{"0":"post-3660","1":"product","2":"type-product","3":"status-publish","4":"has-post-thumbnail","6":"product_cat-200-mm-abverkauf","7":"product_cat-abverkauf","8":"product_cat-200mm","9":"product_cat-durchmesser","10":"pa_abverkauf-bez-analysensieb-quadratloch-630-mm-200-x-50-mm","11":"post-thumbnail-displayed","13":"first","14":"instock","15":"sale","16":"sold-individually","17":"taxable","18":"shipping-taxable","19":"purchasable","20":"product-type-simple"},"aioseo_notices":[],"wcpa_form_fields":null,"_links":{"self":[{"href":"https:\/\/analysensiebe.de\/shop\/wp-json\/wp\/v2\/product\/3660","targetHints":{"allow":["GET"]}}],"collection":[{"href":"https:\/\/analysensiebe.de\/shop\/wp-json\/wp\/v2\/product"}],"about":[{"href":"https:\/\/analysensiebe.de\/shop\/wp-json\/wp\/v2\/types\/product"}],"wp:featuredmedia":[{"embeddable":true,"href":"https:\/\/analysensiebe.de\/shop\/wp-json\/wp\/v2\/media\/5618"}],"wp:attachment":[{"href":"https:\/\/analysensiebe.de\/shop\/wp-json\/wp\/v2\/media?parent=3660"}],"wp:term":[{"taxonomy":"product_brand","embeddable":true,"href":"https:\/\/analysensiebe.de\/shop\/wp-json\/wp\/v2\/product_brand?post=3660"},{"taxonomy":"product_cat","embeddable":true,"href":"https:\/\/analysensiebe.de\/shop\/wp-json\/wp\/v2\/product_cat?post=3660"},{"taxonomy":"product_tag","embeddable":true,"href":"https:\/\/analysensiebe.de\/shop\/wp-json\/wp\/v2\/product_tag?post=3660"}],"curies":[{"name":"wp","href":"https:\/\/api.w.org\/{rel}","templated":true}]}}