{"id":3647,"date":"2020-08-22T11:46:25","date_gmt":"2020-08-22T11:46:25","guid":{"rendered":"https:\/\/analysensiebe.de\/shop\/?post_type=product&#038;p=3647"},"modified":"2025-08-28T18:17:42","modified_gmt":"2025-08-28T18:17:42","slug":"abverkauf-b001","status":"publish","type":"product","link":"https:\/\/analysensiebe.de\/shop\/produkt\/abverkauf-b001\/","title":{"rendered":"Angebote &#038; Abverkauf"},"content":{"rendered":"<p><span style=\"font-size: 18pt; color: #284b67;\"><strong>Blau-Metall Analysensieb-Zubeh\u00f6r &#8211; Auffanggef\u00e4\u00df \/ Siebpfanne 200 x 50 mm<br \/>\n<\/strong><\/span><\/p>\n<p><span style=\"color: #5dbcd2;\"><strong>Siebtyp:<\/strong><\/span> Zubeh\u00f6r<br \/>\n<span style=\"color: #5dbcd2;\"><strong>Siebdurchmesser:<\/strong><\/span>\u00a0200 mm<br \/>\n<span style=\"color: #5dbcd2;\"><strong>Nutzh\u00f6he (Siebtiefe H<sub>1<\/sub>):<\/strong><\/span> 50 mm<br \/>\n<strong><span style=\"color: #5dbcd2;\">Artikelbezeichnung:<\/span> <\/strong>Auffanggef\u00e4\u00df \/ Siebpfanne<br \/>\n<span style=\"color: #5dbcd2;\"><strong>Material:<\/strong><\/span>\u00a0Edelstahl<\/p>\n<p><span style=\"color: #5dbcd2;\"><strong>Nennlochweite (<em>w<\/em>):<\/strong><\/span> &#8212;<br \/>\n<span style=\"color: #5dbcd2;\"><strong>Norm: <\/strong><\/span>&#8212;<br \/>\n<span style=\"color: #5dbcd2;\"><strong>Seriennummer: <\/strong><\/span>Ohne Seriennummer<\/p>\n<p><span style=\"color: #ff0000;\"><strong>Zustand:<\/strong> <\/span>B-Ware &#8211; Auffanggef\u00e4\u00dfe au\u00dfen teilweise mit Kratzern und leichten Einbeulungen. Die Blessuren sind rein optisch und die Gef\u00e4\u00dfe sind voll funktionsf\u00e4hig und k\u00f6nnen mit 200 mm Sieben verwendet werden. 5 St\u00fcck verf\u00fcgbar &#8211; das Artikelbild ist beispielhaft.<\/p>\n<h6>Weiterf\u00fchrende Links:<\/h6>\n<div class=\"wvlinks\">\n<p style=\"padding-left: 40px;\">\u27a1 <a href=\"https:\/\/analysensiebe.de\/bml\/analysensiebe-nach-din-iso-3310\/\">Blau-Metall Analysensiebe nach DIN ISO 3310<\/a><\/p>\n<p style=\"padding-left: 40px;\">\u27a1<a href=\"https:\/\/analysensiebe.de\/bml\/siebanalyse-in-nationalen-internationalen-standards\/\"> Siebanalyse in nationalen &amp; internationalen Normen<\/a><\/p>\n<p style=\"padding-left: 40px;\">\u27a1 <a href=\"https:\/\/analysensiebe.de\/bml\/zertifizierung\/\">Details zu Normkonformit\u00e4t &amp; Zertifizierung<\/a><\/p>\n<\/div>\n<p><img loading=\"lazy\" decoding=\"async\" class=\"aligncenter wp-image-6133\" src=\"https:\/\/analysensiebe.de\/shop\/wp-content\/uploads\/sites\/13\/2025\/01\/BlauMetall_Frontpage_2023_Reducebg_deflate-1024x530.jpg\" alt=\"\" width=\"850\" height=\"440\" srcset=\"https:\/\/analysensiebe.de\/shop\/wp-content\/uploads\/sites\/13\/2025\/01\/BlauMetall_Frontpage_2023_Reducebg_deflate-1024x530.jpg 1024w, https:\/\/analysensiebe.de\/shop\/wp-content\/uploads\/sites\/13\/2025\/01\/BlauMetall_Frontpage_2023_Reducebg_deflate-300x155.jpg 300w, https:\/\/analysensiebe.de\/shop\/wp-content\/uploads\/sites\/13\/2025\/01\/BlauMetall_Frontpage_2023_Reducebg_deflate-768x397.jpg 768w, https:\/\/analysensiebe.de\/shop\/wp-content\/uploads\/sites\/13\/2025\/01\/BlauMetall_Frontpage_2023_Reducebg_deflate-1536x794.jpg 1536w, https:\/\/analysensiebe.de\/shop\/wp-content\/uploads\/sites\/13\/2025\/01\/BlauMetall_Frontpage_2023_Reducebg_deflate-600x310.jpg 600w, https:\/\/analysensiebe.de\/shop\/wp-content\/uploads\/sites\/13\/2025\/01\/BlauMetall_Frontpage_2023_Reducebg_deflate.jpg 1920w\" sizes=\"auto, (max-width: 850px) 100vw, 850px\" \/><\/p>\n","protected":false},"excerpt":{"rendered":"<p><span style=\"color: #ff0000;\"><strong>Achtung:<\/strong> <\/span>In diesem Bereich des Shops werden teilweise B-Waren zu reduzierten Preisen angeboten. Bitte Artikelbeschreibung &amp; Artikelfotos beachten &#8211; Es erfolgt keine R\u00fccknahme wegen beschriebener M\u00e4ngel!<\/p>\n","protected":false},"featured_media":5573,"template":"","meta":{"_monsterinsights_skip_tracking":false,"_monsterinsights_sitenote_active":false,"_monsterinsights_sitenote_note":"","_monsterinsights_sitenote_category":0},"product_brand":[],"product_cat":[49,50,475,594],"product_tag":[],"class_list":{"0":"post-3647","1":"product","2":"type-product","3":"status-publish","4":"has-post-thumbnail","6":"product_cat-durchmesser","7":"product_cat-200mm","8":"product_cat-abverkauf","9":"product_cat-200-mm-abverkauf","10":"pa_abverkauf-bez-auffanggefaess-siebpfanne-200-x-50-mm-reduzierte-b-ware","11":"post-thumbnail-displayed","13":"first","14":"outofstock","15":"sale","16":"sold-individually","17":"taxable","18":"shipping-taxable","19":"purchasable","20":"product-type-simple"},"aioseo_notices":[],"wcpa_form_fields":null,"_links":{"self":[{"href":"https:\/\/analysensiebe.de\/shop\/wp-json\/wp\/v2\/product\/3647","targetHints":{"allow":["GET"]}}],"collection":[{"href":"https:\/\/analysensiebe.de\/shop\/wp-json\/wp\/v2\/product"}],"about":[{"href":"https:\/\/analysensiebe.de\/shop\/wp-json\/wp\/v2\/types\/product"}],"wp:featuredmedia":[{"embeddable":true,"href":"https:\/\/analysensiebe.de\/shop\/wp-json\/wp\/v2\/media\/5573"}],"wp:attachment":[{"href":"https:\/\/analysensiebe.de\/shop\/wp-json\/wp\/v2\/media?parent=3647"}],"wp:term":[{"taxonomy":"product_brand","embeddable":true,"href":"https:\/\/analysensiebe.de\/shop\/wp-json\/wp\/v2\/product_brand?post=3647"},{"taxonomy":"product_cat","embeddable":true,"href":"https:\/\/analysensiebe.de\/shop\/wp-json\/wp\/v2\/product_cat?post=3647"},{"taxonomy":"product_tag","embeddable":true,"href":"https:\/\/analysensiebe.de\/shop\/wp-json\/wp\/v2\/product_tag?post=3647"}],"curies":[{"name":"wp","href":"https:\/\/api.w.org\/{rel}","templated":true}]}}