{"id":6838,"date":"2026-04-05T16:48:17","date_gmt":"2026-04-05T16:48:17","guid":{"rendered":"https:\/\/analysensiebe.de\/shop\/?page_id=6838"},"modified":"2026-04-05T16:48:19","modified_gmt":"2026-04-05T16:48:19","slug":"vertrag-widerrufen","status":"publish","type":"page","link":"https:\/\/analysensiebe.de\/shop\/vertrag-widerrufen\/","title":{"rendered":"Vertrag Widerrufen"},"content":{"rendered":"<form class=\"woocommerce-form woocommerce-form-order-withdrawal-request order-withdrawal-request\" method=\"post\">\n\t\n\t<div class=\"eu-owb-notice-wrapper\"><\/div>\n\n\t<div class=\"eu-owb-form-fields\">\n\t\t\t\t\t<div class=\"form-row form-row-first\">\n\t\t\t\t<label for=\"order-withdrawal-request-order-number\">Bestellnummer&nbsp;<span class=\"required\">*<\/span><\/label>\n\t\t\t\t<input type=\"text\" class=\"input-text\" name=\"order_number\" id=\"order-withdrawal-request-order-number\" autocomplete=\"off\" \/>\n\t\t\t<\/div>\n\n\t\t\t<div class=\"form-row form-row-last\">\n\t\t\t\t<label for=\"order-withdrawal-request-email\">E-Mail&nbsp;<span class=\"required\">*<\/span><\/label>\n\t\t\t\t<input type=\"text\" class=\"input-text\" name=\"email\" id=\"order-withdrawal-request-email\" autocomplete=\"email\" \/>\n\t\t\t<\/div>\n\n\t\t\t<div class=\"clear\"><\/div>\n\n\t\t\t\t\t\t\t<div class=\"order-supports-partial-withdrawal hidden\">\n\t\t\t\t\t<div class=\"form-row form-row-full\">\n\t\t\t\t\t\t<label class=\"woocommerce-form__label woocommerce-form__label-for-checkbox checkbox\" for=\"manually-select-items\">\n\t\t\t\t\t\t\t<input type=\"checkbox\" class=\"woocommerce-form__input woocommerce-form__input-checkbox input-checkbox\" name=\"manually_select_items\"  id=\"manually-select-items\" \/>\n\t\t\t\t\t\t\t<span class=\"eu-owb-woocommerce-select-certain-items-text\">Ich m\u00f6chte bestimmte Positionen f\u00fcr den Widerruf ausw\u00e4hlen.<\/span>\n\t\t\t\t\t\t\t<span class=\"notice eu-owb-woocommerce-select-certain-items-desc\">Sie erhalten eine E-Mail-Best\u00e4tigung \u00fcber den Eingang des Widerrufs. In dieser E-Mail finden Sie einen Link, \u00fcber den Sie die Artikel f\u00fcr den Widerruf ausw\u00e4hlen k\u00f6nnen.<\/span>\n\t\t\t\t\t\t<\/label>\n\t\t\t\t\t<\/div>\n\t\t\t\t<\/div>\n\t\t\t\n\t\t\t\t\t\t<\/div>\n\n\t\n\t<div class=\"form-row\">\n\t\t<input type=\"hidden\" id=\"_wpnonce\" name=\"_wpnonce\" value=\"5b1c88241d\" \/><input type=\"hidden\" name=\"_wp_http_referer\" value=\"\/shop\/wp-json\/wp\/v2\/pages\/6838\" \/>\t\t<button type=\"submit\" class=\"woocommerce-button button woocommerce-form-return_request__submit\" name=\"order_withdrawal_request\" value=\"Widerruf best\u00e4tigen\">Widerruf best\u00e4tigen<\/button>\n\t<\/div>\n\n\t<div class=\"clear\"><\/div>\n\t<\/form>\n\n","protected":false},"excerpt":{"rendered":"","protected":false},"author":1,"featured_media":0,"parent":0,"menu_order":0,"comment_status":"closed","ping_status":"closed","template":"","meta":{"_monsterinsights_skip_tracking":false,"_monsterinsights_sitenote_active":false,"_monsterinsights_sitenote_note":"","_monsterinsights_sitenote_category":0,"footnotes":""},"class_list":["post-6838","page","type-page","status-publish","hentry"],"aioseo_notices":[],"_links":{"self":[{"href":"https:\/\/analysensiebe.de\/shop\/wp-json\/wp\/v2\/pages\/6838","targetHints":{"allow":["GET"]}}],"collection":[{"href":"https:\/\/analysensiebe.de\/shop\/wp-json\/wp\/v2\/pages"}],"about":[{"href":"https:\/\/analysensiebe.de\/shop\/wp-json\/wp\/v2\/types\/page"}],"author":[{"embeddable":true,"href":"https:\/\/analysensiebe.de\/shop\/wp-json\/wp\/v2\/users\/1"}],"replies":[{"embeddable":true,"href":"https:\/\/analysensiebe.de\/shop\/wp-json\/wp\/v2\/comments?post=6838"}],"version-history":[{"count":2,"href":"https:\/\/analysensiebe.de\/shop\/wp-json\/wp\/v2\/pages\/6838\/revisions"}],"predecessor-version":[{"id":6841,"href":"https:\/\/analysensiebe.de\/shop\/wp-json\/wp\/v2\/pages\/6838\/revisions\/6841"}],"wp:attachment":[{"href":"https:\/\/analysensiebe.de\/shop\/wp-json\/wp\/v2\/media?parent=6838"}],"curies":[{"name":"wp","href":"https:\/\/api.w.org\/{rel}","templated":true}]}}