{"id":16,"date":"2019-09-17T13:04:57","date_gmt":"2019-09-17T13:04:57","guid":{"rendered":"https:\/\/analysensiebe.de\/shop\/bezahlmoeglichkeiten\/"},"modified":"2025-04-17T14:18:15","modified_gmt":"2025-04-17T14:18:15","slug":"bezahlmoeglichkeiten","status":"publish","type":"page","link":"https:\/\/analysensiebe.de\/shop\/bezahlmoeglichkeiten\/","title":{"rendered":"Zahlungsarten"},"content":{"rendered":"<div id=\"pl-gb16-69fdf5fd3705e\"  class=\"panel-layout\" ><div id=\"pg-gb16-69fdf5fd3705e-0\"  class=\"panel-grid panel-has-style\" ><div data-overlay-opactity=\"1\" class=\"panel-row-style panel-row-style-for-gb16-69fdf5fd3705e-0\" ><div id=\"pgc-gb16-69fdf5fd3705e-0-0\"  class=\"panel-grid-cell\" ><div id=\"panel-gb16-69fdf5fd3705e-0-0-0\" class=\"widget_text so-panel widget widget_custom_html panel-first-child panel-last-child\" data-index=\"0\" ><div class=\"textwidget custom-html-widget\"><p style=\"text-align: center;\">Wir bieten eine Reihe an bequemen Zahlungsm\u00f6glichkeiten an aus denen Sie die f\u00fcr Sie passende Zahlart ausw\u00e4hlen k\u00f6nnen. Die Versandkosten und m\u00f6gliche Rabatte sind nicht abh\u00e4ngig von der Zahlungsart. Bitte beachten Sie, dass unsere Versandzeiten von der gew\u00e4hlten Zahlungsart abh\u00e4ngen (Vorkasse vs. Sofortzahlung).<\/p><\/div><\/div><\/div><\/div><\/div><div id=\"pg-gb16-69fdf5fd3705e-1\"  class=\"panel-grid panel-has-style\" ><div data-overlay-opactity=\"1\" class=\"panel-row-style panel-row-style-for-gb16-69fdf5fd3705e-1\" ><div id=\"pgc-gb16-69fdf5fd3705e-1-0\"  class=\"panel-grid-cell\" ><div id=\"panel-gb16-69fdf5fd3705e-1-0-0\" class=\"widget_text so-panel widget widget_custom_html panel-first-child\" data-index=\"1\" ><div class=\"textwidget custom-html-widget\"><h4>Vorkasse<\/h4><\/div><\/div><div id=\"panel-gb16-69fdf5fd3705e-1-0-1\" class=\"so-panel widget widget_media_image\" data-index=\"2\" ><img loading=\"lazy\" decoding=\"async\" width=\"134\" height=\"104\" src=\"https:\/\/analysensiebe.de\/shop\/wp-content\/uploads\/sites\/13\/2019\/10\/vorkasse.jpg\" class=\"image wp-image-1137  attachment-full size-full\" alt=\"\" style=\"max-width: 100%; height: auto;\" \/><\/div><div id=\"panel-gb16-69fdf5fd3705e-1-0-2\" class=\"widget_text so-panel widget widget_custom_html panel-last-child\" data-index=\"3\" ><div class=\"textwidget custom-html-widget\">Den f\u00e4lligen Betrag direkt an unsere Kontoverbindung \u00fcberweisen:<br>\n\u2022 Kontoinhaber: Thomas Blau<br>\n\u2022 Bank: Kreissparkasse Saale-Orla<br>\n\u2022 IBAN: Wird nach Bestellung angezeigt.<br>\n\u2022 BIC: HELADEF1SOK<br>\n\u2022 Verwendungszweck: Bestellnummer<br>\nDie vollst\u00e4ndigen Kontodaten werden nach erfolget Bestellung angezeigt und per E-Mail zugestellt.<br><br>\n\u226b Die Artikel werden f\u00fcr Sie reserviert bzw. gehen direkt nach Bestellung in Fertigung. Der Versand erfolgt erst nach Best\u00e4tigung des Zahlungseingangs auf unserem Konto.<\/div><\/div><\/div><div id=\"pgc-gb16-69fdf5fd3705e-1-1\"  class=\"panel-grid-cell\" ><div id=\"panel-gb16-69fdf5fd3705e-1-1-0\" class=\"widget_text so-panel widget widget_custom_html panel-first-child\" data-index=\"4\" ><div class=\"textwidget custom-html-widget\"><h4>Paypal<\/h4><\/div><\/div><div id=\"panel-gb16-69fdf5fd3705e-1-1-1\" class=\"so-panel widget widget_media_image\" data-index=\"5\" ><img loading=\"lazy\" decoding=\"async\" width=\"271\" height=\"105\" src=\"https:\/\/analysensiebe.de\/shop\/wp-content\/uploads\/sites\/13\/2019\/10\/paypal-1.jpg\" class=\"image wp-image-1142  attachment-full size-full\" alt=\"\" style=\"max-width: 100%; height: auto;\" \/><\/div><div id=\"panel-gb16-69fdf5fd3705e-1-1-2\" class=\"widget_text so-panel widget widget_custom_html\" data-index=\"6\" ><div class=\"textwidget custom-html-widget\">Mit Paypal Checkout bequem & sicher mit Paypal Konto oder Kreditkarte (VISA, Mastercard, AMEX, Discover) bezahlen, abgewickelt mit den h\u00f6chsten Sicherheitsstandards von Paypal. <br><br><\/div><\/div><div id=\"panel-gb16-69fdf5fd3705e-1-1-3\" class=\"widget_text so-panel widget widget_custom_html\" data-index=\"7\" ><div class=\"textwidget custom-html-widget\"><h4>Kauf auf Rechnung<\/h4><\/div><\/div><div id=\"panel-gb16-69fdf5fd3705e-1-1-4\" class=\"widget_text so-panel widget widget_custom_html panel-last-child\" data-index=\"8\" ><div class=\"textwidget custom-html-widget\">Der Kauf auf Rechnung mit einem Zahlungsziel von 14 Tagen nach Rechnungsdatum (=Versanddatum) steht registierten Benutzern zur Verf\u00fcgung, die mindestens eine erfolgreiche Bestellung mit einer Vorkassen-Zahlungsmethode ausgef\u00fchrt haben. Die Begleichung der Rechnung erfolgt per \u00dcberweisung.<br><\/div><\/div><\/div><\/div><\/div><div id=\"pg-gb16-69fdf5fd3705e-2\"  class=\"panel-grid panel-has-style\" ><div data-overlay-opactity=\"1\" class=\"panel-row-style panel-row-style-for-gb16-69fdf5fd3705e-2\" ><div id=\"pgc-gb16-69fdf5fd3705e-2-0\"  class=\"panel-grid-cell\" ><div id=\"panel-gb16-69fdf5fd3705e-2-0-0\" class=\"so-panel widget widget_themegrill_flash_separator tg-widget separator-wrapper panel-first-child\" data-index=\"9\" ><div style='margin-top:10px;margin-bottom:10px'  class=\"separator separator-center\">\n\t<div class='separator-inner' style='width:1px' ><\/div>\t\t<\/div>\n<\/div><div id=\"panel-gb16-69fdf5fd3705e-2-0-1\" class=\"so-panel widget widget_media_image\" data-index=\"10\" ><img loading=\"lazy\" decoding=\"async\" width=\"803\" height=\"67\" src=\"https:\/\/analysensiebe.de\/shop\/wp-content\/uploads\/sites\/13\/2025\/04\/klarna-kustom.png\" class=\"image wp-image-6402  attachment-full size-full\" alt=\"\" style=\"max-width: 100%; height: auto;\" srcset=\"https:\/\/analysensiebe.de\/shop\/wp-content\/uploads\/sites\/13\/2025\/04\/klarna-kustom.png 803w, https:\/\/analysensiebe.de\/shop\/wp-content\/uploads\/sites\/13\/2025\/04\/klarna-kustom-300x25.png 300w, https:\/\/analysensiebe.de\/shop\/wp-content\/uploads\/sites\/13\/2025\/04\/klarna-kustom-768x64.png 768w, https:\/\/analysensiebe.de\/shop\/wp-content\/uploads\/sites\/13\/2025\/04\/klarna-kustom-800x67.png 800w, https:\/\/analysensiebe.de\/shop\/wp-content\/uploads\/sites\/13\/2025\/04\/klarna-kustom-600x50.png 600w\" sizes=\"auto, (max-width: 803px) 100vw, 803px\" \/><\/div><div id=\"panel-gb16-69fdf5fd3705e-2-0-2\" class=\"widget_text so-panel widget widget_custom_html panel-last-child\" data-index=\"11\" ><div class=\"textwidget custom-html-widget\">In Zusammenarbeit mit <a class=\"link-item link-secondary\" href=\"http:\/\/www.klarna.de\/\"><span class=\"link-content\">Klarna<\/span><\/a> Bank AB (publ), Sveav\u00e4gen 46, 111 34 Stockholm, Schweden, bieten wir die folgenden Zahlungsoptionen an. Die Zahlung wird \u00fcber das neue Kustom Portal (Brahegatan 10, 11437 Stockholm, Schweden) durchgef\u00fchrt:<br><br>\n<ul>\n\t<li>Rechnungskauf mit Pay-Later Option, Ratenkauf<\/li>\n \t<li>Sofort: Die Belastung Ihres Kontos erfolgt unmittelbar nach Abgabe der Bestellung.<\/li>\n \t<li>Kreditkarte (Visa\/ Mastercard)<\/li>\n \t<li>Lastschrift: Die Abbuchung erfolgt nach Versand der Ware. Der Zeitpunkt wird Ihnen per E-Mail mitgeteilt.<\/li>\n<\/ul><br>\nDie Nutzung der Zahlungsarten Rechnung, Ratenkauf und Lastschrift setzt eine positive Bonit\u00e4tspr\u00fcfung voraus. Insofern leiten wir Ihre Daten im Rahmen der Kaufanbahnung und Abwicklung des Kaufvertrages an Klarna zum Zwecke der Adress- und Bonit\u00e4tspr\u00fcfung weiter. Bitte haben Sie Verst\u00e4ndnis daf\u00fcr, dass wir Ihnen nur diejenigen Zahlarten anbieten k\u00f6nnen, die aufgrund der Ergebnisse der Bonit\u00e4tspr\u00fcfung zul\u00e4ssig sind. Weitere Informationen und Klarnas Nutzungsbedingungen finden Sie <a class=\"link-item link-secondary\" href=\"https:\/\/cdn.klarna.com\/1.0\/shared\/content\/legal\/terms\/EID\/de_de\/user\"><span class=\"link-content\">hier<\/span><\/a>. Allgemeine Informationen zu Klarna erhalten Sie <a class=\"link-item link-secondary\" href=\"http:\/\/www.klarna.de\/\"><span class=\"link-content\">hier<\/span><\/a>. Ihre Personenangaben werden von Klarna in \u00dcbereinstimmung mit den geltenden Datenschutzbestimmungen und entsprechend den Angaben in <a class=\"link-item link-secondary\" href=\"https:\/\/cdn.klarna.com\/1.0\/shared\/content\/legal\/terms\/0\/de_de\/privacy\"><span class=\"link-content\">Klarnas Datenschutzbestimmungen<\/span><\/a> behandelt.<br><\/div><\/div><\/div><\/div><\/div><div id=\"pg-gb16-69fdf5fd3705e-3\"  class=\"panel-grid panel-has-style\" ><div data-overlay-opactity=\"1\" class=\"panel-row-style panel-row-style-for-gb16-69fdf5fd3705e-3\" ><div id=\"pgc-gb16-69fdf5fd3705e-3-0\"  class=\"panel-grid-cell\" ><div id=\"panel-gb16-69fdf5fd3705e-3-0-0\" class=\"so-panel widget widget_themegrill_flash_separator tg-widget separator-wrapper panel-first-child panel-last-child\" data-index=\"12\" ><div style='margin-top:10px;margin-bottom:10px'  class=\"separator separator-center\">\n\t<div class='separator-inner' style='width:1px' ><\/div>\t\t<\/div>\n<\/div><\/div><\/div><\/div><div id=\"pg-gb16-69fdf5fd3705e-4\"  class=\"panel-grid panel-has-style\" ><div data-overlay-opactity=\"1\" class=\"panel-row-style panel-row-style-for-gb16-69fdf5fd3705e-4\" ><div id=\"pgc-gb16-69fdf5fd3705e-4-0\"  class=\"panel-grid-cell\" ><div id=\"panel-gb16-69fdf5fd3705e-4-0-0\" class=\"widget_text so-panel widget widget_custom_html panel-first-child\" data-index=\"13\" ><div class=\"textwidget custom-html-widget\"><h4>Sofort\u00fcberweisung<\/h4><\/div><\/div><div id=\"panel-gb16-69fdf5fd3705e-4-0-1\" class=\"so-panel widget widget_media_image\" data-index=\"14\" ><img loading=\"lazy\" decoding=\"async\" width=\"156\" height=\"104\" src=\"https:\/\/analysensiebe.de\/shop\/wp-content\/uploads\/sites\/13\/2019\/10\/pink.jpg\" class=\"image wp-image-1363  attachment-full size-full\" alt=\"\" style=\"max-width: 100%; height: auto;\" \/><\/div><div id=\"panel-gb16-69fdf5fd3705e-4-0-2\" class=\"widget_text so-panel widget widget_custom_html panel-last-child\" data-index=\"15\" ><div class=\"textwidget custom-html-widget\">Das Direkt\u00fcberweisungsverfahren der Sofort GmbH im neuen Klarna Design. Ganz bequem mit den vertrauten Daten \u00fcber das Online-Banking bezahlen und die Ware schnellstm\u00f6glich erhalten.<\/div><\/div><\/div><div id=\"pgc-gb16-69fdf5fd3705e-4-1\"  class=\"panel-grid-cell\" ><div id=\"panel-gb16-69fdf5fd3705e-4-1-0\" class=\"widget_text so-panel widget widget_custom_html panel-first-child\" data-index=\"16\" ><div class=\"textwidget custom-html-widget\"><h4>Lastschrift<\/h4><\/div><\/div><div id=\"panel-gb16-69fdf5fd3705e-4-1-1\" class=\"so-panel widget widget_media_image\" data-index=\"17\" ><img loading=\"lazy\" decoding=\"async\" width=\"255\" height=\"104\" src=\"https:\/\/analysensiebe.de\/shop\/wp-content\/uploads\/sites\/13\/2019\/10\/lastschriftlogo-qf_rgb-600x245-300x123.png\" class=\"image wp-image-1364  attachment-255x104 size-255x104\" alt=\"\" style=\"max-width: 100%; height: auto;\" srcset=\"https:\/\/analysensiebe.de\/shop\/wp-content\/uploads\/sites\/13\/2019\/10\/lastschriftlogo-qf_rgb-600x245-300x123.png 300w, https:\/\/analysensiebe.de\/shop\/wp-content\/uploads\/sites\/13\/2019\/10\/lastschriftlogo-qf_rgb-600x245.png 600w\" sizes=\"auto, (max-width: 255px) 100vw, 255px\" \/><\/div><div id=\"panel-gb16-69fdf5fd3705e-4-1-2\" class=\"widget_text so-panel widget widget_custom_html panel-last-child\" data-index=\"18\" ><div class=\"textwidget custom-html-widget\">Bequem per Lastschrift bezahlen und den Betrag vom Konto abbuchen lassen, abgewickelt durch Klarna mit den h\u00f6chsten Sicherheitsstandards.<\/div><\/div><\/div><\/div><\/div><\/div>","protected":false},"excerpt":{"rendered":"","protected":false},"author":1,"featured_media":4855,"parent":0,"menu_order":0,"comment_status":"closed","ping_status":"closed","template":"","meta":{"_monsterinsights_skip_tracking":false,"_monsterinsights_sitenote_active":false,"_monsterinsights_sitenote_note":"","_monsterinsights_sitenote_category":0,"footnotes":""},"class_list":["post-16","page","type-page","status-publish","has-post-thumbnail","hentry","post-thumbnail-displayed"],"aioseo_notices":[],"_links":{"self":[{"href":"https:\/\/analysensiebe.de\/shop\/wp-json\/wp\/v2\/pages\/16","targetHints":{"allow":["GET"]}}],"collection":[{"href":"https:\/\/analysensiebe.de\/shop\/wp-json\/wp\/v2\/pages"}],"about":[{"href":"https:\/\/analysensiebe.de\/shop\/wp-json\/wp\/v2\/types\/page"}],"author":[{"embeddable":true,"href":"https:\/\/analysensiebe.de\/shop\/wp-json\/wp\/v2\/users\/1"}],"replies":[{"embeddable":true,"href":"https:\/\/analysensiebe.de\/shop\/wp-json\/wp\/v2\/comments?post=16"}],"version-history":[{"count":13,"href":"https:\/\/analysensiebe.de\/shop\/wp-json\/wp\/v2\/pages\/16\/revisions"}],"predecessor-version":[{"id":6403,"href":"https:\/\/analysensiebe.de\/shop\/wp-json\/wp\/v2\/pages\/16\/revisions\/6403"}],"wp:featuredmedia":[{"embeddable":true,"href":"https:\/\/analysensiebe.de\/shop\/wp-json\/wp\/v2\/media\/4855"}],"wp:attachment":[{"href":"https:\/\/analysensiebe.de\/shop\/wp-json\/wp\/v2\/media?parent=16"}],"curies":[{"name":"wp","href":"https:\/\/api.w.org\/{rel}","templated":true}]}}