{"id":917,"date":"2019-03-29T14:15:50","date_gmt":"2019-03-29T14:15:50","guid":{"rendered":"http:\/\/analysensiebe.de\/bml\/?page_id=917"},"modified":"2023-08-13T17:42:45","modified_gmt":"2023-08-13T17:42:45","slug":"analysensiebe-fur-die-bestimmung-der-korngrosenverteilung-von-bodenproben","status":"publish","type":"page","link":"https:\/\/analysensiebe.de\/bml\/analysensiebe-fur-die-bestimmung-der-korngrosenverteilung-von-bodenproben\/","title":{"rendered":"Analysensiebe f\u00fcr die Bestimmung der Korngr\u00f6\u00dfenverteilung von Bodenproben"},"content":{"rendered":"<div id=\"pl-917\"  class=\"panel-layout\" ><div id=\"pg-917-0\"  class=\"panel-grid panel-no-style\" ><div id=\"pgc-917-0-0\"  class=\"panel-grid-cell\" ><div id=\"panel-917-0-0-0\" class=\"widget_text so-panel widget widget_custom_html panel-first-child\" data-index=\"0\" ><div class=\"textwidget custom-html-widget\"><a href=\"https:\/\/analysensiebe.de\/bml\/wp-content\/uploads\/sites\/10\/2019\/03\/soil-stock-1.jpg\"><img loading=\"lazy\" decoding=\"async\" class=\" wp-image-918 alignright\" src=\"https:\/\/analysensiebe.de\/bml\/wp-content\/uploads\/sites\/10\/2019\/03\/soil-stock-1-1024x681.jpg\" alt=\"\" width=\"395\" height=\"263\" srcset=\"https:\/\/analysensiebe.de\/bml\/wp-content\/uploads\/sites\/10\/2019\/03\/soil-stock-1-1024x681.jpg 1024w, https:\/\/analysensiebe.de\/bml\/wp-content\/uploads\/sites\/10\/2019\/03\/soil-stock-1-300x199.jpg 300w, https:\/\/analysensiebe.de\/bml\/wp-content\/uploads\/sites\/10\/2019\/03\/soil-stock-1-768x510.jpg 768w, https:\/\/analysensiebe.de\/bml\/wp-content\/uploads\/sites\/10\/2019\/03\/soil-stock-1-500x332.jpg 500w, https:\/\/analysensiebe.de\/bml\/wp-content\/uploads\/sites\/10\/2019\/03\/soil-stock-1.jpg 1920w\" sizes=\"auto, (max-width: 395px) 100vw, 395px\" \/><\/a>Die Bestimmung der mechanischen Eigenschaften von B\u00f6den bzw. Baugrund ist ein wichtiger Bestandteil des Erd-, Wasser- und Verkehrsbauwesens. Die sichere Bestimmung der Korngr\u00f6\u00dfenverteilung von B\u00f6den nimmt dabei eine besonders wichtige Rolle ein, da sie instrumentelle Aussagen zu den erdstatischen Eigenschaften des Bodens liefert und damit f\u00fcr die Umsetzung von geplanten Bauvorhaben ma\u00dfgeblich ist.\n<br><br>\nDas Ermitteln der Korngr\u00f6\u00dfenverteilung mittels Siebanalyse bildet unter anderem die Grundlage f\u00fcr die Bestimmung der Wasserdurchl\u00e4ssigkeit, der Tragf\u00e4higkeit, der Frostempfindlichkeit und der Erosionsempfindlichkeit des untersuchten Bodens \u2013 wichtige Kernpunkte f\u00fcr die Klassifikation der Stabilit\u00e4t von B\u00f6den f\u00fcr Bauvorhaben aller Art. Bodenmechanische Untersuchungen werden als Bindeglied zwischen dem eigentlichen \u201eBaugrund\u201c (dem Boden) und den Eingangsparametern von numerischen und analytischen Berechnungen gesehen.\n<br><br>\nZiel der Bestimmung der Korngr\u00f6\u00dfenverteilung ist die Feststellung des prozentualen Massenanteils (x<sub>mi<\/sub>) der unterschiedlichen Korngr\u00f6\u00dfenfraktionen Ton, Schluff, Sand, Kies und Steinen, wobei dem Feinanteil von Bodenproben besondere Aufmerksamkeit geschenkt wird, da dieser die geotechnischen und geohydraulischen  Eigenschaften des Baugrundes ma\u00dfgeblich beeinflusst.\n<br><br>\n<figure id=\"attachment_919\" aria-describedby=\"caption-attachment-919\" style=\"width: 780px\" class=\"wp-caption aligncenter\"><a href=\"https:\/\/analysensiebe.de\/bml\/wp-content\/uploads\/sites\/10\/2022\/09\/Siebsatz-Bodenanalyse.jpg\"><img decoding=\"async\" class=\"wp-image-919 size-large\" src=\"https:\/\/analysensiebe.de\/bml\/wp-content\/uploads\/sites\/10\/2022\/09\/Siebsatz-Bodenanalyse-scaled.jpg\" alt=\"\" width=\"auto\" height=\"325\" \/><\/a><figcaption id=\"caption-attachment-919\" class=\"wp-caption-text\">Konventioneller Analysensieb-Satz nach DIN ISO 17892 bzw. DIN 18123 zur Bestimmung der Korngr\u00f6\u00dfenverteilung von Bodenproben<\/figcaption><\/figure><br><br><\/div><\/div><div id=\"panel-917-0-0-1\" class=\"widget_text so-panel widget widget_custom_html\" data-index=\"1\" ><div class=\"textwidget custom-html-widget\"><a href=\"https:\/\/analysensiebe.de\/bml\/wp-content\/uploads\/sites\/10\/2019\/03\/excavator-stock.jpg\"><img loading=\"lazy\" decoding=\"async\" class=\" wp-image-922 alignright\" src=\"https:\/\/analysensiebe.de\/bml\/wp-content\/uploads\/sites\/10\/2019\/03\/excavator-stock-1024x695.jpg\" alt=\"\" width=\"395\" height=\"268\" srcset=\"https:\/\/analysensiebe.de\/bml\/wp-content\/uploads\/sites\/10\/2019\/03\/excavator-stock-1024x695.jpg 1024w, https:\/\/analysensiebe.de\/bml\/wp-content\/uploads\/sites\/10\/2019\/03\/excavator-stock-300x204.jpg 300w, https:\/\/analysensiebe.de\/bml\/wp-content\/uploads\/sites\/10\/2019\/03\/excavator-stock-768x521.jpg 768w, https:\/\/analysensiebe.de\/bml\/wp-content\/uploads\/sites\/10\/2019\/03\/excavator-stock-500x339.jpg 500w, https:\/\/analysensiebe.de\/bml\/wp-content\/uploads\/sites\/10\/2019\/03\/excavator-stock.jpg 1920w\" sizes=\"auto, (max-width: 395px) 100vw, 395px\" \/><\/a>Eine korrekte Bestimmung der Korngr\u00f6\u00dfenverteilung von Baugrund ist von kritischer Wichtigkeit f\u00fcr die \u00f6ffentliche Sicherheit, da sie die Grundlage f\u00fcr die statische Sicherheit des Bauvorhabens bildet. Aufgrund dessen sind die Methoden und Instrumente f\u00fcr die labortechnische Bestimmung der Korngr\u00f6\u00dfenverteilung von Bodenproben in verbindlichen Normen festgelegt. F\u00fcr grobe B\u00f6den wird die Korngr\u00f6\u00dfenverteilung mittels Siebung gepr\u00fcft; bei Feinb\u00f6den oder gemischten B\u00f6den kommen Siebung und Sedimentation in Kombination zum Einsatz.\n<br><br>\nDie Verfahren und instrumentellen Vorgaben werden in der internationalen Norm DIN EN ISO 17892-4 geregelt (Geotechnische Erkundung und Untersuchung - Laborversuche an Bodenproben - Teil 4: Bestimmung der Korngr\u00f6\u00dfenverteilung). Diese Norm ersetzt die lange g\u00fcltige DIN 18123: Baugrund, Untersuchung von Bodenproben - Bestimmung der Korngr\u00f6\u00dfenverteilung. Die eigentliche Klassifizierung und technische Beschreibung von Boden \/ Baugrund ist \u00fcber die ISO 14688 festgelegt (Geotechnische Erkundung und Untersuchung - Benennung, Beschreibung und Klassifizierung von Boden).<br><br><\/div><\/div><div id=\"panel-917-0-0-2\" class=\"widget_text so-panel widget widget_custom_html\" data-index=\"2\" ><div class=\"textwidget custom-html-widget\"><a href=\"https:\/\/analysensiebe.de\/bml\/wp-content\/uploads\/sites\/10\/2022\/09\/Sieb-QL-40-IMG01.jpg\"><img decoding=\"async\" class=\" wp-image-925 alignright\" src=\"https:\/\/analysensiebe.de\/bml\/wp-content\/uploads\/sites\/10\/2022\/09\/Sieb-QL-40-IMG01-scaled.jpg\" alt=\"\" width=\"395\" height=\"auto\" \/><\/a>Die Bestimmung der Korngr\u00f6\u00dfenverteilung ist laut DIN EN ISO 17892 mit einem Satz von Analysensieben gem\u00e4\u00df der DIN ISO 3310-1 und 3310-2 sowie geeigneten Aufnahmeschalen vorzunehmen, wobei die Anzahl der Siebe und deren Maschen- bzw. Nennlochweiten auf die zu untersuchende Probe abzustimmen ist, sodass Unstetigkeiten in der Korngr\u00f6\u00dfenverteilungskurve sicher festgestellt werden k\u00f6nnen.\n\nBlau-Metall bietet alle g\u00e4ngigen Drahtgewebe- und Quadratlochsiebe nach den geforderten Normen DIN ISO 3310-1 und 3310-2 und kann damit eine Komplettl\u00f6sung f\u00fcr Kornverteilungsbestimmungen nach DIN EN ISO 17892 anbieten. Eine hohe statistische Sicherheit garantieren wir durch l\u00fcckenlose optische Vermessung aller von uns hergestellten Siebe bevor diese unser Haus verlassen (auf Kundenwunsch stellen wir Abnahmepr\u00fcfzeugnisse oder f\u00fchren eine kalibrierende optische Vermessung der Siebe durch).\n<br><br>\nAufgrund der enormen Wichtigkeit der Korngr\u00f6\u00dfenverteilung als Bodenparameter sollte dringend auf die Einhaltung der Analysensieb-Norm bei den verwendeten Sieben geachtet werden und die vorgegebenen Intervalle f\u00fcr die Re-Zertifizierung von gebrauchten Sieben sollte ebenfalls Beachtung finden. (vgl. Bundesgesetz \u00fcber das Messwesen, DIN ISO 9001, DIN ISO 3310)\n<br><br>\nDie Re-Zertifizierung von Analysensieben bietet Blau-Metall als Service an; f\u00fcr die Re-Zertifizierung von Blau-Metall Sieben gestatten wir Rabatte von bis zu 35% auf den Rezertifizierungspreis von Fremdsieben. Weiterf\u00fchrende Informationen zur <a href=\"https:\/\/analysensiebe.de\/bml\/zertifizierung\/\">Zertifizierung<\/a> & <a href=\"https:\/\/analysensiebe.de\/bml\/re-zertifizierung\/\">Re-Zertifizierung.<\/a><br><br><\/div><\/div><div id=\"panel-917-0-0-3\" class=\"widget_text so-panel widget widget_custom_html\" data-index=\"3\" ><div class=\"textwidget custom-html-widget\"><h3 style=\"text-align: center;\">Siebsatz f\u00fcr Bodenanalyse nach DIN ISO 17892-4 bzw. DIN 18123<\/h3><br>\n<p style=\"text-align: center;\"><strong>Lieferzeit: ca. 10 Tage nach Auftragseingang<\/strong><\/p><\/div><\/div><div id=\"panel-917-0-0-4\" class=\"widget_text so-panel widget widget_custom_html\" data-index=\"4\" ><div class=\"widget_text panel-widget-style panel-widget-style-for-917-0-0-4\" ><div class=\"textwidget custom-html-widget\"><html>\n<style>\n* {\n  -webkit-box-sizing: border-box;\n  -moz-box-sizing: border-box;\n  box-sizing: border-box;\n}\n*:before, *:after {\n  -webkit-box-sizing: border-box;\n  -moz-box-sizing: border-box;\n  box-sizing: border-box;\n}\n\nbody {\n  font-family: \"Helvetica Neue\", \"Helvetica\", \"Roboto\", \"Arial\", sans-serif;\n  color: #5e5d52;\n}\n\na {\n  color: #337aa8;\n}\na:hover, a:focus {\n  color: #4b8ab2;\n}\n\n.container {\n  margin: 0% 0%;\n}\n@media (min-width: 33em) {\n  .container {\n    margin: 0%;\n  }\n}\n@media (min-width: 75em) {\n  .container {\n    margin: 2em auto;\n    max-width: 75em;\n  }\n}\n\n.responsive-table {\n  width: 100%;\n  margin-bottom: 1.5em;\n}\n@media (min-width: 33em) {\n  .responsive-table {\n    font-size: .85em;\n  }\n}\n@media (min-width: 62em) {\n  .responsive-table {\n    font-size: 1em;\n  }\n}\n.responsive-table thead {\n  position: absolute;\n  clip: rect(1px 1px 1px 1px);\n  \/* IE6, IE7 *\/\n  clip: rect(1px, 1px, 1px, 1px);\n  padding: 0;\n  border: 0;\n  height: 1px;\n  width: 1px;\n  overflow: hidden;\n}\n@media (min-width: 33em) {\n  .responsive-table thead {\n    position: relative;\n    clip: auto;\n    height: auto;\n    width: auto;\n    overflow: auto;\n  }\n}\n.responsive-table thead th {\n  background-color: #1d96b2;\n  border: 1px solid #1d96b2;\n  font-weight: bold;\n  text-align: center;\n  color: white;\n}\n.responsive-table thead th:first-of-type {\n  text-align: left;\n}\n.responsive-table tbody,\n.responsive-table tr,\n.responsive-table th,\n.responsive-table td {\n  display: block;\n  padding: 0;\ntext-align: left;\n  white-space: normal;\n}\n@media (min-width: 33em) {\n  .responsive-table tr {\n    display: table-row;\n  }\n}\n.responsive-table th,\n.responsive-table td {\n  padding: .5em;\n  vertical-align: middle;\n}\n@media (min-width: 32.5em) {\n  .responsive-table th,\n  .responsive-table td {\n    padding: .75em .5em;\n  }\n}\n@media (min-width: 33em) {\n  .responsive-table th,\n  .responsive-table td {\n    display: table-cell;\n    padding: .5em;\n  }\n}\n@media (min-width: 62em) {\n  .responsive-table th,\n  .responsive-table td {\n    padding: .65em .5em;\n  }\n}\n@media (min-width: 75em) {\n  .responsive-table th,\n  .responsive-table td {\n    padding: .65em;\n  }\n}\n.responsive-table caption {\n  margin-bottom: 1em;\n  font-size: 1em;\n  font-weight: bold;\n  text-align: center;\n}\n@media (min-width: 33em) {\n  .responsive-table caption {\n    font-size: 1.5em;\n  }\n}\n.responsive-table tfoot {\n  font-size: .8em;\n  font-style: italic;\n}\n@media (min-width: 62em) {\n  .responsive-table tfoot {\n    font-size: .9em;\n  }\n}\n@media (min-width: 33em) {\n  .responsive-table tbody {\n    display: table-row-group;\n  }\n}\n.responsive-table tbody tr {\n  margin-bottom: 1em;\n  border: 2px solid #1d96b2;\n}\n@media (min-width: 33em) {\n  .responsive-table tbody tr {\n    display: table-row;\n    border-width: 1px;\n  }\n}\n.responsive-table tbody tr:last-of-type {\n  margin-bottom: 0;\n}\n@media (min-width: 33em) {\n  .responsive-table tbody tr:nth-of-type(even) {\n    background-color: rgba(94, 93, 82, 0.1);\n  }\n}\n.responsive-table tbody th[scope=\"row\"] {\n  background-color: #1d96b2;\n  color: white;\n}\n@media (min-width: 33em) {\n  .responsive-table tbody th[scope=\"row\"] {\n    background-color: transparent;\n    color: #5e5d52;\n    text-align: left;\n  }\n}\n.responsive-table tbody td {\n  text-align: right;\n}\n@media (min-width: 32.5em) {\n  .responsive-table tbody td {\n    border-bottom: 1px solid #1d96b2;\n  }\n}\n@media (min-width: 33em) {\n  .responsive-table tbody td {\n    text-align: left;\n  }\n}\n.responsive-table tbody td[data-type=currency] {\n  text-align: right;\n}\n.responsive-table tbody td[data-title]:before {\n  content: attr(data-title);\n  float: left;\n  font-size: .85em;\n  color: rgba(94, 93, 82, 0.75);\n}\n@media (min-width: 32.5em) {\n  .responsive-table tbody td[data-title]:before {\n    font-size: .9em;\n  }\n}\n@media (min-width: 33em) {\n  .responsive-table tbody td[data-title]:before {\n    content: none;\n  }\n}\n<\/style>\n<body>\n    <div class=\"container\">\n  <table class=\"responsive-table\">\n<thead>\n            <tr>\n        <th scope=\"col\">Artikel<\/th>\n        <th scope=\"col\">Norm<\/th>\n        <th scope=\"col\">Verf\u00fcgbare Durchmesser<\/th>\n      <\/tr>\n    <\/thead>\n        <tbody>\n<tr>\n<td data-title=\"Artikel\">Analysensieb Quadratloch 63,0 mm<\/td>\n<td data-title=\"Norm\">DIN ISO 3310-2<\/td>\n<td data-title=\"Verf\u00fcgbare Durchmesser\">200, 300, 400 mm<\/td>\n<\/tr><tr>\n<td data-title=\"Artikel\">Analysensieb Quadratloch 31,5 mm<\/td>\n<td data-title=\"Norm\">DIN ISO 3310-2<\/td>\n<td data-title=\"Verf\u00fcgbare Durchmesser\">200, 300, 400 mm<\/td>\n<\/tr><tr>\n<td data-title=\"Artikel\">Analysensieb Quadratloch 16,0 mm<\/td>\n<td data-title=\"Norm\">DIN ISO 3310-2<\/td>\n<td data-title=\"Verf\u00fcgbare Durchmesser\">200, 300, 400 mm<\/td>\n<\/tr><tr>\n<td data-title=\"Artikel\">Analysensieb Quadratloch 8,0 mm<\/td>\n<td data-title=\"Norm\">DIN ISO 3310-2<\/td>\n<td data-title=\"Verf\u00fcgbare Durchmesser\">200, 300, 400 mm<\/td>\n<\/tr><tr>\n<td data-title=\"Artikel\">Analysensieb Quadratloch 4,0 mm<\/td>\n<td data-title=\"Norm\">DIN ISO 3310-2<\/td>\n<td data-title=\"Verf\u00fcgbare Durchmesser\">200, 300, 400 mm<\/td>\n<\/tr><tr>\n<td data-title=\"Artikel\">Analysensieb Drahtgewebe 2,0 mm<\/td>\n<td data-title=\"Norm\">DIN ISO 3310-1<\/td>\n<td data-title=\"Verf\u00fcgbare Durchmesser\">200, 300, 400 mm<\/td>\n<\/tr><tr>\n<td data-title=\"Artikel\">Analysensieb Drahtgewebe 1,0 mm<\/td>\n<td data-title=\"Norm\">DIN ISO 3310-1<\/td>\n<td data-title=\"Verf\u00fcgbare Durchmesser\">200, 300, 400 mm<\/td>\n<\/tr><tr>\n<td data-title=\"Artikel\">Analysensieb Drahtgewebe 500 \u00b5m <\/td>\n<td data-title=\"Norm\">DIN ISO 3310-1<\/td>\n<td data-title=\"Verf\u00fcgbare Durchmesser\">200, 300, 400 mm<\/td>\n<\/tr><tr>\n<td data-title=\"Artikel\">Analysensieb Drahtgewebe 250 \u00b5m<\/td>\n<td data-title=\"Norm\">DIN ISO 3310-1<\/td>\n<td data-title=\"Verf\u00fcgbare Durchmesser\">200, 300, 400 mm<\/td>\n<\/tr>\n<tr>\n<td data-title=\"Artikel\">Analysensieb Drahtgewebe 125 \u00b5m<\/td>\n<td data-title=\"Norm\">DIN ISO 3310-1<\/td>\n<td data-title=\"Verf\u00fcgbare Durchmesser\">200, 300, 400 mm<\/td>\n<\/tr><tr>\n<td data-title=\"Artikel\">Analysensieb Drahtgewebe 63 \u00b5m<\/td>\n<td data-title=\"Norm\">DIN ISO 3310-1<\/td>\n<td data-title=\"Verf\u00fcgbare Durchmesser\">200, 300, 400 mm<\/td>\n<\/tr><tr>\n<td data-title=\"Artikel\">Siebpfanne<\/td>\n<td data-title=\"Norm\"><\/td>\n<td data-title=\"Verf\u00fcgbare Durchmesser\">200, 300, 400 mm<\/td>\n<\/tr>\n\n    <\/tbody>\n  <\/table>\n<\/div>\n<\/body>\n<\/html>\n<br><br><\/div><\/div><\/div><div id=\"panel-917-0-0-5\" class=\"widget_text so-panel widget widget_custom_html panel-last-child\" data-index=\"5\" ><div class=\"textwidget custom-html-widget\"><br><br><h4>Durchf\u00fchrung Trockensiebung:<\/h4><br><br>\nNach Zusammenstellen des Siebturms wird die vorher ausgewogene, trockene Probenmenge auf das obere Sieb gegeben (die Lochweiten der Siebe sind nach unten absteigend). Die Probe wird f\u00fcr eine vorgegebene Zeit einer in der geltenden Norm definierten Bewegung ausgesetzt (mittels Siebmaschine). Die R\u00fcckst\u00e4nde auf jedem einzelnen Analysensieb werden nach der Siebung mit einer geeigneten Waage ermittelt und in Massenprozentanteile der Gesamtprobemasse umgerechnet. Diese werden dann halblogarithmisch als Summenkurve im K\u00f6rnungsdiagramm eingetragen und liefern so die charakteristische K\u00f6rnungskurve des untersuchten Bodens.\n<br><br>\n<figure id=\"attachment_930\" aria-describedby=\"caption-attachment-930\" style=\"width: 1000px\" class=\"wp-caption aligncenter\"><a href=\"https:\/\/analysensiebe.de\/bml\/wp-content\/uploads\/sites\/10\/2019\/03\/Kornverteilung.svg.png\"><img loading=\"lazy\" decoding=\"async\" class=\"size-full wp-image-930\" src=\"https:\/\/analysensiebe.de\/bml\/wp-content\/uploads\/sites\/10\/2019\/03\/Kornverteilung.svg.png\" alt=\"\" width=\"1000\" height=\"541\" srcset=\"https:\/\/analysensiebe.de\/bml\/wp-content\/uploads\/sites\/10\/2019\/03\/Kornverteilung.svg.png 1000w, https:\/\/analysensiebe.de\/bml\/wp-content\/uploads\/sites\/10\/2019\/03\/Kornverteilung.svg-300x162.png 300w, https:\/\/analysensiebe.de\/bml\/wp-content\/uploads\/sites\/10\/2019\/03\/Kornverteilung.svg-768x415.png 768w, https:\/\/analysensiebe.de\/bml\/wp-content\/uploads\/sites\/10\/2019\/03\/Kornverteilung.svg-500x271.png 500w\" sizes=\"auto, (max-width: 1000px) 100vw, 1000px\" \/><\/a><figcaption id=\"caption-attachment-930\" class=\"wp-caption-text\">Kornverteilungskurven (Sieblinien, K\u00f6rnungskurven) f\u00fcr verschiedene Bodenzusammensetzungen (Bild: Wikimedia\/Sascha P\u00f6schl)<\/figcaption><\/figure><br><br><\/div><\/div><\/div><\/div><\/div>","protected":false},"excerpt":{"rendered":"<p>Die Bestimmung der mechanischen Eigenschaften von B\u00f6den bzw. Baugrund ist ein wichtiger Bestandteil des Erd-, Wasser- und Verkehrsbauwesens. Die sichere [&hellip;]<\/p>\n","protected":false},"author":1,"featured_media":918,"parent":0,"menu_order":0,"comment_status":"closed","ping_status":"closed","template":"","meta":{"footnotes":""},"class_list":["post-917","page","type-page","status-publish","has-post-thumbnail","hentry","post-thumbnail-displayed"],"aioseo_notices":[],"_links":{"self":[{"href":"https:\/\/analysensiebe.de\/bml\/wp-json\/wp\/v2\/pages\/917","targetHints":{"allow":["GET"]}}],"collection":[{"href":"https:\/\/analysensiebe.de\/bml\/wp-json\/wp\/v2\/pages"}],"about":[{"href":"https:\/\/analysensiebe.de\/bml\/wp-json\/wp\/v2\/types\/page"}],"author":[{"embeddable":true,"href":"https:\/\/analysensiebe.de\/bml\/wp-json\/wp\/v2\/users\/1"}],"replies":[{"embeddable":true,"href":"https:\/\/analysensiebe.de\/bml\/wp-json\/wp\/v2\/comments?post=917"}],"version-history":[{"count":54,"href":"https:\/\/analysensiebe.de\/bml\/wp-json\/wp\/v2\/pages\/917\/revisions"}],"predecessor-version":[{"id":2289,"href":"https:\/\/analysensiebe.de\/bml\/wp-json\/wp\/v2\/pages\/917\/revisions\/2289"}],"wp:featuredmedia":[{"embeddable":true,"href":"https:\/\/analysensiebe.de\/bml\/wp-json\/wp\/v2\/media\/918"}],"wp:attachment":[{"href":"https:\/\/analysensiebe.de\/bml\/wp-json\/wp\/v2\/media?parent=917"}],"curies":[{"name":"wp","href":"https:\/\/api.w.org\/{rel}","templated":true}]}}