{"id":890,"date":"2019-04-10T18:54:35","date_gmt":"2019-04-10T18:54:35","guid":{"rendered":"http:\/\/analysensiebe.de\/bml\/?page_id=890"},"modified":"2023-08-13T17:33:07","modified_gmt":"2023-08-13T17:33:07","slug":"analysensiebe-gemas-u-s-code-of-federal-regulations","status":"publish","type":"page","link":"https:\/\/analysensiebe.de\/bml\/analysensiebe-gemas-u-s-code-of-federal-regulations\/","title":{"rendered":"Analysensiebe gem\u00e4\u00df U.S. Code of Federal Regulations"},"content":{"rendered":"<div id=\"pl-890\"  class=\"panel-layout\" ><div id=\"pg-890-0\"  class=\"panel-grid panel-no-style\" ><div id=\"pgc-890-0-0\"  class=\"panel-grid-cell\" ><div id=\"panel-890-0-0-0\" class=\"widget_text so-panel widget widget_custom_html panel-first-child\" data-index=\"0\" ><div class=\"textwidget custom-html-widget\"><strong><a href=\"https:\/\/analysensiebe.de\/bml\/wp-content\/uploads\/sites\/10\/2019\/03\/getreide_1-stock.jpg\"><img loading=\"lazy\" decoding=\"async\" class=\" wp-image-899 alignright\" src=\"https:\/\/analysensiebe.de\/bml\/wp-content\/uploads\/sites\/10\/2019\/03\/getreide_1-stock-1024x683.jpg\" alt=\"\" width=\"390\" height=\"260\" srcset=\"https:\/\/analysensiebe.de\/bml\/wp-content\/uploads\/sites\/10\/2019\/03\/getreide_1-stock-1024x683.jpg 1024w, https:\/\/analysensiebe.de\/bml\/wp-content\/uploads\/sites\/10\/2019\/03\/getreide_1-stock-300x200.jpg 300w, https:\/\/analysensiebe.de\/bml\/wp-content\/uploads\/sites\/10\/2019\/03\/getreide_1-stock-768x512.jpg 768w, https:\/\/analysensiebe.de\/bml\/wp-content\/uploads\/sites\/10\/2019\/03\/getreide_1-stock-500x333.jpg 500w, https:\/\/analysensiebe.de\/bml\/wp-content\/uploads\/sites\/10\/2019\/03\/getreide_1-stock.jpg 1920w\" sizes=\"auto, (max-width: 390px) 100vw, 390px\" \/><\/a>U.S. Code of Federal Regulations (CFR, <em>Sammlung der Bundesverordnungen)<\/em><\/strong><br><br>\nIn den Vereinigten Staaten von Amerika kommen Analysensiebe und Industriesiebe teilweise in anderer Form als in Europ\u00e4ischen Normen festgelegt zum Einsatz. Die Normierung \u00fcber die ASTM E11 f\u00fcr Drahtgewebesiebe und ASTM E323 f\u00fcr Rund- und Quadratlochsiebe bietet eine weitestgehend \u00e4hnliche Grundlage zu den geltenden DIN \/ ISO Normen der meisten Anwendungsbereiche, allerdings gibt es einige Ausnahmen, die \u00fcber den Code of Regulations geregelt sind und nach ausgefalleneren Siebma\u00dfen verlangen.\n<br><br>\nBlau-Metall kann Siebe sowohl nach ASTM E11 und E323 fertigen und zertifizieren und bietet dar\u00fcber hinaus einige CFR Regulations Siebe f\u00fcr unsere internationalen Kunden.\n<br><br>\n<strong>Derzeit in unserem Lagerprogramm befinden sich folgende CFR Ma\u00dfe f\u00fcr Siebe mit 200 mm Durchmesser:<\/strong><\/div><\/div><div id=\"panel-890-0-0-1\" class=\"widget_text so-panel widget widget_custom_html\" data-index=\"1\" ><div class=\"textwidget custom-html-widget\"><html>\n<style>\n* {\n  -webkit-box-sizing: border-box;\n  -moz-box-sizing: border-box;\n  box-sizing: border-box;\n}\n*:before, *:after {\n  -webkit-box-sizing: border-box;\n  -moz-box-sizing: border-box;\n  box-sizing: border-box;\n}\n\nbody {\n  font-family: \"Helvetica Neue\", \"Helvetica\", \"Roboto\", \"Arial\", sans-serif;\n  color: #5e5d52;\n}\n\na {\n  color: #337aa8;\n}\na:hover, a:focus {\n  color: #4b8ab2;\n}\n\n.container {\n  margin: 0% 0%;\n}\n@media (min-width: 33em) {\n  .container {\n    margin: 0%;\n  }\n}\n@media (min-width: 75em) {\n  .container {\n    margin: 2em auto;\n    max-width: 75em;\n  }\n}\n\n.responsive-table {\n  width: 100%;\n  margin-bottom: 1.5em;\n}\n@media (min-width: 33em) {\n  .responsive-table {\n    font-size: .85em;\n  }\n}\n@media (min-width: 62em) {\n  .responsive-table {\n    font-size: 1em;\n  }\n}\n.responsive-table thead {\n  position: absolute;\n  clip: rect(1px 1px 1px 1px);\n  \/* IE6, IE7 *\/\n  clip: rect(1px, 1px, 1px, 1px);\n  padding: 0;\n  border: 0;\n  height: 1px;\n  width: 1px;\n  overflow: hidden;\n}\n@media (min-width: 33em) {\n  .responsive-table thead {\n    position: relative;\n    clip: auto;\n    height: auto;\n    width: auto;\n    overflow: auto;\n  }\n}\n.responsive-table thead th {\n  background-color: #1d96b2;\n  border: 1px solid #1d96b2;\n  font-weight: bold;\n  text-align: center;\n  color: white;\n}\n.responsive-table thead th:first-of-type {\n  text-align: left;\n}\n.responsive-table tbody,\n.responsive-table tr,\n.responsive-table th,\n.responsive-table td {\n  display: block;\n  padding: 0;\ntext-align: left;\n  white-space: normal;\n}\n@media (min-width: 33em) {\n  .responsive-table tr {\n    display: table-row;\n  }\n}\n.responsive-table th,\n.responsive-table td {\n  padding: .5em;\n  vertical-align: middle;\n}\n@media (min-width: 32.5em) {\n  .responsive-table th,\n  .responsive-table td {\n    padding: .75em .5em;\n  }\n}\n@media (min-width: 33em) {\n  .responsive-table th,\n  .responsive-table td {\n    display: table-cell;\n    padding: .5em;\n  }\n}\n@media (min-width: 62em) {\n  .responsive-table th,\n  .responsive-table td {\n    padding: .65em .5em;\n  }\n}\n@media (min-width: 75em) {\n  .responsive-table th,\n  .responsive-table td {\n    padding: .65em;\n  }\n}\n.responsive-table caption {\n  margin-bottom: 1em;\n  font-size: 1em;\n  font-weight: bold;\n  text-align: center;\n}\n@media (min-width: 33em) {\n  .responsive-table caption {\n    font-size: 1.5em;\n  }\n}\n.responsive-table tfoot {\n  font-size: .8em;\n  font-style: italic;\n}\n@media (min-width: 62em) {\n  .responsive-table tfoot {\n    font-size: .9em;\n  }\n}\n@media (min-width: 33em) {\n  .responsive-table tbody {\n    display: table-row-group;\n  }\n}\n.responsive-table tbody tr {\n  margin-bottom: 1em;\n  border: 2px solid #1d96b2;\n}\n@media (min-width: 33em) {\n  .responsive-table tbody tr {\n    display: table-row;\n    border-width: 1px;\n  }\n}\n.responsive-table tbody tr:last-of-type {\n  margin-bottom: 0;\n}\n@media (min-width: 33em) {\n  .responsive-table tbody tr:nth-of-type(even) {\n    background-color: rgba(94, 93, 82, 0.1);\n  }\n}\n.responsive-table tbody th[scope=\"row\"] {\n  background-color: #1d96b2;\n  color: white;\n}\n@media (min-width: 33em) {\n  .responsive-table tbody th[scope=\"row\"] {\n    background-color: transparent;\n    color: #5e5d52;\n    text-align: left;\n  }\n}\n.responsive-table tbody td {\n  text-align: right;\n}\n@media (min-width: 32.5em) {\n  .responsive-table tbody td {\n    border-bottom: 1px solid #1d96b2;\n  }\n}\n@media (min-width: 33em) {\n  .responsive-table tbody td {\n    text-align: left;\n  }\n}\n.responsive-table tbody td[data-type=currency] {\n  text-align: right;\n}\n.responsive-table tbody td[data-title]:before {\n  content: attr(data-title);\n  float: left;\n  font-size: .85em;\n  color: rgba(94, 93, 82, 0.75);\n}\n@media (min-width: 32.5em) {\n  .responsive-table tbody td[data-title]:before {\n    font-size: .9em;\n  }\n}\n@media (min-width: 33em) {\n  .responsive-table tbody td[data-title]:before {\n    content: none;\n  }\n}\n<\/style>\n<body>\n    <div class=\"container\">\n  <table class=\"responsive-table\">\n<thead>\n            <tr>\n        <th scope=\"col\">Nennlochma\u00dfe (Imperial)<\/th>\n        <th scope=\"col\">Nennlochma\u00dfe (Metrisch)<\/th>\n        <th scope=\"col\">Lochteilung (mm)<\/th>\n        <th scope=\"col\">Blechdicke \/<br>Drahtst\u00e4rke (mm)<\/th>\n\t<th scope=\"col\">Lochfeld (\u2300\/mm)<\/th>\t\t\t\n      <\/tr>\n    <\/thead>\n        <tbody>\n<tr>\n<td data-title=\"Nennlochma\u00dfe (Imperial)\">0.064 x <sup>3<\/sup>\/<sub>8<\/sub> inch, oblong<\/td>\n<td data-title=\"Nennlochma\u00dfe (Metrisch)\">1,63x9,53 mm, Abg. Langloch<\/td>\n<td data-title=\"Lochteilung (mm)\">3,18 x 10,86<\/td>\n<td data-title=\"Blechdicke\/Drahtst\u00e4rke (mm)\">0,8<\/td>\n<td data-title=\"Lochfeld (\u2300\/mm)\">max. 185<\/td>\n<\/tr><tr>\n<td data-title=\"Nennlochma\u00dfe (Imperial)\">5 Sieve: <sup>5<\/sup>\/<sub>64<\/sub> inch, round<\/td>\n<td data-title=\"Nennlochma\u00dfe (Metrisch)\">1,98 mm Rundloch (Rv)<\/td>\n<td data-title=\"Lochteilung (mm)\">3,97 (5\/32 in.)<\/td>\n<td data-title=\"Blechdicke\/Drahtst\u00e4rke (mm)\">0,8<\/td>\n<td data-title=\"Lochfeld (\u2300\/mm)\">max. 185<\/td>\n<\/tr><tr>\n<td data-title=\"Nennlochma\u00dfe (Imperial)\">6<sup>1<\/sup>\/<sub>2<\/sub> Sieve: <sup>6.5<\/sup>\/<sub>64<\/sub> inch, round<\/td>\n<td data-title=\"Nennlochma\u00dfe (Metrisch)\">2,58 mm Rundloch (Rv)<\/td>\n<td data-title=\"Lochteilung (mm)\">3,97 (5\/32 in.)<\/td>\n<td data-title=\"Blechdicke\/Drahtst\u00e4rke (mm)\">0,8<\/td>\n<td data-title=\"Lochfeld (\u2300\/mm)\">max. 185<\/td>\n<\/tr><tr>\n<td data-title=\"Nennlochma\u00dfe (Imperial)\"><sup>12<\/sup>\/<sub>64<\/sub>  inch, round<\/td>\n<td data-title=\"Nennlochma\u00dfe (Metrisch)\">4,76 mm Rundloch (Rv)<\/td>\n<td data-title=\"Lochteilung (mm)\">6,35 (1\/4 in.)<\/td>\n<td data-title=\"Blechdicke\/Drahtst\u00e4rke (mm)\">0,8<\/td>\n<td data-title=\"Lochfeld (\u2300\/mm)\">max. 185<\/td>\n<\/tr><tr>\n<td data-title=\"Nennlochma\u00dfe (Imperial)\">No. 30 Sieve (0.0254-in mesh)<\/td>\n<td data-title=\"Nennlochma\u00dfe (Metrisch)\">600 \u00b5m Drahtgewebe<\/td>\n<td data-title=\"Lochteilung (mm)\">--<\/td>\n<td data-title=\"Blechdicke\/Drahtst\u00e4rke (mm)\">0,400<\/td>\n<td data-title=\"Lochfeld (\u2300\/mm)\">--<\/td>\n<\/tr>\n    <\/tbody>\n  <\/table>\n<\/div>\n<\/body>\n<\/html><\/div><\/div><div id=\"panel-890-0-0-2\" class=\"widget_text so-panel widget widget_custom_html\" data-index=\"2\" ><div class=\"textwidget custom-html-widget\">Preise und Lieferzeiten f\u00fcr Rundlochsiebe <sup>2.5<\/sup>\u2044<sub>64 <\/sub>in (0,992 mm), <sup>4<\/sup>\u2044<sub>64 <\/sub>in (1,587 mm), <sup>6<\/sup>\u2044<sub>64 <\/sub>in (2,381 mm), <sup>8<\/sup>\u2044<sub>64 <\/sub>in (3,175 mm) auf Anfrage.\n<br><br>\nSiebtoleranzen nach<strong> \u00a7801.8 7 CFR Ch. VIII (1-1-18 Edition)<\/strong>: a) Maximale Abweichung der Blechdicke \u00b10.0015 in (0,0381 mm); b) Maximale Abweichung der Nennlochweite: \u00b10.001 in (0,0254 mm); c) Festlegungen bez\u00fcglich Siebgenauigkeit\n<br><br><\/div><\/div><div id=\"panel-890-0-0-3\" class=\"widget_text so-panel widget widget_custom_html panel-last-child\" data-index=\"3\" ><div class=\"textwidget custom-html-widget\"><h4><strong>CFR Siebe &amp; Verwendungszwecke<\/strong><\/h4><br>\n<figure id=\"attachment_900\" aria-describedby=\"caption-attachment-900\" style=\"width: 395px\" class=\"wp-caption alignright\"><a href=\"https:\/\/analysensiebe.de\/bml\/wp-content\/uploads\/sites\/10\/2019\/03\/Lochbild-0064x0375-SL.jpg\"><img loading=\"lazy\" decoding=\"async\" class=\" wp-image-900\" src=\"https:\/\/analysensiebe.de\/bml\/wp-content\/uploads\/sites\/10\/2019\/03\/Lochbild-0064x0375-SL.jpg\" alt=\"\" width=\"395\" height=\"302\" srcset=\"https:\/\/analysensiebe.de\/bml\/wp-content\/uploads\/sites\/10\/2019\/03\/Lochbild-0064x0375-SL.jpg 682w, https:\/\/analysensiebe.de\/bml\/wp-content\/uploads\/sites\/10\/2019\/03\/Lochbild-0064x0375-SL-300x230.jpg 300w, https:\/\/analysensiebe.de\/bml\/wp-content\/uploads\/sites\/10\/2019\/03\/Lochbild-0064x0375-SL-500x383.jpg 500w\" sizes=\"auto, (max-width: 395px) 100vw, 395px\" \/><\/a><figcaption id=\"caption-attachment-900\" class=\"wp-caption-text\">Lochbild 0.064x0.375-in oblong Sieve<\/figcaption><\/figure>\n<br>\nEnthalten in Title 7 Agriculture des 2018 Code of Regulations 7 CFR Ch. VIII (1\u20131\u201318 Edition) sind folgende Siebgr\u00f6\u00dfen:<br><br>\n<ul>\n \t<li><span style=\"font-size: 10pt;\"><strong>201.49 (j)<\/strong> 1,0 mm Quadratlochsieb f\u00fcr die G\u00fctebestimmung von Halbstrauch-Radmelde<\/span><\/li>\n \t<li><span style=\"font-size: 10pt;\"><strong>201.50 (b)<\/strong> 1\/13-inch (1,9 mm) Rundlochsieb f\u00fcr die Bestimmung von Samen von Gr\u00e4sern im Allgemeinen<\/span><\/li>\n \t<li><span style=\"font-size: 10pt;\"><strong>810.202 (p)<\/strong> 5\/64x3\/4-in (1,98x19,0 mm), 5.5\/64x3\/4-in (2,18x19,0 mm), 6\/64x3\/4-in (2,38x19,0 mm) Langlochsiebe zur Bestimmung von Gerste (Plump Barley)<\/span><\/li>\n \t<li><span style=\"font-size: 10pt;\"><strong>810.202 (t)<\/strong> 5\/64x3\/4-in (1,98x19,0 mm), 5.5\/64x3\/4-in (2,18x19,0 mm) Langlochsiebe zur Einstufung von gem\u00e4lzter Gerste (Malting Barley) und Gerste nach GIPSA Regelungen<\/span><\/li>\n \t<li><span style=\"font-size: 10pt;\"><strong>810.402 (g)<\/strong> 12\/64-in (4,76 mm) Rundlochsieb mit Teilung \u00bc in (6,35 mm); 6\/64-in (2,38 mm) Rundlochsieb mit Teilung 5\/32 (3,97 mm) (beides Rv) zur Abtrennung von Fremdmaterial und Bruchk\u00f6rnern in Mais Proben<\/span><\/li>\n \t<li><span style=\"font-size: 10pt;\"><strong>810.603 (e)<\/strong> Dreieckslochung mit Innenkreisen von 5\/64-in (1,98 mm) zur Abtrennung von Fremdmaterial und Feinanteilen in gemischten Getreideproben nach FGIS Vorgaben<\/span><\/li>\n \t<li><span style=\"font-size: 10pt;\"><strong>810.1002 (e)<\/strong> und 810.1005 (h) 5\/64-in Dreieckslochung mit Innenkreisen von 5\/64-in; und 0.064 x 3\/8-in (1,63x9,53 mm) Langlochung zur Bestimmung von Hafer<\/span><\/li>\n \t<li><span style=\"font-size: 10pt;\"><strong>810.1202 (f) und (g) und \u00a7810.1205 (e)<\/strong> 0.064 x 3\/8-in Langlochsieb zur Bestimmung von Roggen (Thin &amp; Plump Rye)<\/span><\/li>\n \t<li><span style=\"font-size: 10pt;\"><strong>810.1402 (a), (f) und (j)<\/strong> 5\/64-in. Dreieckslochsieb, 2.5\/64-in (0,99 mm) Rundlochsieb, 5\/64-in Rundlochsieb oder Dreickslochung mit Innenkreisen von 5\/64-in<\/span><\/li>\n \t<li><span style=\"font-size: 10pt;\"><strong>810.1601 und \u00a7810.1602 (c) und (f)<\/strong> 8\/64-in (3,175 mm) Rundlochsieb zur Abtrennung von Bruchst\u00fccken in Sojabohnen Proben<\/span><\/li>\n \t<li><span style=\"font-size: 10pt;\"><strong>810.2002 (h)<\/strong> 0.064 x 3\/8-in Langlochsieb zur Bestimmung von Triticale<\/span><\/li>\n \t<li><span style=\"font-size: 10pt;\"><strong>810.2202 (i) und (j)<\/strong> Generelle Festlegung des 0.064 x 3\/8-in Langlochsiebes zur Abtrennung von Kleink\u00f6rnern, Bruchk\u00f6rnern von Getreide unter Verwendung von FGIS Vorgaben<\/span><\/li>\n \t<li><span style=\"font-size: 10pt;\"><strong>868.202 (q)<\/strong> 6 Sieve: 6\/64-in (2,38 mm) Rundlochsieb<\/span><\/li>\n \t<li><span style=\"font-size: 10pt;\"><strong>868.253 (u)<\/strong> 6.5\/64 Sieve: 0,1016-in Rundlochsieb zur Abtrennung von Bruchk\u00f6rnern von braunem Reis<\/span><\/li>\n \t<li><span style=\"font-size: 10pt;\"><strong>868.302 (6ii)<\/strong> 2.5\/64, 4\/64, 5\/64, 5.5\/64, 6\/64 und 6.5\/64 Rundlochsiebe aus \u201ewestlicher Produktion\u201c f\u00fcr die Bestimmung von geschliffenem Reis (Milled Rice), No. 30 Sieve: Drahtgewebesieb mit Nennlochweite 0,0234-in und Drahtdurchmesser 0,0153-in entsprechend der ASTM E11-61<\/span><\/li>\n<\/ul><br><br><\/div><\/div><\/div><\/div><\/div>","protected":false},"excerpt":{"rendered":"<p>U.S. Code of Federal Regulations (CFR, Sammlung der Bundesverordnungen) In den Vereinigten Staaten von Amerika kommen Analysensiebe und Industriesiebe teilweise [&hellip;]<\/p>\n","protected":false},"author":1,"featured_media":899,"parent":0,"menu_order":0,"comment_status":"closed","ping_status":"closed","template":"","meta":{"footnotes":""},"class_list":["post-890","page","type-page","status-publish","has-post-thumbnail","hentry","post-thumbnail-displayed"],"aioseo_notices":[],"_links":{"self":[{"href":"https:\/\/analysensiebe.de\/bml\/wp-json\/wp\/v2\/pages\/890","targetHints":{"allow":["GET"]}}],"collection":[{"href":"https:\/\/analysensiebe.de\/bml\/wp-json\/wp\/v2\/pages"}],"about":[{"href":"https:\/\/analysensiebe.de\/bml\/wp-json\/wp\/v2\/types\/page"}],"author":[{"embeddable":true,"href":"https:\/\/analysensiebe.de\/bml\/wp-json\/wp\/v2\/users\/1"}],"replies":[{"embeddable":true,"href":"https:\/\/analysensiebe.de\/bml\/wp-json\/wp\/v2\/comments?post=890"}],"version-history":[{"count":36,"href":"https:\/\/analysensiebe.de\/bml\/wp-json\/wp\/v2\/pages\/890\/revisions"}],"predecessor-version":[{"id":2287,"href":"https:\/\/analysensiebe.de\/bml\/wp-json\/wp\/v2\/pages\/890\/revisions\/2287"}],"wp:featuredmedia":[{"embeddable":true,"href":"https:\/\/analysensiebe.de\/bml\/wp-json\/wp\/v2\/media\/899"}],"wp:attachment":[{"href":"https:\/\/analysensiebe.de\/bml\/wp-json\/wp\/v2\/media?parent=890"}],"curies":[{"name":"wp","href":"https:\/\/api.w.org\/{rel}","templated":true}]}}