{"id":836,"date":"2019-03-27T20:13:50","date_gmt":"2019-03-27T20:13:50","guid":{"rendered":"http:\/\/analysensiebe.de\/bml\/?page_id=836"},"modified":"2019-07-01T19:19:59","modified_gmt":"2019-07-01T19:19:59","slug":"erlauterungen-zu-abnahmeprufzeugnis-3-1-din-en-iso-5223","status":"publish","type":"page","link":"https:\/\/analysensiebe.de\/bml\/erlauterungen-zu-abnahmeprufzeugnis-3-1-din-en-iso-5223\/","title":{"rendered":"Erl\u00e4uterungen zu Abnahmepr\u00fcfzeugnis 3.1 DIN EN ISO 5223"},"content":{"rendered":"<div id=\"pl-836\"  class=\"panel-layout\" ><div id=\"pg-836-0\"  class=\"panel-grid panel-no-style\" ><div id=\"pgc-836-0-0\"  class=\"panel-grid-cell\" ><div id=\"panel-836-0-0-0\" class=\"widget_text so-panel widget widget_custom_html panel-first-child\" data-index=\"0\" ><div class=\"textwidget custom-html-widget\"><div class=\"ead-preview\"><div class=\"ead-document\" style=\"position: relative;\"><div class=\"ead-iframe-wrapper\"><iframe src=\"\/\/docs.google.com\/viewer?url=https%3A%2F%2Fanalysensiebe.de%2Fbml%2Fwp-content%2Fuploads%2Fsites%2F10%2F2019%2F03%2FAbnahmepr%C3%BCfzeugnis-3.1-5223-SL-Beispiel-2019.pdf&amp;embedded=true&amp;hl=en\" title=\"Eingebettetes Dokument\" class=\"ead-iframe\" style=\"width: 100%;height: 50%;border: none;min-height: 500px;visibility: hidden;\"><\/iframe><\/div>\t\t\t<div class=\"ead-document-loading\" style=\"width:100%;height:100%;position:absolute;left:0;top:0;z-index:10;\">\n\t\t\t\t<div class=\"ead-loading-wrap\">\n\t\t\t\t\t<div class=\"ead-loading-main\">\n\t\t\t\t\t\t<div class=\"ead-loading\">\n\t\t\t\t\t\t\t<img loading=\"lazy\" decoding=\"async\" src=\"https:\/\/analysensiebe.de\/bml\/wp-content\/plugins\/embed-any-document\/images\/loading.svg\" width=\"55\" height=\"55\" alt=\"Loader\">\n\t\t\t\t\t\t\t<span>Wird geladen\u00a0\u2026<\/span>\n\t\t\t\t\t\t<\/div>\n\t\t\t\t\t<\/div>\n\t\t\t\t\t<div class=\"ead-loading-foot\">\n\t\t\t\t\t\t<div class=\"ead-loading-foot-title\">\n\t\t\t\t\t\t\t<img loading=\"lazy\" decoding=\"async\" src=\"https:\/\/analysensiebe.de\/bml\/wp-content\/plugins\/embed-any-document\/images\/EAD-logo.svg\" alt=\"EAD-Logo\" width=\"36\" height=\"23\"\/>\n\t\t\t\t\t\t\t<span>Es dauert zu lange?<\/span>\n\t\t\t\t\t\t<\/div>\n\t\t\t\t\t\t<p>\n\t\t\t\t\t\t\t<div class=\"ead-document-btn ead-reload-btn\" role=\"button\">\n\t\t\t\t\t\t\t\t<img loading=\"lazy\" decoding=\"async\" src=\"https:\/\/analysensiebe.de\/bml\/wp-content\/plugins\/embed-any-document\/images\/reload.svg\" alt=\"Neu laden\" width=\"12\" height=\"12\"\/> Dokument neu laden\t\t\t\t\t\t\t<\/div>\n\t\t\t\t\t\t\t<span>|<\/span>\n\t\t\t\t\t\t\t<a href=\"https:\/\/analysensiebe.de\/bml\/wp-content\/uploads\/sites\/10\/2019\/03\/Abnahmepr\u00fcfzeugnis-3.1-5223-SL-Beispiel-2019.pdf\" class=\"ead-document-btn\" target=\"_blank\">\n\t\t\t\t\t\t\t\t<img loading=\"lazy\" decoding=\"async\" src=\"https:\/\/analysensiebe.de\/bml\/wp-content\/plugins\/embed-any-document\/images\/open.svg\" alt=\"\u00d6ffnen\" width=\"12\" height=\"12\"\/> In einem neuen Tab \u00f6ffnen\t\t\t\t\t\t\t<\/a>\n\t\t\t\t\t<\/div>\n\t\t\t\t<\/div>\n\t\t\t<\/div>\n\t\t<\/div><\/div><\/div><\/div><div id=\"panel-836-0-0-1\" class=\"widget_text so-panel widget widget_custom_html panel-last-child\" data-index=\"1\" ><div class=\"widget_text wow fadeInUp panel-widget-style panel-widget-style-for-836-0-0-1\" data-wow-duration=\"2s\" data-wow-iteration=\"1\" ><div class=\"textwidget custom-html-widget\"><br>\n<figure id=\"attachment_837\" aria-describedby=\"caption-attachment-837\" style=\"width: 400px\" class=\"wp-caption alignright\"><a href=\"https:\/\/analysensiebe.de\/bml\/wp-content\/uploads\/sites\/10\/2019\/03\/SLZERT.jpg\"><img loading=\"lazy\" decoding=\"async\" class=\"wp-image-837\" src=\"https:\/\/analysensiebe.de\/bml\/wp-content\/uploads\/sites\/10\/2019\/03\/SLZERT.jpg\" alt=\"\" width=\"400\" height=\"400\" srcset=\"https:\/\/analysensiebe.de\/bml\/wp-content\/uploads\/sites\/10\/2019\/03\/SLZERT.jpg 683w, https:\/\/analysensiebe.de\/bml\/wp-content\/uploads\/sites\/10\/2019\/03\/SLZERT-150x150.jpg 150w, https:\/\/analysensiebe.de\/bml\/wp-content\/uploads\/sites\/10\/2019\/03\/SLZERT-300x300.jpg 300w, https:\/\/analysensiebe.de\/bml\/wp-content\/uploads\/sites\/10\/2019\/03\/SLZERT-500x500.jpg 500w\" sizes=\"auto, (max-width: 400px) 100vw, 400px\" \/><\/a><figcaption id=\"caption-attachment-837\" class=\"wp-caption-text\">Nummerierung der Lochweiten bei Langlochsieben (Beispiel, Tats\u00e4chliche Bezeichnungen sind dem Pr\u00fcfprotokoll zu entnehmen)<\/figcaption><\/figure>\nF\u00fcr Getreidesiebe mit abgerundeten Langl\u00f6chern stellen wir Abnahmepr\u00fcfzeugnisse 3.1 nach den Vorgaben der internationalen Norm DIN EN ISO 5223 aus. Das Pr\u00fcfprotokoll enth\u00e4lt alle gemessenen Kenngr\u00f6\u00dfen, die in der Norm gefordert sind, und in einem Umfang, der die Vorgaben der DIN ISO 5223 erf\u00fcllt oder \u00fcbersteigt.\n<br><br>\nF\u00fcr jedes von uns gefertigte Analysensieb nach DIN EN ISO 5223 wird mindestens eine zertifizierende Vermessung durchgef\u00fchrt und das entsprechende Protokoll wird f\u00fcr mindestens ein Jahr von uns gespeichert \u2013 kann also auch ohne erneutes Einsenden des Siebes problemlos nachbestellt werden. Eine kalibrierende Messung, bei der mindestens dreimal so viele Lochweiten gemessen werden, wie in der Norm gefordert, kann nach Kundenwunsch durchgef\u00fchrt werden.\n<br><br>\nNummerierung der L\u00f6cher: Wie in der DIN EN ISO 5223 gefordert erfolgt die Vermessung entlang zweier gerader Linien von mindestens 10 cm L\u00e4nge mit einem Schnittwinkel von 90\u00b0. Bei einer zertifizierenden Messung werden neun Lochweiten in Y-Richtung und sieben Lochweiten in X-Richtung erfasst und die Lochteilung wird jeweils 6x in X- und Y-Richtung vermessen (gefordert in DIN EN ISO 5223 sind f\u00fcnf Lochweiten entlang jeder Linie). Die Nummerierung der L\u00f6cher erfolgt zun\u00e4chst in \u2013Y Richtung (L\u00f6cher 1 bis 9), gefolgt von den L\u00f6chern in +X Richtung (10-15); Loch #5 wird in der Vermessung der Lochteilung sowohl in Y als auch in X-Richtung erfasst.\n<br><br>\n<h4>Bezeichnungen im Messprotokoll:<\/h4><br>\n<p style=\"padding-left: 40px;\"><strong>Weite 1-15:<\/strong> Lochweiten der einzeln vermessenen Langl\u00f6cher, Bezeichnung in DIN EN ISO 5223: w<sub>1<\/sub> (Sollwert entspricht der Nennlochweite, die Ober- und Untergrenzen entsprechen den Grenzabma\u00dfen  \u00b1\u0394w<sub>1<\/sub>)<\/p>\n<p style=\"padding-left: 40px;\"><strong>L\u00e4nge 1-15:<\/strong> Lochl\u00e4nge der einzeln vermessenen Langl\u00f6cher, Bezeichnung in DIN EN ISO 5223: w<sub>2<\/sub> (Sollwert entspricht der Nennlochl\u00e4nge, die Ober- und Untergrenzen entsprechen \u00b1\u0394w<sub>1<\/sub>)<\/p>\n<p style=\"padding-left: 40px;\"><strong>Teilung 1-2 bis Teilung 8-9:<\/strong> Lochteilung entlang der Y-Richtung, Bezeichnung in DIN EN ISO 5223: p<sub>1<\/sub> (Sollwert entspricht der in der Norm vorgegebenen Teilung, die Ober- und Untergrenzen ergeben sich aus der normalen Grenzabma\u00dfen \u00b1\u0394p<sub>1<\/sub> \u2013 eine Vermessung unter Beachtung der reduzierten Grenzabma\u00dfe kann auf Kundenwunsch durchgef\u00fchrt werden)<\/p>\n<p style=\"padding-left: 40px;\"><strong>Teilung 10-11 bis Teilung 14-15, einschlie\u00dflich Teilung 12-5 &amp; 5-13:<\/strong> Lochteilung entlang der X-Richtung, Bezeichnung in DIN EN ISO 5223: p<sub>2<\/sub> ((Sollwert entspricht der in der Norm vorgegebenen Teilung, die Ober- und Untergrenzen ergeben sich aus der normalen Grenzabma\u00dfen \u00b1\u0394p<sub>2<\/sub>)<\/p>\n<br>\nDie Vermessung von Rundlochsieben nach DIN EN ISO 5223 erfolgt nach den Methoden der DIN ISO 3310-2, welche den Vorgaben der DIN EN ISO 5223 in Hinsicht Toleranz entsprechen und diese in der Anzahl der zu vermessenden L\u00f6cher noch \u00fcbersteigen.<br><br><\/div><\/div><\/div><\/div><\/div><\/div>","protected":false},"excerpt":{"rendered":"<p>Wird geladen\u00a0\u2026 Es dauert zu lange? Dokument neu laden | In einem neuen Tab \u00f6ffnen Nummerierung der Lochweiten bei Langlochsieben [&hellip;]<\/p>\n","protected":false},"author":1,"featured_media":1122,"parent":0,"menu_order":0,"comment_status":"closed","ping_status":"closed","template":"","meta":{"footnotes":""},"class_list":["post-836","page","type-page","status-publish","has-post-thumbnail","hentry","post-thumbnail-displayed"],"aioseo_notices":[],"_links":{"self":[{"href":"https:\/\/analysensiebe.de\/bml\/wp-json\/wp\/v2\/pages\/836","targetHints":{"allow":["GET"]}}],"collection":[{"href":"https:\/\/analysensiebe.de\/bml\/wp-json\/wp\/v2\/pages"}],"about":[{"href":"https:\/\/analysensiebe.de\/bml\/wp-json\/wp\/v2\/types\/page"}],"author":[{"embeddable":true,"href":"https:\/\/analysensiebe.de\/bml\/wp-json\/wp\/v2\/users\/1"}],"replies":[{"embeddable":true,"href":"https:\/\/analysensiebe.de\/bml\/wp-json\/wp\/v2\/comments?post=836"}],"version-history":[{"count":12,"href":"https:\/\/analysensiebe.de\/bml\/wp-json\/wp\/v2\/pages\/836\/revisions"}],"predecessor-version":[{"id":1433,"href":"https:\/\/analysensiebe.de\/bml\/wp-json\/wp\/v2\/pages\/836\/revisions\/1433"}],"wp:featuredmedia":[{"embeddable":true,"href":"https:\/\/analysensiebe.de\/bml\/wp-json\/wp\/v2\/media\/1122"}],"wp:attachment":[{"href":"https:\/\/analysensiebe.de\/bml\/wp-json\/wp\/v2\/media?parent=836"}],"curies":[{"name":"wp","href":"https:\/\/api.w.org\/{rel}","templated":true}]}}