{"id":812,"date":"2019-04-25T14:13:11","date_gmt":"2019-04-25T14:13:11","guid":{"rendered":"http:\/\/analysensiebe.de\/bml\/?page_id=812"},"modified":"2025-01-30T19:03:50","modified_gmt":"2025-01-30T19:03:50","slug":"rundloch-siebe-holz-pellets","status":"publish","type":"page","link":"https:\/\/analysensiebe.de\/bml\/rundloch-siebe-holz-pellets\/","title":{"rendered":"Rundloch Siebe f\u00fcr Holz Pellets nach DIN 17225"},"content":{"rendered":"<div id=\"pl-812\"  class=\"panel-layout\" ><div id=\"pg-812-0\"  class=\"panel-grid panel-no-style\" ><div id=\"pgc-812-0-0\"  class=\"panel-grid-cell\" ><div id=\"panel-812-0-0-0\" class=\"widget_text so-panel widget widget_custom_html panel-first-child\" data-index=\"0\" ><div class=\"widget_text wow fadeIn panel-widget-style panel-widget-style-for-812-0-0-0\" data-wow-duration=\"1s\" data-wow-iteration=\"1\" ><div class=\"textwidget custom-html-widget\"><img loading=\"lazy\" decoding=\"async\" class=\"alignright wp-image-813\" src=\"https:\/\/analysensiebe.de\/bml\/wp-content\/uploads\/sites\/10\/2019\/03\/pellets-3814711_1920-1024x684.jpg\" alt=\"\" width=\"420\" height=\"280\" srcset=\"https:\/\/analysensiebe.de\/bml\/wp-content\/uploads\/sites\/10\/2019\/03\/pellets-3814711_1920-1024x684.jpg 1024w, https:\/\/analysensiebe.de\/bml\/wp-content\/uploads\/sites\/10\/2019\/03\/pellets-3814711_1920-300x200.jpg 300w, https:\/\/analysensiebe.de\/bml\/wp-content\/uploads\/sites\/10\/2019\/03\/pellets-3814711_1920-768x513.jpg 768w, https:\/\/analysensiebe.de\/bml\/wp-content\/uploads\/sites\/10\/2019\/03\/pellets-3814711_1920-500x334.jpg 500w, https:\/\/analysensiebe.de\/bml\/wp-content\/uploads\/sites\/10\/2019\/03\/pellets-3814711_1920.jpg 1920w\" sizes=\"auto, (max-width: 420px) 100vw, 420px\" \/>F\u00fcr die Qualit\u00e4tseinstufung von festen Biobrennstoffen wie Pellets nach den G\u00fcteklassen DIN plus oder EN plus A1, A2, B ist die Bestimmung des Feinanteils von Pelletproben notwendig. Der Feingutanteil als Kenngr\u00f6\u00dfe f\u00fcr die G\u00fcteklasse von Holzpellets ist neben anderen Gr\u00f6\u00dfen wie Wassergehalt, Sch\u00fcttdichte, Heizwert und Schwermetallanteilen in der DIN EN ISO 17225 festgelegt (Biogene Festbrennstoffe - Brennstoffspezifikationen und -klassen - Teil 2: Klassifizierung von Holzpellets).\n<br><br>\nDer Gehalt an Feingut wird als wichtiges Qualit\u00e4tsmerkmal f\u00fcr Brennstoffe eingestuft, da \u00fcberm\u00e4\u00dfige Mengen an Feinpartikeln das Risiko von Staubexplosionen erh\u00f6hen und auch ein Gesundheitsproblem beim Einatmen darstellen k\u00f6nnen.\n<br><br>\nDie anzuwendende Methode f\u00fcr die Bestimmung des Feinanteils (Fines Content) von Holzpellet Proben ist \u00fcber die DIN EN ISO 18846 geregelt (Feste Biobrennstoffe \u2013 Bestimmung des Feingehaltes in Pelletproben \u2013 Manuelles Siebverfahren mit Sieblochgr\u00f6\u00dfen von 3,15 mm).<br>\n<\/div><\/div><\/div><div id=\"panel-812-0-0-1\" class=\"widget_text so-panel widget widget_custom_html\" data-index=\"1\" ><div class=\"widget_text wow fadeIn panel-widget-style panel-widget-style-for-812-0-0-1\" data-wow-duration=\"1s\" data-wow-offset=\"25\" data-wow-iteration=\"1\" ><div class=\"textwidget custom-html-widget\"><img loading=\"lazy\" decoding=\"async\" class=\"alignright  wp-image-815\" src=\"https:\/\/analysensiebe.de\/bml\/wp-content\/uploads\/sites\/10\/2019\/03\/enpluspromologo.jpg\" alt=\"\" width=\"420\" height=\"251\" srcset=\"https:\/\/analysensiebe.de\/bml\/wp-content\/uploads\/sites\/10\/2019\/03\/enpluspromologo.jpg 571w, https:\/\/analysensiebe.de\/bml\/wp-content\/uploads\/sites\/10\/2019\/03\/enpluspromologo-300x179.jpg 300w, https:\/\/analysensiebe.de\/bml\/wp-content\/uploads\/sites\/10\/2019\/03\/enpluspromologo-500x299.jpg 500w\" sizes=\"auto, (max-width: 420px) 100vw, 420px\" \/>Im Gegensatz zum Feingutanteil in Holzhackgut, wird der Feinanteil bei Presslingen nicht \u00fcber eine automatische Siebanalyse bestimmt, da eine automatische Siebung zu erh\u00f6htem Abrieb f\u00fchre kann, was den Feinanteil w\u00e4hrend des Siebvorgangs erh\u00f6ht und somit das Ergebnis verf\u00e4lscht. Daher wird laut DIN EN ISO 18846 eine manuelle Siebung mit einem Rundlochsieb 3,15 mm Nennlochweite (nach DIN ISO 3310-2) vorgenommen um den Massenanteil von Pellet Fragmenten <3,15 mm zu ermitteln.\n<br><br>\nDie manuelle Siebung erfolgt sowohl f\u00fcr die Feststellung der mechanischen Best\u00e4ndigkeit der Pellets als auch f\u00fcr die Bestimmung des Feinanteils zum Zeitpunkt der Portionierung der Pellets f\u00fcr die Auslieferung \/ Abf\u00fcllung in S\u00e4cke.\n<br><br><\/div><\/div><\/div><div id=\"panel-812-0-0-2\" class=\"widget_text so-panel widget widget_custom_html\" data-index=\"2\" ><div class=\"widget_text wow fadeIn panel-widget-style panel-widget-style-for-812-0-0-2\" data-wow-duration=\"1s\" data-wow-offset=\"25\" data-wow-iteration=\"1\" ><div class=\"textwidget custom-html-widget\"><a href=\"https:\/\/analysensiebe.de\/bml\/wp-content\/uploads\/sites\/10\/2022\/09\/Pelletsieb_400_mm.jpg\"><img decoding=\"async\" class=\"alignright  wp-image-817\" src=\"https:\/\/analysensiebe.de\/bml\/wp-content\/uploads\/sites\/10\/2022\/09\/Pelletsieb_400_mm-scaled.jpg\" alt=\"\" width=\"420\" height=\"auto\" \/><\/a>Laut Methodenbeschreibung der DIN EN ISO 18846 wird die Pelletprobe auf ein Analysensieb mit 3,15 mm Rundl\u00f6chern, entsprechend der DIN ISO 3310-2, gegeben und durch manuelle, horizontale Bewegungen gesiebt. Laut Norm wird ein Siebdurchmesser von 400 mm empfohlen, kleinere Siebdurchmesser sind aus praktikablen Gr\u00fcnden ebenfalls zul\u00e4ssig, solange sich das Probenvolumen frei auf der Siebfl\u00e4che bewegen kann und das Sieb nicht \u00fcberladen wird. Das Material, welches das Analysensieb passiert, soll in eine Siebpfanne ad\u00e4quater Gr\u00f6\u00dfe gesammelt und anschlie\u00dfend ausgewogen werden um den Feinanteil (Proportion of fines) festzustellen.\n<br><br>\nBlau-Metall fertigt Analysensiebe mit 3,15 mm Rundloch, die den Anspr\u00fcchen der DIN EN 18846 gerecht werden, und bietet zus\u00e4tzlich M\u00f6glichkeiten der Zertifizierung & Kalibrierung der Siebe f\u00fcr eine erh\u00f6hte statistische Sicherheit Ihrer Pelletanalyse.<br><br><\/div><\/div><\/div><div id=\"panel-812-0-0-3\" class=\"widget_text so-panel widget widget_custom_html\" data-index=\"3\" ><div class=\"widget_text wow fadeIn panel-widget-style panel-widget-style-for-812-0-0-3\" data-wow-duration=\"1s\" data-wow-offset=\"25\" data-wow-iteration=\"1\" ><div class=\"textwidget custom-html-widget\"><html>\n<style>\n* {\n  -webkit-box-sizing: border-box;\n  -moz-box-sizing: border-box;\n  box-sizing: border-box;\n}\n*:before, *:after {\n  -webkit-box-sizing: border-box;\n  -moz-box-sizing: border-box;\n  box-sizing: border-box;\n}\n\nbody {\n  font-family: \"Helvetica Neue\", \"Helvetica\", \"Roboto\", \"Arial\", sans-serif;\n  color: #5e5d52;\n}\n\na {\n  color: #337aa8;\n}\na:hover, a:focus {\n  color: #4b8ab2;\n}\n\n.container {\n  margin: 0% 0%;\n}\n@media (min-width: 33em) {\n  .container {\n    margin: 0%;\n  }\n}\n@media (min-width: 75em) {\n  .container {\n    margin: 2em auto;\n    max-width: 75em;\n  }\n}\n\n.responsive-table {\n  width: 100%;\n  margin-bottom: 1.5em;\n}\n@media (min-width: 33em) {\n  .responsive-table {\n    font-size: .85em;\n  }\n}\n@media (min-width: 62em) {\n  .responsive-table {\n    font-size: 1em;\n  }\n}\n.responsive-table thead {\n  position: absolute;\n  clip: rect(1px 1px 1px 1px);\n  \/* IE6, IE7 *\/\n  clip: rect(1px, 1px, 1px, 1px);\n  padding: 0;\n  border: 0;\n  height: 1px;\n  width: 1px;\n  overflow: hidden;\n}\n@media (min-width: 33em) {\n  .responsive-table thead {\n    position: relative;\n    clip: auto;\n    height: auto;\n    width: auto;\n    overflow: auto;\n  }\n}\n.responsive-table thead th {\n  background-color: #1d96b2;\n  border: 1px solid #1d96b2;\n  font-weight: bold;\n  text-align: center;\n  color: white;\n}\n.responsive-table thead th:first-of-type {\n  text-align: left;\n}\n.responsive-table tbody,\n.responsive-table tr,\n.responsive-table th,\n.responsive-table td {\n  display: block;\n  padding: 0;\ntext-align: left;\n  white-space: normal;\n}\n@media (min-width: 33em) {\n  .responsive-table tr {\n    display: table-row;\n  }\n}\n.responsive-table th,\n.responsive-table td {\n  padding: .5em;\n  vertical-align: middle;\n}\n@media (min-width: 32.5em) {\n  .responsive-table th,\n  .responsive-table td {\n    padding: .75em .5em;\n  }\n}\n@media (min-width: 33em) {\n  .responsive-table th,\n  .responsive-table td {\n    display: table-cell;\n    padding: .5em;\n  }\n}\n@media (min-width: 62em) {\n  .responsive-table th,\n  .responsive-table td {\n    padding: .65em .5em;\n  }\n}\n@media (min-width: 75em) {\n  .responsive-table th,\n  .responsive-table td {\n    padding: .65em;\n  }\n}\n.responsive-table caption {\n  margin-bottom: 1em;\n  font-size: 1em;\n  font-weight: bold;\n  text-align: center;\n}\n@media (min-width: 33em) {\n  .responsive-table caption {\n    font-size: 1.5em;\n  }\n}\n.responsive-table tfoot {\n  font-size: .8em;\n  font-style: italic;\n}\n@media (min-width: 62em) {\n  .responsive-table tfoot {\n    font-size: .9em;\n  }\n}\n@media (min-width: 33em) {\n  .responsive-table tbody {\n    display: table-row-group;\n  }\n}\n.responsive-table tbody tr {\n  margin-bottom: 1em;\n  border: 2px solid #1d96b2;\n}\n@media (min-width: 33em) {\n  .responsive-table tbody tr {\n    display: table-row;\n    border-width: 1px;\n  }\n}\n.responsive-table tbody tr:last-of-type {\n  margin-bottom: 0;\n}\n@media (min-width: 33em) {\n  .responsive-table tbody tr:nth-of-type(even) {\n    background-color: rgba(94, 93, 82, 0.1);\n  }\n}\n.responsive-table tbody th[scope=\"row\"] {\n  background-color: #1d96b2;\n  color: white;\n}\n@media (min-width: 33em) {\n  .responsive-table tbody th[scope=\"row\"] {\n    background-color: transparent;\n    color: #5e5d52;\n    text-align: left;\n  }\n}\n.responsive-table tbody td {\n  text-align: right;\n}\n@media (min-width: 32.5em) {\n  .responsive-table tbody td {\n    border-bottom: 1px solid #1d96b2;\n  }\n}\n@media (min-width: 33em) {\n  .responsive-table tbody td {\n    text-align: left;\n  }\n}\n.responsive-table tbody td[data-type=currency] {\n  text-align: right;\n}\n.responsive-table tbody td[data-title]:before {\n  content: attr(data-title);\n  float: left;\n  font-size: .85em;\n  color: rgba(94, 93, 82, 0.75);\n}\n@media (min-width: 32.5em) {\n  .responsive-table tbody td[data-title]:before {\n    font-size: .9em;\n  }\n}\n@media (min-width: 33em) {\n  .responsive-table tbody td[data-title]:before {\n    content: none;\n  }\n}\n<\/style>\n<body>\n    <div class=\"container\">\n  <table class=\"responsive-table\">\n<thead>\n            <tr>\n        <th scope=\"col\">Artikel<\/th>\n        <th scope=\"col\">Preis<\/th>\n      <\/tr>\n    <\/thead>\n        <tbody>\n<tr>\n<td data-title=\"Artikel\">Analysensieb DIN ISO 3310-2, 3,15 mm Rundloch \u00d8200 mm<\/td>\n<td data-title=\"Preis\">ab 151,00 \u20ac<\/td>\n<\/tr><tr>\n<td data-title=\"Artikel\">Analysensieb DIN ISO 3310-2, 3,15 mm Rundloch \u00d8300 mm<\/td>\n<td data-title=\"Preis\">339,00 \u20ac<\/td>\n<\/tr><tr>\n<td data-title=\"Artikel\">Analysensieb DIN ISO 3310-2, 3,15 mm Rundloch \u00d8400 mm<\/td>\n<td data-title=\"Preis\">398,00 \u20ac<\/td>\n<\/tr><tr>\n<td data-title=\"Artikel\">Siebpfanne f\u00fcr Analysensieb, 200 x 25 mm<\/td>\n<td data-title=\"Preis\">43,00 \u20ac<\/td>\n<\/tr><tr>\n<td data-title=\"Artikel\">Siebpfanne f\u00fcr Analysensieb, 200 x 50 mm<\/td>\n<td data-title=\"Preis\">45,00 \u20ac<\/td>\n<\/tr><tr>\n<td data-title=\"Artikel\">Siebpfanne f\u00fcr Analysensieb, 300 x 60 mm<\/td>\n<td data-title=\"Preis\">109,00 \u20ac<\/td>\n<\/tr><tr>\n<td data-title=\"Artikel\">Siebpfanne f\u00fcr Analysensieb, 400 x 70 mm<\/td>\n<td data-title=\"Preis\">115,00 \u20ac<\/td>\n<\/tr>\n    <\/tbody>\n  <\/table>\n<\/div>\n<\/body>\n<\/html><\/div><\/div><\/div><div id=\"panel-812-0-0-4\" class=\"widget_text so-panel widget widget_custom_html panel-last-child\" data-index=\"4\" ><div class=\"widget_text wow fadeIn panel-widget-style panel-widget-style-for-812-0-0-4\" data-wow-duration=\"1s\" data-wow-offset=\"25\" data-wow-iteration=\"1\" ><div class=\"textwidget custom-html-widget\">Analysensiebe Rundloch 3,15 mm nach DIN ISO 3310-2 finden auch Anwendung in den folgenden Normen:<br><br>\n<p style=\"padding-left: 40px;\"><span style=\"font-size: 10pt;\">DIN EN ISO 17827-2:2016-10: Biogene Festbrennstoffe - Bestimmung der Partikelgr\u00f6\u00dfenverteilung f\u00fcr unkomprimierte Brennstoffe - Teil 2: Vertikales R\u00fcttelsiebverfahren mit Sieben mit einer Lochgr\u00f6\u00dfe von 3,15 mm und darunter (ISO 17827-2:2016); Deutsche Fassung EN ISO 17827-2:2016<\/span><\/p>\n<p style=\"padding-left: 40px;\"><span style=\"font-size: 10pt;\">DIN EN 15149 (Zur\u00fcckgezogen): Feste Biobrennstoffe - Verfahren zur Bestimmung der Teilchengr\u00f6\u00dfenverteilung - Teil 1 & 2: R\u00fcttelsiebverfahren<\/span><\/p>\n<p style=\"padding-left: 40px;\"><span style=\"font-size: 10pt;\">DIN EN 15210-1 (Zur\u00fcckgezogen): Feste Biobrennstoffe - Bestimmung der mechanischen Festigkeit von Pellets und Briketts - Teil 1: Pellets; Deutsche Fassung EN 15210-1:2009<\/span><\/p>\n<p style=\"padding-left: 40px;\"><span style=\"font-size: 10pt;\">DIN EN ISO 17830:2016-11: Biogene Festbrennstoffe - Partikelgr\u00f6\u00dfenverteilung von Pellet-Ausgangsmaterial (ISO 17830:2016); Deutsche Fassung EN ISO 17830:2016 (Ersetzt DIN EN 16126:2012)<\/span><\/p>\n<a href=\"https:\/\/analysensiebe.de\/bml\/wp-content\/uploads\/sites\/10\/2022\/09\/Pelletsieb_200_mm_Label-scaled.jpg\"><img loading=\"lazy\" decoding=\"async\" class=\"aligncenter size-large wp-image-2042\" src=\"https:\/\/analysensiebe.de\/bml\/wp-content\/uploads\/sites\/10\/2022\/09\/Pelletsieb_200_mm_Label-1024x445.jpg\" alt=\"\" width=\"780\" height=\"339\" srcset=\"https:\/\/analysensiebe.de\/bml\/wp-content\/uploads\/sites\/10\/2022\/09\/Pelletsieb_200_mm_Label-1024x445.jpg 1024w, https:\/\/analysensiebe.de\/bml\/wp-content\/uploads\/sites\/10\/2022\/09\/Pelletsieb_200_mm_Label-300x130.jpg 300w, https:\/\/analysensiebe.de\/bml\/wp-content\/uploads\/sites\/10\/2022\/09\/Pelletsieb_200_mm_Label-768x334.jpg 768w, https:\/\/analysensiebe.de\/bml\/wp-content\/uploads\/sites\/10\/2022\/09\/Pelletsieb_200_mm_Label-1536x667.jpg 1536w, https:\/\/analysensiebe.de\/bml\/wp-content\/uploads\/sites\/10\/2022\/09\/Pelletsieb_200_mm_Label-2048x890.jpg 2048w\" sizes=\"auto, (max-width: 780px) 100vw, 780px\" \/><\/a><\/div><\/div><\/div><\/div><\/div><\/div>","protected":false},"excerpt":{"rendered":"<p>F\u00fcr die Qualit\u00e4tseinstufung von festen Biobrennstoffen wie Pellets nach den G\u00fcteklassen DIN plus oder EN plus A1, A2, B ist [&hellip;]<\/p>\n","protected":false},"author":1,"featured_media":813,"parent":0,"menu_order":0,"comment_status":"closed","ping_status":"closed","template":"","meta":{"footnotes":""},"class_list":["post-812","page","type-page","status-publish","has-post-thumbnail","hentry","post-thumbnail-displayed"],"aioseo_notices":[],"_links":{"self":[{"href":"https:\/\/analysensiebe.de\/bml\/wp-json\/wp\/v2\/pages\/812","targetHints":{"allow":["GET"]}}],"collection":[{"href":"https:\/\/analysensiebe.de\/bml\/wp-json\/wp\/v2\/pages"}],"about":[{"href":"https:\/\/analysensiebe.de\/bml\/wp-json\/wp\/v2\/types\/page"}],"author":[{"embeddable":true,"href":"https:\/\/analysensiebe.de\/bml\/wp-json\/wp\/v2\/users\/1"}],"replies":[{"embeddable":true,"href":"https:\/\/analysensiebe.de\/bml\/wp-json\/wp\/v2\/comments?post=812"}],"version-history":[{"count":38,"href":"https:\/\/analysensiebe.de\/bml\/wp-json\/wp\/v2\/pages\/812\/revisions"}],"predecessor-version":[{"id":2466,"href":"https:\/\/analysensiebe.de\/bml\/wp-json\/wp\/v2\/pages\/812\/revisions\/2466"}],"wp:featuredmedia":[{"embeddable":true,"href":"https:\/\/analysensiebe.de\/bml\/wp-json\/wp\/v2\/media\/813"}],"wp:attachment":[{"href":"https:\/\/analysensiebe.de\/bml\/wp-json\/wp\/v2\/media?parent=812"}],"curies":[{"name":"wp","href":"https:\/\/api.w.org\/{rel}","templated":true}]}}