{"id":60,"date":"2018-01-02T16:54:53","date_gmt":"2018-01-02T16:54:53","guid":{"rendered":"http:\/\/pruefsiebe.de\/bml\/?page_id=60"},"modified":"2023-08-12T09:29:59","modified_gmt":"2023-08-12T09:29:59","slug":"analysensiebe-nach-din-iso-3310","status":"publish","type":"page","link":"https:\/\/analysensiebe.de\/bml\/analysensiebe-nach-din-iso-3310\/","title":{"rendered":"Analysensiebe Nach DIN ISO 3310"},"content":{"rendered":"<div id=\"pl-60\"  class=\"panel-layout\" ><div id=\"pg-60-0\"  class=\"panel-grid panel-has-style\" ><div data-overlay-opactity=\"1\" class=\"panel-row-style panel-row-style-for-60-0\" ><div id=\"pgc-60-0-0\"  class=\"panel-grid-cell\" ><div id=\"panel-60-0-0-0\" class=\"so-panel widget widget_text panel-first-child\" data-index=\"0\" ><div class=\"wow slideInLeft panel-widget-style panel-widget-style-for-60-0-0-0\" data-wow-duration=\"2s\" data-wow-offset=\"10\" data-wow-iteration=\"1\" >\t\t\t<div class=\"textwidget\"><p><a href=\"https:\/\/analysensiebe.de\/bml\/wp-content\/uploads\/sites\/10\/2022\/09\/ISO_3310_1_Top_Img-scaled.jpg\"><img loading=\"lazy\" decoding=\"async\" class=\"alignright wp-image-1971\" src=\"https:\/\/analysensiebe.de\/bml\/wp-content\/uploads\/sites\/10\/2022\/09\/ISO_3310_1_Top_Img-1024x825.jpg\" alt=\"\" width=\"450\" height=\"363\" srcset=\"https:\/\/analysensiebe.de\/bml\/wp-content\/uploads\/sites\/10\/2022\/09\/ISO_3310_1_Top_Img-1024x825.jpg 1024w, https:\/\/analysensiebe.de\/bml\/wp-content\/uploads\/sites\/10\/2022\/09\/ISO_3310_1_Top_Img-300x242.jpg 300w, https:\/\/analysensiebe.de\/bml\/wp-content\/uploads\/sites\/10\/2022\/09\/ISO_3310_1_Top_Img-768x619.jpg 768w, https:\/\/analysensiebe.de\/bml\/wp-content\/uploads\/sites\/10\/2022\/09\/ISO_3310_1_Top_Img-1536x1238.jpg 1536w, https:\/\/analysensiebe.de\/bml\/wp-content\/uploads\/sites\/10\/2022\/09\/ISO_3310_1_Top_Img-2048x1650.jpg 2048w\" sizes=\"auto, (max-width: 450px) 100vw, 450px\" \/><\/a><span style=\"font-family: helvetica, arial, sans-serif;\">Auf Basis der DIN ISO 3310 bietet Blau-Metall ein breites Spektrum an ma\u00dfhaltigen Analysensieben f\u00fcr traditionelle Partikelanalyse in Industrie und Wissenschaft an.<\/span><\/p>\n<p><span style=\"font-family: helvetica, arial, sans-serif;\">Mittels unserer Produktpalette von Rundloch-, Quadratloch- und Gewebesieben bieten wir f\u00fcr alle Siebaufgaben die passende L\u00f6sung: Handsiebung, konventionelle Siebanalyse von Sch\u00fcttg\u00fctern sowie Trocken- und Nasssiebung. Unter Einhaltung der internationalen Norm ISO 3310 und l\u00fcckenloser Qualit\u00e4tspr\u00fcfung bieten Blau-Metall Analysensiebe eine hohe Pr\u00e4zision und Zuverl\u00e4ssigkeit.<\/span><\/p>\n<p><span style=\"font-family: helvetica, arial, sans-serif;\">Alle Blau-Metall Siebe nach DIN ISO 3310 bestehen aus einem stabilen Edelstahlrahmen und verwenden rostfreies Edelstahl-Metalldrahtgewebe bzw. Lochblech aus Edelstahl um eine hohe Formstabilit\u00e4t und zuverl\u00e4ssige Siebung zu garantieren. Speziell f\u00fcr Drahtgewebssiebe bietet das Blau-Metall-Verfahren eine hohe Gewebespannung und lange Lebensdauer. Die Siebe sind ohne Probleme mit anderen Analysensieben kombinierbar.<\/span><\/p>\n<p><span style=\"font-family: helvetica, arial, sans-serif;\">Vor Verlassen unseres Hauses wird jedes Analysensieb nach den Vorgaben der DIN ISO 3310 unter Verwendung moderner digitaler Messtechnik \u00fcberpr\u00fcft und mit einer Werksbescheinigung ausgestattet. Die individuelle Lasergravur jedes Blau-Metall Siebes l\u00e4sst eine eindeutige R\u00fcckverfolgung zu. Auf Kundenwunsch werden die Siebe mit einem speziellen Abnahmepr\u00fcfzeugnis oder Kalibrierzertifikat geliefert; Kalibriermessungen zur Ermittlung von Daten von hoher statistischer Sicherheit sind nach den Bed\u00fcrfnissen des Kunden ohne weiteres m\u00f6glich.<\/span><\/p>\n<p><a href=\"https:\/\/analysensiebe.de\/bml\/wp-content\/uploads\/sites\/10\/2022\/09\/ISO_3310_2_QG_1-scaled.jpg\"><img loading=\"lazy\" decoding=\"async\" class=\"aligncenter size-large wp-image-1972\" src=\"https:\/\/analysensiebe.de\/bml\/wp-content\/uploads\/sites\/10\/2022\/09\/ISO_3310_2_QG_1-1024x302.jpg\" alt=\"\" width=\"780\" height=\"230\" srcset=\"https:\/\/analysensiebe.de\/bml\/wp-content\/uploads\/sites\/10\/2022\/09\/ISO_3310_2_QG_1-1024x302.jpg 1024w, https:\/\/analysensiebe.de\/bml\/wp-content\/uploads\/sites\/10\/2022\/09\/ISO_3310_2_QG_1-300x88.jpg 300w, https:\/\/analysensiebe.de\/bml\/wp-content\/uploads\/sites\/10\/2022\/09\/ISO_3310_2_QG_1-768x227.jpg 768w, https:\/\/analysensiebe.de\/bml\/wp-content\/uploads\/sites\/10\/2022\/09\/ISO_3310_2_QG_1-1536x453.jpg 1536w, https:\/\/analysensiebe.de\/bml\/wp-content\/uploads\/sites\/10\/2022\/09\/ISO_3310_2_QG_1-2048x604.jpg 2048w\" sizes=\"auto, (max-width: 780px) 100vw, 780px\" \/><\/a><\/p>\n<p><span style=\"font-family: helvetica, arial, sans-serif;\">Die Blau-Metall Siebe nach DIN ISO 3310 sind in vielen Ausf\u00fchrungen erh\u00e4ltlich um eine komplette L\u00f6sung f\u00fcr Siebaufgaben in Industrie und Labor zu bieten:<\/span><\/p>\n<\/div>\n\t\t<\/div><\/div><div id=\"panel-60-0-0-1\" class=\"so-panel widget widget_text\" data-index=\"1\" ><div class=\"wow fadeInUp panel-widget-style panel-widget-style-for-60-0-0-1\" data-wow-duration=\"2s\" data-wow-offset=\"100\" data-wow-iteration=\"1\" >\t\t\t<div class=\"textwidget\"><h3 style=\"text-align: center;\"><span style=\"font-family: helvetica, arial, sans-serif;\">Technische Daten<\/span><\/h3>\n<div style=\"height: 15px;\"><\/div>\n<table width=\"439\">\n<tbody>\n<tr style=\"height: 20px;\">\n<td style=\"text-align: center; height: 20px;\" colspan=\"2\" width=\"439\"><span style=\"font-family: helvetica, arial, sans-serif;\"><strong>Analysensiebe nach DIN 3310<br \/>\n<\/strong><\/span><\/td>\n<\/tr>\n<tr style=\"height: 20px;\">\n<td style=\"height: 20px;\"><span style=\"font-family: helvetica, arial, sans-serif;\"><strong>Ma\u00dfe<\/strong><\/span><\/td>\n<td style=\"height: 20px;\">\n<ul>\n<li><span style=\"font-family: helvetica, arial, sans-serif;\">200 x 32 mm <\/span><\/li>\n<li><span style=\"font-family: helvetica, arial, sans-serif;\">200 x 50 mm <\/span><\/li>\n<li><span style=\"font-family: helvetica, arial, sans-serif;\">203 x 50 mm (8\u2033) <\/span><\/li>\n<li><span style=\"font-family: helvetica, arial, sans-serif;\">300 x 65 mm <\/span><\/li>\n<li><span style=\"font-family: helvetica, arial, sans-serif;\">400 x 65 mm<br \/>\n<\/span><\/li>\n<li><span style=\"font-family: helvetica, arial, sans-serif;\">Weitere auf Anfrage<\/span><\/li>\n<\/ul>\n<\/td>\n<\/tr>\n<tr style=\"height: 20px;\">\n<td style=\"height: 20px;\"><span style=\"font-family: helvetica, arial, sans-serif;\"><strong>Material<\/strong><\/span><\/td>\n<td style=\"height: 20px;\">\n<ul>\n<li><span style=\"font-family: helvetica, arial, sans-serif;\">Siebrahmen: Edelstahl 1.4301<\/span><\/li>\n<li><span style=\"font-family: helvetica, arial, sans-serif;\">Siebboden: Edelstahl 1.4301 \/ 1.4401<\/span><\/li>\n<li><span style=\"font-family: helvetica, arial, sans-serif;\">Innenrandverl\u00f6tung: Weichlot Sn60\/Pb40<\/span><\/li>\n<li><span style=\"font-family: helvetica, arial, sans-serif;\">Lebensmittelechte Ausf\u00fchrung auf Kundenwunsch<\/span><\/li>\n<\/ul>\n<\/td>\n<\/tr>\n<tr style=\"height: 20px;\">\n<td style=\"height: 20px;\"><span style=\"font-family: helvetica, arial, sans-serif;\"><strong>Varianten<\/strong><\/span><\/td>\n<td style=\"height: 20px;\">\n<ul>\n<li><span style=\"font-family: helvetica, arial, sans-serif;\">Metalldrahtgewebe mit Maschenweiten von 36 \u00b5m bis 125 mm<\/span><\/li>\n<li><span style=\"font-family: helvetica, arial, sans-serif;\">Lochblech mit Rundlochung von 1,0 bis 125 mm<\/span><\/li>\n<li><span style=\"font-family: helvetica, arial, sans-serif;\">Lochblech mit Quadratlochung von 4 bis 125 mm<\/span><\/li>\n<li>Weitere auf Anfrage<\/li>\n<\/ul>\n<\/td>\n<\/tr>\n<tr style=\"height: 20px;\">\n<td style=\"height: 20px;\"><span style=\"font-family: helvetica, arial, sans-serif;\"><strong>Normen<\/strong><\/span><\/td>\n<td style=\"height: 20px;\"><span style=\"font-family: helvetica, arial, sans-serif;\">DIN ISO 3310 Teil 1 und Teil 2<\/span><\/td>\n<\/tr>\n<\/tbody>\n<\/table>\n<\/div>\n\t\t<\/div><\/div><div id=\"panel-60-0-0-2\" class=\"so-panel widget widget_text\" data-index=\"2\" ><div class=\"wow fadeInUp panel-widget-style panel-widget-style-for-60-0-0-2\" data-wow-duration=\"2s\" data-wow-offset=\"100\" data-wow-iteration=\"1\" >\t\t\t<div class=\"textwidget\"><div style=\"height: 15px;\"><\/div>\n<h6><span style=\"font-family: helvetica, arial, sans-serif;\"><strong><a href=\"https:\/\/analysensiebe.de\/bml\/wp-content\/uploads\/sites\/10\/2022\/09\/ISO_3310_1_Vertical-scaled.jpg\"><img loading=\"lazy\" decoding=\"async\" class=\"alignright size-medium wp-image-1973\" src=\"https:\/\/analysensiebe.de\/bml\/wp-content\/uploads\/sites\/10\/2022\/09\/ISO_3310_1_Vertical-221x300.jpg\" alt=\"\" width=\"221\" height=\"300\" srcset=\"https:\/\/analysensiebe.de\/bml\/wp-content\/uploads\/sites\/10\/2022\/09\/ISO_3310_1_Vertical-221x300.jpg 221w, https:\/\/analysensiebe.de\/bml\/wp-content\/uploads\/sites\/10\/2022\/09\/ISO_3310_1_Vertical-755x1024.jpg 755w, https:\/\/analysensiebe.de\/bml\/wp-content\/uploads\/sites\/10\/2022\/09\/ISO_3310_1_Vertical-768x1042.jpg 768w, https:\/\/analysensiebe.de\/bml\/wp-content\/uploads\/sites\/10\/2022\/09\/ISO_3310_1_Vertical-1132x1536.jpg 1132w, https:\/\/analysensiebe.de\/bml\/wp-content\/uploads\/sites\/10\/2022\/09\/ISO_3310_1_Vertical-1510x2048.jpg 1510w, https:\/\/analysensiebe.de\/bml\/wp-content\/uploads\/sites\/10\/2022\/09\/ISO_3310_1_Vertical-scaled.jpg 1887w\" sizes=\"auto, (max-width: 221px) 100vw, 221px\" \/><\/a>Alles nach Norm<\/strong><\/span><\/h6>\n<p><span style=\"font-family: helvetica, arial, sans-serif;\">Die Herstellung von Blau-Metall Analysensieben erfolgt mit normkonformen Werkstoffen und nach den geltenden Ma\u00dfgaben der aktuellen Fassung der DIN ISO 3310-1 und -2. Jedes Pr\u00fcfsieb wird vor Versand nach den Vorgaben der DIN ISO 3310 vermessen und erh\u00e4lt das vom Kunden gew\u00fcnschte Zertifikat.<\/span><\/p>\n<h6><span style=\"font-family: helvetica, arial, sans-serif;\"><strong>Alle Vorteile von Blau-Metall Analysensieben<\/strong><\/span><\/h6>\n<p style=\"padding-left: 30px;\"><span style=\"font-family: helvetica, arial, sans-serif;\">\u2699 Edelstahl Siebrahmen und Lochblech bzw. Drahtgewebe<\/span><br \/>\n<span style=\"font-family: helvetica, arial, sans-serif;\"> \u2699 Lange Lebensdauer und Zuverl\u00e4ssigkeit beim Sieben<\/span><br \/>\n<span style=\"font-family: helvetica, arial, sans-serif;\"> \u2699 Glatte Rahmenoberfl\u00e4che zur Vermeidung von Kontamination<\/span><br \/>\n<span style=\"font-family: helvetica, arial, sans-serif;\"> \u2699 Hohe Spannung des Siebgewebes auch nach langer Nutzungsdauer<\/span><br \/>\n<span style=\"font-family: helvetica, arial, sans-serif;\"> \u2699 Korrosionsbest\u00e4ndigkeit und leichte Reinigung<\/span><br \/>\n<span style=\"font-family: helvetica, arial, sans-serif;\"> \u2699 Kompatibilit\u00e4t mit vergleichbaren Analysensieben anderer Hersteller<\/span><br \/>\n<span style=\"font-family: helvetica, arial, sans-serif;\"> \u2699 L\u00fcckenlose optische Inspektion garantiert hervorragende Produktqualit\u00e4t<\/span><\/p>\n<\/div>\n\t\t<\/div><\/div><div id=\"panel-60-0-0-3\" class=\"so-panel widget widget_text\" data-index=\"3\" ><div class=\"wow bounce panel-widget-style panel-widget-style-for-60-0-0-3\" data-wow-duration=\"2s\" data-wow-offset=\"200\" data-wow-iteration=\"1\" >\t\t\t<div class=\"textwidget\"><p>\u00a0<\/p>\n<h3 style=\"text-align: center;\"><span style=\"font-family: helvetica, arial, sans-serif;\">Ma\u00dfe & Spezifikationen<\/span><\/h3>\n<\/div>\n\t\t<\/div><\/div><div id=\"panel-60-0-0-4\" class=\"so-panel widget widget_themegrill_flash_cta tg-widget call-to-action-section\" data-index=\"4\" ><div class=\"wow fadeIn so-parallax flash_inherit_color panel-widget-style panel-widget-style-for-60-0-0-4\" data-wow-duration=\"2s\" data-wow-offset=\"200\" data-wow-iteration=\"1\" ><img fetchpriority=\"high\" decoding=\"async\" width=\"1920\" height=\"776\" src=\"https:\/\/analysensiebe.de\/bml\/wp-content\/uploads\/sites\/10\/2018\/01\/DCTA-5.jpg\" class=\"attachment-full size-full\" alt=\"\" data-siteorigin-parallax=\"true\" loading=\"eager\" srcset=\"https:\/\/analysensiebe.de\/bml\/wp-content\/uploads\/sites\/10\/2018\/01\/DCTA-5.jpg 1920w, https:\/\/analysensiebe.de\/bml\/wp-content\/uploads\/sites\/10\/2018\/01\/DCTA-5-300x121.jpg 300w, https:\/\/analysensiebe.de\/bml\/wp-content\/uploads\/sites\/10\/2018\/01\/DCTA-5-768x310.jpg 768w, https:\/\/analysensiebe.de\/bml\/wp-content\/uploads\/sites\/10\/2018\/01\/DCTA-5-1024x414.jpg 1024w\" sizes=\"(max-width: 1920px) 100vw, 1920px\" \/><div class=\"cta-wrapper  center\">\n\t<div class=\"section-title-wrapper\">\n\t\t\t\t<h3 class=\"section-title\">Analysensiebe Drahtgewebe<\/h3>\n\t\t\t<\/div>\n\t\t<div class=\"btn-wrapper\">\n\t\t\t\t<a class=\"btn\" href=\"https:\/\/analysensiebe.de\/bml\/preisliste-blau-metall-drahtgewebe-siebe\/\">Ma\u00dfe & Preise Analysensiebe Drahtgewebe<\/a>\n\t\t\t\t\t<\/div>\n\t<\/div>\n<\/div><\/div><div id=\"panel-60-0-0-5\" class=\"so-panel widget widget_themegrill_flash_cta tg-widget call-to-action-section\" data-index=\"5\" ><div class=\"wow fadeIn so-parallax flash_inherit_color panel-widget-style panel-widget-style-for-60-0-0-5\" data-wow-offset=\"200\" data-wow-iteration=\"1\" ><img decoding=\"async\" width=\"1920\" height=\"776\" src=\"https:\/\/analysensiebe.de\/bml\/wp-content\/uploads\/sites\/10\/2018\/01\/RLCTA-2-1.jpg\" class=\"attachment-full size-full\" alt=\"\" data-siteorigin-parallax=\"true\" loading=\"eager\" srcset=\"https:\/\/analysensiebe.de\/bml\/wp-content\/uploads\/sites\/10\/2018\/01\/RLCTA-2-1.jpg 1920w, https:\/\/analysensiebe.de\/bml\/wp-content\/uploads\/sites\/10\/2018\/01\/RLCTA-2-1-300x121.jpg 300w, https:\/\/analysensiebe.de\/bml\/wp-content\/uploads\/sites\/10\/2018\/01\/RLCTA-2-1-768x310.jpg 768w, https:\/\/analysensiebe.de\/bml\/wp-content\/uploads\/sites\/10\/2018\/01\/RLCTA-2-1-1024x414.jpg 1024w\" sizes=\"(max-width: 1920px) 100vw, 1920px\" \/><div class=\"cta-wrapper call-to-action-section-layout-1 center\">\n\t<div class=\"section-title-wrapper\">\n\t\t\t\t<h3 class=\"section-title\">Analysensiebe Rundloch<\/h3>\n\t\t\t<\/div>\n\t\t<div class=\"btn-wrapper\">\n\t\t\t\t<a class=\"btn\" href=\"https:\/\/analysensiebe.de\/bml\/preisliste-blau-metall-rundloch-siebe\/\">Ma\u00dfe & Preise Analysensiebe Rundloch<\/a>\n\t\t\t\t\t<\/div>\n\t<\/div>\n<\/div><\/div><div id=\"panel-60-0-0-6\" class=\"so-panel widget widget_themegrill_flash_cta tg-widget call-to-action-section\" data-index=\"6\" ><div class=\"wow fadeIn so-parallax flash_inherit_color panel-widget-style panel-widget-style-for-60-0-0-6\" data-wow-duration=\"2s\" data-wow-offset=\"200\" data-wow-iteration=\"1\" ><img decoding=\"async\" width=\"1920\" height=\"776\" src=\"https:\/\/analysensiebe.de\/bml\/wp-content\/uploads\/sites\/10\/2018\/01\/QLCTA-2.jpg\" class=\"attachment-full size-full\" alt=\"\" data-siteorigin-parallax=\"true\" loading=\"eager\" srcset=\"https:\/\/analysensiebe.de\/bml\/wp-content\/uploads\/sites\/10\/2018\/01\/QLCTA-2.jpg 1920w, https:\/\/analysensiebe.de\/bml\/wp-content\/uploads\/sites\/10\/2018\/01\/QLCTA-2-300x121.jpg 300w, https:\/\/analysensiebe.de\/bml\/wp-content\/uploads\/sites\/10\/2018\/01\/QLCTA-2-768x310.jpg 768w, https:\/\/analysensiebe.de\/bml\/wp-content\/uploads\/sites\/10\/2018\/01\/QLCTA-2-1024x414.jpg 1024w\" sizes=\"(max-width: 1920px) 100vw, 1920px\" \/><div class=\"cta-wrapper  center\">\n\t<div class=\"section-title-wrapper\">\n\t\t\t\t<h3 class=\"section-title\">Analysensiebe Quadratloch<\/h3>\n\t\t\t<\/div>\n\t\t<div class=\"btn-wrapper\">\n\t\t\t\t<a class=\"btn\" href=\"https:\/\/analysensiebe.de\/bml\/preisliste-blau-metall-quadratloch-siebe\/\">Ma\u00dfe & Preise Analysensiebe Quadratloch<\/a>\n\t\t\t\t\t<\/div>\n\t<\/div>\n<\/div><\/div><div id=\"panel-60-0-0-7\" class=\"so-panel widget widget_text panel-last-child\" data-index=\"7\" ><div class=\"wow fadeInUp panel-widget-style panel-widget-style-for-60-0-0-7\" data-wow-duration=\"2s\" data-wow-offset=\"190\" data-wow-iteration=\"1\" >\t\t\t<div class=\"textwidget\"><h3 style=\"text-align: center;\"><span style=\"font-family: helvetica, arial, sans-serif;\">Dokumentation der Normkonformit\u00e4t von Analysensieben<\/span><\/h3>\n<p><span style=\"font-family: helvetica, arial, sans-serif;\"><a href=\"https:\/\/analysensiebe.de\/bml\/wp-content\/uploads\/sites\/10\/2022\/09\/Kalibrierzeugnis_JPG_Anonym.jpg\"><img loading=\"lazy\" decoding=\"async\" class=\"alignright  wp-image-1975\" src=\"https:\/\/analysensiebe.de\/bml\/wp-content\/uploads\/sites\/10\/2022\/09\/Kalibrierzeugnis_JPG_Anonym-705x1024.jpg\" alt=\"\" width=\"380\" height=\"552\" srcset=\"https:\/\/analysensiebe.de\/bml\/wp-content\/uploads\/sites\/10\/2022\/09\/Kalibrierzeugnis_JPG_Anonym-705x1024.jpg 705w, https:\/\/analysensiebe.de\/bml\/wp-content\/uploads\/sites\/10\/2022\/09\/Kalibrierzeugnis_JPG_Anonym-207x300.jpg 207w, https:\/\/analysensiebe.de\/bml\/wp-content\/uploads\/sites\/10\/2022\/09\/Kalibrierzeugnis_JPG_Anonym-768x1115.jpg 768w, https:\/\/analysensiebe.de\/bml\/wp-content\/uploads\/sites\/10\/2022\/09\/Kalibrierzeugnis_JPG_Anonym-1058x1536.jpg 1058w, https:\/\/analysensiebe.de\/bml\/wp-content\/uploads\/sites\/10\/2022\/09\/Kalibrierzeugnis_JPG_Anonym.jpg 1281w\" sizes=\"auto, (max-width: 380px) 100vw, 380px\" \/><\/a>Analysensiebe z\u00e4hlen zu Pr\u00fcf- und Messmitteln, die gem\u00e4\u00df der geltenden Gesetzlichkeiten\/Normvorschriften vom Hersteller vor Auslieferung normkonform zu pr\u00fcfen sind. Alle von uns hergestellten Analysensiebe der Norm DIN ISO 3310 werden unter Einhaltung der in den entsprechenden Normen geforderten Kenngr\u00f6\u00dfen gefertigt und nach den vorgeschriebenen Methoden vermessen.<\/span><\/p>\n<p><span style=\"font-family: helvetica, arial, sans-serif;\"><strong>Werksbescheinigung 2.1<\/strong><\/span><br \/>\n<span style=\"font-family: helvetica, arial, sans-serif;\"> Sofern nicht anders vereinbart werden alle Blau-Metall Analysensiebe nach DIN-konformer Vermessung mit einer kostenlosen Werksbescheinigung 2.1 nach DIN EN 10204:2005 geliefert.<\/span><\/p>\n<p><span style=\"font-family: helvetica, arial, sans-serif;\"><strong>Abnahmepr\u00fcfzeugnis 3.1<\/strong><\/span><br \/>\n<span style=\"font-family: helvetica, arial, sans-serif;\"> Auf Wunsch k\u00f6nnen Blau-Metall Analysensiebe mit einem Abnahmepr\u00fcfzeugnis 3.1 nach DIN EN 10204:2005 ausgeliefert werden, welches den Pr\u00fcfbericht mit den in der DIN ISO 5223 bzw. 3310 nachzuweisenden Kenngr\u00f6\u00dfen beinhaltet. Pr\u00fcfberichte f\u00fcr jedes von uns gelieferte Analysensieb werden f\u00fcr mindestens ein Jahr bei uns hinterlegt und k\u00f6nnen auf Kundenwunsch nachbestellt werden.<\/span><\/p>\n<p><span style=\"font-family: helvetica, arial, sans-serif;\">Die Vermessung der nach DIN ISO 5223 und 3310 hergestellten Analysensiebe kann als zertifizierende oder kalibrierende Messung vorgenommen werden, wobei bei der Kalibrierung dreimal mehr Maschen bzw. L\u00f6cher vermessen werden als in der entsprechenden Norm vorgeschrieben.<\/span><\/p>\n<p>Weitere Informationen: <a href=\"https:\/\/analysensiebe.de\/bml\/zertifizierung\/\">Normkonformit\u00e4t & Zertifizierung<\/a><\/p>\n<p><a href=\"https:\/\/analysensiebe.de\/bml\/wp-content\/uploads\/sites\/10\/2022\/09\/Zeugnisse_Image_reduce.jpg\"><img loading=\"lazy\" decoding=\"async\" class=\"aligncenter size-full wp-image-1974\" src=\"https:\/\/analysensiebe.de\/bml\/wp-content\/uploads\/sites\/10\/2022\/09\/Zeugnisse_Image_reduce.jpg\" alt=\"\" width=\"1920\" height=\"430\" srcset=\"https:\/\/analysensiebe.de\/bml\/wp-content\/uploads\/sites\/10\/2022\/09\/Zeugnisse_Image_reduce.jpg 1920w, https:\/\/analysensiebe.de\/bml\/wp-content\/uploads\/sites\/10\/2022\/09\/Zeugnisse_Image_reduce-300x67.jpg 300w, https:\/\/analysensiebe.de\/bml\/wp-content\/uploads\/sites\/10\/2022\/09\/Zeugnisse_Image_reduce-1024x229.jpg 1024w, https:\/\/analysensiebe.de\/bml\/wp-content\/uploads\/sites\/10\/2022\/09\/Zeugnisse_Image_reduce-768x172.jpg 768w, https:\/\/analysensiebe.de\/bml\/wp-content\/uploads\/sites\/10\/2022\/09\/Zeugnisse_Image_reduce-1536x344.jpg 1536w\" sizes=\"auto, (max-width: 1920px) 100vw, 1920px\" \/><\/a><\/p>\n<\/div>\n\t\t<\/div><\/div><\/div><\/div><\/div><\/div>","protected":false},"excerpt":{"rendered":"<p>Auf Basis der DIN ISO 3310 bietet Blau-Metall ein breites Spektrum an ma\u00dfhaltigen Analysensieben f\u00fcr traditionelle Partikelanalyse in Industrie und [&hellip;]<\/p>\n","protected":false},"author":1,"featured_media":2006,"parent":0,"menu_order":0,"comment_status":"closed","ping_status":"closed","template":"","meta":{"footnotes":""},"class_list":["post-60","page","type-page","status-publish","has-post-thumbnail","hentry","post-thumbnail-displayed"],"aioseo_notices":[],"_links":{"self":[{"href":"https:\/\/analysensiebe.de\/bml\/wp-json\/wp\/v2\/pages\/60","targetHints":{"allow":["GET"]}}],"collection":[{"href":"https:\/\/analysensiebe.de\/bml\/wp-json\/wp\/v2\/pages"}],"about":[{"href":"https:\/\/analysensiebe.de\/bml\/wp-json\/wp\/v2\/types\/page"}],"author":[{"embeddable":true,"href":"https:\/\/analysensiebe.de\/bml\/wp-json\/wp\/v2\/users\/1"}],"replies":[{"embeddable":true,"href":"https:\/\/analysensiebe.de\/bml\/wp-json\/wp\/v2\/comments?post=60"}],"version-history":[{"count":74,"href":"https:\/\/analysensiebe.de\/bml\/wp-json\/wp\/v2\/pages\/60\/revisions"}],"predecessor-version":[{"id":2283,"href":"https:\/\/analysensiebe.de\/bml\/wp-json\/wp\/v2\/pages\/60\/revisions\/2283"}],"wp:featuredmedia":[{"embeddable":true,"href":"https:\/\/analysensiebe.de\/bml\/wp-json\/wp\/v2\/media\/2006"}],"wp:attachment":[{"href":"https:\/\/analysensiebe.de\/bml\/wp-json\/wp\/v2\/media?parent=60"}],"curies":[{"name":"wp","href":"https:\/\/api.w.org\/{rel}","templated":true}]}}