{"id":584,"date":"2018-02-21T21:37:05","date_gmt":"2018-02-21T21:37:05","guid":{"rendered":"http:\/\/analysensiebe.de\/bml\/?page_id=584"},"modified":"2019-07-01T19:19:50","modified_gmt":"2019-07-01T19:19:50","slug":"home","status":"publish","type":"page","link":"https:\/\/analysensiebe.de\/bml\/","title":{"rendered":"Blau-Metall"},"content":{"rendered":"<div id=\"pl-584\"  class=\"panel-layout\" ><div id=\"pg-584-0\"  class=\"panel-grid panel-has-style\" ><div data-overlay-opactity=\"1\" class=\"panel-row-style panel-row-style-for-584-0\" ><div id=\"pgc-584-0-0\"  class=\"panel-grid-cell\" ><div id=\"panel-584-0-0-0\" class=\"so-panel widget widget_themegrill_flash_cta tg-widget call-to-action-section panel-first-child\" data-index=\"0\" ><div class=\"wow fadeIn so-parallax panel-widget-style panel-widget-style-for-584-0-0-0\" data-wow-duration=\"2s\" data-wow-iteration=\"1\" ><img fetchpriority=\"high\" decoding=\"async\" width=\"1920\" height=\"1081\" src=\"https:\/\/analysensiebe.de\/bml\/wp-content\/uploads\/sites\/10\/2018\/02\/CTA1.jpg\" class=\"attachment-full size-full\" alt=\"\" data-siteorigin-parallax=\"true\" loading=\"eager\" srcset=\"https:\/\/analysensiebe.de\/bml\/wp-content\/uploads\/sites\/10\/2018\/02\/CTA1.jpg 1920w, https:\/\/analysensiebe.de\/bml\/wp-content\/uploads\/sites\/10\/2018\/02\/CTA1-300x169.jpg 300w, https:\/\/analysensiebe.de\/bml\/wp-content\/uploads\/sites\/10\/2018\/02\/CTA1-768x432.jpg 768w, https:\/\/analysensiebe.de\/bml\/wp-content\/uploads\/sites\/10\/2018\/02\/CTA1-1024x577.jpg 1024w, https:\/\/analysensiebe.de\/bml\/wp-content\/uploads\/sites\/10\/2018\/02\/CTA1-500x282.jpg 500w\" sizes=\"(max-width: 1920px) 100vw, 1920px\" \/><div class=\"cta-wrapper call-to-action-section-layout-1 center\">\n\t<div class=\"section-title-wrapper\">\n\t\t\t\t<h3 class=\"section-title\">DIN ISO 5223<\/h3>\n\t\t\t\t<h4 class=\"section-subtitle\">Getreidesiebe<\/h4>\n\t\t\t<\/div>\n\t\t<div class=\"btn-wrapper\">\n\t\t\t\t<a class=\"btn\" href=\"https:\/\/analysensiebe.de\/bml\/getreidesiebe\/\">Mehr Erfahren<\/a>\n\t\t\t\t\t<\/div>\n\t<\/div>\n<\/div><\/div><div id=\"panel-584-0-0-1\" class=\"so-panel widget widget_themegrill_flash_cta tg-widget call-to-action-section\" data-index=\"1\" ><div class=\"wow fadeIn so-parallax panel-widget-style panel-widget-style-for-584-0-0-1\" data-wow-duration=\"2s\" data-wow-delay=\"2s\" data-wow-iteration=\"1\" ><img decoding=\"async\" width=\"1920\" height=\"1080\" src=\"https:\/\/analysensiebe.de\/bml\/wp-content\/uploads\/sites\/10\/2018\/02\/CTA3.jpg\" class=\"attachment-full size-full\" alt=\"\" data-siteorigin-parallax=\"true\" loading=\"eager\" srcset=\"https:\/\/analysensiebe.de\/bml\/wp-content\/uploads\/sites\/10\/2018\/02\/CTA3.jpg 1920w, https:\/\/analysensiebe.de\/bml\/wp-content\/uploads\/sites\/10\/2018\/02\/CTA3-300x169.jpg 300w, https:\/\/analysensiebe.de\/bml\/wp-content\/uploads\/sites\/10\/2018\/02\/CTA3-768x432.jpg 768w, https:\/\/analysensiebe.de\/bml\/wp-content\/uploads\/sites\/10\/2018\/02\/CTA3-1024x576.jpg 1024w, https:\/\/analysensiebe.de\/bml\/wp-content\/uploads\/sites\/10\/2018\/02\/CTA3-500x281.jpg 500w\" sizes=\"(max-width: 1920px) 100vw, 1920px\" \/><div class=\"cta-wrapper call-to-action-section-layout-1 center\">\n\t<div class=\"section-title-wrapper\">\n\t\t\t\t<h3 class=\"section-title\">Standard-Siebe<\/h3>\n\t\t\t<\/div>\n\t\t<div class=\"btn-wrapper\">\n\t\t\t\t<a class=\"btn\" href=\"https:\/\/analysensiebe.de\/bml\/standard-siebe\/\">Mehr Erfahren<\/a>\n\t\t\t\t\t<\/div>\n\t<\/div>\n<\/div><\/div><div id=\"panel-584-0-0-2\" class=\"so-panel widget widget_themegrill_flash_cta tg-widget call-to-action-section\" data-index=\"2\" ><div class=\"wow fadeIn so-parallax flash_inherit_color panel-widget-style panel-widget-style-for-584-0-0-2\" data-wow-duration=\"2s\" data-wow-delay=\"4s\" data-wow-iteration=\"1\" ><img decoding=\"async\" width=\"500\" height=\"273\" src=\"https:\/\/analysensiebe.de\/bml\/wp-content\/uploads\/sites\/10\/2018\/02\/CTA5.jpg\" class=\"attachment-full size-full\" alt=\"\" data-siteorigin-parallax=\"true\" loading=\"eager\" srcset=\"https:\/\/analysensiebe.de\/bml\/wp-content\/uploads\/sites\/10\/2018\/02\/CTA5.jpg 500w, https:\/\/analysensiebe.de\/bml\/wp-content\/uploads\/sites\/10\/2018\/02\/CTA5-300x164.jpg 300w\" sizes=\"(max-width: 500px) 100vw, 500px\" \/><div class=\"cta-wrapper call-to-action-section-layout-1 center\">\n\t<div class=\"section-title-wrapper\">\n\t\t\t\t<h3 class=\"section-title\">Bask\u00fcleschl\u00f6sser &amp; Zubeh\u00f6r<\/h3>\n\t\t\t<\/div>\n\t\t<div class=\"btn-wrapper\">\n\t\t\t\t<a class=\"btn\" href=\"https:\/\/analysensiebe.de\/bml\/baskuele\/\">Mehr Erfahren<\/a>\n\t\t\t\t\t<\/div>\n\t<\/div>\n<\/div><\/div><div id=\"panel-584-0-0-3\" class=\"so-panel widget widget_themegrill_flash_cta tg-widget call-to-action-section panel-last-child\" data-index=\"3\" ><div class=\"wow fadeIn so-parallax panel-widget-style panel-widget-style-for-584-0-0-3\" data-wow-duration=\"2s\" data-wow-delay=\"1s\" data-wow-iteration=\"1\" ><img decoding=\"async\" width=\"515\" height=\"393\" src=\"https:\/\/analysensiebe.de\/bml\/wp-content\/uploads\/sites\/10\/2018\/02\/CTA8.jpg\" class=\"attachment-full size-full\" alt=\"\" data-siteorigin-parallax=\"true\" loading=\"eager\" srcset=\"https:\/\/analysensiebe.de\/bml\/wp-content\/uploads\/sites\/10\/2018\/02\/CTA8.jpg 515w, https:\/\/analysensiebe.de\/bml\/wp-content\/uploads\/sites\/10\/2018\/02\/CTA8-300x229.jpg 300w, https:\/\/analysensiebe.de\/bml\/wp-content\/uploads\/sites\/10\/2018\/02\/CTA8-500x382.jpg 500w\" sizes=\"(max-width: 515px) 100vw, 515px\" \/><div class=\"cta-wrapper call-to-action-section-layout-1 center\">\n\t<div class=\"section-title-wrapper\">\n\t\t\t\t<h3 class=\"section-title\">Mess-Service<\/h3>\n\t\t\t<\/div>\n\t\t<div class=\"btn-wrapper\">\n\t\t\t\t<a class=\"btn\" href=\"https:\/\/analysensiebe.de\/bml\/mess-service\/\">Mehr Erfahren<\/a>\n\t\t\t\t\t<\/div>\n\t<\/div>\n<\/div><\/div><\/div><div id=\"pgc-584-0-1\"  class=\"panel-grid-cell\" ><div id=\"panel-584-0-1-0\" class=\"so-panel widget widget_themegrill_flash_cta tg-widget call-to-action-section panel-first-child\" data-index=\"4\" ><div class=\"wow fadeIn so-parallax panel-widget-style panel-widget-style-for-584-0-1-0\" data-wow-duration=\"2s\" data-wow-delay=\"1s\" data-wow-offset=\"10\" data-wow-iteration=\"1\" ><img decoding=\"async\" width=\"1920\" height=\"1080\" src=\"https:\/\/analysensiebe.de\/bml\/wp-content\/uploads\/sites\/10\/2018\/02\/CTA2.jpg\" class=\"attachment-full size-full\" alt=\"\" data-siteorigin-parallax=\"true\" loading=\"eager\" srcset=\"https:\/\/analysensiebe.de\/bml\/wp-content\/uploads\/sites\/10\/2018\/02\/CTA2.jpg 1920w, https:\/\/analysensiebe.de\/bml\/wp-content\/uploads\/sites\/10\/2018\/02\/CTA2-300x169.jpg 300w, https:\/\/analysensiebe.de\/bml\/wp-content\/uploads\/sites\/10\/2018\/02\/CTA2-768x432.jpg 768w, https:\/\/analysensiebe.de\/bml\/wp-content\/uploads\/sites\/10\/2018\/02\/CTA2-1024x576.jpg 1024w, https:\/\/analysensiebe.de\/bml\/wp-content\/uploads\/sites\/10\/2018\/02\/CTA2-500x281.jpg 500w\" sizes=\"(max-width: 1920px) 100vw, 1920px\" \/><div class=\"cta-wrapper call-to-action-section-layout-1 center\">\n\t<div class=\"section-title-wrapper\">\n\t\t\t\t<h3 class=\"section-title\">DIN ISO 3310<\/h3>\n\t\t\t\t<h4 class=\"section-subtitle\">Analysensiebe<\/h4>\n\t\t\t<\/div>\n\t\t<div class=\"btn-wrapper\">\n\t\t\t\t<a class=\"btn\" href=\"https:\/\/analysensiebe.de\/bml\/analysensiebe-nach-din-iso-3310\/\">Mehr Erfahren<\/a>\n\t\t\t\t\t<\/div>\n\t<\/div>\n<\/div><\/div><div id=\"panel-584-0-1-1\" class=\"so-panel widget widget_themegrill_flash_cta tg-widget call-to-action-section\" data-index=\"5\" ><div class=\"wow fadeIn so-parallax panel-widget-style panel-widget-style-for-584-0-1-1\" data-wow-duration=\"2s\" data-wow-delay=\"3s\" data-wow-iteration=\"1\" ><img decoding=\"async\" width=\"1920\" height=\"1080\" src=\"https:\/\/analysensiebe.de\/bml\/wp-content\/uploads\/sites\/10\/2018\/02\/CTA4.jpg\" class=\"attachment-full size-full\" alt=\"\" data-siteorigin-parallax=\"true\" loading=\"eager\" srcset=\"https:\/\/analysensiebe.de\/bml\/wp-content\/uploads\/sites\/10\/2018\/02\/CTA4.jpg 1920w, https:\/\/analysensiebe.de\/bml\/wp-content\/uploads\/sites\/10\/2018\/02\/CTA4-300x169.jpg 300w, https:\/\/analysensiebe.de\/bml\/wp-content\/uploads\/sites\/10\/2018\/02\/CTA4-768x432.jpg 768w, https:\/\/analysensiebe.de\/bml\/wp-content\/uploads\/sites\/10\/2018\/02\/CTA4-1024x576.jpg 1024w, https:\/\/analysensiebe.de\/bml\/wp-content\/uploads\/sites\/10\/2018\/02\/CTA4-500x281.jpg 500w\" sizes=\"(max-width: 1920px) 100vw, 1920px\" \/><div class=\"cta-wrapper call-to-action-section-layout-1 center\">\n\t<div class=\"section-title-wrapper\">\n\t\t\t\t<h3 class=\"section-title\">Zubeh\u00f6r<\/h3>\n\t\t\t<\/div>\n\t\t<div class=\"btn-wrapper\">\n\t\t\t\t<a class=\"btn\" href=\"https:\/\/analysensiebe.de\/bml\/standard-siebe\/\">Mehr Erfahren<\/a>\n\t\t\t\t\t<\/div>\n\t<\/div>\n<\/div><\/div><div id=\"panel-584-0-1-2\" class=\"so-panel widget widget_themegrill_flash_cta tg-widget call-to-action-section\" data-index=\"6\" ><div class=\"wow fadeIn so-parallax panel-widget-style panel-widget-style-for-584-0-1-2\" data-wow-duration=\"2s\" data-wow-delay=\"5s\" data-wow-iteration=\"1\" ><img decoding=\"async\" width=\"1920\" height=\"1080\" src=\"https:\/\/analysensiebe.de\/bml\/wp-content\/uploads\/sites\/10\/2018\/02\/CTA7.jpg\" class=\"attachment-full size-full\" alt=\"\" data-siteorigin-parallax=\"true\" loading=\"eager\" srcset=\"https:\/\/analysensiebe.de\/bml\/wp-content\/uploads\/sites\/10\/2018\/02\/CTA7.jpg 1920w, https:\/\/analysensiebe.de\/bml\/wp-content\/uploads\/sites\/10\/2018\/02\/CTA7-300x169.jpg 300w, https:\/\/analysensiebe.de\/bml\/wp-content\/uploads\/sites\/10\/2018\/02\/CTA7-768x432.jpg 768w, https:\/\/analysensiebe.de\/bml\/wp-content\/uploads\/sites\/10\/2018\/02\/CTA7-1024x576.jpg 1024w, https:\/\/analysensiebe.de\/bml\/wp-content\/uploads\/sites\/10\/2018\/02\/CTA7-500x281.jpg 500w\" sizes=\"(max-width: 1920px) 100vw, 1920px\" \/><div class=\"cta-wrapper call-to-action-section-layout-1 center\">\n\t<div class=\"section-title-wrapper\">\n\t\t\t\t<h3 class=\"section-title\">Normen &amp; Zertifizierung<\/h3>\n\t\t\t<\/div>\n\t\t<div class=\"btn-wrapper\">\n\t\t\t\t<a class=\"btn\" href=\"https:\/\/analysensiebe.de\/bml\/zertifizierung\/\">Mehr Erfahren<\/a>\n\t\t\t\t\t<\/div>\n\t<\/div>\n<\/div><\/div><div id=\"panel-584-0-1-3\" class=\"so-panel widget widget_themegrill_flash_cta tg-widget call-to-action-section panel-last-child\" data-index=\"7\" ><div class=\"wow fadeIn so-parallax flash_inherit_color panel-widget-style panel-widget-style-for-584-0-1-3\" data-wow-duration=\"2s\" data-wow-delay=\"2s\" data-wow-iteration=\"1\" ><img decoding=\"async\" width=\"1920\" height=\"1080\" src=\"https:\/\/analysensiebe.de\/bml\/wp-content\/uploads\/sites\/10\/2018\/02\/CTA9.jpg\" class=\"attachment-full size-full\" alt=\"\" data-siteorigin-parallax=\"true\" loading=\"eager\" srcset=\"https:\/\/analysensiebe.de\/bml\/wp-content\/uploads\/sites\/10\/2018\/02\/CTA9.jpg 1920w, https:\/\/analysensiebe.de\/bml\/wp-content\/uploads\/sites\/10\/2018\/02\/CTA9-300x169.jpg 300w, https:\/\/analysensiebe.de\/bml\/wp-content\/uploads\/sites\/10\/2018\/02\/CTA9-768x432.jpg 768w, https:\/\/analysensiebe.de\/bml\/wp-content\/uploads\/sites\/10\/2018\/02\/CTA9-1024x576.jpg 1024w, https:\/\/analysensiebe.de\/bml\/wp-content\/uploads\/sites\/10\/2018\/02\/CTA9-500x281.jpg 500w\" sizes=\"(max-width: 1920px) 100vw, 1920px\" \/><div class=\"cta-wrapper call-to-action-section-layout-1 center\">\n\t<div class=\"section-title-wrapper\">\n\t\t\t\t<h3 class=\"section-title\">Re-Zertifizierung<\/h3>\n\t\t\t<\/div>\n\t\t<div class=\"btn-wrapper\">\n\t\t\t\t<a class=\"btn\" href=\"https:\/\/analysensiebe.de\/bml\/re-zertifizierung\/\">Mehr Erfahren<\/a>\n\t\t\t\t\t<\/div>\n\t<\/div>\n<\/div><\/div><\/div><\/div><\/div><\/div>","protected":false},"excerpt":{"rendered":"<p>DIN ISO 5223 Getreidesiebe Mehr Erfahren Standard-Siebe Mehr Erfahren Bask\u00fcleschl\u00f6sser &amp; Zubeh\u00f6r Mehr Erfahren Mess-Service Mehr Erfahren DIN ISO 3310 [&hellip;]<\/p>\n","protected":false},"author":1,"featured_media":1431,"parent":0,"menu_order":0,"comment_status":"closed","ping_status":"closed","template":"","meta":{"footnotes":""},"class_list":["post-584","page","type-page","status-publish","has-post-thumbnail","hentry","post-thumbnail-displayed"],"aioseo_notices":[],"_links":{"self":[{"href":"https:\/\/analysensiebe.de\/bml\/wp-json\/wp\/v2\/pages\/584","targetHints":{"allow":["GET"]}}],"collection":[{"href":"https:\/\/analysensiebe.de\/bml\/wp-json\/wp\/v2\/pages"}],"about":[{"href":"https:\/\/analysensiebe.de\/bml\/wp-json\/wp\/v2\/types\/page"}],"author":[{"embeddable":true,"href":"https:\/\/analysensiebe.de\/bml\/wp-json\/wp\/v2\/users\/1"}],"replies":[{"embeddable":true,"href":"https:\/\/analysensiebe.de\/bml\/wp-json\/wp\/v2\/comments?post=584"}],"version-history":[{"count":55,"href":"https:\/\/analysensiebe.de\/bml\/wp-json\/wp\/v2\/pages\/584\/revisions"}],"predecessor-version":[{"id":1432,"href":"https:\/\/analysensiebe.de\/bml\/wp-json\/wp\/v2\/pages\/584\/revisions\/1432"}],"wp:featuredmedia":[{"embeddable":true,"href":"https:\/\/analysensiebe.de\/bml\/wp-json\/wp\/v2\/media\/1431"}],"wp:attachment":[{"href":"https:\/\/analysensiebe.de\/bml\/wp-json\/wp\/v2\/media?parent=584"}],"curies":[{"name":"wp","href":"https:\/\/api.w.org\/{rel}","templated":true}]}}