{"id":2513,"date":"2025-02-06T17:36:38","date_gmt":"2025-02-06T17:36:38","guid":{"rendered":"https:\/\/analysensiebe.de\/bml\/?page_id=2513"},"modified":"2025-10-07T15:59:20","modified_gmt":"2025-10-07T15:59:20","slug":"edelstahl-flachsiebe","status":"publish","type":"page","link":"https:\/\/analysensiebe.de\/bml\/edelstahl-flachsiebe\/","title":{"rendered":"Edelstahl Flachsiebe von Blau-Metall"},"content":{"rendered":"<div id=\"pl-2513\"  class=\"panel-layout\" ><div id=\"pg-2513-0\"  class=\"panel-grid panel-no-style\" ><div id=\"pgc-2513-0-0\"  class=\"panel-grid-cell\" ><div id=\"panel-2513-0-0-0\" class=\"so-panel widget widget_sow-editor panel-first-child\" data-index=\"0\" ><div\n\t\t\t\n\t\t\tclass=\"so-widget-sow-editor so-widget-sow-editor-base\"\n\t\t\t\n\t\t>\n<div class=\"siteorigin-widget-tinymce textwidget\">\n\t<p><a href=\"https:\/\/analysensiebe.de\/bml\/wp-content\/uploads\/sites\/10\/2025\/02\/IMG_4471-scaled.jpg\"><img loading=\"lazy\" decoding=\"async\" class=\"alignright wp-image-2508\" src=\"https:\/\/analysensiebe.de\/bml\/wp-content\/uploads\/sites\/10\/2025\/02\/IMG_4471-1024x792.jpg\" alt=\"\" width=\"450\" height=\"348\" srcset=\"https:\/\/analysensiebe.de\/bml\/wp-content\/uploads\/sites\/10\/2025\/02\/IMG_4471-1024x792.jpg 1024w, https:\/\/analysensiebe.de\/bml\/wp-content\/uploads\/sites\/10\/2025\/02\/IMG_4471-300x232.jpg 300w, https:\/\/analysensiebe.de\/bml\/wp-content\/uploads\/sites\/10\/2025\/02\/IMG_4471-768x594.jpg 768w, https:\/\/analysensiebe.de\/bml\/wp-content\/uploads\/sites\/10\/2025\/02\/IMG_4471-1536x1188.jpg 1536w, https:\/\/analysensiebe.de\/bml\/wp-content\/uploads\/sites\/10\/2025\/02\/IMG_4471-2048x1584.jpg 2048w\" sizes=\"auto, (max-width: 450px) 100vw, 450px\" \/><\/a>Blau-Metall Flachsiebe aus Edelstahl sind in einer Vielzahl von Ausf\u00fchrungen und Gr\u00f6\u00dfen verf\u00fcgbar und ideal geeignet f\u00fcr vielf\u00e4ltige Anwendungen \u2013 z.B. als Abtropfsieb, zum Trocknen von Kr\u00e4utern und Saatgut, als analytisches Instrument in der Material- und Produktentwicklung und diversen speziellen Anwendungsgebieten in Labor, Industrie und im Haushalt.<\/p>\n<p>Unsere Flachsiebe bestehen aus einer stabilen Edelstahleinfassung und einer Siebfl\u00e4che aus Edelstahldrahtgewebe \u2013 je nach Anwendung gem\u00e4\u00df Analysensiebnorm oder kosteng\u00fcnstigem Industriegewebe \u2013 oder f\u00fcr ausgefallene Anwendungen aus Lochblech mit runden oder quadratischen \u00d6ffnungen. Die Siebe sind lebensmittelsicher und k\u00f6nnen f\u00fcr den Einsatz im analytischen Bereich mittels 3D Lasergravur mit individuellen Pr\u00fcfmittelbezeichnungen versehen werden.<\/p>\n<h2>Technische Daten:<\/h2>\n<ul>\n<li>Minimale Abmessungen: 86 x 86 x 5 mm<\/li>\n<li>Maximale Abmessungen: 600 x 600 x 5 mm<\/li>\n<li>Einfassung: umlaufend 18 mm<\/li>\n<li>Material Einfassung: Edelstahl 1.4301<\/li>\n<li>Material Siebboden: Edelstahl 1.4301 \/ 1.4401<\/li>\n<li>Gewebe f\u00fcr feste Verankerung umlaufend verpresst<\/li>\n<li>Option: Lebensmittelechte L\u00f6tpunkte (99,9% Zinn) bei hoher Gewichtsbelastung der Siebfl\u00e4che<\/li>\n<\/ul>\n<\/div>\n<\/div><\/div><div id=\"panel-2513-0-0-1\" class=\"so-panel widget widget_sow-editor\" data-index=\"1\" ><div\n\t\t\t\n\t\t\tclass=\"so-widget-sow-editor so-widget-sow-editor-base\"\n\t\t\t\n\t\t>\n<div class=\"siteorigin-widget-tinymce textwidget\">\n\t<h2>Vorteile:<\/h2>\n<p>\n\u2714\u00a0 Stabile Konstruktion f\u00fcr lange Lebensdauer und hohe Belastungen bis 15 kg<br \/>\n\u2714\u00a0 Siebboden aus rostfreiem Edelstahl<br \/>\n\u2714\u00a0 Individuelle Anpassung der Au\u00dfenma\u00dfe<br \/>\n\u2714\u00a0 Viele Maschengr\u00f6\u00dfen verf\u00fcgbar \u2013 auch f\u00fcr die kleinsten Samen oder zum Trocknen von bereits zerkleinerten Pflanzenteilen<br \/>\n\u2714\u00a0 Hitzebest\u00e4ndig bis 200 \u00b0C f\u00fcr Einsatz im Backofen oder Trockenschrank<br \/>\n\u2714\u00a0 Problemlose Reinigung \u2013 von Hand, in der Sp\u00fclmaschine oder mit Hochdruckreiniger (ab 1 mm Maschenweite)<br \/>\n\u2714\u00a0 Gute Best\u00e4ndigkeit gegen\u00fcber sauren \/ basischen Reinigungsmitteln<br \/>\n\u2714\u00a0 Keine Pflege notwendig<br \/>\n\u2714\u00a0 Auf Wunsch mit individueller Lasergravur<\/p>\n<\/div>\n<\/div><\/div><div id=\"panel-2513-0-0-2\" class=\"so-panel widget widget_sow-editor\" data-index=\"2\" ><div\n\t\t\t\n\t\t\tclass=\"so-widget-sow-editor so-widget-sow-editor-base\"\n\t\t\t\n\t\t>\n<div class=\"siteorigin-widget-tinymce textwidget\">\n\t<h2>Verf\u00fcgbare Siebmedien:<\/h2>\n<ul>\n<li>Drahtgewebe gem\u00e4\u00df Analysensieb-Standard ISO 3310 \/ ASTM E 11 (0,250 bis 2,00 mm)<\/li>\n<li>Drahtgewebe gem\u00e4\u00df Industrie-Standard (ausgew\u00e4hlte Maschenweiten verf\u00fcgbar)<\/li>\n<li>Lochblech mit Rundlochung (ab 0,5 mm)<\/li>\n<li>Lochblech mit Quadratlochung (ab 4,0 mm)<\/li>\n<li>Lochblech gem\u00e4\u00df Kundenspezifikation<\/li>\n<\/ul>\n<\/div>\n<\/div><\/div><div id=\"panel-2513-0-0-3\" class=\"so-panel widget widget_sow-editor panel-last-child\" data-index=\"3\" ><div\n\t\t\t\n\t\t\tclass=\"so-widget-sow-editor so-widget-sow-editor-base\"\n\t\t\t\n\t\t>\n<div class=\"siteorigin-widget-tinymce textwidget\">\n\t<h2>Anwendung in der Praxis:<\/h2>\n<p><strong>DIN EN ISO 9073-6: Vliesstoffe - Pr\u00fcfverfahren - Teil 6: Absorption -\u00a0<\/strong>Dieser international g\u00fcltige Standard legt verschiedene normierte Pr\u00fcfverfahren f\u00fcr das Verhalten von Vliesstoffen bei Anwesenheit von Fl\u00fcssigkeit fest. F\u00fcr einen der beschriebenen Tests wird nach einer Messprobenunterlage aus Siebgewebe verlangt, welche eine Fl\u00e4che von mindestens 120 x 120 mm besitzt und aus einem nicht-rostenden Stahl-Pr\u00fcfsiebgewebe mit Maschenweite 2,0 mm nach ISO 565 bestehen soll.<\/p>\n<\/div>\n<\/div><\/div><\/div><\/div><\/div>","protected":false},"excerpt":{"rendered":"<p>Blau-Metall Flachsiebe aus Edelstahl sind in einer Vielzahl von Ausf\u00fchrungen und Gr\u00f6\u00dfen verf\u00fcgbar und ideal geeignet f\u00fcr vielf\u00e4ltige Anwendungen \u2013 [&hellip;]<\/p>\n","protected":false},"author":1,"featured_media":918,"parent":0,"menu_order":0,"comment_status":"closed","ping_status":"closed","template":"","meta":{"footnotes":""},"class_list":["post-2513","page","type-page","status-publish","has-post-thumbnail","hentry","post-thumbnail-displayed"],"aioseo_notices":[],"_links":{"self":[{"href":"https:\/\/analysensiebe.de\/bml\/wp-json\/wp\/v2\/pages\/2513","targetHints":{"allow":["GET"]}}],"collection":[{"href":"https:\/\/analysensiebe.de\/bml\/wp-json\/wp\/v2\/pages"}],"about":[{"href":"https:\/\/analysensiebe.de\/bml\/wp-json\/wp\/v2\/types\/page"}],"author":[{"embeddable":true,"href":"https:\/\/analysensiebe.de\/bml\/wp-json\/wp\/v2\/users\/1"}],"replies":[{"embeddable":true,"href":"https:\/\/analysensiebe.de\/bml\/wp-json\/wp\/v2\/comments?post=2513"}],"version-history":[{"count":8,"href":"https:\/\/analysensiebe.de\/bml\/wp-json\/wp\/v2\/pages\/2513\/revisions"}],"predecessor-version":[{"id":2588,"href":"https:\/\/analysensiebe.de\/bml\/wp-json\/wp\/v2\/pages\/2513\/revisions\/2588"}],"wp:featuredmedia":[{"embeddable":true,"href":"https:\/\/analysensiebe.de\/bml\/wp-json\/wp\/v2\/media\/918"}],"wp:attachment":[{"href":"https:\/\/analysensiebe.de\/bml\/wp-json\/wp\/v2\/media?parent=2513"}],"curies":[{"name":"wp","href":"https:\/\/api.w.org\/{rel}","templated":true}]}}