{"id":162,"date":"2018-01-05T20:06:55","date_gmt":"2018-01-05T20:06:55","guid":{"rendered":"http:\/\/analysensiebe.de\/bml\/?page_id=162"},"modified":"2022-09-16T14:13:21","modified_gmt":"2022-09-16T14:13:21","slug":"about","status":"publish","type":"page","link":"https:\/\/analysensiebe.de\/bml\/about\/","title":{"rendered":"\u00dcber Uns"},"content":{"rendered":"<div id=\"pl-162\"  class=\"panel-layout\" ><div id=\"pg-162-0\"  class=\"panel-grid panel-no-style\" ><div id=\"pgc-162-0-0\"  class=\"panel-grid-cell\" ><div id=\"panel-162-0-0-0\" class=\"so-panel widget widget_text panel-first-child\" data-index=\"0\" ><div class=\"wow fadeIn panel-widget-style panel-widget-style-for-162-0-0-0\" data-wow-duration=\"2s\" data-wow-iteration=\"1\" >\t\t\t<div class=\"textwidget\"><figure id=\"attachment_166\" aria-describedby=\"caption-attachment-166\" style=\"width: 780px\" class=\"wp-caption aligncenter\"><a href=\"https:\/\/analysensiebe.de\/bml\/wp-content\/uploads\/sites\/10\/2018\/01\/VEBMetallweberei2.jpg\"><img loading=\"lazy\" decoding=\"async\" class=\"wp-image-166 size-large\" src=\"https:\/\/analysensiebe.de\/bml\/wp-content\/uploads\/sites\/10\/2018\/01\/VEBMetallweberei2-1024x669.jpg\" alt=\"\" width=\"780\" height=\"510\" srcset=\"https:\/\/analysensiebe.de\/bml\/wp-content\/uploads\/sites\/10\/2018\/01\/VEBMetallweberei2-1024x669.jpg 1024w, https:\/\/analysensiebe.de\/bml\/wp-content\/uploads\/sites\/10\/2018\/01\/VEBMetallweberei2-300x196.jpg 300w, https:\/\/analysensiebe.de\/bml\/wp-content\/uploads\/sites\/10\/2018\/01\/VEBMetallweberei2-768x502.jpg 768w\" sizes=\"auto, (max-width: 780px) 100vw, 780px\" \/><\/a><figcaption id=\"caption-attachment-166\" class=\"wp-caption-text\">VEB Metallweberei Neustadt \/ Orla<\/figcaption><\/figure>\n<\/div>\n\t\t<\/div><\/div><div id=\"panel-162-0-0-1\" class=\"so-panel widget widget_text\" data-index=\"1\" ><div class=\"wow fadeInUp panel-widget-style panel-widget-style-for-162-0-0-1\" data-wow-duration=\"2s\" data-wow-offset=\"25\" data-wow-iteration=\"1\" >\t\t\t<div class=\"textwidget\"><p><a href=\"https:\/\/analysensiebe.de\/bml\/wp-content\/uploads\/sites\/10\/2022\/09\/Loging-Page-Background-12.jpg\"><img loading=\"lazy\" decoding=\"async\" class=\"alignright wp-image-2080 \" src=\"https:\/\/analysensiebe.de\/bml\/wp-content\/uploads\/sites\/10\/2022\/09\/Loging-Page-Background-12-1024x683.jpg\" alt=\"\" width=\"420\" height=\"280\" srcset=\"https:\/\/analysensiebe.de\/bml\/wp-content\/uploads\/sites\/10\/2022\/09\/Loging-Page-Background-12-1024x683.jpg 1024w, https:\/\/analysensiebe.de\/bml\/wp-content\/uploads\/sites\/10\/2022\/09\/Loging-Page-Background-12-300x200.jpg 300w, https:\/\/analysensiebe.de\/bml\/wp-content\/uploads\/sites\/10\/2022\/09\/Loging-Page-Background-12-768x512.jpg 768w, https:\/\/analysensiebe.de\/bml\/wp-content\/uploads\/sites\/10\/2022\/09\/Loging-Page-Background-12-1536x1024.jpg 1536w, https:\/\/analysensiebe.de\/bml\/wp-content\/uploads\/sites\/10\/2022\/09\/Loging-Page-Background-12-272x182.jpg 272w, https:\/\/analysensiebe.de\/bml\/wp-content\/uploads\/sites\/10\/2022\/09\/Loging-Page-Background-12.jpg 1920w\" sizes=\"auto, (max-width: 420px) 100vw, 420px\" \/><\/a>Die Firma \u201aBlau- Metall\u2018 wurde im Jahre 1991 von Herrn Thomas Blau, einem ehemaligen Mitarbeiter des VEB Metallweberei Neustadt\/Orla gegr\u00fcndet. Ziel des Unternehmens war und ist die Herstellung und der Vertrieb von Bask\u00fcleschl\u00f6ssern. Diese waren ein Nebenprodukt des VEB Metallweberei.<\/p>\n<p>Im Jahr 1992 wurde mit der Poduktion von Heizmatten aus einem Gewebegemisch von Glasfaser und Widerstandsdraht begonnen. Einsatz fanden diese Matten in Elektro-Heizk\u00f6rpern usw.<\/p>\n<p>Paralell zu diesen beiden Gesch\u00e4ftsbereichen wurden Pr\u00fcfsiebe des ehemaligen VEB Metallweberei Neustadt im Bedarfsfall repariert. Auf Grund der hohen Nachfrage nach Analysensieben wurde im Jahr 1993 mit der Neuanfertigung von Pr\u00fcfsieben begonnen. Hierbei kamen die langj\u00e4hrigen\u00a0 Erfahrungen aus dem VEB Metallweberei zum Tragen. Die Pr\u00fcfsiebe wurden nun Marktgerecht komplett in Edelstahl gefertigt (vorher aus Messing und Bronzegewebe).<\/p>\n<p>Die gewachsene Kompetenz und langj\u00e4hrige Erfahrung spezialisierter Fachleute gew\u00e4hrleisten die zuverl\u00e4ssig hohe Qualit\u00e4t der angebotenen Produkte. Modernste Mess-und Pr\u00fcftechnik sorgen f\u00fcr ein gleichbleibend hohes Niveau der angebotenen Produkte. Die handwerklichen Fertigkeiten des Fachpersonals bilden die Grundlage f\u00fcr die Kernkompetenz des Unternehmens.<\/p>\n<p>Service wird bei uns gro\u00dfgeschrieben. Speziellen Kundenw\u00fcnschen stehen wir offen gegen\u00fcber.<\/p>\n<\/div>\n\t\t<\/div><\/div><div id=\"panel-162-0-0-2\" class=\"so-panel widget widget_text panel-last-child\" data-index=\"2\" ><div class=\"wow fadeIn panel-widget-style panel-widget-style-for-162-0-0-2\" data-wow-duration=\"2s\" data-wow-offset=\"100\" data-wow-iteration=\"1\" >\t\t\t<div class=\"textwidget\"><figure id=\"attachment_176\" aria-describedby=\"caption-attachment-176\" style=\"width: 600px\" class=\"wp-caption aligncenter\"><a href=\"https:\/\/analysensiebe.de\/bml\/wp-content\/uploads\/sites\/10\/2018\/01\/TGL4188.jpg\"><img loading=\"lazy\" decoding=\"async\" class=\" wp-image-176\" src=\"https:\/\/analysensiebe.de\/bml\/wp-content\/uploads\/sites\/10\/2018\/01\/TGL4188.jpg\" alt=\"\" width=\"600\" height=\"681\" srcset=\"https:\/\/analysensiebe.de\/bml\/wp-content\/uploads\/sites\/10\/2018\/01\/TGL4188.jpg 803w, https:\/\/analysensiebe.de\/bml\/wp-content\/uploads\/sites\/10\/2018\/01\/TGL4188-264x300.jpg 264w, https:\/\/analysensiebe.de\/bml\/wp-content\/uploads\/sites\/10\/2018\/01\/TGL4188-768x871.jpg 768w\" sizes=\"auto, (max-width: 600px) 100vw, 600px\" \/><\/a><figcaption id=\"caption-attachment-176\" class=\"wp-caption-text\">TGL Norm der DDR f\u00fcr Analysensiebgewebe<\/figcaption><\/figure>\n<\/div>\n\t\t<\/div><\/div><\/div><\/div><\/div>","protected":false},"excerpt":{"rendered":"<p>Die Firma &#8218;Blau- Metall&#8216; wurde im Jahre 1991 von Herrn Thomas Blau, einem ehemaligen Mitarbeiter des VEB Metallweberei Neustadt\/Orla gegr\u00fcndet. [&hellip;]<\/p>\n","protected":false},"author":1,"featured_media":2101,"parent":0,"menu_order":0,"comment_status":"closed","ping_status":"closed","template":"","meta":{"footnotes":""},"class_list":["post-162","page","type-page","status-publish","has-post-thumbnail","hentry","post-thumbnail-displayed"],"aioseo_notices":[],"_links":{"self":[{"href":"https:\/\/analysensiebe.de\/bml\/wp-json\/wp\/v2\/pages\/162","targetHints":{"allow":["GET"]}}],"collection":[{"href":"https:\/\/analysensiebe.de\/bml\/wp-json\/wp\/v2\/pages"}],"about":[{"href":"https:\/\/analysensiebe.de\/bml\/wp-json\/wp\/v2\/types\/page"}],"author":[{"embeddable":true,"href":"https:\/\/analysensiebe.de\/bml\/wp-json\/wp\/v2\/users\/1"}],"replies":[{"embeddable":true,"href":"https:\/\/analysensiebe.de\/bml\/wp-json\/wp\/v2\/comments?post=162"}],"version-history":[{"count":23,"href":"https:\/\/analysensiebe.de\/bml\/wp-json\/wp\/v2\/pages\/162\/revisions"}],"predecessor-version":[{"id":2140,"href":"https:\/\/analysensiebe.de\/bml\/wp-json\/wp\/v2\/pages\/162\/revisions\/2140"}],"wp:featuredmedia":[{"embeddable":true,"href":"https:\/\/analysensiebe.de\/bml\/wp-json\/wp\/v2\/media\/2101"}],"wp:attachment":[{"href":"https:\/\/analysensiebe.de\/bml\/wp-json\/wp\/v2\/media?parent=162"}],"curies":[{"name":"wp","href":"https:\/\/api.w.org\/{rel}","templated":true}]}}