{"id":1161,"date":"2019-04-25T13:59:58","date_gmt":"2019-04-25T13:59:58","guid":{"rendered":"http:\/\/analysensiebe.de\/bml\/?page_id=1161"},"modified":"2023-08-14T18:49:18","modified_gmt":"2023-08-14T18:49:18","slug":"analysensiebe-fur-die-prufung-von-strahlmitteln","status":"publish","type":"page","link":"https:\/\/analysensiebe.de\/bml\/analysensiebe-fur-die-prufung-von-strahlmitteln\/","title":{"rendered":"Analysensiebe f\u00fcr die Pr\u00fcfung von Strahlmitteln"},"content":{"rendered":"<div id=\"pl-1161\"  class=\"panel-layout\" ><div id=\"pg-1161-0\"  class=\"panel-grid panel-no-style\" ><div id=\"pgc-1161-0-0\"  class=\"panel-grid-cell\" ><div id=\"panel-1161-0-0-0\" class=\"widget_text so-panel widget widget_custom_html panel-first-child\" data-index=\"0\" ><div class=\"textwidget custom-html-widget\"><a href=\"https:\/\/analysensiebe.de\/bml\/wp-content\/uploads\/sites\/10\/2019\/04\/abrasive-paper-186335_1920.jpg\"><img loading=\"lazy\" decoding=\"async\" class=\" wp-image-1162 alignright\" src=\"https:\/\/analysensiebe.de\/bml\/wp-content\/uploads\/sites\/10\/2019\/04\/abrasive-paper-186335_1920-1024x683.jpg\" alt=\"\" width=\"395\" height=\"263\" srcset=\"https:\/\/analysensiebe.de\/bml\/wp-content\/uploads\/sites\/10\/2019\/04\/abrasive-paper-186335_1920-1024x683.jpg 1024w, https:\/\/analysensiebe.de\/bml\/wp-content\/uploads\/sites\/10\/2019\/04\/abrasive-paper-186335_1920-300x200.jpg 300w, https:\/\/analysensiebe.de\/bml\/wp-content\/uploads\/sites\/10\/2019\/04\/abrasive-paper-186335_1920-768x512.jpg 768w, https:\/\/analysensiebe.de\/bml\/wp-content\/uploads\/sites\/10\/2019\/04\/abrasive-paper-186335_1920-500x333.jpg 500w, https:\/\/analysensiebe.de\/bml\/wp-content\/uploads\/sites\/10\/2019\/04\/abrasive-paper-186335_1920.jpg 1920w\" sizes=\"auto, (max-width: 395px) 100vw, 395px\" \/><\/a>Strahlen als ein Verfahren der Oberfl\u00e4chentechnik ist weit verbreitet in vielen Industriezweigen und ist f\u00fcr diverse Zwecke einsetzbar, zum Beispiel zur Reinigung \/ Entschichtung von Oberfl\u00e4chen, Entkernen \/ Entsanden von Gussteilen, zur Oberfl\u00e4chenverfestigung, zum Entgraten von Werkteilen, zur Oberfl\u00e4chenvorbereitung f\u00fcr weiterf\u00fchrende Verfahren oder zum Mattieren &amp; Strukturieren von Oberfl\u00e4chen. Um diese Vielzahl an Anwendungen zu realisieren wurden diverse Strahltechniken entwickelt, die sich unterscheiden in der Auswahl der Strahlmittel, der Geschwindigkeit des Strahlmittels und des Mediums in dem das Strahlmittel transportiert wird.\n<br><br>\nDie Eigenschaften des Strahlmittels selbst sind ma\u00dfgebend f\u00fcr das Ergebnis des Strahlprozesses. In Abh\u00e4ngigkeit der spezifischen Aufgabe werden verschiedenste Materialien als Strahlmittel eingesetzt \u2013 dabei gelten als Auswahlkriterien sowohl materialwissenschaftliche als auch \u00f6konomische Kriterien. Die Anforderungen und Pr\u00fcfverfahren f\u00fcr Strahlmittel werden in den folgenden Normen festgelegt:<br><br>\n<ul>\n \t<li>DIN EN ISO 11125: Vorbereitung von Stahloberfl\u00e4chen vor dem Auftragen von Beschichtungsstoffen - Pr\u00fcfverfahren f\u00fcr metallische Strahlmittel<\/li>\n \t<li>DIN EN ISO 11127: Vorbereitung von Stahloberfl\u00e4chen vor dem Auftragen von Beschichtungsstoffen - Pr\u00fcfverfahren f\u00fcr nichtmetallische Strahlmittel<\/li>\n<\/ul>\n<a href=\"https:\/\/analysensiebe.de\/bml\/wp-content\/uploads\/sites\/10\/2022\/09\/IMG_4229.jpg\"><img decoding=\"async\" class=\"alignright  wp-image-1163\" src=\"https:\/\/analysensiebe.de\/bml\/wp-content\/uploads\/sites\/10\/2022\/09\/IMG_4229-scaled.jpg\" alt=\"\" width=\"395\" height=\"auto\" \/><\/a>Beide Normenreihen beinhalten einen alleinstehenden Teil, der sich mit der Bestimmung der Korngr\u00f6\u00dfenverteilungen der beiden oben genannten Kategorien besch\u00e4ftigt. In beiden internationalen Standards wird die Siebanalyse als das verbindliche Verfahren f\u00fcr die Bestimmung der Korngr\u00f6\u00dfenverteilungen festgelegt. Die Siebanalyse hat mit Analysensieben aus den R20\/3, R20 und R40\/3 Serien aus ISO 565 zu erfolgen, wobei die Auswahl der Nennweiten der Sieb\u00f6ffnungen von den Spezifikationen des zu pr\u00fcfenden Produkts abh\u00e4ngig ist. Es werden Siebe mit einem Durchmesser von 200 mm, einer H\u00f6he von 25 bis 50 mm und quadratischen \u00d6ffnungen der Siebb\u00f6den verlangt, sowie das Vorhandensein von Siebdeckel und Siebboden vorausgesetzt. Ebenso wird in beiden Normen auf die regelm\u00e4\u00dfige Kalibrierung der Siebe bestanden.\n<br><br>\nBlau-Metall Siebe mit Edelstahldrahtgewebe nach DIN ISO 3310-1 werden den Anforderungen von DIN EN ISO 11125 und 11127 gerecht und bieten durch ihre stabile Edelstahlkonstruktion, hohe Gewebespannung, und eine pr\u00e4zise Einhaltung der Nennmaschenweiten eine konstante und verl\u00e4ssliche Siebleistung, auch \u00fcber lange Zeitr\u00e4ume.\n<br><br>\nDie Re-Zertifizierung von Analysensieben, wie in beiden Standards gefordert, wird von Blau-Metall als Service angeboten; f\u00fcr die Re-Zertifizierung von Blau-Metall Sieben bieten wir Rabatte von bis zu 35% \u00fcber den Rezertifizierungspreis von Fremdsieben. Weiterf\u00fchrende Informationen zur <a href=\"https:\/\/analysensiebe.de\/bml\/zertifizierung\/\">Zertifizierung<\/a> &amp; <a href=\"https:\/\/analysensiebe.de\/bml\/re-zertifizierung\/\">Re-Zertifizierung.<\/a><br><br><\/div><\/div><div id=\"panel-1161-0-0-1\" class=\"widget_text so-panel widget widget_custom_html\" data-index=\"1\" ><div class=\"textwidget custom-html-widget\"><h3 style=\"text-align: center;\">Analysensiebe zur Pr\u00fcfung von Strahlmitteln DIN ISO 11125 \/ 11127<\/h3><br>\n<p style=\"text-align: center;\"><strong>Ausf\u00fchrung: Edelstahl, Durchmesser: 200 mm, Lieferzeit: 10 Tage<\/strong><\/p><\/div><\/div><div id=\"panel-1161-0-0-2\" class=\"widget_text so-panel widget widget_custom_html panel-last-child\" data-index=\"2\" ><div class=\"textwidget custom-html-widget\"><html>\n<style>\n* {\n  -webkit-box-sizing: border-box;\n  -moz-box-sizing: border-box;\n  box-sizing: border-box;\n}\n*:before, *:after {\n  -webkit-box-sizing: border-box;\n  -moz-box-sizing: border-box;\n  box-sizing: border-box;\n}\n\nbody {\n  font-family: \"Helvetica Neue\", \"Helvetica\", \"Roboto\", \"Arial\", sans-serif;\n  color: #5e5d52;\n}\n\na {\n  color: #337aa8;\n}\na:hover, a:focus {\n  color: #4b8ab2;\n}\n\n.container {\n  margin: 0% 0%;\n}\n@media (min-width: 33em) {\n  .container {\n    margin: 0%;\n  }\n}\n@media (min-width: 75em) {\n  .container {\n    margin: 2em auto;\n    max-width: 75em;\n  }\n}\n\n.responsive-table {\n  width: 100%;\n  margin-bottom: 1.5em;\n}\n@media (min-width: 33em) {\n  .responsive-table {\n    font-size: .85em;\n  }\n}\n@media (min-width: 62em) {\n  .responsive-table {\n    font-size: 1em;\n  }\n}\n.responsive-table thead {\n  position: absolute;\n  clip: rect(1px 1px 1px 1px);\n  \/* IE6, IE7 *\/\n  clip: rect(1px, 1px, 1px, 1px);\n  padding: 0;\n  border: 0;\n  height: 1px;\n  width: 1px;\n  overflow: hidden;\n}\n@media (min-width: 33em) {\n  .responsive-table thead {\n    position: relative;\n    clip: auto;\n    height: auto;\n    width: auto;\n    overflow: auto;\n  }\n}\n.responsive-table thead th {\n  background-color: #1d96b2;\n  border: 1px solid #1d96b2;\n  font-weight: bold;\n  text-align: center;\n  color: white;\n}\n.responsive-table thead th:first-of-type {\n  text-align: left;\n}\n.responsive-table tbody,\n.responsive-table tr,\n.responsive-table th,\n.responsive-table td {\n  display: block;\n  padding: 0;\ntext-align: left;\n  white-space: normal;\n}\n@media (min-width: 33em) {\n  .responsive-table tr {\n    display: table-row;\n  }\n}\n.responsive-table th,\n.responsive-table td {\n  padding: .5em;\n  vertical-align: middle;\n}\n@media (min-width: 32.5em) {\n  .responsive-table th,\n  .responsive-table td {\n    padding: .75em .5em;\n  }\n}\n@media (min-width: 33em) {\n  .responsive-table th,\n  .responsive-table td {\n    display: table-cell;\n    padding: .5em;\n  }\n}\n@media (min-width: 62em) {\n  .responsive-table th,\n  .responsive-table td {\n    padding: .65em .5em;\n  }\n}\n@media (min-width: 75em) {\n  .responsive-table th,\n  .responsive-table td {\n    padding: .65em;\n  }\n}\n.responsive-table caption {\n  margin-bottom: 1em;\n  font-size: 1em;\n  font-weight: bold;\n  text-align: center;\n}\n@media (min-width: 33em) {\n  .responsive-table caption {\n    font-size: 1.5em;\n  }\n}\n.responsive-table tfoot {\n  font-size: .8em;\n  font-style: italic;\n}\n@media (min-width: 62em) {\n  .responsive-table tfoot {\n    font-size: .9em;\n  }\n}\n@media (min-width: 33em) {\n  .responsive-table tbody {\n    display: table-row-group;\n  }\n}\n.responsive-table tbody tr {\n  margin-bottom: 1em;\n  border: 2px solid #1d96b2;\n}\n@media (min-width: 33em) {\n  .responsive-table tbody tr {\n    display: table-row;\n    border-width: 1px;\n  }\n}\n.responsive-table tbody tr:last-of-type {\n  margin-bottom: 0;\n}\n@media (min-width: 33em) {\n  .responsive-table tbody tr:nth-of-type(even) {\n    background-color: rgba(94, 93, 82, 0.1);\n  }\n}\n.responsive-table tbody th[scope=\"row\"] {\n  background-color: #1d96b2;\n  color: white;\n}\n@media (min-width: 33em) {\n  .responsive-table tbody th[scope=\"row\"] {\n    background-color: transparent;\n    color: #5e5d52;\n    text-align: left;\n  }\n}\n.responsive-table tbody td {\n  text-align: right;\n}\n@media (min-width: 32.5em) {\n  .responsive-table tbody td {\n    border-bottom: 1px solid #1d96b2;\n  }\n}\n@media (min-width: 33em) {\n  .responsive-table tbody td {\n    text-align: left;\n  }\n}\n.responsive-table tbody td[data-type=currency] {\n  text-align: right;\n}\n.responsive-table tbody td[data-title]:before {\n  content: attr(data-title);\n  float: left;\n  font-size: .85em;\n  color: rgba(94, 93, 82, 0.75);\n}\n@media (min-width: 32.5em) {\n  .responsive-table tbody td[data-title]:before {\n    font-size: .9em;\n  }\n}\n@media (min-width: 33em) {\n  .responsive-table tbody td[data-title]:before {\n    content: none;\n  }\n}\n<\/style>\n<body>\n    <div class=\"container\">\n  <table class=\"responsive-table\">\n<thead>\n            <tr>\n        <th scope=\"col\">Artikel<\/th>\n        <th scope=\"col\">Norm<\/th>\n        <th scope=\"col\">Siebdurchmesser<\/th>\n        <th scope=\"col\">Nutzh\u00f6he<\/th>\n      <\/tr>\n    <\/thead>\n        <tbody>\n<tr>\n<td data-title=\"Artikel\">Analysensieb Drahtgewebe 2,80 mm<\/td>\n<td data-title=\"Norm\">DIN ISO 3310-1<\/td>\n<td data-title=\"Siebdurchmesser\">200 mm<\/td>\n<td data-title=\"Nutzh\u00f6he\">32 \/ 50 mm<\/td>\n<\/tr><tr>\n<td data-title=\"Artikel\">Analysensieb Drahtgewebe 2,36 mm<\/td>\n<td data-title=\"Norm\">DIN ISO 3310-1<\/td>\n<td data-title=\"Siebdurchmesser\">200 mm<\/td>\n<td data-title=\"Nutzh\u00f6he\">32 \/ 50 mm<\/td>\n<\/tr><tr>\n<td data-title=\"Artikel\">Analysensieb Drahtgewebe 2,24 mm<\/td>\n<td data-title=\"Norm\">DIN ISO 3310-1<\/td>\n<td data-title=\"Siebdurchmesser\">200 mm<\/td>\n<td data-title=\"Nutzh\u00f6he\">32 \/ 50 mm<\/td>\n<\/tr><tr>\n<td data-title=\"Artikel\">Analysensieb Drahtgewebe 2,00 mm<\/td>\n<td data-title=\"Norm\">DIN ISO 3310-1<\/td>\n<td data-title=\"Siebdurchmesser\">200 mm<\/td>\n<td data-title=\"Nutzh\u00f6he\">32 \/ 50 mm<\/td>\n<\/tr><tr>\n<td data-title=\"Artikel\">Analysensieb Drahtgewebe 1,80 mm<\/td>\n<td data-title=\"Norm\">DIN ISO 3310-1<\/td>\n<td data-title=\"Siebdurchmesser\">200 mm<\/td>\n<td data-title=\"Nutzh\u00f6he\">32 \/ 50 mm<\/td>\n<\/tr><tr>\n<td data-title=\"Artikel\">Analysensieb Drahtgewebe 1,60 mm<\/td>\n<td data-title=\"Norm\">DIN ISO 3310-1<\/td>\n<td data-title=\"Siebdurchmesser\">200 mm<\/td>\n<td data-title=\"Nutzh\u00f6he\">32 \/ 50 mm<\/td>\n<\/tr><tr>\n<td data-title=\"Artikel\">Analysensieb Drahtgewebe 1,40 mm<\/td>\n<td data-title=\"Norm\">DIN ISO 3310-1<\/td>\n<td data-title=\"Siebdurchmesser\">200 mm<\/td>\n<td data-title=\"Nutzh\u00f6he\">32 \/ 50 mm<\/td>\n<\/tr><tr>\n<td data-title=\"Artikel\">Analysensieb Drahtgewebe 1,18 mm<\/td>\n<td data-title=\"Norm\">DIN ISO 3310-1<\/td>\n<td data-title=\"Siebdurchmesser\">200 mm<\/td>\n<td data-title=\"Nutzh\u00f6he\">32 \/ 50 mm<\/td>\n<\/tr><tr>\n<td data-title=\"Artikel\">Analysensieb Drahtgewebe 1,00 mm<\/td>\n<td data-title=\"Norm\">DIN ISO 3310-1<\/td>\n<td data-title=\"Siebdurchmesser\">200 mm<\/td>\n<td data-title=\"Nutzh\u00f6he\">32 \/ 50 mm<\/td>\n<\/tr><tr>\n<td data-title=\"Artikel\">Analysensieb Drahtgewebe 900 \u00b5m<\/td>\n<td data-title=\"Norm\">DIN ISO 3310-1<\/td>\n<td data-title=\"Siebdurchmesser\">200 mm<\/td>\n<td data-title=\"Nutzh\u00f6he\">32 \/ 50 mm<\/td>\n<\/tr><tr>\n<td data-title=\"Artikel\">Analysensieb Drahtgewebe 800 \u00b5m<\/td>\n<td data-title=\"Norm\">DIN ISO 3310-1<\/td>\n<td data-title=\"Siebdurchmesser\">200 mm<\/td>\n<td data-title=\"Nutzh\u00f6he\">32 \/ 50 mm<\/td>\n<\/tr><tr>\n<td data-title=\"Artikel\">Analysensieb Drahtgewebe 710 \u00b5m<\/td>\n<td data-title=\"Norm\">DIN ISO 3310-1<\/td>\n<td data-title=\"Siebdurchmesser\">200 mm<\/td>\n<td data-title=\"Nutzh\u00f6he\">32 \/ 50 mm<\/td>\n<\/tr><tr>\n<td data-title=\"Artikel\">Analysensieb Drahtgewebe 600 \u00b5m<\/td>\n<td data-title=\"Norm\">DIN ISO 3310-1<\/td>\n<td data-title=\"Siebdurchmesser\">200 mm<\/td>\n<td data-title=\"Nutzh\u00f6he\">32 \/ 50 mm<\/td>\n<\/tr><tr>\n<td data-title=\"Artikel\">Analysensieb Drahtgewebe 500 \u00b5m<\/td>\n<td data-title=\"Norm\">DIN ISO 3310-1<\/td>\n<td data-title=\"Siebdurchmesser\">200 mm<\/td>\n<td data-title=\"Nutzh\u00f6he\">32 \/ 50 mm<\/td>\n<\/tr><tr>\n<td data-title=\"Artikel\">Analysensieb Drahtgewebe 400 \u00b5m <\/td>\n<td data-title=\"Norm\">DIN ISO 3310-1<\/td>\n<td data-title=\"Siebdurchmesser\">200 mm<\/td>\n<td data-title=\"Nutzh\u00f6he\">32 \/ 50 mm<\/td>\n<\/tr><tr>\n<td data-title=\"Artikel\">Analysensieb Drahtgewebe 355 \u00b5m<\/td>\n<td data-title=\"Norm\">DIN ISO 3310-1<\/td>\n<td data-title=\"Siebdurchmesser\">200 mm<\/td>\n<td data-title=\"Nutzh\u00f6he\">32 \/ 50 mm<\/td>\n<\/tr><tr>\n<td data-title=\"Artikel\">Analysensieb Drahtgewebe 315 \u00b5m<\/td>\n<td data-title=\"Norm\">DIN ISO 3310-1<\/td>\n<td data-title=\"Siebdurchmesser\">200 mm<\/td>\n<td data-title=\"Nutzh\u00f6he\">32 \/ 50 mm<\/td>\n<\/tr><tr>\n<td data-title=\"Artikel\">Analysensieb Drahtgewebe 250 \u00b5m<\/td>\n<td data-title=\"Norm\">DIN ISO 3310-1<\/td>\n<td data-title=\"Siebdurchmesser\">200 mm<\/td>\n<td data-title=\"Nutzh\u00f6he\">32 \/ 50 mm<\/td>\n<\/tr><tr>\n<td data-title=\"Artikel\">Analysensieb Drahtgewebe 200 \u00b5m<\/td>\n<td data-title=\"Norm\">DIN ISO 3310-1<\/td>\n<td data-title=\"Siebdurchmesser\">200 mm<\/td>\n<td data-title=\"Nutzh\u00f6he\">32 \/ 50 mm<\/td>\n<\/tr><tr>\n<td data-title=\"Artikel\">Analysensieb Drahtgewebe 180 \u00b5m<\/td>\n<td data-title=\"Norm\">DIN ISO 3310-1<\/td>\n<td data-title=\"Siebdurchmesser\">200 mm<\/td>\n<td data-title=\"Nutzh\u00f6he\">32 \/ 50 mm<\/td>\n<\/tr><tr>\n<td data-title=\"Artikel\">Analysensieb Drahtgewebe 160 \u00b5m<\/td>\n<td data-title=\"Norm\">DIN ISO 3310-1<\/td>\n<td data-title=\"Siebdurchmesser\">200 mm<\/td>\n<td data-title=\"Nutzh\u00f6he\">32 \/ 50 mm<\/td>\n<\/tr>\n<tr>\n<td data-title=\"Artikel\">Analysensieb Drahtgewebe 125 \u00b5m<\/td>\n<td data-title=\"Norm\">DIN ISO 3310-1<\/td>\n<td data-title=\"Siebdurchmesser\">200 mm<\/td>\n<td data-title=\"Nutzh\u00f6he\">32 \/ 50 mm<\/td>\n<\/tr><tr>\n<td data-title=\"Artikel\">Analysensieb Drahtgewebe 100 \u00b5m<\/td>\n<td data-title=\"Norm\">DIN ISO 3310-1<\/td>\n<td data-title=\"Siebdurchmesser\">200 mm<\/td>\n<td data-title=\"Nutzh\u00f6he\">32 \/ 50 mm<\/td>\n<\/tr><tr>\n<td data-title=\"Artikel\">Analysensieb Drahtgewebe 90 \u00b5m<\/td>\n<td data-title=\"Norm\">DIN ISO 3310-1<\/td>\n<td data-title=\"Siebdurchmesser\">200 mm<\/td>\n<td data-title=\"Nutzh\u00f6he\">32 \/ 50 mm<\/td>\n<\/tr><tr>\n<td data-title=\"Artikel\">Analysensieb Drahtgewebe 63 \u00b5m<\/td>\n<td data-title=\"Norm\">DIN ISO 3310-1<\/td>\n<td data-title=\"Siebdurchmesser\">200 mm<\/td>\n<td data-title=\"Nutzh\u00f6he\">32 \/ 50 mm<\/td>\n<\/tr><tr>\n<td data-title=\"Artikel\">Analysensieb Drahtgewebe 50 \u00b5m<\/td>\n<td data-title=\"Norm\">DIN ISO 3310-1<\/td>\n<td data-title=\"Siebdurchmesser\">200 mm<\/td>\n<td data-title=\"Nutzh\u00f6he\">32 \/ 50 mm<\/td>\n<\/tr><tr>\n<td data-title=\"Artikel\">Siebpfanne<\/td>\n<td data-title=\"Norm\"><\/td>\n<td data-title=\"Siebdurchmesser\">200 mm<\/td>\n<td data-title=\"Nutzh\u00f6he\">25 \/ 50 mm<\/td>\n<\/tr><tr>\n<td data-title=\"Artikel\">Siebdeckel<\/td>\n<td data-title=\"\"><\/td>\n<td data-title=\"Siebdurchmesser\">200 mm<\/td>\n<td data-title=\"Nutzh\u00f6he\">27 mm<\/td>\n<\/tr>\n\n    <\/tbody>\n  <\/table>\n<\/div>\n<\/body>\n<\/html>\n<br><br><\/div><\/div><\/div><\/div><\/div>","protected":false},"excerpt":{"rendered":"<p>Strahlen als ein Verfahren der Oberfl\u00e4chentechnik ist weit verbreitet in vielen Industriezweigen und ist f\u00fcr diverse Zwecke einsetzbar, zum Beispiel [&hellip;]<\/p>\n","protected":false},"author":1,"featured_media":2077,"parent":0,"menu_order":0,"comment_status":"closed","ping_status":"closed","template":"","meta":{"footnotes":""},"class_list":["post-1161","page","type-page","status-publish","has-post-thumbnail","hentry","post-thumbnail-displayed"],"aioseo_notices":[],"_links":{"self":[{"href":"https:\/\/analysensiebe.de\/bml\/wp-json\/wp\/v2\/pages\/1161","targetHints":{"allow":["GET"]}}],"collection":[{"href":"https:\/\/analysensiebe.de\/bml\/wp-json\/wp\/v2\/pages"}],"about":[{"href":"https:\/\/analysensiebe.de\/bml\/wp-json\/wp\/v2\/types\/page"}],"author":[{"embeddable":true,"href":"https:\/\/analysensiebe.de\/bml\/wp-json\/wp\/v2\/users\/1"}],"replies":[{"embeddable":true,"href":"https:\/\/analysensiebe.de\/bml\/wp-json\/wp\/v2\/comments?post=1161"}],"version-history":[{"count":40,"href":"https:\/\/analysensiebe.de\/bml\/wp-json\/wp\/v2\/pages\/1161\/revisions"}],"predecessor-version":[{"id":2321,"href":"https:\/\/analysensiebe.de\/bml\/wp-json\/wp\/v2\/pages\/1161\/revisions\/2321"}],"wp:featuredmedia":[{"embeddable":true,"href":"https:\/\/analysensiebe.de\/bml\/wp-json\/wp\/v2\/media\/2077"}],"wp:attachment":[{"href":"https:\/\/analysensiebe.de\/bml\/wp-json\/wp\/v2\/media?parent=1161"}],"curies":[{"name":"wp","href":"https:\/\/api.w.org\/{rel}","templated":true}]}}