{"id":1152,"date":"2019-04-25T14:20:28","date_gmt":"2019-04-25T14:20:28","guid":{"rendered":"http:\/\/analysensiebe.de\/bml\/?page_id=1152"},"modified":"2023-08-13T18:04:17","modified_gmt":"2023-08-13T18:04:17","slug":"analysensiebe-fur-kohlenstoffmaterialien","status":"publish","type":"page","link":"https:\/\/analysensiebe.de\/bml\/analysensiebe-fur-kohlenstoffmaterialien\/","title":{"rendered":"Analysensiebe f\u00fcr Kohlenstoffmaterialien"},"content":{"rendered":"<div id=\"pl-1152\"  class=\"panel-layout\" ><div id=\"pg-1152-0\"  class=\"panel-grid panel-no-style\" ><div id=\"pgc-1152-0-0\"  class=\"panel-grid-cell\" ><div id=\"panel-1152-0-0-0\" class=\"widget_text so-panel widget widget_custom_html panel-first-child\" data-index=\"0\" ><div class=\"textwidget custom-html-widget\"><a href=\"https:\/\/analysensiebe.de\/bml\/wp-content\/uploads\/sites\/10\/2022\/09\/IMG_0720.jpg\"><img decoding=\"async\" class=\"alignright  wp-image-1151\" src=\"https:\/\/analysensiebe.de\/bml\/wp-content\/uploads\/sites\/10\/2022\/09\/IMG_0720-scaled.jpg\" alt=\"\" width=\"395\" height=\"auto\" \/><\/a>Kohlenstoffmaterialien sind allgegenw\u00e4rtig \u2013 zum Beispiel Kokse, Anthrazite, Graphitmaterialien. Die Bestimmung der Korngr\u00f6\u00dfenverteilung ist ein wichtiges Qualit\u00e4tsmerkmal f\u00fcr solche Materialien und auch f\u00fcr Sicherheitsaspekte relevant. Daher ist ein verbindliches Verfahren f\u00fcr die Bestimmung der Korngr\u00f6\u00dfenverteilung von festen Kohlenstoffmaterialien im Bereich von 0,063 mm bis 30 mm \u00fcber die DIN 51938 festgeschrieben. Die Ergebnisse der Siebanalyse dienen der Beurteilung von k\u00f6rnigen Materialien im Hinblick auf ihre Weiterverwendung.\n<br><br>\nLaut DIN 51938 erfolgt die Bestimmung der Korngr\u00f6\u00dfenverteilung von Kohlenstoffmaterialien mit haupts\u00e4chlichen Korngr\u00f6\u00dfen unter 10 mm \u00fcber einen Satz von 200 mm \u2300 Analysensieben, entsprechend den Vorgaben der DIN ISO 3310. Blau-Metall Analysensiebe nach DIN ISO 3310-1\/2 erf\u00fcllen alle Ma\u00dfgaben der Pr\u00fcfsiebnorm und sind f\u00fcr Korngr\u00f6\u00dfenverteilungs-Analysen von Kohlenstoffmaterialien geeignet. Die l\u00fcckenlose optische Inspektion jedes Siebs garantiert eine hohe statistische Sicherheit Ihrer Erstpr\u00fcfung und regelm\u00e4\u00dfigen Produktionskontrolle.\n<br><br>\nDIN 51938:2015: Pr\u00fcfung von Kohlenstoffmaterialien - Bestimmung der Korngr\u00f6\u00dfenverteilung durch Sieben - Feststoffe<br><br><\/div><\/div><div id=\"panel-1152-0-0-1\" class=\"widget_text so-panel widget widget_custom_html\" data-index=\"1\" ><div class=\"textwidget custom-html-widget\"><h3 style=\"text-align: center;\">Analysensiebe f\u00fcr die Pr\u00fcfng von festen Kohlenstoffmaterialien<\/h3><br>\n<p style=\"text-align: center;\"><strong>Ausf\u00fchrung: Edelstahl, Lieferzeit: ca. 10 Tage<\/strong><\/p><\/div><\/div><div id=\"panel-1152-0-0-2\" class=\"widget_text so-panel widget widget_custom_html panel-last-child\" data-index=\"2\" ><div class=\"textwidget custom-html-widget\"><html>\n<style>\n* {\n  -webkit-box-sizing: border-box;\n  -moz-box-sizing: border-box;\n  box-sizing: border-box;\n}\n*:before, *:after {\n  -webkit-box-sizing: border-box;\n  -moz-box-sizing: border-box;\n  box-sizing: border-box;\n}\n\nbody {\n  font-family: \"Helvetica Neue\", \"Helvetica\", \"Roboto\", \"Arial\", sans-serif;\n  color: #5e5d52;\n}\n\na {\n  color: #337aa8;\n}\na:hover, a:focus {\n  color: #4b8ab2;\n}\n\n.container {\n  margin: 0% 0%;\n}\n@media (min-width: 33em) {\n  .container {\n    margin: 0%;\n  }\n}\n@media (min-width: 75em) {\n  .container {\n    margin: 2em auto;\n    max-width: 75em;\n  }\n}\n\n.responsive-table {\n  width: 100%;\n  margin-bottom: 1.5em;\n}\n@media (min-width: 33em) {\n  .responsive-table {\n    font-size: .85em;\n  }\n}\n@media (min-width: 62em) {\n  .responsive-table {\n    font-size: 1em;\n  }\n}\n.responsive-table thead {\n  position: absolute;\n  clip: rect(1px 1px 1px 1px);\n  \/* IE6, IE7 *\/\n  clip: rect(1px, 1px, 1px, 1px);\n  padding: 0;\n  border: 0;\n  height: 1px;\n  width: 1px;\n  overflow: hidden;\n}\n@media (min-width: 33em) {\n  .responsive-table thead {\n    position: relative;\n    clip: auto;\n    height: auto;\n    width: auto;\n    overflow: auto;\n  }\n}\n.responsive-table thead th {\n  background-color: #1d96b2;\n  border: 1px solid #1d96b2;\n  font-weight: bold;\n  text-align: center;\n  color: white;\n}\n.responsive-table thead th:first-of-type {\n  text-align: left;\n}\n.responsive-table tbody,\n.responsive-table tr,\n.responsive-table th,\n.responsive-table td {\n  display: block;\n  padding: 0;\ntext-align: left;\n  white-space: normal;\n}\n@media (min-width: 33em) {\n  .responsive-table tr {\n    display: table-row;\n  }\n}\n.responsive-table th,\n.responsive-table td {\n  padding: .5em;\n  vertical-align: middle;\n}\n@media (min-width: 32.5em) {\n  .responsive-table th,\n  .responsive-table td {\n    padding: .75em .5em;\n  }\n}\n@media (min-width: 33em) {\n  .responsive-table th,\n  .responsive-table td {\n    display: table-cell;\n    padding: .5em;\n  }\n}\n@media (min-width: 62em) {\n  .responsive-table th,\n  .responsive-table td {\n    padding: .65em .5em;\n  }\n}\n@media (min-width: 75em) {\n  .responsive-table th,\n  .responsive-table td {\n    padding: .65em;\n  }\n}\n.responsive-table caption {\n  margin-bottom: 1em;\n  font-size: 1em;\n  font-weight: bold;\n  text-align: center;\n}\n@media (min-width: 33em) {\n  .responsive-table caption {\n    font-size: 1.5em;\n  }\n}\n.responsive-table tfoot {\n  font-size: .8em;\n  font-style: italic;\n}\n@media (min-width: 62em) {\n  .responsive-table tfoot {\n    font-size: .9em;\n  }\n}\n@media (min-width: 33em) {\n  .responsive-table tbody {\n    display: table-row-group;\n  }\n}\n.responsive-table tbody tr {\n  margin-bottom: 1em;\n  border: 2px solid #1d96b2;\n}\n@media (min-width: 33em) {\n  .responsive-table tbody tr {\n    display: table-row;\n    border-width: 1px;\n  }\n}\n.responsive-table tbody tr:last-of-type {\n  margin-bottom: 0;\n}\n@media (min-width: 33em) {\n  .responsive-table tbody tr:nth-of-type(even) {\n    background-color: rgba(94, 93, 82, 0.1);\n  }\n}\n.responsive-table tbody th[scope=\"row\"] {\n  background-color: #1d96b2;\n  color: white;\n}\n@media (min-width: 33em) {\n  .responsive-table tbody th[scope=\"row\"] {\n    background-color: transparent;\n    color: #5e5d52;\n    text-align: left;\n  }\n}\n.responsive-table tbody td {\n  text-align: right;\n}\n@media (min-width: 32.5em) {\n  .responsive-table tbody td {\n    border-bottom: 1px solid #1d96b2;\n  }\n}\n@media (min-width: 33em) {\n  .responsive-table tbody td {\n    text-align: left;\n  }\n}\n.responsive-table tbody td[data-type=currency] {\n  text-align: right;\n}\n.responsive-table tbody td[data-title]:before {\n  content: attr(data-title);\n  float: left;\n  font-size: .85em;\n  color: rgba(94, 93, 82, 0.75);\n}\n@media (min-width: 32.5em) {\n  .responsive-table tbody td[data-title]:before {\n    font-size: .9em;\n  }\n}\n@media (min-width: 33em) {\n  .responsive-table tbody td[data-title]:before {\n    content: none;\n  }\n}\n<\/style>\n<body>\n    <div class=\"container\">\n  <table class=\"responsive-table\">\n<thead>\n            <tr>\n        <th scope=\"col\">Artikel<\/th>\n        <th scope=\"col\">Norm<\/th>\n        <th scope=\"col\">Verf\u00fcgbare Durchmesser<\/th>\n      <\/tr>\n    <\/thead>\n        <tbody>\n<tr>\n<td data-title=\"Artikel\">Analysensieb Quadratloch 31,5 mm<\/td>\n<td data-title=\"Norm\">DIN ISO 3310-2<\/td>\n<td data-title=\"Verf\u00fcgbare Durchmesser\">200, 400 mm<\/td>\n<\/tr><tr>\n<td data-title=\"Artikel\">Analysensieb Quadratloch 22,4 mm<\/td>\n<td data-title=\"Norm\">DIN ISO 3310-2<\/td>\n<td data-title=\"Verf\u00fcgbare Durchmesser\">200, 400 mm<\/td>\n<\/tr><tr>\n<td data-title=\"Artikel\">Analysensieb Quadratloch 16,0 mm<\/td>\n<td data-title=\"Norm\">DIN ISO 3310-2<\/td>\n<td data-title=\"Verf\u00fcgbare Durchmesser\">200, 400 mm<\/td>\n<\/tr><tr>\n<td data-title=\"Artikel\">Analysensieb Quadratloch 11,2 mm<\/td>\n<td data-title=\"Norm\">DIN ISO 3310-2<\/td>\n<td data-title=\"Verf\u00fcgbare Durchmesser\">200, 400 mm<\/td>\n<\/tr><tr>\n<td data-title=\"Artikel\">Analysensieb Quadratloch 8,0 mm<\/td>\n<td data-title=\"Norm\">DIN ISO 3310-2<\/td>\n<td data-title=\"Verf\u00fcgbare Durchmesser\">200, 400 mm<\/td>\n<\/tr><tr>\n<td data-title=\"Artikel\">Analysensieb Quadratloch 5,6 mm<\/td>\n<td data-title=\"Norm\">DIN ISO 3310-2<\/td>\n<td data-title=\"Verf\u00fcgbare Durchmesser\">200, 400 mm<\/td>\n<\/tr><tr>\n<td data-title=\"Artikel\">Analysensieb Quadratloch 4,0 mm<\/td>\n<td data-title=\"Norm\">DIN ISO 3310-2<\/td>\n<td data-title=\"Verf\u00fcgbare Durchmesser\">200, 400 mm<\/td>\n<\/tr><tr>\n<td data-title=\"Artikel\">Analysensieb Drahtgewebe 2,8 mm<\/td>\n<td data-title=\"Norm\">DIN ISO 3310-1<\/td>\n<td data-title=\"Verf\u00fcgbare Durchmesser\">200, 400 mm<\/td>\n<\/tr><tr>\n<td data-title=\"Artikel\">Analysensieb Drahtgewebe 2,0 mm<\/td>\n<td data-title=\"Norm\">DIN ISO 3310-1<\/td>\n<td data-title=\"Verf\u00fcgbare Durchmesser\">200, 400 mm<\/td>\n<\/tr><tr>\n<td data-title=\"Artikel\">Analysensieb Drahtgewebe 1,4 mm<\/td>\n<td data-title=\"Norm\">DIN ISO 3310-1<\/td>\n<td data-title=\"Verf\u00fcgbare Durchmesser\">200, 400 mm<\/td>\n<\/tr><tr>\n<td data-title=\"Artikel\">Analysensieb Drahtgewebe 1,0 mm<\/td>\n<td data-title=\"Norm\">DIN ISO 3310-1<\/td>\n<td data-title=\"Verf\u00fcgbare Durchmesser\">200, 400 mm<\/td>\n<\/tr><tr>\n<td data-title=\"Artikel\">Analysensieb Drahtgewebe 710 \u00b5m <\/td>\n<td data-title=\"Norm\">DIN ISO 3310-1<\/td>\n<td data-title=\"Verf\u00fcgbare Durchmesser\">200, 400 mm<\/td>\n<\/tr><tr>\n<td data-title=\"Artikel\">Analysensieb Drahtgewebe 500 \u00b5m <\/td>\n<td data-title=\"Norm\">DIN ISO 3310-1<\/td>\n<td data-title=\"Verf\u00fcgbare Durchmesser\">200, 400 mm<\/td>\n<\/tr><tr>\n<td data-title=\"Artikel\">Analysensieb Drahtgewebe 355 \u00b5m <\/td>\n<td data-title=\"Norm\">DIN ISO 3310-1<\/td>\n<td data-title=\"Verf\u00fcgbare Durchmesser\">200, 400 mm<\/td>\n<\/tr><tr>\n<td data-title=\"Artikel\">Analysensieb Drahtgewebe 250 \u00b5m<\/td>\n<td data-title=\"Norm\">DIN ISO 3310-1<\/td>\n<td data-title=\"Verf\u00fcgbare Durchmesser\">200, 400 mm<\/td>\n<\/tr><tr>\n<td data-title=\"Artikel\">Analysensieb Drahtgewebe 180 \u00b5m<\/td>\n<td data-title=\"Norm\">DIN ISO 3310-1<\/td>\n<td data-title=\"Verf\u00fcgbare Durchmesser\">200, 400 mm<\/td>\n<\/tr>\n<tr>\n<td data-title=\"Artikel\">Analysensieb Drahtgewebe 125 \u00b5m<\/td>\n<td data-title=\"Norm\">DIN ISO 3310-1<\/td>\n<td data-title=\"Verf\u00fcgbare Durchmesser\">200, 400 mm<\/td>\n<\/tr><tr>\n<td data-title=\"Artikel\">Analysensieb Drahtgewebe 90 \u00b5m<\/td>\n<td data-title=\"Norm\">DIN ISO 3310-1<\/td>\n<td data-title=\"Verf\u00fcgbare Durchmesser\">200, 400 mm<\/td>\n<\/tr><tr>\n<td data-title=\"Artikel\">Analysensieb Drahtgewebe 63 \u00b5m<\/td>\n<td data-title=\"Norm\">DIN ISO 3310-1<\/td>\n<td data-title=\"Verf\u00fcgbare Durchmesser\">200, 400 mm<\/td>\n<\/tr><tr>\n<td data-title=\"Artikel\">Siebpfanne<\/td>\n<td data-title=\"Norm\"><\/td>\n<td data-title=\"Verf\u00fcgbare Durchmesser\">200, 400 mm<\/td>\n<\/tr>\n\n    <\/tbody>\n  <\/table>\n<\/div>\n<\/body>\n<\/html>\n<br><br><\/div><\/div><\/div><\/div><\/div>","protected":false},"excerpt":{"rendered":"<p>Kohlenstoffmaterialien sind allgegenw\u00e4rtig \u2013 zum Beispiel Kokse, Anthrazite, Graphitmaterialien. Die Bestimmung der Korngr\u00f6\u00dfenverteilung ist ein wichtiges Qualit\u00e4tsmerkmal f\u00fcr solche Materialien [&hellip;]<\/p>\n","protected":false},"author":1,"featured_media":1423,"parent":0,"menu_order":0,"comment_status":"closed","ping_status":"closed","template":"","meta":{"footnotes":""},"class_list":["post-1152","page","type-page","status-publish","has-post-thumbnail","hentry","post-thumbnail-displayed"],"aioseo_notices":[],"_links":{"self":[{"href":"https:\/\/analysensiebe.de\/bml\/wp-json\/wp\/v2\/pages\/1152","targetHints":{"allow":["GET"]}}],"collection":[{"href":"https:\/\/analysensiebe.de\/bml\/wp-json\/wp\/v2\/pages"}],"about":[{"href":"https:\/\/analysensiebe.de\/bml\/wp-json\/wp\/v2\/types\/page"}],"author":[{"embeddable":true,"href":"https:\/\/analysensiebe.de\/bml\/wp-json\/wp\/v2\/users\/1"}],"replies":[{"embeddable":true,"href":"https:\/\/analysensiebe.de\/bml\/wp-json\/wp\/v2\/comments?post=1152"}],"version-history":[{"count":37,"href":"https:\/\/analysensiebe.de\/bml\/wp-json\/wp\/v2\/pages\/1152\/revisions"}],"predecessor-version":[{"id":2303,"href":"https:\/\/analysensiebe.de\/bml\/wp-json\/wp\/v2\/pages\/1152\/revisions\/2303"}],"wp:featuredmedia":[{"embeddable":true,"href":"https:\/\/analysensiebe.de\/bml\/wp-json\/wp\/v2\/media\/1423"}],"wp:attachment":[{"href":"https:\/\/analysensiebe.de\/bml\/wp-json\/wp\/v2\/media?parent=1152"}],"curies":[{"name":"wp","href":"https:\/\/api.w.org\/{rel}","templated":true}]}}