{"id":1054,"date":"2019-04-25T14:07:53","date_gmt":"2019-04-25T14:07:53","guid":{"rendered":"http:\/\/analysensiebe.de\/bml\/?page_id=1054"},"modified":"2023-08-14T19:03:16","modified_gmt":"2023-08-14T19:03:16","slug":"analysensiebe-zur-bestimmung-der-teilchengrose-in-metallpulver","status":"publish","type":"page","link":"https:\/\/analysensiebe.de\/bml\/analysensiebe-zur-bestimmung-der-teilchengrose-in-metallpulver\/","title":{"rendered":"Analysensiebe zur Bestimmung der Teilchengr\u00f6\u00dfe in Metallpulver"},"content":{"rendered":"<div id=\"pl-1054\"  class=\"panel-layout\" ><div id=\"pg-1054-0\"  class=\"panel-grid panel-no-style\" ><div id=\"pgc-1054-0-0\"  class=\"panel-grid-cell\" ><div id=\"panel-1054-0-0-0\" class=\"widget_text so-panel widget widget_custom_html panel-first-child\" data-index=\"0\" ><div class=\"textwidget custom-html-widget\"><a href=\"https:\/\/analysensiebe.de\/bml\/wp-content\/uploads\/sites\/10\/2019\/04\/sieve-stock.jpg\"><img loading=\"lazy\" decoding=\"async\" class=\"alignright  wp-image-1055\" src=\"https:\/\/analysensiebe.de\/bml\/wp-content\/uploads\/sites\/10\/2019\/04\/sieve-stock-1024x683.jpg\" alt=\"\" width=\"395\" height=\"263\" srcset=\"https:\/\/analysensiebe.de\/bml\/wp-content\/uploads\/sites\/10\/2019\/04\/sieve-stock-1024x683.jpg 1024w, https:\/\/analysensiebe.de\/bml\/wp-content\/uploads\/sites\/10\/2019\/04\/sieve-stock-300x200.jpg 300w, https:\/\/analysensiebe.de\/bml\/wp-content\/uploads\/sites\/10\/2019\/04\/sieve-stock-768x512.jpg 768w, https:\/\/analysensiebe.de\/bml\/wp-content\/uploads\/sites\/10\/2019\/04\/sieve-stock-500x333.jpg 500w, https:\/\/analysensiebe.de\/bml\/wp-content\/uploads\/sites\/10\/2019\/04\/sieve-stock.jpg 1920w\" sizes=\"auto, (max-width: 395px) 100vw, 395px\" \/><\/a>Neben der Materialzusammensetzung ist die Teilchengr\u00f6\u00dfe von Metallpulvern die wichtigste Eigenschaft, welche die Nutzbarkeit eines Metallpulvers oder Pulvergemisches f\u00fcr bestimmte Anwendungen bestimmen: additive Verfahren wie 3D Drucken ben\u00f6tigen besonders feine Metallpulver mit einer Obergrenze von 63 \u00b5m; Pulvermetallurgische Verfahren tolerieren Teilchendurchmesser bis 600 \u00b5m.\n<br><br>\nDie Siebanalyse hat sich als eines der ma\u00dfgeblichen Trennverfahren f\u00fcr Teilchengr\u00f6\u00dfen bis 20 \u00b5m etabliert.\n<br><br>\nDas genormte Pr\u00fcfverfahren f\u00fcr Metallpulver mit einer oder mehreren Komponenten ist f\u00fcr Teilchengr\u00f6\u00dfen bis 45 \u00b5m \u00fcber DIN ISO 4497 festgelegt (Metallpulver; Bestimmung der Teilchengr\u00f6\u00dfen durch Trockensiebung; Identisch mit ISO 4497:1983). Diese Norm verlangt nach einem Siebturm bestehend aus unmagnetischen, kalibrierten Drahtgewebesieben mit einem Durchmesser von 200 mm und einer Nennh\u00f6he von 25 bis 50 mm.\n<br><br>\n<a href=\"https:\/\/analysensiebe.de\/bml\/wp-content\/uploads\/sites\/10\/2022\/09\/Blau-Metall-MW-63\u00b5m.jpg\"><img decoding=\"async\" class=\"alignright  wp-image-1056\" src=\"https:\/\/analysensiebe.de\/bml\/wp-content\/uploads\/sites\/10\/2022\/09\/Blau-Metall-MW-63\u00b5m-scaled.jpg\" alt=\"\" width=\"395\" height=\"auto\" \/><\/a>Die Maschenweiten sollen aus der R20\/3 Grundreihe nach ISO 565 gew\u00e4hlt werden, wobei diese Grundgr\u00f6\u00dfen teilweise oder ganz durch Siebe der R20 oder R40\/3 Serien ersetzt werden k\u00f6nnen, wenn dies zweckm\u00e4\u00dfiger ist. Die Maschenweiten m\u00fcssen so gew\u00e4hlt werden, dass die Korngr\u00f6\u00dfen-Verteilung der Probe angemessen bestimmt werden kann. Typischerweise werden die Siebanalysen mit sechs oder sieben Analysensieben in der Kolonne durchgef\u00fchrt.\n<br><br>\nBlau-Metall bietet Analysensiebe nach DIN ISO 3310-1 mit einer Vielzahl von Nennmaschenweiten, die der Pr\u00fcfnorm 4497 gerecht werden und eine hoch-aufgel\u00f6ste Analyse der Teilchengr\u00f6\u00dfenverteilung zulassen. Durch l\u00fcckenlose optische Pr\u00fcfung mit einer Messwiederholgenauigkeit von \u00b10,5 \u00b5m erm\u00f6glichen Blau-Metall Siebe eine hohe statistische Sicherheit. Auf Kundenwunsch k\u00f6nnen Analysensiebe einer kalibrierenden Messung unterzogen und mit einem Abnahmepr\u00fcfzeugnis versehen werden.<br><br><\/div><\/div><div id=\"panel-1054-0-0-1\" class=\"widget_text so-panel widget widget_custom_html\" data-index=\"1\" ><div class=\"textwidget custom-html-widget\"><h3 style=\"text-align: center;\">Analysensiebe f\u00fcr Metallpulver nach DIN ISO 4497<\/h3><br>\n<p style=\"text-align: center;\"><strong>Ausf\u00fchrung: Edelstahl, Durchmesser: 200 mm, Lieferzeit: 10 Tage<\/strong><\/p><\/div><\/div><div id=\"panel-1054-0-0-2\" class=\"widget_text so-panel widget widget_custom_html\" data-index=\"2\" ><div class=\"textwidget custom-html-widget\"><html>\n<style>\n* {\n  -webkit-box-sizing: border-box;\n  -moz-box-sizing: border-box;\n  box-sizing: border-box;\n}\n*:before, *:after {\n  -webkit-box-sizing: border-box;\n  -moz-box-sizing: border-box;\n  box-sizing: border-box;\n}\n\nbody {\n  font-family: \"Helvetica Neue\", \"Helvetica\", \"Roboto\", \"Arial\", sans-serif;\n  color: #5e5d52;\n}\n\na {\n  color: #337aa8;\n}\na:hover, a:focus {\n  color: #4b8ab2;\n}\n\n.container {\n  margin: 0% 0%;\n}\n@media (min-width: 33em) {\n  .container {\n    margin: 0%;\n  }\n}\n@media (min-width: 75em) {\n  .container {\n    margin: 2em auto;\n    max-width: 75em;\n  }\n}\n\n.responsive-table {\n  width: 100%;\n  margin-bottom: 1.5em;\n}\n@media (min-width: 33em) {\n  .responsive-table {\n    font-size: .85em;\n  }\n}\n@media (min-width: 62em) {\n  .responsive-table {\n    font-size: 1em;\n  }\n}\n.responsive-table thead {\n  position: absolute;\n  clip: rect(1px 1px 1px 1px);\n  \/* IE6, IE7 *\/\n  clip: rect(1px, 1px, 1px, 1px);\n  padding: 0;\n  border: 0;\n  height: 1px;\n  width: 1px;\n  overflow: hidden;\n}\n@media (min-width: 33em) {\n  .responsive-table thead {\n    position: relative;\n    clip: auto;\n    height: auto;\n    width: auto;\n    overflow: auto;\n  }\n}\n.responsive-table thead th {\n  background-color: #1d96b2;\n  border: 1px solid #1d96b2;\n  font-weight: bold;\n  text-align: center;\n  color: white;\n}\n.responsive-table thead th:first-of-type {\n  text-align: left;\n}\n.responsive-table tbody,\n.responsive-table tr,\n.responsive-table th,\n.responsive-table td {\n  display: block;\n  padding: 0;\ntext-align: left;\n  white-space: normal;\n}\n@media (min-width: 33em) {\n  .responsive-table tr {\n    display: table-row;\n  }\n}\n.responsive-table th,\n.responsive-table td {\n  padding: .5em;\n  vertical-align: middle;\n}\n@media (min-width: 32.5em) {\n  .responsive-table th,\n  .responsive-table td {\n    padding: .75em .5em;\n  }\n}\n@media (min-width: 33em) {\n  .responsive-table th,\n  .responsive-table td {\n    display: table-cell;\n    padding: .5em;\n  }\n}\n@media (min-width: 62em) {\n  .responsive-table th,\n  .responsive-table td {\n    padding: .65em .5em;\n  }\n}\n@media (min-width: 75em) {\n  .responsive-table th,\n  .responsive-table td {\n    padding: .65em;\n  }\n}\n.responsive-table caption {\n  margin-bottom: 1em;\n  font-size: 1em;\n  font-weight: bold;\n  text-align: center;\n}\n@media (min-width: 33em) {\n  .responsive-table caption {\n    font-size: 1.5em;\n  }\n}\n.responsive-table tfoot {\n  font-size: .8em;\n  font-style: italic;\n}\n@media (min-width: 62em) {\n  .responsive-table tfoot {\n    font-size: .9em;\n  }\n}\n@media (min-width: 33em) {\n  .responsive-table tbody {\n    display: table-row-group;\n  }\n}\n.responsive-table tbody tr {\n  margin-bottom: 1em;\n  border: 2px solid #1d96b2;\n}\n@media (min-width: 33em) {\n  .responsive-table tbody tr {\n    display: table-row;\n    border-width: 1px;\n  }\n}\n.responsive-table tbody tr:last-of-type {\n  margin-bottom: 0;\n}\n@media (min-width: 33em) {\n  .responsive-table tbody tr:nth-of-type(even) {\n    background-color: rgba(94, 93, 82, 0.1);\n  }\n}\n.responsive-table tbody th[scope=\"row\"] {\n  background-color: #1d96b2;\n  color: white;\n}\n@media (min-width: 33em) {\n  .responsive-table tbody th[scope=\"row\"] {\n    background-color: transparent;\n    color: #5e5d52;\n    text-align: left;\n  }\n}\n.responsive-table tbody td {\n  text-align: right;\n}\n@media (min-width: 32.5em) {\n  .responsive-table tbody td {\n    border-bottom: 1px solid #1d96b2;\n  }\n}\n@media (min-width: 33em) {\n  .responsive-table tbody td {\n    text-align: left;\n  }\n}\n.responsive-table tbody td[data-type=currency] {\n  text-align: right;\n}\n.responsive-table tbody td[data-title]:before {\n  content: attr(data-title);\n  float: left;\n  font-size: .85em;\n  color: rgba(94, 93, 82, 0.75);\n}\n@media (min-width: 32.5em) {\n  .responsive-table tbody td[data-title]:before {\n    font-size: .9em;\n  }\n}\n@media (min-width: 33em) {\n  .responsive-table tbody td[data-title]:before {\n    content: none;\n  }\n}\n<\/style>\n<body>\n    <div class=\"container\">\n  <table class=\"responsive-table\">\n<thead>\n            <tr>\n        <th scope=\"col\">Artikel<\/th>\n        <th scope=\"col\">Norm<\/th>\n        <th scope=\"col\">Siebdurchmesser<\/th>\n        <th scope=\"col\">Nutzh\u00f6he<\/th>\n      <\/tr>\n    <\/thead>\n        <tbody>\n<tr>\n<td data-title=\"Artikel\">Analysensieb Drahtgewebe 630 \u00b5m<\/td>\n<td data-title=\"Norm\">DIN ISO 3310-1<\/td>\n<td data-title=\"Siebdurchmesser\">200 mm<\/td>\n<td data-title=\"Nutzh\u00f6he\">32 \/ 50 mm<\/td>\n<\/tr><tr>\n<td data-title=\"Artikel\">Analysensieb Drahtgewebe 500 \u00b5m<\/td>\n<td data-title=\"Norm\">DIN ISO 3310-1<\/td>\n<td data-title=\"Siebdurchmesser\">200 mm<\/td>\n<td data-title=\"Nutzh\u00f6he\">32 \/ 50 mm<\/td>\n<\/tr><tr>\n<td data-title=\"Artikel\">Analysensieb Drahtgewebe 400 \u00b5m <\/td>\n<td data-title=\"Norm\">DIN ISO 3310-1<\/td>\n<td data-title=\"Siebdurchmesser\">200 mm<\/td>\n<td data-title=\"Nutzh\u00f6he\">32 \/ 50 mm<\/td>\n<\/tr><tr>\n<td data-title=\"Artikel\">Analysensieb Drahtgewebe 315 \u00b5m<\/td>\n<td data-title=\"Norm\">DIN ISO 3310-1<\/td>\n<td data-title=\"Siebdurchmesser\">200 mm<\/td>\n<td data-title=\"Nutzh\u00f6he\">32 \/ 50 mm<\/td>\n<\/tr><tr>\n<td data-title=\"Artikel\">Analysensieb Drahtgewebe 250 \u00b5m<\/td>\n<td data-title=\"Norm\">DIN ISO 3310-1<\/td>\n<td data-title=\"Siebdurchmesser\">200 mm<\/td>\n<td data-title=\"Nutzh\u00f6he\">32 \/ 50 mm<\/td>\n<\/tr><tr>\n<td data-title=\"Artikel\">Analysensieb Drahtgewebe 180 \u00b5m<\/td>\n<td data-title=\"Norm\">DIN ISO 3310-1<\/td>\n<td data-title=\"Siebdurchmesser\">200 mm<\/td>\n<td data-title=\"Nutzh\u00f6he\">32 \/ 50 mm<\/td>\n<\/tr>\n<tr>\n<td data-title=\"Artikel\">Analysensieb Drahtgewebe 125 \u00b5m<\/td>\n<td data-title=\"Norm\">DIN ISO 3310-1<\/td>\n<td data-title=\"Siebdurchmesser\">200 mm<\/td>\n<td data-title=\"Nutzh\u00f6he\">32 \/ 50 mm<\/td>\n<\/tr><tr>\n<td data-title=\"Artikel\">Analysensieb Drahtgewebe 100 \u00b5m<\/td>\n<td data-title=\"Norm\">DIN ISO 3310-1<\/td>\n<td data-title=\"Siebdurchmesser\">200 mm<\/td>\n<td data-title=\"Nutzh\u00f6he\">32 \/ 50 mm<\/td>\n<\/tr><tr>\n<td data-title=\"Artikel\">Analysensieb Drahtgewebe 90 \u00b5m<\/td>\n<td data-title=\"Norm\">DIN ISO 3310-1<\/td>\n<td data-title=\"Siebdurchmesser\">200 mm<\/td>\n<td data-title=\"Nutzh\u00f6he\">32 \/ 50 mm<\/td>\n<\/tr><tr>\n<td data-title=\"Artikel\">Analysensieb Drahtgewebe 63 \u00b5m<\/td>\n<td data-title=\"Norm\">DIN ISO 3310-1<\/td>\n<td data-title=\"Siebdurchmesser\">200 mm<\/td>\n<td data-title=\"Nutzh\u00f6he\">32 \/ 50 mm<\/td>\n<\/tr><tr>\n<td data-title=\"Artikel\">Siebpfanne<\/td>\n<td data-title=\"Norm\"><\/td>\n<td data-title=\"Siebdurchmesser\">200 mm<\/td>\n<td data-title=\"Nutzh\u00f6he\">25 \/ 50 mm<\/td>\n<\/tr><tr>\n<td data-title=\"Artikel\">Siebdeckel<\/td>\n<td data-title=\"\"><\/td>\n<td data-title=\"Siebdurchmesser\">200 mm<\/td>\n<td data-title=\"Nutzh\u00f6he\">27 mm<\/td>\n<\/tr>\n\n    <\/tbody>\n  <\/table>\n<\/div>\n<\/body>\n<\/html><br><\/div><\/div><div id=\"panel-1054-0-0-3\" class=\"widget_text so-panel widget widget_custom_html\" data-index=\"3\" ><div class=\"textwidget custom-html-widget\"><br><h3 style=\"text-align: center;\">Analysensiebe f\u00fcr Elektromagnesia nach DIN 44872<\/h3><br>\n<p style=\"text-align: center;\"><strong>Ausf\u00fchrung: Edelstahl, Durchmesser: 200 mm, Lieferzeit: 10 Tage<\/strong><\/p>\nEine Siebanalyse wird in DIN 44872 festgelegt f\u00fcr die Bestimmung der Kornanteile von Magnesiumoxid zur Verwendung in Elektromagnesia als Isolierstoff f\u00fcr elektrische Heizelemente. Blau-Metall bietet auch hierf\u00fcr passende Analysensiebe. (DIN 44872: Pr\u00fcfung von Elektromagnesia)<\/div><\/div><div id=\"panel-1054-0-0-4\" class=\"widget_text so-panel widget widget_custom_html panel-last-child\" data-index=\"4\" ><div class=\"textwidget custom-html-widget\"><html>\n<style>\n* {\n  -webkit-box-sizing: border-box;\n  -moz-box-sizing: border-box;\n  box-sizing: border-box;\n}\n*:before, *:after {\n  -webkit-box-sizing: border-box;\n  -moz-box-sizing: border-box;\n  box-sizing: border-box;\n}\n\nbody {\n  font-family: \"Helvetica Neue\", \"Helvetica\", \"Roboto\", \"Arial\", sans-serif;\n  color: #5e5d52;\n}\n\na {\n  color: #337aa8;\n}\na:hover, a:focus {\n  color: #4b8ab2;\n}\n\n.container {\n  margin: 0% 0%;\n}\n@media (min-width: 33em) {\n  .container {\n    margin: 0%;\n  }\n}\n@media (min-width: 75em) {\n  .container {\n    margin: 2em auto;\n    max-width: 75em;\n  }\n}\n\n.responsive-table {\n  width: 100%;\n  margin-bottom: 1.5em;\n}\n@media (min-width: 33em) {\n  .responsive-table {\n    font-size: .85em;\n  }\n}\n@media (min-width: 62em) {\n  .responsive-table {\n    font-size: 1em;\n  }\n}\n.responsive-table thead {\n  position: absolute;\n  clip: rect(1px 1px 1px 1px);\n  \/* IE6, IE7 *\/\n  clip: rect(1px, 1px, 1px, 1px);\n  padding: 0;\n  border: 0;\n  height: 1px;\n  width: 1px;\n  overflow: hidden;\n}\n@media (min-width: 33em) {\n  .responsive-table thead {\n    position: relative;\n    clip: auto;\n    height: auto;\n    width: auto;\n    overflow: auto;\n  }\n}\n.responsive-table thead th {\n  background-color: #1d96b2;\n  border: 1px solid #1d96b2;\n  font-weight: bold;\n  text-align: center;\n  color: white;\n}\n.responsive-table thead th:first-of-type {\n  text-align: left;\n}\n.responsive-table tbody,\n.responsive-table tr,\n.responsive-table th,\n.responsive-table td {\n  display: block;\n  padding: 0;\ntext-align: left;\n  white-space: normal;\n}\n@media (min-width: 33em) {\n  .responsive-table tr {\n    display: table-row;\n  }\n}\n.responsive-table th,\n.responsive-table td {\n  padding: .5em;\n  vertical-align: middle;\n}\n@media (min-width: 32.5em) {\n  .responsive-table th,\n  .responsive-table td {\n    padding: .75em .5em;\n  }\n}\n@media (min-width: 33em) {\n  .responsive-table th,\n  .responsive-table td {\n    display: table-cell;\n    padding: .5em;\n  }\n}\n@media (min-width: 62em) {\n  .responsive-table th,\n  .responsive-table td {\n    padding: .65em .5em;\n  }\n}\n@media (min-width: 75em) {\n  .responsive-table th,\n  .responsive-table td {\n    padding: .65em;\n  }\n}\n.responsive-table caption {\n  margin-bottom: 1em;\n  font-size: 1em;\n  font-weight: bold;\n  text-align: center;\n}\n@media (min-width: 33em) {\n  .responsive-table caption {\n    font-size: 1.5em;\n  }\n}\n.responsive-table tfoot {\n  font-size: .8em;\n  font-style: italic;\n}\n@media (min-width: 62em) {\n  .responsive-table tfoot {\n    font-size: .9em;\n  }\n}\n@media (min-width: 33em) {\n  .responsive-table tbody {\n    display: table-row-group;\n  }\n}\n.responsive-table tbody tr {\n  margin-bottom: 1em;\n  border: 2px solid #1d96b2;\n}\n@media (min-width: 33em) {\n  .responsive-table tbody tr {\n    display: table-row;\n    border-width: 1px;\n  }\n}\n.responsive-table tbody tr:last-of-type {\n  margin-bottom: 0;\n}\n@media (min-width: 33em) {\n  .responsive-table tbody tr:nth-of-type(even) {\n    background-color: rgba(94, 93, 82, 0.1);\n  }\n}\n.responsive-table tbody th[scope=\"row\"] {\n  background-color: #1d96b2;\n  color: white;\n}\n@media (min-width: 33em) {\n  .responsive-table tbody th[scope=\"row\"] {\n    background-color: transparent;\n    color: #5e5d52;\n    text-align: left;\n  }\n}\n.responsive-table tbody td {\n  text-align: right;\n}\n@media (min-width: 32.5em) {\n  .responsive-table tbody td {\n    border-bottom: 1px solid #1d96b2;\n  }\n}\n@media (min-width: 33em) {\n  .responsive-table tbody td {\n    text-align: left;\n  }\n}\n.responsive-table tbody td[data-type=currency] {\n  text-align: right;\n}\n.responsive-table tbody td[data-title]:before {\n  content: attr(data-title);\n  float: left;\n  font-size: .85em;\n  color: rgba(94, 93, 82, 0.75);\n}\n@media (min-width: 32.5em) {\n  .responsive-table tbody td[data-title]:before {\n    font-size: .9em;\n  }\n}\n@media (min-width: 33em) {\n  .responsive-table tbody td[data-title]:before {\n    content: none;\n  }\n}\n<\/style>\n<body>\n    <div class=\"container\">\n  <table class=\"responsive-table\">\n<thead>\n            <tr>\n        <th scope=\"col\">Artikel<\/th>\n        <th scope=\"col\">Norm<\/th>\n        <th scope=\"col\">Siebdurchmesser<\/th>\n        <th scope=\"col\">Nutzh\u00f6he<\/th>\n      <\/tr>\n    <\/thead>\n        <tbody>\n<tr>\n<td data-title=\"Artikel\">Analysensieb Drahtgewebe 355 \u00b5m<\/td>\n<td data-title=\"Norm\">DIN ISO 3310-1<\/td>\n<td data-title=\"Siebdurchmesser\">200 mm<\/td>\n<td data-title=\"Nutzh\u00f6he\">32 \/ 50 mm<\/td>\n<\/tr><tr>\n<td data-title=\"Artikel\">Analysensieb Drahtgewebe 250 \u00b5m<\/td>\n<td data-title=\"Norm\">DIN ISO 3310-1<\/td>\n<td data-title=\"Siebdurchmesser\">200 mm<\/td>\n<td data-title=\"Nutzh\u00f6he\">32 \/ 50 mm<\/td>\n<\/tr><tr>\n<td data-title=\"Artikel\">Analysensieb Drahtgewebe 180 \u00b5m <\/td>\n<td data-title=\"Norm\">DIN ISO 3310-1<\/td>\n<td data-title=\"Siebdurchmesser\">200 mm<\/td>\n<td data-title=\"Nutzh\u00f6he\">32 \/ 50 mm<\/td>\n<\/tr><tr>\n<td data-title=\"Artikel\">Analysensieb Drahtgewebe 125 \u00b5m<\/td>\n<td data-title=\"Norm\">DIN ISO 3310-1<\/td>\n<td data-title=\"Siebdurchmesser\">200 mm<\/td>\n<td data-title=\"Nutzh\u00f6he\">32 \/ 50 mm<\/td>\n<\/tr><tr>\n<td data-title=\"Artikel\">Analysensieb Drahtgewebe 90 \u00b5m<\/td>\n<td data-title=\"Norm\">DIN ISO 3310-1<\/td>\n<td data-title=\"Siebdurchmesser\">200 mm<\/td>\n<td data-title=\"Nutzh\u00f6he\">32 \/ 50 mm<\/td>\n<\/tr><tr>\n<td data-title=\"Artikel\">Analysensieb Drahtgewebe 63 \u00b5m<\/td>\n<td data-title=\"Norm\">DIN ISO 3310-1<\/td>\n<td data-title=\"Siebdurchmesser\">200 mm<\/td>\n<td data-title=\"Nutzh\u00f6he\">32 \/ 50 mm<\/td>\n<\/tr>\n<tr>\n<td data-title=\"Artikel\">Analysensieb Drahtgewebe 50 \u00b5m<\/td>\n<td data-title=\"Norm\">DIN ISO 3310-1<\/td>\n<td data-title=\"Siebdurchmesser\">200 mm<\/td>\n<td data-title=\"Nutzh\u00f6he\">32 \/ 50 mm<\/td>\n<\/tr>\n    <\/tbody>\n  <\/table>\n<\/div>\n<\/body>\n<\/html>\n<br><br><\/div><\/div><\/div><\/div><\/div>","protected":false},"excerpt":{"rendered":"<p>Neben der Materialzusammensetzung ist die Teilchengr\u00f6\u00dfe von Metallpulvern die wichtigste Eigenschaft, welche die Nutzbarkeit eines Metallpulvers oder Pulvergemisches f\u00fcr bestimmte [&hellip;]<\/p>\n","protected":false},"author":1,"featured_media":1427,"parent":0,"menu_order":0,"comment_status":"closed","ping_status":"closed","template":"","meta":{"footnotes":""},"class_list":["post-1054","page","type-page","status-publish","has-post-thumbnail","hentry","post-thumbnail-displayed"],"aioseo_notices":[],"_links":{"self":[{"href":"https:\/\/analysensiebe.de\/bml\/wp-json\/wp\/v2\/pages\/1054","targetHints":{"allow":["GET"]}}],"collection":[{"href":"https:\/\/analysensiebe.de\/bml\/wp-json\/wp\/v2\/pages"}],"about":[{"href":"https:\/\/analysensiebe.de\/bml\/wp-json\/wp\/v2\/types\/page"}],"author":[{"embeddable":true,"href":"https:\/\/analysensiebe.de\/bml\/wp-json\/wp\/v2\/users\/1"}],"replies":[{"embeddable":true,"href":"https:\/\/analysensiebe.de\/bml\/wp-json\/wp\/v2\/comments?post=1054"}],"version-history":[{"count":42,"href":"https:\/\/analysensiebe.de\/bml\/wp-json\/wp\/v2\/pages\/1054\/revisions"}],"predecessor-version":[{"id":2323,"href":"https:\/\/analysensiebe.de\/bml\/wp-json\/wp\/v2\/pages\/1054\/revisions\/2323"}],"wp:featuredmedia":[{"embeddable":true,"href":"https:\/\/analysensiebe.de\/bml\/wp-json\/wp\/v2\/media\/1427"}],"wp:attachment":[{"href":"https:\/\/analysensiebe.de\/bml\/wp-json\/wp\/v2\/media?parent=1054"}],"curies":[{"name":"wp","href":"https:\/\/api.w.org\/{rel}","templated":true}]}}