{"id":1036,"date":"2019-04-25T13:40:45","date_gmt":"2019-04-25T13:40:45","guid":{"rendered":"http:\/\/analysensiebe.de\/bml\/?page_id=1036"},"modified":"2023-08-14T18:48:51","modified_gmt":"2023-08-14T18:48:51","slug":"analysensiebe-fur-die-analyse-fester-dungemittel","status":"publish","type":"page","link":"https:\/\/analysensiebe.de\/bml\/analysensiebe-fur-die-analyse-fester-dungemittel\/","title":{"rendered":"Analysensiebe f\u00fcr die Analyse fester D\u00fcngemittel"},"content":{"rendered":"<div id=\"pl-1036\"  class=\"panel-layout\" ><div id=\"pg-1036-0\"  class=\"panel-grid panel-no-style\" ><div id=\"pgc-1036-0-0\"  class=\"panel-grid-cell\" ><div id=\"panel-1036-0-0-0\" class=\"widget_text so-panel widget widget_custom_html panel-first-child\" data-index=\"0\" ><div class=\"textwidget custom-html-widget\"><a href=\"https:\/\/analysensiebe.de\/bml\/wp-content\/uploads\/sites\/10\/2019\/04\/crop-stock.jpg\"><img loading=\"lazy\" decoding=\"async\" class=\"alignright  wp-image-1037\" src=\"https:\/\/analysensiebe.de\/bml\/wp-content\/uploads\/sites\/10\/2019\/04\/crop-stock-1024x681.jpg\" alt=\"\" width=\"395\" height=\"263\" srcset=\"https:\/\/analysensiebe.de\/bml\/wp-content\/uploads\/sites\/10\/2019\/04\/crop-stock-1024x681.jpg 1024w, https:\/\/analysensiebe.de\/bml\/wp-content\/uploads\/sites\/10\/2019\/04\/crop-stock-300x199.jpg 300w, https:\/\/analysensiebe.de\/bml\/wp-content\/uploads\/sites\/10\/2019\/04\/crop-stock-768x510.jpg 768w, https:\/\/analysensiebe.de\/bml\/wp-content\/uploads\/sites\/10\/2019\/04\/crop-stock-500x332.jpg 500w, https:\/\/analysensiebe.de\/bml\/wp-content\/uploads\/sites\/10\/2019\/04\/crop-stock.jpg 1920w\" sizes=\"auto, (max-width: 395px) 100vw, 395px\" \/><\/a>Die durchschnittliche Korngr\u00f6\u00dfe und Korngr\u00f6\u00dfenverteilung ist ein wichtiges Qualit\u00e4tsmerkmal von festen D\u00fcngemitteln und deren Mischkomponenten. Daher kommt der Siebanalyse von festen D\u00fcngemitteln eine besondere Bedeutung zu, weshalb die Instrumente und Methoden zur Bestimmung der Korngr\u00f6\u00dfenverteilung von festen D\u00fcngemitteln in einer eigenst\u00e4ndigen, auf europ\u00e4ischer Ebene g\u00fcltigen Norm geregelt wird: DIN EN 1235 (CEN EN 1235, Feste D\u00fcngemittel - Siebanalyse (ISO 8397:1988, modifiziert) (enth\u00e4lt \u00c4nderung A1:2003)).\n<br><br>\nLaut DIN EN 1235 ist die Bestimmung der Korngr\u00f6\u00dfenverteilung von festen D\u00fcngemitteln mit 200 mm Durchmesser Analysensieben nach DIN ISO 3310-1 durchzuf\u00fchren, wobei f\u00fcr eine Siebung h\u00f6chstens sieben Analysensiebe eingesetzt werden sollen, die den erwarteten Korngr\u00f6\u00dfenbereich abdecken. Bei der Auswahl der Nennweiten der Analysensiebe soll sich an der R20\/3 Hauptreihe der ISO 565 orientiert werden, wobei es notwendig sein kann zus\u00e4tzliche Gr\u00f6\u00dfen der Nebensiebe aus der R20 Reihe auszuw\u00e4hlen.\n<br><br>\n<a href=\"https:\/\/analysensiebe.de\/bml\/wp-content\/uploads\/sites\/10\/2022\/09\/IMG_0797_crop.jpg\"><img decoding=\"async\" class=\"alignright  wp-image-1039\" src=\"https:\/\/analysensiebe.de\/bml\/wp-content\/uploads\/sites\/10\/2022\/09\/IMG_0797_crop-scaled.jpg\" alt=\"\" width=\"395\" height=\"auto\" \/><\/a>Die Bestimmungen laut DIN EN 1235 stammen aus Ringversuchen mit Sieben von Nenn\u00f6ffnungsweiten zwischen 100 \u00b5m und 5,60 mm. F\u00fcr hochqualitative D\u00fcngemischungen wird auf eine durchschnittliche Korngr\u00f6\u00dfe von 3,10 bis 3,25 mm abgezielt.\n<br><br>\nBlau-Metall Analysensiebe nach DIN ISO 3310-1 erf\u00fcllen alle Forderungen der DIN EN 1235 und sind in einer Vielzahl an Nennweiten erh\u00e4ltlich, was hochaufgel\u00f6ste Korngr\u00f6\u00dfenverteilungsanalysen erm\u00f6glicht. Durch l\u00fcckenlose optische Inspektion aller von uns hergestellten Siebe garantieren wir die Einhaltung aller Normvorgaben, sowie eine hohe statistische Sicherheit Ihrer Qualit\u00e4tsbestimmungen.<br><br><\/div><\/div><div id=\"panel-1036-0-0-1\" class=\"widget_text so-panel widget widget_custom_html\" data-index=\"1\" ><div class=\"textwidget custom-html-widget\"><h3 style=\"text-align: center;\">Siebe f\u00fcr die Analyse fester D\u00fcngemittel nach DIN EN 1235<\/h3><br>\n<p style=\"text-align: center;\"><strong>Ausf\u00fchrung: Edelstahl, Durchmesser: 200 mm, Lieferzeit: 10 Tage nach Auftragseingang<\/strong><\/p><\/div><\/div><div id=\"panel-1036-0-0-2\" class=\"widget_text so-panel widget widget_custom_html panel-last-child\" data-index=\"2\" ><div class=\"textwidget custom-html-widget\"><html>\n<style>\n* {\n  -webkit-box-sizing: border-box;\n  -moz-box-sizing: border-box;\n  box-sizing: border-box;\n}\n*:before, *:after {\n  -webkit-box-sizing: border-box;\n  -moz-box-sizing: border-box;\n  box-sizing: border-box;\n}\n\nbody {\n  font-family: \"Helvetica Neue\", \"Helvetica\", \"Roboto\", \"Arial\", sans-serif;\n  color: #5e5d52;\n}\n\na {\n  color: #337aa8;\n}\na:hover, a:focus {\n  color: #4b8ab2;\n}\n\n.container {\n  margin: 0% 0%;\n}\n@media (min-width: 33em) {\n  .container {\n    margin: 0%;\n  }\n}\n@media (min-width: 75em) {\n  .container {\n    margin: 2em auto;\n    max-width: 75em;\n  }\n}\n\n.responsive-table {\n  width: 100%;\n  margin-bottom: 1.5em;\n}\n@media (min-width: 33em) {\n  .responsive-table {\n    font-size: .85em;\n  }\n}\n@media (min-width: 62em) {\n  .responsive-table {\n    font-size: 1em;\n  }\n}\n.responsive-table thead {\n  position: absolute;\n  clip: rect(1px 1px 1px 1px);\n  \/* IE6, IE7 *\/\n  clip: rect(1px, 1px, 1px, 1px);\n  padding: 0;\n  border: 0;\n  height: 1px;\n  width: 1px;\n  overflow: hidden;\n}\n@media (min-width: 33em) {\n  .responsive-table thead {\n    position: relative;\n    clip: auto;\n    height: auto;\n    width: auto;\n    overflow: auto;\n  }\n}\n.responsive-table thead th {\n  background-color: #1d96b2;\n  border: 1px solid #1d96b2;\n  font-weight: bold;\n  text-align: center;\n  color: white;\n}\n.responsive-table thead th:first-of-type {\n  text-align: left;\n}\n.responsive-table tbody,\n.responsive-table tr,\n.responsive-table th,\n.responsive-table td {\n  display: block;\n  padding: 0;\ntext-align: left;\n  white-space: normal;\n}\n@media (min-width: 33em) {\n  .responsive-table tr {\n    display: table-row;\n  }\n}\n.responsive-table th,\n.responsive-table td {\n  padding: .5em;\n  vertical-align: middle;\n}\n@media (min-width: 32.5em) {\n  .responsive-table th,\n  .responsive-table td {\n    padding: .75em .5em;\n  }\n}\n@media (min-width: 33em) {\n  .responsive-table th,\n  .responsive-table td {\n    display: table-cell;\n    padding: .5em;\n  }\n}\n@media (min-width: 62em) {\n  .responsive-table th,\n  .responsive-table td {\n    padding: .65em .5em;\n  }\n}\n@media (min-width: 75em) {\n  .responsive-table th,\n  .responsive-table td {\n    padding: .65em;\n  }\n}\n.responsive-table caption {\n  margin-bottom: 1em;\n  font-size: 1em;\n  font-weight: bold;\n  text-align: center;\n}\n@media (min-width: 33em) {\n  .responsive-table caption {\n    font-size: 1.5em;\n  }\n}\n.responsive-table tfoot {\n  font-size: .8em;\n  font-style: italic;\n}\n@media (min-width: 62em) {\n  .responsive-table tfoot {\n    font-size: .9em;\n  }\n}\n@media (min-width: 33em) {\n  .responsive-table tbody {\n    display: table-row-group;\n  }\n}\n.responsive-table tbody tr {\n  margin-bottom: 1em;\n  border: 2px solid #1d96b2;\n}\n@media (min-width: 33em) {\n  .responsive-table tbody tr {\n    display: table-row;\n    border-width: 1px;\n  }\n}\n.responsive-table tbody tr:last-of-type {\n  margin-bottom: 0;\n}\n@media (min-width: 33em) {\n  .responsive-table tbody tr:nth-of-type(even) {\n    background-color: rgba(94, 93, 82, 0.1);\n  }\n}\n.responsive-table tbody th[scope=\"row\"] {\n  background-color: #1d96b2;\n  color: white;\n}\n@media (min-width: 33em) {\n  .responsive-table tbody th[scope=\"row\"] {\n    background-color: transparent;\n    color: #5e5d52;\n    text-align: left;\n  }\n}\n.responsive-table tbody td {\n  text-align: right;\n}\n@media (min-width: 32.5em) {\n  .responsive-table tbody td {\n    border-bottom: 1px solid #1d96b2;\n  }\n}\n@media (min-width: 33em) {\n  .responsive-table tbody td {\n    text-align: left;\n  }\n}\n.responsive-table tbody td[data-type=currency] {\n  text-align: right;\n}\n.responsive-table tbody td[data-title]:before {\n  content: attr(data-title);\n  float: left;\n  font-size: .85em;\n  color: rgba(94, 93, 82, 0.75);\n}\n@media (min-width: 32.5em) {\n  .responsive-table tbody td[data-title]:before {\n    font-size: .9em;\n  }\n}\n@media (min-width: 33em) {\n  .responsive-table tbody td[data-title]:before {\n    content: none;\n  }\n}\n<\/style>\n<body>\n    <div class=\"container\">\n  <table class=\"responsive-table\">\n<thead>\n            <tr>\n        <th scope=\"col\">Artikel<\/th>\n        <th scope=\"col\">Norm<\/th>\n        <th scope=\"col\">Siebdurchmesser<\/th>\n        <th scope=\"col\">Nutzh\u00f6he<\/th>\n      <\/tr>\n    <\/thead>\n        <tbody>\n<tr>\n<td data-title=\"Artikel\">Analysensieb Quadratloch 6,3 mm<\/td>\n<td data-title=\"Norm\">DIN ISO 3310-2<\/td>\n<td data-title=\"Siebdurchmesser\">200 mm<\/td>\n<td data-title=\"Nutzh\u00f6he\">32 \/ 50 mm<\/td>\n<\/tr><tr>\n<td data-title=\"Artikel\">Analysensieb Quadratloch 5,0 mm<\/td>\n<td data-title=\"Norm\">DIN ISO 3310-2<\/td>\n<td data-title=\"Siebdurchmesser\">200 mm<\/td>\n<td data-title=\"Nutzh\u00f6he\">32 \/ 50 mm<\/td>\n<\/tr><tr>\n<td data-title=\"Artikel\">Analysensieb Quadratloch 4,0 mm<\/td>\n<td data-title=\"Norm\">DIN ISO 3310-2<\/td>\n<td data-title=\"Siebdurchmesser\">200 mm<\/td>\n<td data-title=\"Nutzh\u00f6he\">32 \/ 50 mm<\/td>\n<\/tr><tr>\n<td data-title=\"Artikel\">Analysensieb Drahtgewebe 3,15 mm<\/td>\n<td data-title=\"Norm\">DIN ISO 3310-1<\/td>\n<td data-title=\"Siebdurchmesser\">200 mm<\/td>\n<td data-title=\"Nutzh\u00f6he\">32 \/ 50 mm<\/td>\n<\/tr><tr>\n<td data-title=\"Artikel\">Analysensieb Drahtgewebe 2,8 mm<\/td>\n<td data-title=\"Norm\">DIN ISO 3310-1<\/td>\n<td data-title=\"Siebdurchmesser\">200 mm<\/td>\n<td data-title=\"Nutzh\u00f6he\">32 \/ 50 mm<\/td>\n<\/tr><tr>\n<td data-title=\"Artikel\">Analysensieb Drahtgewebe 2,36 mm<\/td>\n<td data-title=\"Norm\">DIN ISO 3310-1<\/td>\n<td data-title=\"Siebdurchmesser\">200 mm<\/td>\n<td data-title=\"Nutzh\u00f6he\">32 \/ 50 mm<\/td>\n<\/tr><tr>\n<td data-title=\"Artikel\">Analysensieb Drahtgewebe 2,24 mm<\/td>\n<td data-title=\"Norm\">DIN ISO 3310-1<\/td>\n<td data-title=\"Siebdurchmesser\">200 mm<\/td>\n<td data-title=\"Nutzh\u00f6he\">32 \/ 50 mm<\/td>\n<\/tr><tr>\n<td data-title=\"Artikel\">Analysensieb Drahtgewebe 2,0 mm<\/td>\n<td data-title=\"Norm\">DIN ISO 3310-1<\/td>\n<td data-title=\"Siebdurchmesser\">200 mm<\/td>\n<td data-title=\"Nutzh\u00f6he\">32 \/ 50 mm<\/td>\n<\/tr><tr>\n<td data-title=\"Artikel\">Analysensieb Drahtgewebe 1,4 mm<\/td>\n<td data-title=\"Norm\">DIN ISO 3310-1<\/td>\n<td data-title=\"Siebdurchmesser\">200 mm<\/td>\n<td data-title=\"Nutzh\u00f6he\">32 \/ 50 mm<\/td>\n<\/tr><tr>\n<td data-title=\"Artikel\">Analysensieb Drahtgewebe 1,0 mm<\/td>\n<td data-title=\"Norm\">DIN ISO 3310-1<\/td>\n<td data-title=\"Siebdurchmesser\">200 mm<\/td>\n<td data-title=\"Nutzh\u00f6he\">32 \/ 50 mm<\/td>\n<\/tr><tr>\n<td data-title=\"Artikel\">Analysensieb Drahtgewebe 710 \u00b5m<\/td>\n<td data-title=\"Norm\">DIN ISO 3310-1<\/td>\n<td data-title=\"Siebdurchmesser\">200 mm<\/td>\n<td data-title=\"Nutzh\u00f6he\">32 \/ 50 mm<\/td>\n<\/tr><tr>\n<td data-title=\"Artikel\">Analysensieb Drahtgewebe 500 \u00b5m <\/td>\n<td data-title=\"Norm\">DIN ISO 3310-1<\/td>\n<td data-title=\"Siebdurchmesser\">200 mm<\/td>\n<td data-title=\"Nutzh\u00f6he\">32 \/ 50 mm<\/td>\n<\/tr><tr>\n<td data-title=\"Artikel\">Analysensieb Drahtgewebe 250 \u00b5m<\/td>\n<td data-title=\"Norm\">DIN ISO 3310-1<\/td>\n<td data-title=\"Siebdurchmesser\">200 mm<\/td>\n<td data-title=\"Nutzh\u00f6he\">32 \/ 50 mm<\/td>\n<\/tr>\n<tr>\n<td data-title=\"Artikel\">Analysensieb Drahtgewebe 180 \u00b5m<\/td>\n<td data-title=\"Norm\">DIN ISO 3310-1<\/td>\n<td data-title=\"Siebdurchmesser\">200 mm<\/td>\n<td data-title=\"Nutzh\u00f6he\">32 \/ 50 mm<\/td>\n<\/tr><tr>\n<td data-title=\"Artikel\">Siebpfanne<\/td>\n<td data-title=\"Norm\"><\/td>\n<td data-title=\"Siebdurchmesser\">200 mm<\/td>\n<td data-title=\"Nutzh\u00f6he\">25 \/ 50 mm<\/td>\n<\/tr><tr>\n<td data-title=\"Artikel\">Siebdeckel<\/td>\n<td data-title=\"\"><\/td>\n<td data-title=\"Siebdurchmesser\">200 mm<\/td>\n<td data-title=\"Nutzh\u00f6he\">27 mm<\/td>\n<\/tr>\n\n    <\/tbody>\n  <\/table>\n<\/div>\n<\/body>\n<\/html>\n<br><br><\/div><\/div><\/div><\/div><\/div>","protected":false},"excerpt":{"rendered":"<p>Die durchschnittliche Korngr\u00f6\u00dfe und Korngr\u00f6\u00dfenverteilung ist ein wichtiges Qualit\u00e4tsmerkmal von festen D\u00fcngemitteln und deren Mischkomponenten. Daher kommt der Siebanalyse von [&hellip;]<\/p>\n","protected":false},"author":1,"featured_media":1415,"parent":0,"menu_order":0,"comment_status":"closed","ping_status":"closed","template":"","meta":{"footnotes":""},"class_list":["post-1036","page","type-page","status-publish","has-post-thumbnail","hentry","post-thumbnail-displayed"],"aioseo_notices":[],"_links":{"self":[{"href":"https:\/\/analysensiebe.de\/bml\/wp-json\/wp\/v2\/pages\/1036","targetHints":{"allow":["GET"]}}],"collection":[{"href":"https:\/\/analysensiebe.de\/bml\/wp-json\/wp\/v2\/pages"}],"about":[{"href":"https:\/\/analysensiebe.de\/bml\/wp-json\/wp\/v2\/types\/page"}],"author":[{"embeddable":true,"href":"https:\/\/analysensiebe.de\/bml\/wp-json\/wp\/v2\/users\/1"}],"replies":[{"embeddable":true,"href":"https:\/\/analysensiebe.de\/bml\/wp-json\/wp\/v2\/comments?post=1036"}],"version-history":[{"count":27,"href":"https:\/\/analysensiebe.de\/bml\/wp-json\/wp\/v2\/pages\/1036\/revisions"}],"predecessor-version":[{"id":2319,"href":"https:\/\/analysensiebe.de\/bml\/wp-json\/wp\/v2\/pages\/1036\/revisions\/2319"}],"wp:featuredmedia":[{"embeddable":true,"href":"https:\/\/analysensiebe.de\/bml\/wp-json\/wp\/v2\/media\/1415"}],"wp:attachment":[{"href":"https:\/\/analysensiebe.de\/bml\/wp-json\/wp\/v2\/media?parent=1036"}],"curies":[{"name":"wp","href":"https:\/\/api.w.org\/{rel}","templated":true}]}}