{"id":1007,"date":"2019-04-25T14:12:07","date_gmt":"2019-04-25T14:12:07","guid":{"rendered":"http:\/\/analysensiebe.de\/bml\/?page_id=1007"},"modified":"2023-08-14T19:03:49","modified_gmt":"2023-08-14T19:03:49","slug":"kaffee-siebe-in-lebensmittelechter-edelstahl-ausfuhrung","status":"publish","type":"page","link":"https:\/\/analysensiebe.de\/bml\/kaffee-siebe-in-lebensmittelechter-edelstahl-ausfuhrung\/","title":{"rendered":"Kaffee-Siebe in Lebensmittelechter Edelstahl-Ausf\u00fchrung"},"content":{"rendered":"<div id=\"pl-1007\"  class=\"panel-layout\" ><div id=\"pg-1007-0\"  class=\"panel-grid panel-no-style\" ><div id=\"pgc-1007-0-0\"  class=\"panel-grid-cell\" ><div id=\"panel-1007-0-0-0\" class=\"widget_text so-panel widget widget_custom_html panel-first-child\" data-index=\"0\" ><div class=\"textwidget custom-html-widget\"><figure id=\"attachment_1008\" aria-describedby=\"caption-attachment-1008\" style=\"width: 395px\" class=\"wp-caption alignright\"><a href=\"https:\/\/thecozycoffee.com\/does-coffee-go-bad\/\"><img loading=\"lazy\" decoding=\"async\" class=\"wp-image-1008\" src=\"https:\/\/labsieves.com\/blau-metall\/wp-content\/uploads\/sites\/2\/2019\/04\/coffee-stock-1024x681.jpg\" alt=\"\" width=\"395\" height=\"263\" srcset=\"https:\/\/analysensiebe.de\/bml\/wp-content\/uploads\/sites\/10\/2019\/04\/coffee-stock-1024x681.jpg 1024w, https:\/\/analysensiebe.de\/bml\/wp-content\/uploads\/sites\/10\/2019\/04\/coffee-stock-300x199.jpg 300w, https:\/\/analysensiebe.de\/bml\/wp-content\/uploads\/sites\/10\/2019\/04\/coffee-stock-768x510.jpg 768w, https:\/\/analysensiebe.de\/bml\/wp-content\/uploads\/sites\/10\/2019\/04\/coffee-stock-500x332.jpg 500w, https:\/\/analysensiebe.de\/bml\/wp-content\/uploads\/sites\/10\/2019\/04\/coffee-stock.jpg 1920w\" sizes=\"auto, (max-width: 395px) 100vw, 395px\" \/><\/a><figcaption id=\"caption-attachment-1008\" class=\"wp-caption-text\">Foto: David Dewitt, thecozycoffee.com<\/figcaption><\/figure>Kaffeem\u00fchlen sind nicht imstande den Kaffee zu einer uniformen Partikelgr\u00f6\u00dfe zu mahlen. So kommt es, dass im Kaffee durchaus eine gro\u00dfe Bandbreite an K\u00f6rnungsgr\u00f6\u00dfen vorhanden ist \u2013 zum \u00c4rgernis von Kaffeeliebhabern, denn die K\u00f6rnung des frisch gemahlenen Kaffees ist ein wichtiges Qualit\u00e4tsmerkmal f\u00fcr Kaffeeprofis: zu grober Kaffee extrahiert zu wenig, zu feiner Kaffee extrahiert zu viel was deutliche Auswirkungen auf den Geschmack hat. Anstatt weiter an der Technik der Kaffeem\u00fchlen zu feilen, bedient man sich oft Sieben um gleichm\u00e4\u00dfig gemahlenen Kaffee zu erhalten \u2013 jedoch ist auch hier Sieb nicht gleich Sieb.\n<br><br>\nBlau-Metall Analysensiebe nach DIN ISO 3310 erm\u00f6glichen eine zuverl\u00e4ssige Bestimmung der Partikelgr\u00f6\u00dfenverteilung in Kaffee und k\u00f6nnen so eingesetzt werden um die Mahl-Leistung von Kaffeem\u00fchlen aller Art objektiv zu quantifizieren und professionelle M\u00fchlen zu kalibrieren. Der Einsatz von lebensmittelechten Legierungen erm\u00f6glicht es die Siebe f\u00fcr das direkte Aussieben von Kaffee vor dem Br\u00fchen zu verwenden um die Partikelgr\u00f6\u00dfen perfekt anzupassen.\n<br><br>\n<a href=\"https:\/\/analysensiebe.de\/bml\/wp-content\/uploads\/sites\/10\/2022\/09\/IMG_4274.jpg\"><img decoding=\"async\" class=\" wp-image-1013 alignright\" src=\"https:\/\/analysensiebe.de\/bml\/wp-content\/uploads\/sites\/10\/2022\/09\/IMG_4274-scaled.jpg\" alt=\"\" width=\"395\" height=\"auto\" \/><\/a>Der Vorteil von Blau-Metall Sieben gegen\u00fcber Kaffee-Sieben aus chinesischer Produktion liegt auf der Hand. Zum einen garantieren unsere Siebe die Einhaltung der Analysen-Sieb Norm, die nur geringe Abweichungen von der Nennweite des jeweiligen Siebs zul\u00e4sst, zum anderen werden unsere Siebe in robuster Edelstahlausf\u00fchrung gefertigt, die \u00fcber Jahre hinweg eine konstant stabile Siebleistung garantiert.\n<br><br>\nTypischerweise wird Kaffee \u00fcber ein vierteiliges Set gesiebt, bestehend aus zwei Sieben, einem Deckel und einer Auffangschale in der sich der zu fein gemahlene Kaffee sammelt. Die Auswahl der Siebe h\u00e4ngt vom Verwendungszweck ab \u2013 f\u00fcr verschiedene Kaffeesorten werden unterschiedliche Partikelgr\u00f6\u00dfen bevorzugt (siehe unten). Die Fraktion des Kaffees, die das obere Sieb passiert und auf dem unteren Sieb verbleibt, hat entsprechende Partikelgr\u00f6\u00dfen, die zwischen den Nennweiten der beiden Siebe liegen. Je enger die Ma\u00dfe gew\u00e4hlt werden, desto homogener ist der Kaffee.<br><br><\/div><\/div><div id=\"panel-1007-0-0-1\" class=\"widget_text so-panel widget widget_custom_html\" data-index=\"1\" ><div class=\"textwidget custom-html-widget\"><h3 style=\"text-align: center;\">Kaffeesiebe mit Pr\u00e4zisem Edelstahl-Drahtgewebe<\/h3><br>\n<p style=\"text-align: center;\"><strong>Ausf\u00fchrung: Edelstahl, Lebensmittelecht - Durchmesser: 200 mm<\/strong><\/p><\/div><\/div><div id=\"panel-1007-0-0-2\" class=\"widget_text so-panel widget widget_custom_html\" data-index=\"2\" ><div class=\"textwidget custom-html-widget\"><html>\n<style>\n* {\n  -webkit-box-sizing: border-box;\n  -moz-box-sizing: border-box;\n  box-sizing: border-box;\n}\n*:before, *:after {\n  -webkit-box-sizing: border-box;\n  -moz-box-sizing: border-box;\n  box-sizing: border-box;\n}\n\nbody {\n  font-family: \"Helvetica Neue\", \"Helvetica\", \"Roboto\", \"Arial\", sans-serif;\n  color: #5e5d52;\n}\n\na {\n  color: #337aa8;\n}\na:hover, a:focus {\n  color: #4b8ab2;\n}\n\n.container {\n  margin: 0% 0%;\n}\n@media (min-width: 33em) {\n  .container {\n    margin: 0%;\n  }\n}\n@media (min-width: 75em) {\n  .container {\n    margin: 2em auto;\n    max-width: 75em;\n  }\n}\n\n.responsive-table {\n  width: 100%;\n  margin-bottom: 1.5em;\n}\n@media (min-width: 33em) {\n  .responsive-table {\n    font-size: .85em;\n  }\n}\n@media (min-width: 62em) {\n  .responsive-table {\n    font-size: 1em;\n  }\n}\n.responsive-table thead {\n  position: absolute;\n  clip: rect(1px 1px 1px 1px);\n  \/* IE6, IE7 *\/\n  clip: rect(1px, 1px, 1px, 1px);\n  padding: 0;\n  border: 0;\n  height: 1px;\n  width: 1px;\n  overflow: hidden;\n}\n@media (min-width: 33em) {\n  .responsive-table thead {\n    position: relative;\n    clip: auto;\n    height: auto;\n    width: auto;\n    overflow: auto;\n  }\n}\n.responsive-table thead th {\n  background-color: #1d96b2;\n  border: 1px solid #1d96b2;\n  font-weight: bold;\n  text-align: center;\n  color: white;\n}\n.responsive-table thead th:first-of-type {\n  text-align: left;\n}\n.responsive-table tbody,\n.responsive-table tr,\n.responsive-table th,\n.responsive-table td {\n  display: block;\n  padding: 0;\ntext-align: left;\n  white-space: normal;\n}\n@media (min-width: 33em) {\n  .responsive-table tr {\n    display: table-row;\n  }\n}\n.responsive-table th,\n.responsive-table td {\n  padding: .5em;\n  vertical-align: middle;\n}\n@media (min-width: 32.5em) {\n  .responsive-table th,\n  .responsive-table td {\n    padding: .75em .5em;\n  }\n}\n@media (min-width: 33em) {\n  .responsive-table th,\n  .responsive-table td {\n    display: table-cell;\n    padding: .5em;\n  }\n}\n@media (min-width: 62em) {\n  .responsive-table th,\n  .responsive-table td {\n    padding: .65em .5em;\n  }\n}\n@media (min-width: 75em) {\n  .responsive-table th,\n  .responsive-table td {\n    padding: .65em;\n  }\n}\n.responsive-table caption {\n  margin-bottom: 1em;\n  font-size: 1em;\n  font-weight: bold;\n  text-align: center;\n}\n@media (min-width: 33em) {\n  .responsive-table caption {\n    font-size: 1.5em;\n  }\n}\n.responsive-table tfoot {\n  font-size: .8em;\n  font-style: italic;\n}\n@media (min-width: 62em) {\n  .responsive-table tfoot {\n    font-size: .9em;\n  }\n}\n@media (min-width: 33em) {\n  .responsive-table tbody {\n    display: table-row-group;\n  }\n}\n.responsive-table tbody tr {\n  margin-bottom: 1em;\n  border: 2px solid #1d96b2;\n}\n@media (min-width: 33em) {\n  .responsive-table tbody tr {\n    display: table-row;\n    border-width: 1px;\n  }\n}\n.responsive-table tbody tr:last-of-type {\n  margin-bottom: 0;\n}\n@media (min-width: 33em) {\n  .responsive-table tbody tr:nth-of-type(even) {\n    background-color: rgba(94, 93, 82, 0.1);\n  }\n}\n.responsive-table tbody th[scope=\"row\"] {\n  background-color: #1d96b2;\n  color: white;\n}\n@media (min-width: 33em) {\n  .responsive-table tbody th[scope=\"row\"] {\n    background-color: transparent;\n    color: #5e5d52;\n    text-align: left;\n  }\n}\n.responsive-table tbody td {\n  text-align: right;\n}\n@media (min-width: 32.5em) {\n  .responsive-table tbody td {\n    border-bottom: 1px solid #1d96b2;\n  }\n}\n@media (min-width: 33em) {\n  .responsive-table tbody td {\n    text-align: left;\n  }\n}\n.responsive-table tbody td[data-type=currency] {\n  text-align: right;\n}\n.responsive-table tbody td[data-title]:before {\n  content: attr(data-title);\n  float: left;\n  font-size: .85em;\n  color: rgba(94, 93, 82, 0.75);\n}\n@media (min-width: 32.5em) {\n  .responsive-table tbody td[data-title]:before {\n    font-size: .9em;\n  }\n}\n@media (min-width: 33em) {\n  .responsive-table tbody td[data-title]:before {\n    content: none;\n  }\n}\n<\/style>\n<body>\n    <div class=\"container\">\n  <table class=\"responsive-table\">\n<thead>\n            <tr>\n        <th scope=\"col\">Kaffeesorte\/Br\u00fchtechnik<\/th>\n        <th scope=\"col\">Oberes Sieb<\/th>\n        <th scope=\"col\">Unteres Sieb<\/th>\n      <\/tr>\n    <\/thead>\n        <tbody>\n<tr>\n<td data-title=\"Kaffeesorte\">Filterkaffee<\/td>\n<td data-title=\"Oberes Sieb\">800 \u00b5m<\/td>\n<td data-title=\"Unteres Sieb\">400 \u00b5m<\/td>\n<\/tr><tr>\n<td data-title=\"Kaffeesorte\">Espresso<\/td>\n<td data-title=\"Oberes Sieb\">500 \u00b5m<\/td>\n<td data-title=\"Unteres Sieb\">250 \u00b5m<\/td>\n<\/tr><tr>\n<td data-title=\"Kaffeesorte\">Cold Brew<\/td>\n<td data-title=\"Oberes Sieb\">1.180 \u00b5m<\/td>\n<td data-title=\"Unteres Sieb\">600 \u00b5m<\/td>\n<\/tr><tr>\n<td data-title=\"Kaffeesorte\">French Press<\/td>\n<td data-title=\"Oberes Sieb\">1.000 \u00b5m<\/td>\n<td data-title=\"Unteres Sieb\">600 \u00b5m<\/td>\n<\/tr><tr>\n<td data-title=\"Kaffeesorte\">Aero Press<\/td>\n<td data-title=\"Oberes Sieb\">900 \u00b5m<\/td>\n<td data-title=\"Unteres Sieb\">500 \u00b5m<\/td>\n<\/tr><tr>\n<td data-title=\"Kaffeesorte\">Mokkakanne<\/td>\n<td data-title=\"Oberes Sieb\">710 \u00b5m<\/td>\n<td data-title=\"Unteres Sieb\">355 \u00b5m<\/td>\n<\/tr><tr>\n<td data-title=\"Kaffeesorte\">Drip Kanne<\/td>\n<td data-title=\"Oberes Sieb\">900 \u00b5m<\/td>\n<td data-title=\"Unteres Sieb\">400 \u00b5m<\/td>\n<\/tr><tr>\n<td data-title=\"Kaffeesorte\">Syphon<\/td>\n<td data-title=\"Oberes Sieb\">800 \u00b5m<\/td>\n<td data-title=\"Unteres Sieb\">400 \u00b5m<\/td>\n<\/tr>\n    <\/tbody>\n  <\/table>\n<\/div>\n<\/body>\n<\/html><\/div><\/div><div id=\"panel-1007-0-0-3\" class=\"widget_text so-panel widget widget_custom_html\" data-index=\"3\" ><div class=\"textwidget custom-html-widget\"><strong>Preis pro Siebsatz (2 Siebe Nutzh\u00f6he 32 mm, Deckel, Auffanggef\u00e4\u00df): \u20ac 227,00 (Lieferzeiten auf Anfrage)<\/strong><\/div><\/div><div id=\"panel-1007-0-0-4\" class=\"widget_text so-panel widget widget_custom_html\" data-index=\"4\" ><div class=\"textwidget custom-html-widget\"><h3 style=\"text-align: center;\">Analysensiebsatz zur Kalibrierung von Kaffeem\u00fchlen<\/h3><br>\n<p style=\"text-align: center;\"><strong>Ausf\u00fchrung: Edelstahl, Lebensmittelecht - Durchmesser: 200 mm, Lieferzeit: 10 Tage<\/strong><\/p><\/div><\/div><div id=\"panel-1007-0-0-5\" class=\"widget_text so-panel widget widget_custom_html panel-last-child\" data-index=\"5\" ><div class=\"textwidget custom-html-widget\"><html>\n<style>\n* {\n  -webkit-box-sizing: border-box;\n  -moz-box-sizing: border-box;\n  box-sizing: border-box;\n}\n*:before, *:after {\n  -webkit-box-sizing: border-box;\n  -moz-box-sizing: border-box;\n  box-sizing: border-box;\n}\n\nbody {\n  font-family: \"Helvetica Neue\", \"Helvetica\", \"Roboto\", \"Arial\", sans-serif;\n  color: #5e5d52;\n}\n\na {\n  color: #337aa8;\n}\na:hover, a:focus {\n  color: #4b8ab2;\n}\n\n.container {\n  margin: 0% 0%;\n}\n@media (min-width: 33em) {\n  .container {\n    margin: 0%;\n  }\n}\n@media (min-width: 75em) {\n  .container {\n    margin: 2em auto;\n    max-width: 75em;\n  }\n}\n\n.responsive-table {\n  width: 100%;\n  margin-bottom: 1.5em;\n}\n@media (min-width: 33em) {\n  .responsive-table {\n    font-size: .85em;\n  }\n}\n@media (min-width: 62em) {\n  .responsive-table {\n    font-size: 1em;\n  }\n}\n.responsive-table thead {\n  position: absolute;\n  clip: rect(1px 1px 1px 1px);\n  \/* IE6, IE7 *\/\n  clip: rect(1px, 1px, 1px, 1px);\n  padding: 0;\n  border: 0;\n  height: 1px;\n  width: 1px;\n  overflow: hidden;\n}\n@media (min-width: 33em) {\n  .responsive-table thead {\n    position: relative;\n    clip: auto;\n    height: auto;\n    width: auto;\n    overflow: auto;\n  }\n}\n.responsive-table thead th {\n  background-color: #1d96b2;\n  border: 1px solid #1d96b2;\n  font-weight: bold;\n  text-align: center;\n  color: white;\n}\n.responsive-table thead th:first-of-type {\n  text-align: left;\n}\n.responsive-table tbody,\n.responsive-table tr,\n.responsive-table th,\n.responsive-table td {\n  display: block;\n  padding: 0;\ntext-align: left;\n  white-space: normal;\n}\n@media (min-width: 33em) {\n  .responsive-table tr {\n    display: table-row;\n  }\n}\n.responsive-table th,\n.responsive-table td {\n  padding: .5em;\n  vertical-align: middle;\n}\n@media (min-width: 32.5em) {\n  .responsive-table th,\n  .responsive-table td {\n    padding: .75em .5em;\n  }\n}\n@media (min-width: 33em) {\n  .responsive-table th,\n  .responsive-table td {\n    display: table-cell;\n    padding: .5em;\n  }\n}\n@media (min-width: 62em) {\n  .responsive-table th,\n  .responsive-table td {\n    padding: .65em .5em;\n  }\n}\n@media (min-width: 75em) {\n  .responsive-table th,\n  .responsive-table td {\n    padding: .65em;\n  }\n}\n.responsive-table caption {\n  margin-bottom: 1em;\n  font-size: 1em;\n  font-weight: bold;\n  text-align: center;\n}\n@media (min-width: 33em) {\n  .responsive-table caption {\n    font-size: 1.5em;\n  }\n}\n.responsive-table tfoot {\n  font-size: .8em;\n  font-style: italic;\n}\n@media (min-width: 62em) {\n  .responsive-table tfoot {\n    font-size: .9em;\n  }\n}\n@media (min-width: 33em) {\n  .responsive-table tbody {\n    display: table-row-group;\n  }\n}\n.responsive-table tbody tr {\n  margin-bottom: 1em;\n  border: 2px solid #1d96b2;\n}\n@media (min-width: 33em) {\n  .responsive-table tbody tr {\n    display: table-row;\n    border-width: 1px;\n  }\n}\n.responsive-table tbody tr:last-of-type {\n  margin-bottom: 0;\n}\n@media (min-width: 33em) {\n  .responsive-table tbody tr:nth-of-type(even) {\n    background-color: rgba(94, 93, 82, 0.1);\n  }\n}\n.responsive-table tbody th[scope=\"row\"] {\n  background-color: #1d96b2;\n  color: white;\n}\n@media (min-width: 33em) {\n  .responsive-table tbody th[scope=\"row\"] {\n    background-color: transparent;\n    color: #5e5d52;\n    text-align: left;\n  }\n}\n.responsive-table tbody td {\n  text-align: right;\n}\n@media (min-width: 32.5em) {\n  .responsive-table tbody td {\n    border-bottom: 1px solid #1d96b2;\n  }\n}\n@media (min-width: 33em) {\n  .responsive-table tbody td {\n    text-align: left;\n  }\n}\n.responsive-table tbody td[data-type=currency] {\n  text-align: right;\n}\n.responsive-table tbody td[data-title]:before {\n  content: attr(data-title);\n  float: left;\n  font-size: .85em;\n  color: rgba(94, 93, 82, 0.75);\n}\n@media (min-width: 32.5em) {\n  .responsive-table tbody td[data-title]:before {\n    font-size: .9em;\n  }\n}\n@media (min-width: 33em) {\n  .responsive-table tbody td[data-title]:before {\n    content: none;\n  }\n}\n<\/style>\n<body>\n    <div class=\"container\">\n  <table class=\"responsive-table\">\n<thead>\n            <tr>\n        <th scope=\"col\">Nennmaschenweite<\/th>\n        <th scope=\"col\">Norm<\/th>\n        <th scope=\"col\">Siebdurchmesser<\/th>\n        <th scope=\"col\">Nutzh\u00f6he<\/th>\n      <\/tr>\n    <\/thead>\n        <tbody>\n<tr>\n<td data-title=\"Artikel\">1,40 mm<\/td>\n<td data-title=\"Norm\">DIN ISO 3310-1<\/td>\n<td data-title=\"Siebdurchmesser\">200 mm<\/td>\n<td data-title=\"Nutzh\u00f6he\">32 \/ 50 mm<\/td>\n<\/tr><tr>\n<td data-title=\"Artikel\">1,25 mm<\/td>\n<td data-title=\"Norm\">DIN ISO 3310-1<\/td>\n<td data-title=\"Siebdurchmesser\">200 mm<\/td>\n<td data-title=\"Nutzh\u00f6he\">32 \/ 50 mm<\/td>\n<\/tr><tr>\n<td data-title=\"Artikel\">1,18 mm<\/td>\n<td data-title=\"Norm\">DIN ISO 3310-1<\/td>\n<td data-title=\"Siebdurchmesser\">200 mm<\/td>\n<td data-title=\"Nutzh\u00f6he\">32 \/ 50 mm<\/td>\n<\/tr><tr>\n<td data-title=\"Artikel\">1,00 mm<\/td>\n<td data-title=\"Norm\">DIN ISO 3310-1<\/td>\n<td data-title=\"Siebdurchmesser\">200 mm<\/td>\n<td data-title=\"Nutzh\u00f6he\">32 \/ 50 mm<\/td>\n<\/tr><tr>\n<td data-title=\"Artikel\">850 \u00b5m<\/td>\n<td data-title=\"Norm\">DIN ISO 3310-1<\/td>\n<td data-title=\"Siebdurchmesser\">200 mm<\/td>\n<td data-title=\"Nutzh\u00f6he\">32 \/ 50 mm<\/td>\n<\/tr><tr>\n<td data-title=\"Artikel\">710 \u00b5m<\/td>\n<td data-title=\"Norm\">DIN ISO 3310-1<\/td>\n<td data-title=\"Siebdurchmesser\">200 mm<\/td>\n<td data-title=\"Nutzh\u00f6he\">32 \/ 50 mm<\/td>\n<\/tr><tr>\n<td data-title=\"Artikel\">630 \u00b5m<\/td>\n<td data-title=\"Norm\">DIN ISO 3310-1<\/td>\n<td data-title=\"Siebdurchmesser\">200 mm<\/td>\n<td data-title=\"Nutzh\u00f6he\">32 \/ 50 mm<\/td>\n<\/tr><tr>\n<td data-title=\"Artikel\">500 \u00b5m<\/td>\n<td data-title=\"Norm\">DIN ISO 3310-1<\/td>\n<td data-title=\"Siebdurchmesser\">200 mm<\/td>\n<td data-title=\"Nutzh\u00f6he\">32 \/ 50 mm<\/td>\n<\/tr><tr>\n<td data-title=\"Artikel\">425 \u00b5m<\/td>\n<td data-title=\"Norm\">DIN ISO 3310-1<\/td>\n<td data-title=\"Siebdurchmesser\">200 mm<\/td>\n<td data-title=\"Nutzh\u00f6he\">32 \/ 50 mm<\/td>\n<\/tr><tr>\n<td data-title=\"Artikel\">355 \u00b5m<\/td>\n<td data-title=\"Norm\">DIN ISO 3310-1<\/td>\n<td data-title=\"Siebdurchmesser\">200 mm<\/td>\n<td data-title=\"Nutzh\u00f6he\">32 \/ 50 mm<\/td>\n<\/tr><tr>\n<td data-title=\"Artikel\">250 \u00b5m<\/td>\n<td data-title=\"Norm\">DIN ISO 3310-1<\/td>\n<td data-title=\"Siebdurchmesser\">200 mm<\/td>\n<td data-title=\"Nutzh\u00f6he\">32 \/ 50 mm<\/td>\n<\/tr><tr>\n<td data-title=\"Artikel\">125 \u00b5m<\/td>\n<td data-title=\"Norm\">DIN ISO 3310-1<\/td>\n<td data-title=\"Siebdurchmesser\">200 mm<\/td>\n<td data-title=\"Nutzh\u00f6he\">32 \/ 50 mm<\/td>\n<\/tr><tr>\n<td data-title=\"Artikel\">63 \u00b5m<\/td>\n<td data-title=\"Norm\">DIN ISO 3310-1<\/td>\n<td data-title=\"Siebdurchmesser\">200 mm<\/td>\n<td data-title=\"Nutzh\u00f6he\">32 \/ 50 mm<\/td>\n<\/tr><tr>\n<td data-title=\"Artikel\">Siebpfanne<\/td>\n<td data-title=\"Norm\"><\/td>\n<td data-title=\"Siebdurchmesser\">200 mm<\/td>\n<td data-title=\"Nutzh\u00f6he\">25 \/ 50 mm<\/td>\n<\/tr>\n    <\/tbody>\n  <\/table>\n<\/div>\n<\/body>\n<\/html>\n<br><br><\/div><\/div><\/div><\/div><\/div>","protected":false},"excerpt":{"rendered":"<p>Foto: David Dewitt, thecozycoffee.comKaffeem\u00fchlen sind nicht imstande den Kaffee zu einer uniformen Partikelgr\u00f6\u00dfe zu mahlen. So kommt es, dass im [&hellip;]<\/p>\n","protected":false},"author":1,"featured_media":1008,"parent":0,"menu_order":0,"comment_status":"closed","ping_status":"closed","template":"","meta":{"footnotes":""},"class_list":["post-1007","page","type-page","status-publish","has-post-thumbnail","hentry","post-thumbnail-displayed"],"aioseo_notices":[],"_links":{"self":[{"href":"https:\/\/analysensiebe.de\/bml\/wp-json\/wp\/v2\/pages\/1007","targetHints":{"allow":["GET"]}}],"collection":[{"href":"https:\/\/analysensiebe.de\/bml\/wp-json\/wp\/v2\/pages"}],"about":[{"href":"https:\/\/analysensiebe.de\/bml\/wp-json\/wp\/v2\/types\/page"}],"author":[{"embeddable":true,"href":"https:\/\/analysensiebe.de\/bml\/wp-json\/wp\/v2\/users\/1"}],"replies":[{"embeddable":true,"href":"https:\/\/analysensiebe.de\/bml\/wp-json\/wp\/v2\/comments?post=1007"}],"version-history":[{"count":48,"href":"https:\/\/analysensiebe.de\/bml\/wp-json\/wp\/v2\/pages\/1007\/revisions"}],"predecessor-version":[{"id":2325,"href":"https:\/\/analysensiebe.de\/bml\/wp-json\/wp\/v2\/pages\/1007\/revisions\/2325"}],"wp:featuredmedia":[{"embeddable":true,"href":"https:\/\/analysensiebe.de\/bml\/wp-json\/wp\/v2\/media\/1008"}],"wp:attachment":[{"href":"https:\/\/analysensiebe.de\/bml\/wp-json\/wp\/v2\/media?parent=1007"}],"curies":[{"name":"wp","href":"https:\/\/api.w.org\/{rel}","templated":true}]}}